{"id":10065,"date":"2022-01-09T07:21:21","date_gmt":"2022-01-09T12:21:21","guid":{"rendered":"https:\/\/tffl.wpengine.com\/temas-de-actualidad\/servicios-para-dejar-los-cigarrillos-electronicos\/"},"modified":"2023-03-21T12:12:48","modified_gmt":"2023-03-21T16:12:48","slug":"servicios-para-dejar-los-cigarrillos-electronicos","status":"publish","type":"page","link":"https:\/\/tobaccofreeflorida.com\/es\/temas-de-actualidad\/servicios-para-dejar-los-cigarrillos-electronicos\/","title":{"rendered":"Servicios para dejar los cigarrillos electr\u00f3nicos"},"content":{"rendered":"<div class=\"wpb-content-wrapper\"><p>[vc_row][vc_column][vc_empty_space height=&#8221;2em&#8221;][\/vc_column][\/vc_row][vc_row content_aligment=&#8221;center&#8221; css=&#8221;.vc_custom_1567020713072{margin-top: 0px !important;margin-right: 0px !important;margin-bottom: 0px !important;margin-left: 0px !important;border-top-width: 0px !important;border-right-width: 0px !important;border-bottom-width: 0px !important;border-left-width: 0px !important;padding-top: 0px !important;padding-right: 0px !important;padding-bottom: 0px !important;padding-left: 0px !important;}&#8221; el_class=&#8221;title-font&#8221;][vc_column css=&#8221;.vc_custom_1560702071254{margin-top: 0px !important;margin-right: 0px !important;margin-bottom: 0px !important;margin-left: 0px !important;border-top-width: 0px !important;border-right-width: 0px !important;border-bottom-width: 0px !important;border-left-width: 0px !important;padding-top: 0px !important;padding-right: 0px !important;padding-bottom: 0px !important;padding-left: 0px !important;}&#8221;][vc_column_text css=&#8221;.vc_custom_1641730383035{margin-top: 0px !important;margin-right: 0px !important;margin-bottom: 0px !important;margin-left: 0px !important;border-top-width: 0px !important;border-right-width: 0px !important;border-bottom-width: 0px !important;border-left-width: 0px !important;padding-right: 0px !important;padding-left: 0px !important;}&#8221;]<\/p>\n<h1 style=\"text-align: center;\"><span style=\"color: #414042;\"><strong>Live Vape Free<\/strong><\/span><\/h1>\n<p>[\/vc_column_text][\/vc_column][\/vc_row][vc_row][vc_column][vc_empty_space height=&#8221;2em&#8221;][\/vc_column][\/vc_row][vc_row content_width=&#8221;grid&#8221; content_aligment=&#8221;center&#8221; css=&#8221;.vc_custom_1567020720938{margin-top: 0px !important;margin-right: 0px !important;margin-bottom: 0px !important;margin-left: 0px !important;border-top-width: 0px !important;border-right-width: 0px !important;border-bottom-width: 0px !important;border-left-width: 0px !important;padding-top: 0px !important;padding-right: 0px !important;padding-bottom: 0px !important;padding-left: 0px !important;}&#8221; el_class=&#8221;row-full-width-mobile&#8221;][vc_column css_animation=&#8221;fadeInUp&#8221;]\n\t\t\t\t<p class=\"rs-p-wp-fix\"><\/p>\n\t\t\t\t<sr7-module data-alias=\"e-cigarette-cessation-service-hero\" data-id=\"110\" id=\"SR7_110_1\" class=\"rs-ov-hidden\" data-version=\"6.7.52\">\n\t\t\t\t\t<sr7-adjuster><\/sr7-adjuster>\n\t\t\t\t\t<sr7-content>\n\t\t\t\t\t\t<sr7-slide class=\"fancybox\" id=\"SR7_110_1-52\" data-key=\"52\">\n\t\t\t\t\t\t\t<sr7-bg id=\"SR7_110_1-52-1\" class=\"sr7-layer\"><noscript><img decoding=\"async\" src=\"https:\/\/tffl.wpengine.com\/wp-content\/uploads\/2022\/01\/TFF-Website-Image-scaled.jpg\" alt=\"\" title=\"TFF Website Image\"><\/noscript><\/sr7-bg>\n\t\t\t\t\t\t<\/sr7-slide>\n\t\t\t\t\t\t<sr7-slide id=\"SR7_110_1-63\" data-key=\"63\">\n\t\t\t\t\t\t<\/sr7-slide>\n\t\t\t\t\t<\/sr7-content>\n\t\t\t\t\t<image_lists style=\"display:none\">\n\t\t\t\t\t\t<img data-src=\"\/\/tffl.wpengine.com\/wp-content\/uploads\/2022\/01\/TFF-Website-Image-scaled.jpg\" data-libid=\"10063\" data-lib=\"medialibrary\" title=\"TFF Website Image\" width=\"0\" height=\"0\" data-dbsrc=\"Ly90ZmZsLndwZW5naW5lLmNvbS93cC1jb250ZW50L3VwbG9hZHMvMjAyMi8wMS9URkYtV2Vic2l0ZS1JbWFnZS1zY2FsZWQuanBn\"\/>\n\t\t\t\t\t<\/image_lists>\n\t\t\t\t<\/sr7-module>\n\t\t\t\t<script>\n\t\t\t\t\twindow.SR7 ??={};SR7.PMH ??={}; SR7.PMH[\"SR7_110_1\"] = {cn:100,state:false,fn: function() { if (window._tpt!==undefined && window._tpt.prepareModuleHeight !== undefined) {  _tpt.prepareModuleHeight({id:\"SR7_110_1\",el:[350,350,350,350,400],type:'standard',shdw:'0',gh:[350,350,350,350,400],gw:[1200,1200,1200,1200,480],vpt:['-200px&#039;,&#039;-200px&#039;,&#039;-200px&#039;,&#039;-200px&#039;,&#039;-200px'],size:{fullWidth:false, fullHeight:false},mh:'0',onh:0,onw:0,bg:{color:'{\"orig\":\"transparent\",\"type\":\"solid\",\"string\":\"transparent\"}'},plType:'0',plColor:'#FFFFFF'});   SR7.PMH[\"SR7_110_1\"].state=true;} else if(SR7.PMH[\"SR7_110_1\"].cn-->0)\tsetTimeout( SR7.PMH[\"SR7_110_1\"].fn,19);}};SR7.PMH[\"SR7_110_1\" ].fn();\n\t\t\t\t<\/script>\n[\/vc_column][\/vc_row][vc_row][vc_column][vc_empty_space height=&#8221;2em&#8221;][\/vc_column][\/vc_row][vc_row content_width=&#8221;grid&#8221; el_class=&#8221;equal-height-12-image background-position-right&#8221; css=&#8221;.vc_custom_1567020740274{padding-right: 2.5% !important;padding-left: 2.5% !important;}&#8221;][vc_column css_animation=&#8221;top-to-bottom&#8221;][vc_column_text css=&#8221;.vc_custom_1679415165591{padding-right: 5% !important;padding-left: 5% !important;}&#8221; el_class=&#8221;mobile-text-padding&#8221;]El uso de los cigarrillos electr\u00f3nicos entre los adolescentes ha experimentado un aumento notable en los \u00faltimos a\u00f1os. En 2021, los cigarrillos electr\u00f3nicos siguieron siendo el producto de tabaco de mayor uso entre los adolescentes<a href=\"#ref\"><sup>1<\/sup><\/a>. En Florida, el 12.8% de los j\u00f3venes a\u00fan usan cigarrillos electr\u00f3nicos, en comparaci\u00f3n con el 1.1% que fuma cigarrillos comunes<a href=\"#ref\"><sup>2<\/sup><\/a>.<\/p>\n<p>Los cigarrillos electr\u00f3nicos no son seguros, punto. La nicotina es una droga peligrosa y adictiva<a href=\"#ref\"><sup>3<\/sup><\/a>. El cerebro se desarrolla hasta aproximadamente los 25 a\u00f1os y es m\u00e1s vulnerable a los efectos de la nicotina, lo que incluye una disminuci\u00f3n en el control de los impulsos, la atenci\u00f3n y las facultades cognitivas, y causa trastornos en el estado de \u00e1nimo<a href=\"#ref\"><sup>4<\/sup><\/a>. Es m\u00e1s importante que nunca apoyar a los adolescentes que toman la decisi\u00f3n de dejar los cigarrillos electr\u00f3nicos.<\/p>\n<p><strong>Tobacco Free Florida est\u00e1 aqu\u00ed para ayudar.<\/strong> Nuestro programa Live Vape Free empodera a los adultos para que apoyen a los adolescentes que quieren dejar el h\u00e1bito del<em> vaping<\/em> y les proporciona a dichos adolescentes las herramientas y los recursos que los ayudar\u00e1n en su empe\u00f1o. Queremos brindarles a los adolescentes y a sus padres un lugar donde puedan aprender acerca del da\u00f1o que causa el uso de los cigarrillos electr\u00f3nicos, ver testimonios de otros adolescentes que han estado en la misma situaci\u00f3n y, lo que es m\u00e1s importante, actuar cuando est\u00e9n listos.<strong>\u00a0<\/strong><\/p>\n<p><strong>PARA LOS ADULTOS<\/strong><\/p>\n<p>Live Vape Free proporciona cursos a los adultos que pueden tomar a su conveniencia, apoyo personalizado de especialistas y herramientas virtuales descargables que podr\u00e1n educarlos sobre el tema del uso en adolescentes de los cigarrillos electr\u00f3nicos y las herramientas necesarias para apoyarlos en su empe\u00f1o de dejar de fumar.<\/p>\n<p>Los adultos que deseen obtener m\u00e1s informaci\u00f3n deben <a class=\"exitwebsitevapefreeSpanish\" href=\"#\" target=\"_blank\" rel=\"noopener\">HACER CLIC AQU\u00cd<\/a>.<\/p>\n<p>Los adultos (mayores de 18<span class=\"apple-converted-space\">\u00a0<\/span>a\u00f1os) que est\u00e9n buscando una manera de dejar de consumir cualquier tipo de nicotina, incluidos los cigarrillos electr\u00f3nicos, pueden hacerlo con el programa D\u00e9jalo a Tu Manera. Tobacco Free Florida brinda herramientas y servicios gratuitos que han probado ser eficaces en <a href=\"https:\/\/tobaccofreeflorida.com\/es\/listo-para-dejar-de-fumar\/programas-para-dejar-de-fumar\/\">tobaccofreeflorida.com\/dejaloatumanera<\/a>.<\/p>\n<p><strong>PARA LOS ADOLESCENTES<\/strong><\/p>\n<p>Live Vape Free proporciona a los adolescentes (de 13 a 17 a\u00f1os) apoyo mediante mensajes de texto, contenido interactivo, y apoyo individualizado de especialistas para ayudarles a dejar los cigarrillos electr\u00f3nicos. Este programa es una experiencia de aprendizaje divertida y f\u00e1cil de navegar que ense\u00f1a c\u00f3mo dejar de fumar. Una vez que se inscriban, el programa con formato de texto realizar\u00e1 una evaluaci\u00f3n y har\u00e1 que los adolescentes fijen una fecha para dejar de fumar. Una vez que fijen dicha fecha, los adolescentes comenzar\u00e1n a recibir mensajes de texto con informaci\u00f3n relevante para ayudarlos en su empe\u00f1o.<\/p>\n<p>Para inscribirse, los adolescentes deben enviar el texto <strong>VAPEFREE<\/strong> al <strong>873373<\/strong>.[\/vc_column_text][vc_empty_space height=&#8221;2em&#8221;][\/vc_column][\/vc_row][vc_row][vc_column][vc_empty_space height=&#8221;2em&#8221;][\/vc_column][\/vc_row][vc_row content_width=&#8221;grid&#8221; el_class=&#8221;footnote mobile-text-padding&#8221; el_id=&#8221;ref&#8221;][vc_column css_animation=&#8221;fadeInUp&#8221;][vc_empty_space height=&#8221;2em&#8221;][vc_column_text el_class=&#8221;mobile-text-padding&#8221;]<\/p>\n<div class=\"container-2\">\n<p style=\"text-align: right;\"><button class=\"btn btn-info-2 mobile-menu collapsed\" type=\"button\" data-toggle=\"collapse\" data-target=\"#demo1\"> REFERENCES<\/button><\/p>\n<div id=\"demo1\" class=\"collapse\">\n<p><a id=\"ref-1\"><\/a><span class=\"footnote\"><sup>1 <\/sup>Florida Department of Health.\u00a0<a href=\"https:\/\/www.floridahealth.gov\/statistics-and-data\/survey-data\/florida-youth-survey\/florida-youth-tobacco-survey\/FYTS2020StateLevelReport.pdf\" target=\"_blank\" rel=\"noopener noreferrer\">Florida Youth Tobacco Survey<\/a>. 2021. Accessed December 17, 2021.<\/span><\/p>\n<p><a id=\"ref-2\"><\/a><span class=\"footnote\"><sup>2 <\/sup>Florida Department of Health.\u00a0<a href=\"https:\/\/www.floridahealth.gov\/statistics-and-data\/survey-data\/florida-youth-survey\/florida-youth-tobacco-survey\/FYTS2020StateLevelReport.pdf\" target=\"_blank\" rel=\"noopener noreferrer\">Florida Youth Tobacco Survey<\/a>. 2021. Accessed December 17, 2021.<\/span><\/p>\n<p><a id=\"ref-3\"><\/a><span class=\"footnote\"><sup>3 <\/sup>U.S. Department of Health and Human Services. E-Cigarette Use Among Youth and Young Adults. A Report of the Surgeon General. Atlanta, GA: U.S. Department of Health and Human Services, Centers for Disease Control and Prevention, National Center for Chronic Disease Prevention and Health Promotion, Office on Smoking and Health, 2016. Accessed December 17, 2021.<\/span><\/p>\n<p><a id=\"ref-4\"><\/a><span class=\"footnote\"><sup>4 <\/sup>U.S. Department of Health and Human Services. E-Cigarette Use Among Youth and Young Adults. A Report of the Surgeon General. Atlanta, GA: U.S. Department of Health and Human Services, Centers for Disease Control and Prevention, National Center for Chronic Disease Prevention and Health Promotion, Office on Smoking and Health, 2016. Accessed December 17, 2021.<\/span><\/p>\n<p>&nbsp;<\/p>\n<\/div>\n<\/div>\n<p><!-- --><br \/>\n<!-- --><br \/>\n<!-- -->[\/vc_column_text][\/vc_column][\/vc_row]<\/p>\n<\/div>","protected":false},"excerpt":{"rendered":"<p>[vc_row][vc_column][vc_empty_space height=&#8221;2em&#8221;][\/vc_column][\/vc_row][vc_row content_aligment=&#8221;center&#8221; css=&#8221;.vc_custom_1567020713072{margin-top: 0px !important;margin-right: 0px !important;margin-bottom: 0px !important;margin-left: 0px !important;border-top-width: 0px !important;border-right-width: 0px !important;border-bottom-width: 0px !important;border-left-width: 0px !important;padding-top: 0px !important;padding-right: 0px !important;padding-bottom: 0px !important;padding-left: 0px !important;}&#8221; el_class=&#8221;title-font&#8221;][vc_column css=&#8221;.vc_custom_1560702071254{margin-top: 0px !important;margin-right: 0px !important;margin-bottom: 0px !important;margin-left: 0px !important;border-top-width: 0px !important;border-right-width: 0px !important;border-bottom-width: 0px !important;border-left-width: 0px&#8230;<\/p>\n","protected":false},"author":2,"featured_media":0,"parent":4742,"menu_order":0,"comment_status":"closed","ping_status":"closed","template":"full-width.php","meta":{"_lmt_disableupdate":"","_lmt_disable":"","footnotes":""},"class_list":["post-10065","page","type-page","status-publish","hentry"],"aioseo_notices":[],"_links":{"self":[{"href":"https:\/\/tobaccofreeflorida.com\/es\/wp-json\/wp\/v2\/pages\/10065","targetHints":{"allow":["GET"]}}],"collection":[{"href":"https:\/\/tobaccofreeflorida.com\/es\/wp-json\/wp\/v2\/pages"}],"about":[{"href":"https:\/\/tobaccofreeflorida.com\/es\/wp-json\/wp\/v2\/types\/page"}],"author":[{"embeddable":true,"href":"https:\/\/tobaccofreeflorida.com\/es\/wp-json\/wp\/v2\/users\/2"}],"replies":[{"embeddable":true,"href":"https:\/\/tobaccofreeflorida.com\/es\/wp-json\/wp\/v2\/comments?post=10065"}],"version-history":[{"count":0,"href":"https:\/\/tobaccofreeflorida.com\/es\/wp-json\/wp\/v2\/pages\/10065\/revisions"}],"up":[{"embeddable":true,"href":"https:\/\/tobaccofreeflorida.com\/es\/wp-json\/wp\/v2\/pages\/4742"}],"wp:attachment":[{"href":"https:\/\/tobaccofreeflorida.com\/es\/wp-json\/wp\/v2\/media?parent=10065"}],"curies":[{"name":"wp","href":"https:\/\/api.w.org\/{rel}","templated":true}]}}