{"id":10352,"date":"2022-11-17T06:37:39","date_gmt":"2022-11-17T11:37:39","guid":{"rendered":"https:\/\/tobaccofreeflorida.com\/recaida-en-el-tabaquismo\/"},"modified":"2023-01-12T11:47:57","modified_gmt":"2023-01-12T16:47:57","slug":"recaida-en-el-tabaquismo","status":"publish","type":"page","link":"https:\/\/tobaccofreeflorida.com\/es\/recaida-en-el-tabaquismo\/","title":{"rendered":"Reca\u00edda en el tabaquismo"},"content":{"rendered":"<div class=\"wpb-content-wrapper\"><p>[vc_row][vc_column]\n\t\t\t\t<p class=\"rs-p-wp-fix\"><\/p>\n\t\t\t\t<sr7-module data-alias=\"smoking-relapse-page\" data-id=\"111\" id=\"SR7_111_1\" class=\"rs-ov-hidden\" data-version=\"6.7.53\">\n\t\t\t\t\t<sr7-adjuster><\/sr7-adjuster>\n\t\t\t\t\t<sr7-content>\n\t\t\t\t\t\t<sr7-slide class=\"fancybox\" id=\"SR7_111_1-53\" data-key=\"53\">\n\t\t\t\t\t\t\t<sr7-bg id=\"SR7_111_1-53-1\" class=\"sr7-layer\"><noscript><img decoding=\"async\" src=\"https:\/\/tobaccofreeflorida.com\/wp-content\/uploads\/2022\/11\/Man-hand-on-face.jpg\" alt=\"\" title=\"Man-hand-on-face\"><\/noscript><\/sr7-bg>\n\t\t\t\t\t\t<\/sr7-slide>\n\t\t\t\t\t\t<sr7-slide id=\"SR7_111_1-64\" data-key=\"64\">\n\t\t\t\t\t\t<\/sr7-slide>\n\t\t\t\t\t<\/sr7-content>\n\t\t\t\t\t<image_lists style=\"display:none\">\n\t\t\t\t\t\t<img data-src=\"\/\/tobaccofreeflorida.com\/wp-content\/uploads\/2022\/11\/Man-hand-on-face.jpg\" data-libid=\"10344\" data-lib=\"medialibrary\" title=\"Man-hand-on-face\" width=\"0\" height=\"0\" data-dbsrc=\"Ly90b2JhY2NvZnJlZWZsb3JpZGEuY29tL3dwLWNvbnRlbnQvdXBsb2Fkcy8yMDIyLzExL01hbi1oYW5kLW9uLWZhY2UuanBn\"\/>\n\t\t\t\t\t<\/image_lists>\n\t\t\t\t<\/sr7-module>\n\t\t\t\t<script>\n\t\t\t\t\twindow.SR7 ??={};SR7.PMH ??={}; SR7.PMH[\"SR7_111_1\"] = {cn:100,state:false,fn: function() { if (window._tpt!==undefined && window._tpt.prepareModuleHeight !== undefined) {  _tpt.prepareModuleHeight({id:\"SR7_111_1\",el:[550,550,550,550,400],type:'hero',shdw:'0',gh:[550,550,550,550,400],gw:[1200,1200,1200,1200,480],vpt:['-200px&#039;,&#039;-200px&#039;,&#039;-200px&#039;,&#039;-200px&#039;,&#039;-200px'],size:{fullWidth:false, fullHeight:false},mh:'0',onh:0,onw:0,bg:{color:'{\"orig\":\"transparent\",\"type\":\"solid\",\"string\":\"transparent\"}'}});   SR7.PMH[\"SR7_111_1\"].state=true;} else if(SR7.PMH[\"SR7_111_1\"].cn-->0)\tsetTimeout( SR7.PMH[\"SR7_111_1\"].fn,19);}};SR7.PMH[\"SR7_111_1\" ].fn();\n\t\t\t\t<\/script>\n[\/vc_column][\/vc_row][vc_row][vc_column][vc_empty_space height=&#8221;2em&#8221;][\/vc_column][\/vc_row][vc_row content_aligment=&#8221;center&#8221; css=&#8221;.vc_custom_1567007173592{margin-top: 0px !important;margin-right: 0px !important;margin-bottom: 0px !important;margin-left: 0px !important;border-top-width: 0px !important;border-right-width: 0px !important;border-bottom-width: 0px !important;border-left-width: 0px !important;padding-top: 0px !important;padding-right: 0px !important;padding-bottom: 0px !important;padding-left: 0px !important;}&#8221; el_class=&#8221;title-font&#8221;][vc_column css_animation=&#8221;top-to-bottom&#8221; css=&#8221;.vc_custom_1565386473377{margin-top: 0px !important;margin-right: 0px !important;margin-bottom: 0px !important;margin-left: 0px !important;border-top-width: 0px !important;border-right-width: 0px !important;border-bottom-width: 0px !important;border-left-width: 0px !important;padding-top: 0px !important;padding-right: 0px !important;padding-bottom: 0px !important;padding-left: 0px !important;}&#8221;][vc_column_text css=&#8221;.vc_custom_1667863950931{margin-top: 0px !important;margin-right: 0px !important;margin-bottom: 0px !important;margin-left: 0px !important;border-top-width: 0px !important;border-right-width: 0px !important;border-bottom-width: 0px !important;border-left-width: 0px !important;padding-right: 0px !important;padding-left: 0px !important;}&#8221; el_class=&#8221;mobile-text-padding&#8221;]<\/p>\n<h1 style=\"text-align: center;\"><span style=\"color: #414042;\"><strong>C\u00f3mo Entender y Manejar el Proceso de Reca\u00edda<\/strong><\/span><\/h1>\n<p>[\/vc_column_text][\/vc_column][\/vc_row][vc_row content_width=&#8221;grid&#8221;][vc_column css_animation=&#8221;top-to-bottom&#8221; width=&#8221;1\/6&#8243;][\/vc_column][vc_column width=&#8221;2\/3&#8243;][vc_empty_space height=&#8221;1.5em&#8221;][vc_column_text el_class=&#8221;mobile-text-padding intro-text center&#8221;]Dejar el tabaco es un proceso. Para muchos, es necesario intentar varias veces antes de dejar de fumar para siempre. Si recaes, no te desanimes. Estamos aqu\u00ed para ayudarte a volver a una vida sin tabaco.[\/vc_column_text][vc_empty_space height=&#8221;1.3em&#8221;][\/vc_column][vc_column width=&#8221;1\/6&#8243;][\/vc_column][\/vc_row][vc_row][vc_column][vc_empty_space height=&#8221;2em&#8221;][\/vc_column][\/vc_row][vc_row content_width=&#8221;grid&#8221;][vc_column css_animation=&#8221;fadeInRight&#8221;][vc_row_inner css=&#8221;.vc_custom_1668685339368{background-image: url(https:\/\/tobaccofreeflorida.com\/wp-content\/uploads\/2022\/11\/Girl-on-street.jpg?id=10341) !important;background-position: center !important;background-repeat: no-repeat !important;background-size: cover !important;}&#8221;][vc_column_inner el_class=&#8221;mobile-image&#8221;][vc_empty_space height=&#8221;250px&#8221; el_class=&#8221;min-image-space mobile&#8221;][\/vc_column_inner][\/vc_row_inner][vc_row_inner][vc_column_inner el_class=&#8221;module-image-leftphoto&#8221; width=&#8221;3\/5&#8243; offset=&#8221;vc_hidden-xs&#8221;][vc_single_image image=&#8221;10341&#8243; img_size=&#8221;full&#8221; alignment=&#8221;right&#8221; css_animation=&#8221;fadeInLeft&#8221;][\/vc_column_inner][vc_column_inner width=&#8221;2\/5&#8243; offset=&#8221;vc_col-xs-12&#8243;][vc_column_text el_class=&#8221;module-text-leftphoto&#8221;]<\/p>\n<h2 style=\"text-align: center;\"><strong>\u00bfCu\u00e1l es la diferencia entre los deslices y las reca\u00eddas durante el proceso de dejar de fumar?<\/strong><\/h2>\n<table class=\"module1\" border=\"0\">\n<tbody>\n<tr>\n<td style=\"padding-top: 3%; padding-bottom: 3%; padding-right: 3%;\">Se considera un <strong>desliz<\/strong> cuando, por mucho que te resistas, fumas uno o dos cigarrillos.<\/td>\n<td style=\"background-color: gray; width: 3px;\"><\/td>\n<td style=\"padding-top: 3%; padding-bottom: 3%; padding-left: 7%;\">Una <strong>reca\u00edda<\/strong> es cuando vuelves a fumar tanto como lo hac\u00edas antes pero a\u00fan quieres dejar de fumar.<\/td>\n<\/tr>\n<\/tbody>\n<\/table>\n<p style=\"text-align: center;\">La mayor\u00eda de los deslices y reca\u00eddas ocurren dentro de los tres primeros meses despu\u00e9s de haber dejado de fumar, pero pueden ocurrir en cualquier momento. As\u00ed que tienes que estar alerta.<\/p>\n<p>[\/vc_column_text][\/vc_column_inner][\/vc_row_inner][\/vc_column][\/vc_row][vc_row][vc_column][vc_empty_space height=&#8221;2em&#8221; el_class=&#8221;mobile-dis&#8221;][vc_empty_space height=&#8221;2em&#8221; el_class=&#8221;mobile-dis&#8221;][vc_empty_space height=&#8221;2em&#8221; el_class=&#8221;mobile-dis&#8221;][\/vc_column][\/vc_row][vc_row content_width=&#8221;grid&#8221;][vc_column css_animation=&#8221;fadeInLeft&#8221;][vc_row_inner css=&#8221;.vc_custom_1668685366988{background-image: url(https:\/\/tobaccofreeflorida.com\/wp-content\/uploads\/2022\/11\/Man-front-facing.jpg?id=10343) !important;background-position: center !important;background-repeat: no-repeat !important;background-size: cover !important;}&#8221;][vc_column_inner el_class=&#8221;mobile-image&#8221;][vc_empty_space height=&#8221;250px&#8221; el_class=&#8221;min-image-space mobile&#8221;][\/vc_column_inner][\/vc_row_inner][vc_row_inner][vc_column_inner width=&#8221;2\/5&#8243; offset=&#8221;vc_col-xs-12&#8243;][vc_column_text el_class=&#8221;module-text-rightphoto&#8221;]<\/p>\n<h2 style=\"text-align: center;\"><strong>Consejos para enfrentar una reca\u00edda:<\/strong><\/h2>\n<ul>\n<li>Considera la reca\u00edda como una oportunidad para aprender y avanzar en el proceso para dejar de fumar para siempre.<\/li>\n<li>Una vez comprendas lo que puede haber provocado la reca\u00edda, recuerda mantener una actitud positiva.<\/li>\n<li>Aprende qu\u00e9 puedes hacer para evitar reca\u00eddas en el futuro.<\/li>\n<\/ul>\n<p>[\/vc_column_text][\/vc_column_inner][vc_column_inner el_class=&#8221;module-image-rightphoto&#8221; width=&#8221;3\/5&#8243; offset=&#8221;vc_hidden-xs&#8221;][vc_single_image image=&#8221;10343&#8243; img_size=&#8221;full&#8221; alignment=&#8221;right&#8221; css_animation=&#8221;fadeInRight&#8221;][\/vc_column_inner][\/vc_row_inner][\/vc_column][\/vc_row][vc_row][vc_column][vc_empty_space height=&#8221;2em&#8221; el_class=&#8221;mobile-dis&#8221;][vc_empty_space height=&#8221;2em&#8221; el_class=&#8221;mobile-dis&#8221;][vc_empty_space height=&#8221;2em&#8221; el_class=&#8221;mobile-dis&#8221;][\/vc_column][\/vc_row][vc_row content_width=&#8221;grid&#8221; anchor=&#8221;reward&#8221; css=&#8221;.vc_custom_1614651369059{background-color: #1074bb !important;}&#8221; el_class=&#8221;ingrid-padding&#8221;][vc_column][vc_empty_space height=&#8221;2em&#8221;][vc_column_text el_class=&#8221;mobile-text-padding&#8221;]<\/p>\n<h1 style=\"text-align: center; color: white;\"><strong>Hazte estas preguntas para saber c\u00f3mo evitar futuras reca\u00eddas<\/strong><\/h1>\n<p>[\/vc_column_text][vc_empty_space height=&#8221;2em&#8221;][\/vc_column][\/vc_row][vc_row][vc_column][vc_empty_space height=&#8221;2em&#8221; el_class=&#8221;mobile-dis&#8221;][vc_empty_space height=&#8221;2em&#8221; el_class=&#8221;mobile-dis&#8221;][vc_empty_space height=&#8221;2em&#8221; el_class=&#8221;mobile-dis&#8221;][\/vc_column][\/vc_row][vc_row][vc_column][vc_column_text]<\/p>\n<table class=\"checklist-table\" border=\"0\" width=\"100%\" cellspacing=\"5\" cellpadding=\"5\">\n<tbody>\n<tr>\n<td width=\"7%\" height=\"5\"><\/td>\n<td width=\"13%\"><\/td>\n<td width=\"1%\"><\/td>\n<td colspan=\"2\"><\/td>\n<td width=\"7%\"><\/td>\n<\/tr>\n<tr>\n<td height=\"5\"><\/td>\n<td><\/td>\n<td><\/td>\n<td><\/td>\n<td><\/td>\n<td><\/td>\n<\/tr>\n<tr>\n<td><\/td>\n<td><\/td>\n<td><\/td>\n<td colspan=\"2\"><\/td>\n<td><\/td>\n<\/tr>\n<tr>\n<td height=\"80\"><\/td>\n<td class=\"reward-date\" style=\"background-color: #0e72bd;\">1<\/td>\n<td><\/td>\n<td class=\"reward-text\" style=\"background-color: #f2f2f2;\" colspan=\"2\">\u00bfHubo alg\u00fan episodio inesperado o estresante que no estabas preparado para enfrentar?<\/td>\n<td><\/td>\n<\/tr>\n<tr>\n<td><\/td>\n<td><\/td>\n<td><\/td>\n<td colspan=\"2\"><\/td>\n<td><\/td>\n<\/tr>\n<tr>\n<td height=\"80\"><\/td>\n<td class=\"reward-date\" style=\"background-color: #0e72bd;\">2<\/td>\n<td><\/td>\n<td class=\"reward-text\" style=\"background-color: #f2f2f2;\" colspan=\"2\">\u00bfPusiste en pr\u00e1ctica una estrategia que no te funcion\u00f3?<\/td>\n<td><\/td>\n<\/tr>\n<tr>\n<td><\/td>\n<td><\/td>\n<td><\/td>\n<td colspan=\"2\"><\/td>\n<td><\/td>\n<\/tr>\n<tr>\n<td height=\"80\"><\/td>\n<td class=\"reward-date\" style=\"background-color: #0e72bd;\">3<\/td>\n<td><\/td>\n<td class=\"reward-text\" style=\"background-color: #f2f2f2;\" colspan=\"2\">\u00bfTus antojos son m\u00e1s fuertes a ciertas horas del d\u00eda o en ciertos lugares?<\/td>\n<td><\/td>\n<\/tr>\n<tr>\n<td><\/td>\n<td><\/td>\n<td><\/td>\n<td colspan=\"2\"><\/td>\n<td><\/td>\n<\/tr>\n<tr>\n<td height=\"80\"><\/td>\n<td class=\"reward-date\" style=\"background-color: #0e72bd;\">4<\/td>\n<td><\/td>\n<td class=\"reward-text\" style=\"background-color: #f2f2f2;\" colspan=\"2\">\u00bfCu\u00e1les son los impedimentos que no te permiten dejar de fumar para siempre?<\/td>\n<td><\/td>\n<\/tr>\n<tr>\n<td><\/td>\n<td><\/td>\n<td><\/td>\n<td colspan=\"2\"><\/td>\n<td><\/td>\n<\/tr>\n<tr>\n<td height=\"80\"><\/td>\n<td class=\"reward-date\" style=\"background-color: #0e72bd;\">5<\/td>\n<td><\/td>\n<td class=\"reward-text\" style=\"background-color: #f2f2f2;\" colspan=\"2\">\u00bfUsaste los productos de Reemplazo de Nicotina gratuitos u otros servicios que ofrece Tobacco Free Florida?<\/td>\n<td><\/td>\n<\/tr>\n<tr>\n<td height=\"25\"><\/td>\n<td><\/td>\n<td><\/td>\n<td colspan=\"2\"><\/td>\n<td><\/td>\n<\/tr>\n<\/tbody>\n<\/table>\n<p>[\/vc_column_text][\/vc_column][\/vc_row][vc_row][vc_column][vc_empty_space height=&#8221;2em&#8221; el_class=&#8221;mobile-dis&#8221;][vc_empty_space height=&#8221;2em&#8221; el_class=&#8221;mobile-dis&#8221;][vc_empty_space height=&#8221;2em&#8221; el_class=&#8221;mobile-dis&#8221;][\/vc_column][\/vc_row][vc_row content_width=&#8221;grid&#8221; css=&#8221;.vc_custom_1614651334256{background-color: #f1f2f2 !important;}&#8221; el_class=&#8221;ingrid-padding&#8221;][vc_column][vc_empty_space height=&#8221;2em&#8221;][vc_column_text el_class=&#8221;mobile-text-padding&#8221;]<\/p>\n<h1 style=\"text-align: center;\"><strong>\u00bfC\u00f3mo puedo tener m\u00e1s \u00e9xito en mi esfuerzo por dejar el tabaco?<\/strong><\/h1>\n<p>[\/vc_column_text][vc_empty_space height=&#8221;2em&#8221;][\/vc_column][\/vc_row][vc_row][vc_column][vc_empty_space height=&#8221;2em&#8221; el_class=&#8221;mobile-dis&#8221;][vc_empty_space height=&#8221;2em&#8221; el_class=&#8221;mobile-dis&#8221;][vc_empty_space height=&#8221;2em&#8221; el_class=&#8221;mobile-dis&#8221;][\/vc_column][\/vc_row][vc_row el_class=&#8221;ingrid-padding-deep&#8221;][vc_column width=&#8221;1\/2&#8243;][vc_empty_space height=&#8221;2em&#8221;][vc_column_text]<\/p>\n<p style=\"float: left; font-size: 2em; padding-right: 2%;\">01<\/p>\n<p><strong>Elabora un plan para dejar de fumar<\/strong>[\/vc_column_text][vc_empty_space height=&#8221;2em&#8221;][vc_column_text]Cuando planificas dejar de fumar y usas recursos de comprobada efectividad, como los de Tobacco Free Florida, tus probabilidades de lograr dejar de fumar de una vez por todas aumentan.<\/p>\n<p><a id=\"smoking_triggers_event_spanish\" title=\"Nicotine Triggers &amp; Cravings\" href=\"\/es\/como-dejar-el-tabaco\/ganas-de-fumar\/\">Haz clic aqu\u00ed para identificar tus disparadores y construir un Plan para Dejar de fumar m\u00e1s s\u00f3lido.<\/a>[\/vc_column_text][vc_empty_space height=&#8221;2em&#8221;][vc_empty_space height=&#8221;2em&#8221;][\/vc_column][vc_column width=&#8221;1\/2&#8243;][vc_empty_space height=&#8221;2em&#8221;][vc_column_text]<\/p>\n<p style=\"float: left; font-size: 2em; padding-right: 2%;\">02<\/p>\n<p><strong>Fija una Fecha para Dejar de Fumar<\/strong>[\/vc_column_text][vc_empty_space height=&#8221;2em&#8221;][vc_column_text]Tobacco Free Florida aconseja que los fumadores que est\u00e9n listos para dejar el h\u00e1bito fijen una fecha cercana para lograr su meta. Cuando los fumadores tienen un prop\u00f3sito definido, reducir gradualmente el n\u00famero de cigarrillos diarios puede resultar tan efectivo como dejar de fumar de golpe.<\/p>\n<p><a id=\"quit_date_event_spanish\" title=\"Quit Day\" href=\"\/es\/como-dejar-el-tabaco\/fija-una-fecha\/\">Haz clic aqu\u00ed para elegir tu fecha para dejar de fumar.<\/a>[\/vc_column_text][vc_empty_space height=&#8221;2em&#8221;][vc_empty_space height=&#8221;2em&#8221;][\/vc_column][\/vc_row][vc_row el_class=&#8221;ingrid-padding-deep&#8221;][vc_column width=&#8221;1\/2&#8243;][vc_empty_space height=&#8221;2em&#8221;][vc_column_text]<\/p>\n<p style=\"float: left; font-size: 2em; padding-right: 2%;\">03<\/p>\n<p><strong>Usa Terapia de Reemplazo de Nicotina<\/strong>[\/vc_column_text][vc_empty_space height=&#8221;2em&#8221;][vc_column_text]Las terapias de reemplazo de nicotina (NRT por sus siglas en ingl\u00e9s), ayudan a reducir los s\u00edntomas de abstinencia y las ganas de fumar, duplicando las posibilidades de dejar de fumar permanentemente. Utilizarlos junto con el asesoramiento es m\u00e1s efectivo que usar uno solo.<\/p>\n<p><a id=\"free_patches_event_spanish\" title=\"Nicotine Triggers &amp; Cravings\" href=\"\/es\/listo-para-dejar-de-fumar\/programas-para-dejar-de-fumar\/#tools\">Haz clic aqu\u00ed para obtener el kit inicial GRATUITO con parches, chicles o caramelos.<\/a>[\/vc_column_text][vc_empty_space height=&#8221;2em&#8221;][vc_empty_space height=&#8221;2em&#8221;][\/vc_column][vc_column width=&#8221;1\/2&#8243;][vc_empty_space height=&#8221;2em&#8221;][vc_column_text]<\/p>\n<p style=\"float: left; font-size: 2em; padding-right: 2%;\">04<\/p>\n<p><strong>Habla con un m\u00e9dico<\/strong>[\/vc_column_text][vc_empty_space height=&#8221;2em&#8221;][vc_column_text]Habla con un profesional de la salud, como tu m\u00e9dico, dentista o farmac\u00e9utico. Las personas que consultan a un profesional de la salud sobre su deseo de dejar de fumar, o que usan recursos de comprobada efectividad, como los de Tobacco Free Florida, tienen m\u00e1s \u00e9xito que los que lo intentan solos.<\/p>\n<p><a id=\"talk_doctor_event_spanish\" title=\"Talk to Your Doctor\" href=\"\/es\/como-dejar-el-tabaco\/habla-con-tu-medico\/\">Haz clic aqu\u00ed para saber c\u00f3mo buscar su ayuda.<\/a>[\/vc_column_text][vc_empty_space height=&#8221;2em&#8221;][vc_empty_space height=&#8221;2em&#8221;][\/vc_column][\/vc_row][vc_row][vc_column][vc_empty_space height=&#8221;2em&#8221; el_class=&#8221;mobile-dis&#8221;][vc_empty_space height=&#8221;2em&#8221; el_class=&#8221;mobile-dis&#8221;][vc_empty_space height=&#8221;2em&#8221; el_class=&#8221;mobile-dis&#8221;][\/vc_column][\/vc_row][vc_row content_width=&#8221;grid&#8221;][vc_column css_animation=&#8221;fadeInRight&#8221;][vc_row_inner css=&#8221;.vc_custom_1668685410669{background-image: url(https:\/\/tobaccofreeflorida.com\/wp-content\/uploads\/2022\/11\/Girl-on-computer_.jpg?id=10339) !important;background-position: center !important;background-repeat: no-repeat !important;background-size: cover !important;}&#8221;][vc_column_inner el_class=&#8221;mobile-image&#8221;][vc_empty_space height=&#8221;250px&#8221; el_class=&#8221;min-image-space mobile&#8221;][\/vc_column_inner][\/vc_row_inner][vc_row_inner][vc_column_inner el_class=&#8221;module-image-leftphoto&#8221; width=&#8221;3\/5&#8243; offset=&#8221;vc_hidden-xs&#8221;][vc_single_image image=&#8221;10339&#8243; img_size=&#8221;full&#8221; alignment=&#8221;right&#8221; css_animation=&#8221;fadeInLeft&#8221;][\/vc_column_inner][vc_column_inner width=&#8221;2\/5&#8243; offset=&#8221;vc_col-xs-12&#8243;][vc_column_text el_class=&#8221;module-text-leftphoto&#8221;]<\/p>\n<h2 style=\"text-align: center;\"><strong><a id=\"smoking_cessation_title_event_spanish\" href=\"\/es\/listo-para-dejar-de-fumar\/programas-para-dejar-de-fumar\/\" aria-label=\"Smoking Cessation Program\">Reanudemos el proceso<\/a><\/strong><\/h2>\n<p style=\"text-align: center;\">\u00a1Estamos aqu\u00ed para ayudarte!<\/p>\n<p style=\"text-align: center;\">Tobacco Free Florida ofrece herramientas y servicios que han demostrado ayudar en el proceso para dejar de fumar. Y lo mejor de todo, \u00a1son GRATIS!<\/p>\n<p style=\"text-align: center;\"><a id=\"smoking_cessation_link_event_spanish\" href=\"\/es\/listo-para-dejar-de-fumar\/programas-para-dejar-de-fumar\/\">Haz clic aqu\u00ed para inscribirte y Dejar de Fumar a tu Manera.<\/a><\/p>\n<p>[\/vc_column_text][\/vc_column_inner][\/vc_row_inner][\/vc_column][\/vc_row][vc_row][vc_column][vc_empty_space height=&#8221;2em&#8221; el_class=&#8221;mobile-dis&#8221;][vc_empty_space height=&#8221;2em&#8221; el_class=&#8221;mobile-dis&#8221;][vc_empty_space height=&#8221;2em&#8221; el_class=&#8221;mobile-dis&#8221;][\/vc_column][\/vc_row]<\/p>\n<\/div>","protected":false},"excerpt":{"rendered":"<p>[vc_row][vc_column][\/vc_column][\/vc_row][vc_row][vc_column][vc_empty_space height=&#8221;2em&#8221;][\/vc_column][\/vc_row][vc_row content_aligment=&#8221;center&#8221; css=&#8221;.vc_custom_1567007173592{margin-top: 0px !important;margin-right: 0px !important;margin-bottom: 0px !important;margin-left: 0px !important;border-top-width: 0px !important;border-right-width: 0px !important;border-bottom-width: 0px !important;border-left-width: 0px !important;padding-top: 0px !important;padding-right: 0px !important;padding-bottom: 0px !important;padding-left: 0px !important;}&#8221; el_class=&#8221;title-font&#8221;][vc_column css_animation=&#8221;top-to-bottom&#8221; css=&#8221;.vc_custom_1565386473377{margin-top: 0px !important;margin-right: 0px !important;margin-bottom: 0px !important;margin-left: 0px !important;border-top-width: 0px !important;border-right-width: 0px !important;border-bottom-width: 0px !important;border-left-width:&#8230;<\/p>\n","protected":false},"author":2,"featured_media":0,"parent":0,"menu_order":0,"comment_status":"closed","ping_status":"closed","template":"full-width.php","meta":{"_lmt_disableupdate":"","_lmt_disable":"","footnotes":""},"class_list":["post-10352","page","type-page","status-publish","hentry"],"aioseo_notices":[],"_links":{"self":[{"href":"https:\/\/tobaccofreeflorida.com\/es\/wp-json\/wp\/v2\/pages\/10352","targetHints":{"allow":["GET"]}}],"collection":[{"href":"https:\/\/tobaccofreeflorida.com\/es\/wp-json\/wp\/v2\/pages"}],"about":[{"href":"https:\/\/tobaccofreeflorida.com\/es\/wp-json\/wp\/v2\/types\/page"}],"author":[{"embeddable":true,"href":"https:\/\/tobaccofreeflorida.com\/es\/wp-json\/wp\/v2\/users\/2"}],"replies":[{"embeddable":true,"href":"https:\/\/tobaccofreeflorida.com\/es\/wp-json\/wp\/v2\/comments?post=10352"}],"version-history":[{"count":0,"href":"https:\/\/tobaccofreeflorida.com\/es\/wp-json\/wp\/v2\/pages\/10352\/revisions"}],"wp:attachment":[{"href":"https:\/\/tobaccofreeflorida.com\/es\/wp-json\/wp\/v2\/media?parent=10352"}],"curies":[{"name":"wp","href":"https:\/\/api.w.org\/{rel}","templated":true}]}}