{"id":10458,"date":"2023-03-07T10:02:04","date_gmt":"2023-03-07T15:02:04","guid":{"rendered":"https:\/\/tobaccofreeflorida.com\/social-service-organizations\/"},"modified":"2024-04-05T14:06:30","modified_gmt":"2024-04-05T18:06:30","slug":"para-organizaciones-de-servicios-sociales","status":"publish","type":"page","link":"https:\/\/tobaccofreeflorida.com\/es\/para-organizaciones-de-servicios-sociales\/","title":{"rendered":"Para Organizaciones de Servicios Sociales"},"content":{"rendered":"<div class=\"wpb-content-wrapper\"><p>[vc_row][vc_column][vc_empty_space height=&#8221;2em&#8221;][\/vc_column][\/vc_row][vc_row content_aligment=&#8221;center&#8221; css=&#8221;.vc_custom_1567017629529{margin-top: 0px !important;margin-right: 0px !important;margin-bottom: 0px !important;margin-left: 0px !important;border-top-width: 0px !important;border-right-width: 0px !important;border-bottom-width: 0px !important;border-left-width: 0px !important;padding-top: 0px !important;padding-right: 0px !important;padding-bottom: 0px !important;padding-left: 0px !important;}&#8221; el_class=&#8221;title-font&#8221;][vc_column css_animation=&#8221;top-to-bottom&#8221; width=&#8221;1\/6&#8243; css=&#8221;.vc_custom_1565383979793{margin-top: 0px !important;margin-right: 0px !important;margin-bottom: 0px !important;margin-left: 0px !important;border-top-width: 0px !important;border-right-width: 0px !important;border-bottom-width: 0px !important;border-left-width: 0px !important;padding-top: 0px !important;padding-right: 0px !important;padding-bottom: 0px !important;padding-left: 0px !important;}&#8221;][\/vc_column][vc_column width=&#8221;2\/3&#8243;][vc_column_text css=&#8221;.vc_custom_1677148485542{margin-top: 0px !important;margin-right: 0px !important;margin-bottom: 0px !important;margin-left: 0px !important;border-top-width: 0px !important;border-right-width: 0px !important;border-bottom-width: 0px !important;border-left-width: 0px !important;padding-right: 0px !important;padding-left: 0px !important;}&#8221; el_class=&#8221;mobile-text-padding&#8221;]<\/p>\n<h1 style=\"text-align: center;\"><span style=\"color: #414042;\"><strong>Informaci\u00f3n Y Recursos Sobre El Tabaco Y C\u00f3mo Dejarlo Para Organizaciones de Servicios Sociales<\/strong><\/span><\/h1>\n<p>[\/vc_column_text][\/vc_column][vc_column width=&#8221;1\/6&#8243;][\/vc_column][\/vc_row][vc_row content_width=&#8221;grid&#8221;][vc_column css_animation=&#8221;top-to-bottom&#8221;][vc_empty_space height=&#8221;1.5em&#8221;][vc_column_text el_class=&#8221;mobile-text-padding intro-text&#8221;]Las personas que cuentan con el apoyo de otros tienen m\u00e1s \u00e9xito cuando intentan dejar el tabaco. Dejar el tabaco es una decisi\u00f3n que deben tomar los fumadores, pero hay muchas maneras en que pueden motivarlos a vivir libres de tabaco. Si tienen un cliente que quiere dejar el tabaco, rem\u00edtanlo al programa D\u00e9jalo a Tu Manera de Tobacco Free Florida. Este programa ofrece herramientas y servicios probados y gratuitos, dando a sus clientes acceso a servicios que han ayudado a m\u00e1s de 295,000 floridanos a dejar de fumar con \u00e9xito.[\/vc_column_text][vc_empty_space height=&#8221;1.3em&#8221;][\/vc_column][\/vc_row][vc_row][vc_column][vc_empty_space height=&#8221;2em&#8221;][\/vc_column][\/vc_row][vc_row content_width=&#8221;grid&#8221;][vc_column css_animation=&#8221;fadeInRight&#8221;][vc_row_inner css=&#8221;.vc_custom_1678202051783{background-image: url(https:\/\/tobaccofreeflorida.com\/wp-content\/uploads\/2023\/03\/refer_your_client.jpg?id=10455) !important;background-position: center !important;background-repeat: no-repeat !important;background-size: cover !important;}&#8221;][vc_column_inner el_class=&#8221;mobile-image&#8221;][vc_empty_space height=&#8221;250px&#8221; el_class=&#8221;min-image-space mobile&#8221;][\/vc_column_inner][\/vc_row_inner][vc_row_inner][vc_column_inner el_class=&#8221;module-image-leftphoto&#8221; width=&#8221;3\/5&#8243; offset=&#8221;vc_hidden-xs&#8221;][vc_single_image image=&#8221;10455&#8243; img_size=&#8221;full&#8221; alignment=&#8221;right&#8221; css_animation=&#8221;fadeInLeft&#8221;][\/vc_column_inner][vc_column_inner width=&#8221;2\/5&#8243; offset=&#8221;vc_col-xs-12&#8243;][vc_column_text el_class=&#8221;module-text-leftphoto&#8221;]<\/p>\n<h2><strong>Remitan a sus clientes<br \/>\n<\/strong><\/h2>\n<p>Dejar de fumar es dif\u00edcil, pero recibir ayuda hace que sea m\u00e1s f\u00e1cil. Existen varios recursos para referidos en Florida que pueden brindarles apoyo a ustedes y a sus clientes, incluyendo:<\/p>\n<ul>\n<li>Para clientes que est\u00e9n listos para dejar de fumar en los pr\u00f3ximos 30 d\u00edas, las organizaciones deben utilizar el formulario de referidos automatizado; este les permitir\u00e1 enviar referidos f\u00e1cil y r\u00e1pidamente desde su computadora, tableta o tel\u00e9fono inteligente.<\/li>\n<li>Compartan el sitio web de Tobacco Free Florida y el n\u00famero de tel\u00e9fono con sus clientes: tobaccofreeflorida.com y 1-877-U-CAN-NOW.<a class=\"exitwebsitedialphonequitSpanish pum-trigger\" style=\"cursor: pointer;\" href=\"#\" target=\"_blank\" rel=\"noopener noreferrer\"> (1-877-822-6669)<\/a>.<\/li>\n<li>Entr\u00e9guenles el folleto de consejos para dejar de fumar o compartan otros recursos de Tobacco Free Florida (descargar a continuaci\u00f3n).<\/li>\n<\/ul>\n<p>[\/vc_column_text][\/vc_column_inner][\/vc_row_inner][\/vc_column][\/vc_row][vc_row][vc_column][vc_empty_space height=&#8221;2em&#8221; el_class=&#8221;mobile-dis&#8221;][vc_empty_space height=&#8221;2em&#8221; el_class=&#8221;mobile-dis&#8221;][vc_empty_space height=&#8221;2em&#8221; el_class=&#8221;mobile-dis&#8221;][\/vc_column][\/vc_row][vc_row content_width=&#8221;grid&#8221;][vc_column css_animation=&#8221;fadeInLeft&#8221;][vc_row_inner css=&#8221;.vc_custom_1678202078468{background-image: url(https:\/\/tobaccofreeflorida.com\/wp-content\/uploads\/2023\/03\/automated_refferal_form.jpg?id=10453) !important;background-position: center !important;background-repeat: no-repeat !important;background-size: cover !important;}&#8221;][vc_column_inner el_class=&#8221;mobile-image&#8221;][vc_empty_space height=&#8221;250px&#8221; el_class=&#8221;min-image-space mobile&#8221;][\/vc_column_inner][\/vc_row_inner][vc_row_inner][vc_column_inner width=&#8221;2\/5&#8243; offset=&#8221;vc_col-xs-12&#8243;][vc_column_text el_class=&#8221;module-text-rightphoto&#8221;]<\/p>\n<h2><strong><a href=\"\/es\/para-organizaciones-de-servicios-sociales\/formulario-de-referidos-automatizado\/\" aria-label=\"learn how to order educational materials\">Formulario de referidos automatizado<\/a><br \/>\n<\/strong><\/h2>\n<p>Tobacco Free Florida se ha esforzado en hacer que el proceso de referidos sea f\u00e1cil y eficaz. Si tienen clientes que est\u00e9n listos para dejar de fumar dentro de los pr\u00f3ximos 30 d\u00edas, accedan al formulario de referidos automatizado o soliciten uno nuevo para enviar electr\u00f3nicamente los referidos. Para m\u00e1s informaci\u00f3n sobre c\u00f3mo usar el formulario, contacten a su representante local de Tobacco Free Florida <a href=\"\/es\/participa\/\">aqu\u00ed<\/a>.<\/p>\n<p><span class=\"link-text\"><a class=\"hvr-icon-forward\" href=\"\/es\/para-organizaciones-de-servicios-sociales\/formulario-de-referidos-automatizado\/\" aria-label=\"learn how to order educational materials\">FORMULARIO AUTOMATIZADO<img decoding=\"async\" class=\"hvr-icon\" src=\"https:\/\/tobaccofreeflo.wpengine.com\/wp-content\/uploads\/2019\/10\/Carrot-3.svg\" \/><\/a><\/span>[\/vc_column_text][\/vc_column_inner][vc_column_inner el_class=&#8221;module-image-rightphoto&#8221; width=&#8221;3\/5&#8243; offset=&#8221;vc_hidden-xs&#8221;][vc_single_image image=&#8221;10453&#8243; img_size=&#8221;full&#8221; alignment=&#8221;right&#8221; css_animation=&#8221;fadeInRight&#8221;][\/vc_column_inner][\/vc_row_inner][\/vc_column][\/vc_row][vc_row][vc_column][vc_empty_space height=&#8221;2em&#8221; el_class=&#8221;mobile-dis&#8221;][vc_empty_space height=&#8221;2em&#8221; el_class=&#8221;mobile-dis&#8221;][vc_empty_space height=&#8221;2em&#8221; el_class=&#8221;mobile-dis&#8221;][\/vc_column][\/vc_row][vc_row content_width=&#8221;grid&#8221;][vc_column css_animation=&#8221;fadeInUp&#8221; width=&#8221;2\/3&#8243;][vc_column_text el_class=&#8221;mobile-text-padding&#8221; css=&#8221;.vc_custom_1677149721652{padding-left: 6% !important;}&#8221;]<strong>P\u00f3ster con los beneficios de dejar de fumar<br \/>\n<\/strong>Mu\u00e9strenles a sus clientes los beneficios que dejar de fumar tiene para la salud a corto y largo plazo. Cuelguen este p\u00f3ster en la entrada de las instalaciones de su organizaci\u00f3n. [\/vc_column_text][vc_empty_space height=&#8221;1em&#8221;][\/vc_column][vc_column css_animation=&#8221;fadeInRight&#8221; width=&#8221;1\/3&#8243;]<a href=\"\/wp-content\/uploads\/2023\/03\/TFF-HCP-Benefits-of-Quitting-Poster-SPA-11x17-11.30.2021.pdf\" target=\"_blank\" style=\"color: #ffffff;background-color: #00597b;border-color: #00597b\" class=\"edgtf-btn edgtf-btn-medium edgtf-btn-solid edgtf-btn-custom-hover-bg edgtf-btn-custom-border-hover edgtf-btn-custom-hover-color button-11-center\" data-hover-bg-color=\"rgba(217,236,248,0.4)\" data-hover-color=\"#00597b\" data-hover-border-color=\"rgba(217,236,248,0.4)\" >\n    <span class=\"edgtf-btn-text\">DESCARGAR<\/span><\/a>[\/vc_column][\/vc_row][vc_row][vc_column][vc_empty_space height=&#8221;2em&#8221;][\/vc_column][\/vc_row][vc_row content_width=&#8221;grid&#8221;][vc_column css_animation=&#8221;fadeInUp&#8221; width=&#8221;2\/3&#8243;][vc_column_text el_class=&#8221;mobile-text-padding&#8221; css=&#8221;.vc_custom_1677149920527{padding-left: 6% !important;}&#8221;]<strong>Folleto para dejar de fumar ya<br \/>\n<\/strong>Denles a sus clientes el folleto con consejos para dejar de fumar e informaci\u00f3n acerca de las herramientas y servicios gratuitos que forman parte de nuestro programa D\u00e9jalo a Tu Manera.[\/vc_column_text][vc_empty_space height=&#8221;1em&#8221;][\/vc_column][vc_column css_animation=&#8221;fadeInRight&#8221; width=&#8221;1\/3&#8243;]<a href=\"\/wp-content\/uploads\/2020\/12\/Quit-Tobacco-Today-Cessation-Brochure-Spanish.pdf\" target=\"_blank\" style=\"color: #ffffff;background-color: #00597b;border-color: #00597b\" class=\"edgtf-btn edgtf-btn-medium edgtf-btn-solid edgtf-btn-custom-hover-bg edgtf-btn-custom-border-hover edgtf-btn-custom-hover-color button-11-center\" data-hover-bg-color=\"rgba(217,236,248,0.4)\" data-hover-color=\"#00597b\" data-hover-border-color=\"rgba(217,236,248,0.4)\" >\n    <span class=\"edgtf-btn-text\">DESCARGAR<\/span><\/a>[\/vc_column][\/vc_row][vc_row][vc_column][vc_empty_space height=&#8221;2em&#8221;][\/vc_column][\/vc_row][vc_row content_width=&#8221;grid&#8221;][vc_column css_animation=&#8221;fadeInUp&#8221; width=&#8221;2\/3&#8243;][vc_column_text el_class=&#8221;mobile-text-padding&#8221; css=&#8221;.vc_custom_1677150099961{padding-left: 6% !important;}&#8221;]<strong>Folleto de consejos para dejar de fumar<br \/>\n<\/strong>Los consejos y las herramientas en este folleto pueden ayudar a sus clientes a vencer los antojos, superar los s\u00edntomas de abstinencia de la nicotina y dejar el tabaco para siempre.[\/vc_column_text][vc_empty_space height=&#8221;1em&#8221;][\/vc_column][vc_column css_animation=&#8221;fadeInRight&#8221; width=&#8221;1\/3&#8243;]<a href=\"\/wp-content\/uploads\/2023\/03\/TFF-QuitTipsBooklet-Spanish-4-7-22.pdf\" target=\"_blank\" style=\"color: #ffffff;background-color: #00597b;border-color: #00597b\" class=\"edgtf-btn edgtf-btn-medium edgtf-btn-solid edgtf-btn-custom-hover-bg edgtf-btn-custom-border-hover edgtf-btn-custom-hover-color button-11-center\" data-hover-bg-color=\"rgba(217,236,248,0.4)\" data-hover-color=\"#00597b\" data-hover-border-color=\"rgba(217,236,248,0.4)\" >\n    <span class=\"edgtf-btn-text\">DESCARGAR<\/span><\/a>[\/vc_column][\/vc_row][vc_row][vc_column][vc_empty_space height=&#8221;2em&#8221;][\/vc_column][\/vc_row][vc_row content_width=&#8221;grid&#8221;][vc_column css_animation=&#8221;fadeInUp&#8221; width=&#8221;2\/3&#8243;][vc_column_text el_class=&#8221;mobile-text-padding&#8221; css=&#8221;.vc_custom_1677150193919{padding-left: 6% !important;}&#8221;]<strong>Tarjeta de presentaci\u00f3n D\u00e9jalo a Tu Manera<br \/>\n<\/strong>Sus clientes se pueden llevar a casa una peque\u00f1a tarjeta de presentaci\u00f3n con un listado de todos los servicios del programa D\u00e9jalo a Tu Manera de Tobacco Free Florida, as\u00ed como informaci\u00f3n sobre c\u00f3mo acceder a ellos a trav\u00e9s de nuestro sitio web o l\u00ednea directa.[\/vc_column_text][vc_empty_space height=&#8221;1em&#8221;][\/vc_column][vc_column css_animation=&#8221;fadeInRight&#8221; width=&#8221;1\/3&#8243;]<a href=\"\/wp-content\/uploads\/2023\/03\/TFF-QYW-Business-Card-ENG_SPA-02.15.23.pdf\" target=\"_blank\" style=\"color: #ffffff;background-color: #00597b;border-color: #00597b\" class=\"edgtf-btn edgtf-btn-medium edgtf-btn-solid edgtf-btn-custom-hover-bg edgtf-btn-custom-border-hover edgtf-btn-custom-hover-color button-11-center\" data-hover-bg-color=\"rgba(217,236,248,0.4)\" data-hover-color=\"#00597b\" data-hover-border-color=\"rgba(217,236,248,0.4)\" >\n    <span class=\"edgtf-btn-text\">DESCARGAR<\/span><\/a>[\/vc_column][\/vc_row][vc_row][vc_column][vc_empty_space height=&#8221;2em&#8221;][\/vc_column][\/vc_row][vc_row content_width=&#8221;grid&#8221;][vc_column css_animation=&#8221;fadeInUp&#8221; width=&#8221;2\/3&#8243;][vc_column_text el_class=&#8221;mobile-text-padding&#8221; css=&#8221;.vc_custom_1677151451890{padding-left: 6% !important;}&#8221;]<strong>Calcoman\u00eda para ventanas de organizaciones de servicios sociales (dirigida a los clientes)<br \/>\n<\/strong>Coloque esta calcoman\u00eda en las ventanas de la entrada a sus instalaciones para dejarle saber a sus clientes que su organizaci\u00f3n puede referirlos a Tobacco Free Florida.[\/vc_column_text][vc_empty_space height=&#8221;1em&#8221;][\/vc_column][vc_column css_animation=&#8221;fadeInRight&#8221; width=&#8221;1\/3&#8243;]<a href=\"\/wp-content\/uploads\/2023\/03\/TFF-PORT-Cessation-SSO-Window-Cling-1-CLIENTS-16x20-SPA-02.22.23.pdf\" target=\"_blank\" style=\"color: #ffffff;background-color: #00597b;border-color: #00597b\" class=\"edgtf-btn edgtf-btn-medium edgtf-btn-solid edgtf-btn-custom-hover-bg edgtf-btn-custom-border-hover edgtf-btn-custom-hover-color button-11-center\" data-hover-bg-color=\"rgba(217,236,248,0.4)\" data-hover-color=\"#00597b\" data-hover-border-color=\"rgba(217,236,248,0.4)\" >\n    <span class=\"edgtf-btn-text\">DESCARGAR<\/span><\/a>[\/vc_column][\/vc_row][vc_row][vc_column][vc_empty_space height=&#8221;2em&#8221;][\/vc_column][\/vc_row][vc_row content_width=&#8221;grid&#8221;][vc_column css_animation=&#8221;fadeInUp&#8221; width=&#8221;2\/3&#8243;][vc_column_text el_class=&#8221;mobile-text-padding&#8221; css=&#8221;.vc_custom_1677151665097{padding-left: 6% !important;}&#8221;]<strong>Calcoman\u00eda para las ventanas de organizaciones de servicios sociales (dirigida al p\u00fablico en general)<br \/>\n<\/strong>Coloque esta calcoman\u00eda en las ventanas de la entrada a sus instalaciones para dejarle saber al p\u00fablico en general que su organizaci\u00f3n hace referidos a Tobacco Free Florida.[\/vc_column_text][vc_empty_space height=&#8221;1em&#8221;][\/vc_column][vc_column css_animation=&#8221;fadeInRight&#8221; width=&#8221;1\/3&#8243;]<a href=\"\/wp-content\/uploads\/2023\/03\/TFF-PORT-Cessation-SSO-Window-Cling-2-INDIVIDUALS-16x20-SPA-02.22.23.pdf\" target=\"_blank\" style=\"color: #ffffff;background-color: #00597b;border-color: #00597b\" class=\"edgtf-btn edgtf-btn-medium edgtf-btn-solid edgtf-btn-custom-hover-bg edgtf-btn-custom-border-hover edgtf-btn-custom-hover-color button-11-center\" data-hover-bg-color=\"rgba(217,236,248,0.4)\" data-hover-color=\"#00597b\" data-hover-border-color=\"rgba(217,236,248,0.4)\" >\n    <span class=\"edgtf-btn-text\">DESCARGAR<\/span><\/a>[\/vc_column][\/vc_row][vc_row][vc_column][vc_empty_space height=&#8221;2em&#8221;][\/vc_column][\/vc_row][vc_row content_width=&#8221;grid&#8221;][vc_column css_animation=&#8221;fadeInUp&#8221; width=&#8221;2\/3&#8243;][vc_column_text el_class=&#8221;mobile-text-padding&#8221; css=&#8221;.vc_custom_1677151958958{padding-left: 6% !important;}&#8221;]<strong>P\u00f3ster para organizaciones de servicios sociales (dirigido a los clientes)<br \/>\n<\/strong>Coloque este p\u00f3ster en la entrada de sus instalaciones para dejarle saber a sus clientes que su organizaci\u00f3n puede referirlos a Tobacco Free Florida.[\/vc_column_text][vc_empty_space height=&#8221;1em&#8221;][\/vc_column][vc_column css_animation=&#8221;fadeInRight&#8221; width=&#8221;1\/3&#8243;]<a href=\"\/wp-content\/uploads\/2023\/03\/TFF-PORT-Cessation-SSO-Poster-3-CLIENTS-11x17-SPA-03.01.23.pdf\" target=\"_blank\" style=\"color: #ffffff;background-color: #00597b;border-color: #00597b\" class=\"edgtf-btn edgtf-btn-medium edgtf-btn-solid edgtf-btn-custom-hover-bg edgtf-btn-custom-border-hover edgtf-btn-custom-hover-color button-11-center\" data-hover-bg-color=\"rgba(217,236,248,0.4)\" data-hover-color=\"#00597b\" data-hover-border-color=\"rgba(217,236,248,0.4)\" >\n    <span class=\"edgtf-btn-text\">DESCARGAR<\/span><\/a>[\/vc_column][\/vc_row][vc_row][vc_column][vc_empty_space height=&#8221;2em&#8221;][\/vc_column][\/vc_row][vc_row content_width=&#8221;grid&#8221;][vc_column css_animation=&#8221;fadeInUp&#8221; width=&#8221;2\/3&#8243;][vc_column_text el_class=&#8221;mobile-text-padding&#8221; css=&#8221;.vc_custom_1677152089425{padding-left: 6% !important;}&#8221;]<strong>P\u00f3ster para organizaciones de servicios sociales (dirigido al p\u00fablico en general)<br \/>\n<\/strong>Coloque este p\u00f3ster en la entrada de sus instalaciones para dejarle saber al p\u00fablico en general que su organizaci\u00f3n hace referidos a Tobacco Free Florida.[\/vc_column_text][vc_empty_space height=&#8221;1em&#8221;][\/vc_column][vc_column css_animation=&#8221;fadeInRight&#8221; width=&#8221;1\/3&#8243;]<a href=\"\/wp-content\/uploads\/2023\/03\/TFF-PORT-Cessation-SSO-Poster-2-INDIVIDUALS-11x17-SPA-03.01.23.pdf\" target=\"_blank\" style=\"color: #ffffff;background-color: #00597b;border-color: #00597b\" class=\"edgtf-btn edgtf-btn-medium edgtf-btn-solid edgtf-btn-custom-hover-bg edgtf-btn-custom-border-hover edgtf-btn-custom-hover-color button-11-center\" data-hover-bg-color=\"rgba(217,236,248,0.4)\" data-hover-color=\"#00597b\" data-hover-border-color=\"rgba(217,236,248,0.4)\" >\n    <span class=\"edgtf-btn-text\">DESCARGAR<\/span><\/a>[\/vc_column][\/vc_row][vc_row][vc_column][vc_empty_space height=&#8221;2em&#8221;][\/vc_column][\/vc_row][vc_row][vc_column][vc_empty_space height=&#8221;2em&#8221; el_class=&#8221;mobile-dis&#8221;][vc_empty_space height=&#8221;2em&#8221; el_class=&#8221;mobile-dis&#8221;][vc_empty_space height=&#8221;2em&#8221; el_class=&#8221;mobile-dis&#8221;][\/vc_column][\/vc_row]<\/p>\n<\/div>","protected":false},"excerpt":{"rendered":"<p>[vc_row][vc_column][vc_empty_space height=&#8221;2em&#8221;][\/vc_column][\/vc_row][vc_row content_aligment=&#8221;center&#8221; css=&#8221;.vc_custom_1567017629529{margin-top: 0px !important;margin-right: 0px !important;margin-bottom: 0px !important;margin-left: 0px !important;border-top-width: 0px !important;border-right-width: 0px !important;border-bottom-width: 0px !important;border-left-width: 0px !important;padding-top: 0px !important;padding-right: 0px !important;padding-bottom: 0px !important;padding-left: 0px !important;}&#8221; el_class=&#8221;title-font&#8221;][vc_column css_animation=&#8221;top-to-bottom&#8221; width=&#8221;1\/6&#8243; css=&#8221;.vc_custom_1565383979793{margin-top: 0px !important;margin-right: 0px !important;margin-bottom: 0px !important;margin-left: 0px !important;border-top-width: 0px !important;border-right-width: 0px !important;border-bottom-width: 0px&#8230;<\/p>\n","protected":false},"author":2,"featured_media":0,"parent":0,"menu_order":0,"comment_status":"closed","ping_status":"closed","template":"full-width.php","meta":{"_lmt_disableupdate":"","_lmt_disable":"","footnotes":""},"class_list":["post-10458","page","type-page","status-publish","hentry"],"aioseo_notices":[],"_links":{"self":[{"href":"https:\/\/tobaccofreeflorida.com\/es\/wp-json\/wp\/v2\/pages\/10458","targetHints":{"allow":["GET"]}}],"collection":[{"href":"https:\/\/tobaccofreeflorida.com\/es\/wp-json\/wp\/v2\/pages"}],"about":[{"href":"https:\/\/tobaccofreeflorida.com\/es\/wp-json\/wp\/v2\/types\/page"}],"author":[{"embeddable":true,"href":"https:\/\/tobaccofreeflorida.com\/es\/wp-json\/wp\/v2\/users\/2"}],"replies":[{"embeddable":true,"href":"https:\/\/tobaccofreeflorida.com\/es\/wp-json\/wp\/v2\/comments?post=10458"}],"version-history":[{"count":0,"href":"https:\/\/tobaccofreeflorida.com\/es\/wp-json\/wp\/v2\/pages\/10458\/revisions"}],"wp:attachment":[{"href":"https:\/\/tobaccofreeflorida.com\/es\/wp-json\/wp\/v2\/media?parent=10458"}],"curies":[{"name":"wp","href":"https:\/\/api.w.org\/{rel}","templated":true}]}}