{"id":10477,"date":"2023-03-07T10:50:50","date_gmt":"2023-03-07T15:50:50","guid":{"rendered":"https:\/\/tobaccofreeflorida.com\/para-organizaciones-de-servicios-sociales\/request-automated-referral-form\/"},"modified":"2023-03-07T14:13:46","modified_gmt":"2023-03-07T19:13:46","slug":"solicite-un-formulario-de-referidos-automatizado","status":"publish","type":"page","link":"https:\/\/tobaccofreeflorida.com\/es\/para-organizaciones-de-servicios-sociales\/solicite-un-formulario-de-referidos-automatizado\/","title":{"rendered":"Solicite un formulario de referidos automatizado"},"content":{"rendered":"<div class=\"wpb-content-wrapper\"><p>[vc_row][vc_column][vc_empty_space height=&#8221;2em&#8221;][\/vc_column][\/vc_row][vc_row content_aligment=&#8221;center&#8221; css=&#8221;.vc_custom_1567012635846{margin-top: 0px !important;margin-right: 0px !important;margin-bottom: 0px !important;margin-left: 0px !important;border-top-width: 0px !important;border-right-width: 0px !important;border-bottom-width: 0px !important;border-left-width: 0px !important;padding-top: 0px !important;padding-right: 0px !important;padding-bottom: 0px !important;padding-left: 0px !important;}&#8221; el_class=&#8221;title-font&#8221;][vc_column css_animation=&#8221;top-to-bottom&#8221; css=&#8221;.vc_custom_1565387003089{margin-top: 0px !important;margin-right: 0px !important;margin-bottom: 0px !important;margin-left: 0px !important;border-top-width: 0px !important;border-right-width: 0px !important;border-bottom-width: 0px !important;border-left-width: 0px !important;padding-top: 0px !important;padding-right: 0px !important;padding-bottom: 0px !important;padding-left: 0px !important;}&#8221;][vc_column_text css=&#8221;.vc_custom_1677153407698{margin-top: 0px !important;margin-right: 0px !important;margin-bottom: 0px !important;margin-left: 0px !important;border-top-width: 0px !important;border-right-width: 0px !important;border-bottom-width: 0px !important;border-left-width: 0px !important;padding-right: 0px !important;padding-left: 0px !important;}&#8221;]<\/p>\n<h1 style=\"text-align: center;\"><span style=\"color: #414042;\"><strong>Solicite un formulario de referidos automatizado<\/strong><\/span><\/h1>\n<p>[\/vc_column_text][\/vc_column][\/vc_row][vc_row content_width=&#8221;grid&#8221;][vc_column css_animation=&#8221;top-to-bottom&#8221; width=&#8221;1\/6&#8243; offset=&#8221;vc_hidden-xs&#8221;][\/vc_column][vc_column width=&#8221;2\/3&#8243; offset=&#8221;vc_col-xs-12&#8243;][vc_empty_space height=&#8221;1.5em&#8221;][vc_column_text el_class=&#8221;mobile-text-padding intro-text center&#8221;]Si desea tener una p\u00e1gina web exclusiva para que su organizaci\u00f3n someta referidos a un programa para dejar de fumar de Tobacco Free Florida, llene este formulario. Un representante de AHEC de la Universidad de Florida le responder\u00e1 dentro de dos d\u00edas laborables con un enlace \u00fanico para que su agencia lo utilice. [\/vc_column_text][vc_empty_space height=&#8221;1.3em&#8221;][\/vc_column][vc_column width=&#8221;1\/6&#8243; offset=&#8221;vc_hidden-xs&#8221;][\/vc_column][\/vc_row][vc_row][vc_column][vc_empty_space height=&#8221;2em&#8221;][\/vc_column][\/vc_row][vc_row][vc_column][vc_empty_space height=&#8221;2em&#8221;][\/vc_column][\/vc_row][vc_row el_id=&#8221;costcalculator&#8221;][vc_column][vc_raw_html]JTNDaWZyYW1lJTIwaWQlM0QlMjJTZWFyY2hDQUFSRlIlMjIlMjBjbGFzcyUzRCUyMmlmcmFtZSUyMGNvc3QtY2FsY3VsYXRvciUyMiUyMHNyYyUzRCUyMmh0dHBzJTNBJTJGJTJGd3d3LnRmZmFjdC5jb20lMkZhdXRvbWF0ZWRyZWZlcnJhbCUyRmZvcm1yZXF1ZXN0JTNGdHlwZSUzRGNhJTI2bGFuZyUzRGVzJTIyJTIwd2lkdGglM0QlMjIxMDAlMjUlMjIlMjBoZWlnaHQlM0QlMjI3NTBweCUyMiUyMG1hcmdpbmhlaWdodCUzRCUyMjAlMjIlMjBmcmFtZWJvcmRlciUzRCUyMjAlMjIlMjBzY3JvbGxpbmclM0QlMjJubyUyMiUyMCUzRSUzQyUyRmlmcmFtZSUzRQ==[\/vc_raw_html][\/vc_column][\/vc_row][vc_row][vc_column][vc_empty_space height=&#8221;2em&#8221;][\/vc_column][\/vc_row][vc_row][vc_column][vc_empty_space height=&#8221;2em&#8221;][\/vc_column][\/vc_row]<\/p>\n<\/div>","protected":false},"excerpt":{"rendered":"<p>[vc_row][vc_column][vc_empty_space height=&#8221;2em&#8221;][\/vc_column][\/vc_row][vc_row content_aligment=&#8221;center&#8221; css=&#8221;.vc_custom_1567012635846{margin-top: 0px !important;margin-right: 0px !important;margin-bottom: 0px !important;margin-left: 0px !important;border-top-width: 0px !important;border-right-width: 0px !important;border-bottom-width: 0px !important;border-left-width: 0px !important;padding-top: 0px !important;padding-right: 0px !important;padding-bottom: 0px !important;padding-left: 0px !important;}&#8221; el_class=&#8221;title-font&#8221;][vc_column css_animation=&#8221;top-to-bottom&#8221; css=&#8221;.vc_custom_1565387003089{margin-top: 0px !important;margin-right: 0px !important;margin-bottom: 0px !important;margin-left: 0px !important;border-top-width: 0px !important;border-right-width: 0px !important;border-bottom-width: 0px !important;border-left-width:&#8230;<\/p>\n","protected":false},"author":2,"featured_media":0,"parent":10458,"menu_order":0,"comment_status":"closed","ping_status":"closed","template":"","meta":{"_lmt_disableupdate":"","_lmt_disable":"","footnotes":""},"class_list":["post-10477","page","type-page","status-publish","hentry"],"aioseo_notices":[],"_links":{"self":[{"href":"https:\/\/tobaccofreeflorida.com\/es\/wp-json\/wp\/v2\/pages\/10477","targetHints":{"allow":["GET"]}}],"collection":[{"href":"https:\/\/tobaccofreeflorida.com\/es\/wp-json\/wp\/v2\/pages"}],"about":[{"href":"https:\/\/tobaccofreeflorida.com\/es\/wp-json\/wp\/v2\/types\/page"}],"author":[{"embeddable":true,"href":"https:\/\/tobaccofreeflorida.com\/es\/wp-json\/wp\/v2\/users\/2"}],"replies":[{"embeddable":true,"href":"https:\/\/tobaccofreeflorida.com\/es\/wp-json\/wp\/v2\/comments?post=10477"}],"version-history":[{"count":0,"href":"https:\/\/tobaccofreeflorida.com\/es\/wp-json\/wp\/v2\/pages\/10477\/revisions"}],"up":[{"embeddable":true,"href":"https:\/\/tobaccofreeflorida.com\/es\/wp-json\/wp\/v2\/pages\/10458"}],"wp:attachment":[{"href":"https:\/\/tobaccofreeflorida.com\/es\/wp-json\/wp\/v2\/media?parent=10477"}],"curies":[{"name":"wp","href":"https:\/\/api.w.org\/{rel}","templated":true}]}}