{"id":10649,"date":"2023-10-16T05:27:47","date_gmt":"2023-10-16T09:27:47","guid":{"rendered":"https:\/\/tobaccofreeflorida.com\/test-page\/spanish-phone-quit-test\/"},"modified":"2024-03-07T12:08:28","modified_gmt":"2024-03-07T17:08:28","slug":"phone-quit-espanol","status":"publish","type":"page","link":"https:\/\/tobaccofreeflorida.com\/es\/phone-quit-espanol\/","title":{"rendered":"Phone Quit Espanol"},"content":{"rendered":"<div class=\"wpb-content-wrapper\"><p>[vc_row][vc_column][vc_empty_space height=&#8221;3em&#8221;][\/vc_column][\/vc_row][vc_row el_class=&#8221;title-font&#8221;][vc_column][vc_column_text]<\/p>\n<h1 style=\"text-align: center;\"><strong>Phone Quit<\/strong><\/h1>\n<p>[\/vc_column_text][\/vc_column][\/vc_row][vc_row content_width=&#8221;grid&#8221; el_class=&#8221;phone-quit-padding&#8221;][vc_column css_animation=&#8221;top-to-bottom&#8221;][vc_empty_space height=&#8221;2em&#8221;][vc_column_text el_class=&#8221;mobile-text-padding&#8221;]Felicitaciones por iniciar tu camino para dejar el tabaco con <strong>Phone Quit<\/strong>. Este servicio te ofrece tres sesiones individuales con un coach para ayudarte a crear un plan personalizado para dejar el tabaco. Adem\u00e1s, tendr\u00e1s acceso a ayuda ilimitada por tel\u00e9fono, texto y chat, ayuda automatizada por texto, un panel de control personalizado, y tambi\u00e9n ser\u00e1s elegible para recibir <strong>un suministro para 4 semanas de parches de reemplazo de nicotina, chicles o caramelos medicados<\/strong> si es m\u00e9dicamente adecuado y eres mayor de 18 a\u00f1os.<\/p>\n<p>Indica tus preferencias a continuaci\u00f3n para continuar con el proceso de inscripci\u00f3n.[\/vc_column_text][vc_empty_space height=&#8221;2em&#8221;][\/vc_column][\/vc_row][vc_row disable_element=&#8221;yes&#8221; content_width=&#8221;grid&#8221; el_class=&#8221;equal-height-12-image background-position-right&#8221; css=&#8221;.vc_custom_1709583553621{margin-top: 0px !important;margin-right: 0px !important;margin-bottom: 0px !important;margin-left: 0px !important;border-top-width: 0px !important;border-right-width: 0px !important;border-bottom-width: 0px !important;border-left-width: 0px !important;padding-top: 0px !important;padding-right: 0px !important;padding-bottom: 0px !important;padding-left: 0px !important;}&#8221;][vc_column css_animation=&#8221;top-to-bottom&#8221;][vc_empty_space height=&#8221;2em&#8221;][vc_raw_html]JTNDaWZyYW1lJTIwaWQlM0QlMjJydm8tdG5jJTIyJTNFJTNDJTJGaWZyYW1lJTNFJTBBJTNDaW5wdXQlMjBpZCUzRCUyMnJ2by1lbnYlMjIlMjB0eXBlJTNEJTIyaGlkZGVuJTIyJTIwdmFsdWUlM0QlMjJTdGFnaW5nJTIyJTIwJTJGJTNFJTBBJTNDaW5wdXQlMjBpZCUzRCUyMnJ2by1zZWxlY3Rpb24lMjIlMjB0eXBlJTNEJTIyaGlkZGVuJTIyJTIwdmFsdWUlM0QlMjJSVk9fU0VMRUNUSU9OX1BIT05FJTIyJTIwJTJGJTNFJTBBJTNDaW5wdXQlMjBpZCUzRCUyMnJ2by1sYW5nLWNvZGUlMjIlMjB0eXBlJTNEJTIyaGlkZGVuJTIyJTIwdmFsdWUlM0QlMjJlcy1VUyUyMiUyMCUyRiUzRSUwQSUzQ2lucHV0JTIwaWQlM0QlMjJydm8tYmFzZS11cmwlMjIlMjB0eXBlJTNEJTIyaGlkZGVuJTIyJTIwdmFsdWUlM0QlMjJodHRwcyUzQSUyRiUyRnN0YWdpbmcucmVnaXN0ZXIuc2luZ2xlcmVnaXN0cmF0aW9uLmNvbSUyRnNpZ251cCUyRjhkMzJlYmRmLTVhMGUtNDM2NC1hMWE0LWRlYjBkOGNlNWYyNiUyMiUyMCUyRiUzRQ==[\/vc_raw_html][\/vc_column][\/vc_row][vc_row content_width=&#8221;grid&#8221; el_class=&#8221;equal-height-12-image background-position-right&#8221; css=&#8221;.vc_custom_1669887641352{margin-top: 0px !important;margin-right: 0px !important;margin-bottom: 0px !important;margin-left: 0px !important;border-top-width: 0px !important;border-right-width: 0px !important;border-bottom-width: 0px !important;border-left-width: 0px !important;padding-top: 0px !important;padding-right: 0px !important;padding-bottom: 0px !important;padding-left: 0px !important;}&#8221;][vc_column css_animation=&#8221;top-to-bottom&#8221;][vc_empty_space height=&#8221;2em&#8221;][vc_raw_html]JTNDaWZyYW1lJTIwaWQlM0QlMjJydm8tdG5jJTIyJTNFJTNDJTJGaWZyYW1lJTNFJTBBJTNDaW5wdXQlMjB0eXBlJTNEJTIyaGlkZGVuJTIyJTIwaWQlM0QlMjJydm8tZW52JTIyJTIwdmFsdWUlM0QlMjJQcm9kdWN0aW9uJTIyJTNFJTBBJTNDaW5wdXQlMjB0eXBlJTNEJTIyaGlkZGVuJTIyJTIwaWQlM0QlMjJydm8tc2VsZWN0aW9uJTIyJTIwdmFsdWUlM0QlMjJSVk9fU0VMRUNUSU9OX1BIT05FJTIyJTNFJTBBJTNDaW5wdXQlMjB0eXBlJTNEJTIyaGlkZGVuJTIyJTIwaWQlM0QlMjJydm8tbGFuZy1jb2RlJTIyJTIwdmFsdWUlM0QlMjJlcy1VUyUyMiUzRSUwQSUzQ2lucHV0JTIwdHlwZSUzRCUyMmhpZGRlbiUyMiUyMGlkJTNEJTIycnZvLWJhc2UtdXJsJTIyJTIwdmFsdWUlM0QlMjJodHRwcyUzQSUyRiUyRnJlZ2lzdGVyLnRvYmFjY29mcmVlZmxvcmlkYS5jb20lMkZzaWdudXAlMkZhNmJlYWMwMS0zMDA1LTQ4OTktOWI5NS04ZmFjY2Q5ZWJlYjAlMjIlM0U=[\/vc_raw_html][\/vc_column][\/vc_row]<\/p>\n<\/div>","protected":false},"excerpt":{"rendered":"<p>[vc_row][vc_column][vc_empty_space height=&#8221;3em&#8221;][\/vc_column][\/vc_row][vc_row el_class=&#8221;title-font&#8221;][vc_column][vc_column_text] Phone Quit [\/vc_column_text][\/vc_column][\/vc_row][vc_row content_width=&#8221;grid&#8221; el_class=&#8221;phone-quit-padding&#8221;][vc_column css_animation=&#8221;top-to-bottom&#8221;][vc_empty_space height=&#8221;2em&#8221;][vc_column_text el_class=&#8221;mobile-text-padding&#8221;]Felicitaciones por iniciar tu camino para dejar el tabaco con Phone Quit. Este servicio te ofrece tres sesiones individuales con un coach para ayudarte a crear un plan personalizado para dejar el tabaco. Adem\u00e1s, tendr\u00e1s&#8230;<\/p>\n","protected":false},"author":2,"featured_media":0,"parent":0,"menu_order":0,"comment_status":"closed","ping_status":"closed","template":"full-width.php","meta":{"_lmt_disableupdate":"","_lmt_disable":"","footnotes":""},"class_list":["post-10649","page","type-page","status-publish","hentry"],"aioseo_notices":[],"_links":{"self":[{"href":"https:\/\/tobaccofreeflorida.com\/es\/wp-json\/wp\/v2\/pages\/10649","targetHints":{"allow":["GET"]}}],"collection":[{"href":"https:\/\/tobaccofreeflorida.com\/es\/wp-json\/wp\/v2\/pages"}],"about":[{"href":"https:\/\/tobaccofreeflorida.com\/es\/wp-json\/wp\/v2\/types\/page"}],"author":[{"embeddable":true,"href":"https:\/\/tobaccofreeflorida.com\/es\/wp-json\/wp\/v2\/users\/2"}],"replies":[{"embeddable":true,"href":"https:\/\/tobaccofreeflorida.com\/es\/wp-json\/wp\/v2\/comments?post=10649"}],"version-history":[{"count":0,"href":"https:\/\/tobaccofreeflorida.com\/es\/wp-json\/wp\/v2\/pages\/10649\/revisions"}],"wp:attachment":[{"href":"https:\/\/tobaccofreeflorida.com\/es\/wp-json\/wp\/v2\/media?parent=10649"}],"curies":[{"name":"wp","href":"https:\/\/api.w.org\/{rel}","templated":true}]}}