{"id":2919,"date":"2019-08-12T14:41:43","date_gmt":"2019-08-12T18:41:43","guid":{"rendered":"https:\/\/www.almadigital.dev\/websites\/TobaccoFreeFlorida\/como-dejar-el-tabaco\/"},"modified":"2023-01-20T01:44:20","modified_gmt":"2023-01-20T06:44:20","slug":"como-dejar-el-tabaco","status":"publish","type":"page","link":"https:\/\/tobaccofreeflorida.com\/es\/como-dejar-el-tabaco\/","title":{"rendered":"C\u00f3mo dejar el tabaco"},"content":{"rendered":"<div class=\"wpb-content-wrapper\"><p>[vc_row content_width=&#8221;grid&#8221;][vc_column css_animation=&#8221;top-to-bottom&#8221;][vc_empty_space height=&#8221;1.5em&#8221;][vc_column_text el_class=&#8221;mobile-text-padding intro-text center-text title-font&#8221;]<\/p>\n<h1><strong>Haz un plan y lib\u00e9rate del tabaco hoy<\/strong><\/h1>\n<p>El primer paso es hacer un plan y cumplirlo al pie de la letra. Tobacco Free Florida cuenta con herramientas y recursos gratuitos que pueden ayudarte a dejar de fumar.[\/vc_column_text][vc_empty_space height=&#8221;1.3em&#8221;][\/vc_column][\/vc_row][vc_row][vc_column][vc_empty_space height=&#8221;2em&#8221;][\/vc_column][\/vc_row][vc_row content_width=&#8221;grid&#8221;][vc_column css_animation=&#8221;fadeInRight&#8221;][vc_row_inner css=&#8221;.vc_custom_1568992499885{background-image: url(https:\/\/tobaccofreeflo.wpengine.com\/wp-content\/uploads\/2019\/08\/Sign-Up-Quit-Your-Way.jpg?id=3612) !important;background-position: center !important;background-repeat: no-repeat !important;background-size: cover !important;}&#8221;][vc_column_inner el_class=&#8221;mobile-image&#8221;][vc_empty_space height=&#8221;250px&#8221; el_class=&#8221;min-image-space mobile&#8221;][\/vc_column_inner][\/vc_row_inner][vc_row_inner][vc_column_inner el_class=&#8221;module-image-leftphoto&#8221; width=&#8221;3\/5&#8243; offset=&#8221;vc_hidden-xs&#8221;][vc_single_image image=&#8221;3613&#8243; img_size=&#8221;full&#8221; alignment=&#8221;right&#8221; css_animation=&#8221;fadeInLeft&#8221;][\/vc_column_inner][vc_column_inner width=&#8221;2\/5&#8243; offset=&#8221;vc_col-xs-12&#8243;][vc_column_text el_class=&#8221;module-text-leftphoto&#8221;]<\/p>\n<h2><strong><a id=\"learn1_spanish\" href=\"\/es\/como-dejar-el-tabaco\/aprende-como-dejar-de-fumar\/\" aria-label=\"Aprende C\u00f3mo Dejar de Fumar\">Aprende C\u00f3mo Dejar de Fumar<\/a><br \/>\n<\/strong><\/h2>\n<p>La manera de dejar el tabaco var\u00eda de una persona a otra y hay much\u00edsimas maneras de hacerlo. Tobacco Free Florida brinda recursos y servicios gratuitos para ayudarte a determinar cu\u00e1l m\u00e9todo podr\u00eda ser el m\u00e1s adecuado para ti.<\/p>\n<p><span class=\"link-text\"><a id=\"learn2_spanish\" class=\"hvr-icon-forward\" href=\"\/es\/como-dejar-el-tabaco\/aprende-como-dejar-de-fumar\/\" aria-label=\"Recursos para ayudarte a dejar de fumar\">Recursos para ayudarte a dejar de fumar<img decoding=\"async\" class=\"hvr-icon\" src=\"https:\/\/tobaccofreeflorida.com\/wp-content\/uploads\/2019\/10\/Carrot-3.svg\" \/><\/a><\/span>[\/vc_column_text][\/vc_column_inner][\/vc_row_inner][\/vc_column][\/vc_row][vc_row][vc_column][vc_empty_space height=&#8221;2em&#8221; el_class=&#8221;mobile-dis&#8221;][vc_empty_space height=&#8221;2em&#8221; el_class=&#8221;mobile-dis&#8221;][vc_empty_space height=&#8221;2em&#8221; el_class=&#8221;mobile-dis&#8221;][\/vc_column][\/vc_row][vc_row content_width=&#8221;grid&#8221;][vc_column css_animation=&#8221;fadeInLeft&#8221;][vc_row_inner css=&#8221;.vc_custom_1613491834823{background-image: url(https:\/\/tobaccofreeflo.wpengine.com\/wp-content\/uploads\/2019\/09\/set-a-quit-date.jpg?id=4189) !important;background-position: center !important;background-repeat: no-repeat !important;background-size: cover !important;}&#8221;][vc_column_inner el_class=&#8221;mobile-image&#8221;][vc_empty_space height=&#8221;250px&#8221; el_class=&#8221;min-image-space mobile&#8221;][\/vc_column_inner][\/vc_row_inner][vc_row_inner][vc_column_inner width=&#8221;2\/5&#8243; offset=&#8221;vc_col-xs-12&#8243;][vc_column_text el_class=&#8221;module-text-rightphoto&#8221;]<\/p>\n<h2><strong><a id=\"ready1_spanish\" href=\"https:\/\/tobaccofreeflorida.com\/es\/como-dejar-el-tabaco\/fija-una-fecha\/\" aria-label=\"Fija una fecha para dejar de fumar\">Fija una fecha para dejar de fumar<\/a><br \/>\n<\/strong><\/h2>\n<p>Elegir una fecha espec\u00edfica es una buena manera de mejorar tus probabilidades de \u00e9xito. Es algo que te mantiene motivado y que puedes compartir con familiares y amigos. Escoger el momento correcto es importante. Estamos aqu\u00ed para ayudar. \u00bfListo para empezar?<\/p>\n<p><span class=\"link-text\"><a id=\"ready2_spanish\" class=\"hvr-icon-forward\" href=\"https:\/\/tobaccofreeflorida.com\/es\/como-dejar-el-tabaco\/fija-una-fecha\/\" aria-label=\"Fija una fecha para dejar de fumar\">Elige Una Fecha<img decoding=\"async\" class=\"hvr-icon\" src=\"https:\/\/tobaccofreeflorida.com\/wp-content\/uploads\/2019\/10\/Carrot-3.svg\" \/><\/a><\/span>[\/vc_column_text][\/vc_column_inner][vc_column_inner el_class=&#8221;module-image-rightphoto&#8221; width=&#8221;3\/5&#8243; offset=&#8221;vc_hidden-xs&#8221;][vc_single_image image=&#8221;4189&#8243; img_size=&#8221;full&#8221; alignment=&#8221;right&#8221; css_animation=&#8221;fadeInRight&#8221;][\/vc_column_inner][\/vc_row_inner][\/vc_column][\/vc_row][vc_row][vc_column][vc_empty_space height=&#8221;2em&#8221; el_class=&#8221;mobile-dis&#8221;][vc_empty_space height=&#8221;2em&#8221; el_class=&#8221;mobile-dis&#8221;][vc_empty_space height=&#8221;2em&#8221; el_class=&#8221;mobile-dis&#8221;][\/vc_column][\/vc_row][vc_row content_width=&#8221;grid&#8221;][vc_column css_animation=&#8221;fadeInRight&#8221;][vc_row_inner content_aligment=&#8221;center&#8221; css=&#8221;.vc_custom_1672943297061{background-image: url(https:\/\/tobaccofreeflo.wpengine.com\/wp-content\/uploads\/2023\/01\/Tips-and-Tricks.jpg?id=10234) !important;background-position: center !important;background-repeat: no-repeat !important;background-size: cover !important;}&#8221;][vc_column_inner el_class=&#8221;mobile-image&#8221;][vc_empty_space height=&#8221;250px&#8221; el_class=&#8221;min-image-space mobile&#8221;][\/vc_column_inner][\/vc_row_inner][vc_row_inner][vc_column_inner el_class=&#8221;module-image-leftphoto&#8221; width=&#8221;3\/5&#8243; offset=&#8221;vc_hidden-xs&#8221;][vc_single_image image=&#8221;10405&#8243; img_size=&#8221;full&#8221; alignment=&#8221;right&#8221; css_animation=&#8221;fadeInLeft&#8221; css=&#8221;.vc_custom_1673278850233{background-image: url(https:\/\/tobaccofreeflorida.com\/wp-content\/uploads\/2023\/01\/Tips-and-Tricks.jpg?id=10405) !important;}&#8221;][\/vc_column_inner][vc_column_inner width=&#8221;2\/5&#8243; offset=&#8221;vc_col-xs-12&#8243;][vc_column_text el_class=&#8221;module-text-leftphoto&#8221;]<\/p>\n<h2><strong><a id=\"quit_tips_tricks_1_spanish\" href=\"https:\/\/tobaccofreeflorida.com\/es\/tips-y-truquitos-para-dejar-de-fumar\/\" aria-label=\"Inf\u00f3rmate m\u00e1s acerca de terapia de reemplazo de nicotina y otros recursos\">Consejos y truquitos para dejar de fumar<\/a><br \/>\n<\/strong><\/h2>\n<p>Tus probabilidades de \u00e9xito pueden ser mayores si te preparas bien y tienes el apoyo correcto. A continuaci\u00f3n, mira qu\u00e9 puedes hacer, arreglar, evitar y esperar durante el proceso de dejar de fumar.<\/p>\n<p><span class=\"link-text\"><a id=\"quit_tips_tricks_2_spanish\" class=\"hvr-icon-forward\" href=\"https:\/\/tobaccofreeflorida.com\/es\/tips-y-truquitos-para-dejar-de-fumar\/\" aria-label=\"Inf\u00f3rmate m\u00e1s acerca de terapia de reemplazo de nicotina y otros recursos\">Aprende algunos truquitos para dejar de fumar<img decoding=\"async\" class=\"hvr-icon\" src=\"https:\/\/tobaccofreeflorida.com\/wp-content\/uploads\/2019\/10\/Carrot-3.svg\" \/><\/a><\/span>[\/vc_column_text][\/vc_column_inner][\/vc_row_inner][\/vc_column][\/vc_row][vc_row][vc_column][vc_empty_space height=&#8221;2em&#8221; el_class=&#8221;mobile-dis&#8221;][vc_empty_space height=&#8221;2em&#8221; el_class=&#8221;mobile-dis&#8221;][vc_empty_space height=&#8221;2em&#8221; el_class=&#8221;mobile-dis&#8221;][\/vc_column][\/vc_row][vc_row content_width=&#8221;grid&#8221;][vc_column css_animation=&#8221;fadeInLeft&#8221;][vc_row_inner css=&#8221;.vc_custom_1672943615810{background-image: url(https:\/\/tobaccofreeflo.wpengine.com\/wp-content\/uploads\/2019\/10\/how_to_quit_tobacco-nicotine_replacement_and_other_quit_aids.jpg?id=7850) !important;background-position: center !important;background-repeat: no-repeat !important;background-size: cover !important;}&#8221;][vc_column_inner el_class=&#8221;mobile-image&#8221;][vc_empty_space height=&#8221;250px&#8221; el_class=&#8221;min-image-space mobile&#8221;][\/vc_column_inner][\/vc_row_inner][vc_row_inner][vc_column_inner width=&#8221;2\/5&#8243; offset=&#8221;vc_col-xs-12&#8243;][vc_column_text el_class=&#8221;module-text-rightphoto&#8221;]<\/p>\n<h2><strong><a id=\"nrt1_spanish\" href=\"https:\/\/tobaccofreeflorida.com\/es\/como-dejar-el-tabaco\/terapias-de-reemplazo-de-nicotina\/\" aria-label=\"Inf\u00f3rmate m\u00e1s acerca de terapia de reemplazo de nicotina y otros recursos\">Terapia de reemplazo de nicotina y otros recursos<\/a><br \/>\n<\/strong><\/h2>\n<p>Si est\u00e1s leyendo esto, indudablemente sabes muy bien lo dif\u00edcil que es dejar de fumar. Las herramientas de ayuda, como los productos de reemplazo de nicotina, pueden ayudarte ya que reducen los s\u00edntomas de la abstinencia y los deseos de fumar. Estos medicamentos pueden duplicar tus probabilidades de dejar el tabaco para siempre. Prueba nuestro programa d\u00e9jalo a tu manera, que brinda parches, chicles o caramelos de nicotina, gratis.<\/p>\n<p><span class=\"link-text\"><a id=\"nrt2_spanish\" class=\"hvr-icon-forward\" href=\"https:\/\/tobaccofreeflorida.com\/es\/como-dejar-el-tabaco\/terapias-de-reemplazo-de-nicotina\/\" aria-label=\"Inf\u00f3rmate m\u00e1s acerca de terapia de reemplazo de nicotina y otros recursos\">Inf\u00f3rmate m\u00e1s<img decoding=\"async\" class=\"hvr-icon\" src=\"https:\/\/tobaccofreeflorida.com\/wp-content\/uploads\/2019\/10\/Carrot-3.svg\" \/><\/a><\/span>[\/vc_column_text][\/vc_column_inner][vc_column_inner el_class=&#8221;module-image-rightphoto&#8221; width=&#8221;3\/5&#8243; offset=&#8221;vc_hidden-xs&#8221;][vc_single_image image=&#8221;7850&#8243; img_size=&#8221;full&#8221; alignment=&#8221;right&#8221; css_animation=&#8221;fadeInRight&#8221;][\/vc_column_inner][\/vc_row_inner][\/vc_column][\/vc_row][vc_row][vc_column][vc_empty_space height=&#8221;2em&#8221; el_class=&#8221;mobile-dis&#8221;][vc_empty_space height=&#8221;2em&#8221; el_class=&#8221;mobile-dis&#8221;][vc_empty_space height=&#8221;2em&#8221; el_class=&#8221;mobile-dis&#8221;][\/vc_column][\/vc_row][vc_row content_width=&#8221;grid&#8221;][vc_column css_animation=&#8221;fadeInRight&#8221;][vc_row_inner content_aligment=&#8221;center&#8221; css=&#8221;.vc_custom_1672943769711{background-image: url(https:\/\/tobaccofreeflo.wpengine.com\/wp-content\/uploads\/2019\/10\/how_to_quit_tobacco-nicotine_triggers_cravings.jpg?id=7729) !important;background-position: center !important;background-repeat: no-repeat !important;background-size: cover !important;}&#8221;][vc_column_inner el_class=&#8221;mobile-image&#8221;][vc_empty_space height=&#8221;250px&#8221; el_class=&#8221;min-image-space mobile&#8221;][\/vc_column_inner][\/vc_row_inner][vc_row_inner][vc_column_inner el_class=&#8221;module-image-leftphoto&#8221; width=&#8221;3\/5&#8243; offset=&#8221;vc_hidden-xs&#8221;][vc_single_image image=&#8221;7729&#8243; img_size=&#8221;full&#8221; alignment=&#8221;right&#8221; css_animation=&#8221;fadeInLeft&#8221;][\/vc_column_inner][vc_column_inner width=&#8221;2\/5&#8243; offset=&#8221;vc_col-xs-12&#8243;][vc_column_text el_class=&#8221;module-text-leftphoto&#8221;]<\/p>\n<h2><strong><a id=\"trigger1_spanish\" href=\"https:\/\/tobaccofreeflorida.com\/es\/como-dejar-el-tabaco\/ganas-de-fumar\/\" aria-label=\"Inf\u00f3rmate m\u00e1s sobre c\u00f3mo lidiar con los factores desencadenantes y las ganas de fumar\"> Nicotina: Factores desencadenantes y ganas de fumar<\/a><br \/>\n<\/strong><\/h2>\n<p>Los factores desencadenantes en la vida cotidiana, como un momento de estr\u00e9s o cuando conduces el auto, pueden darte ganas de fumar. Si te preparas para las situaciones que pueden desencadenar estos deseos, el proceso de dejar de fumar te resultar\u00e1 m\u00e1s f\u00e1cil.<\/p>\n<p><span class=\"link-text\"><a id=\"trigger2_spanish\" class=\"hvr-icon-forward\" href=\"https:\/\/tobaccofreeflorida.com\/es\/como-dejar-el-tabaco\/ganas-de-fumar\/\" aria-label=\"Inf\u00f3rmate m\u00e1s sobre c\u00f3mo lidiar con los factores desencadenantes y las ganas de fumar\">Inf\u00f3rmate m\u00e1s<img decoding=\"async\" class=\"hvr-icon\" src=\"https:\/\/tobaccofreeflorida.com\/wp-content\/uploads\/2019\/10\/Carrot-3.svg\" \/><\/a><\/span>[\/vc_column_text][\/vc_column_inner][\/vc_row_inner][\/vc_column][\/vc_row][vc_row][vc_column][vc_empty_space height=&#8221;2em&#8221; el_class=&#8221;mobile-dis&#8221;][vc_empty_space height=&#8221;2em&#8221; el_class=&#8221;mobile-dis&#8221;][vc_empty_space height=&#8221;2em&#8221; el_class=&#8221;mobile-dis&#8221;][\/vc_column][\/vc_row][vc_row content_width=&#8221;grid&#8221;][vc_column css_animation=&#8221;fadeInLeft&#8221;][vc_row_inner css=&#8221;.vc_custom_1672943874957{background-image: url(https:\/\/tobaccofreeflo.wpengine.com\/wp-content\/uploads\/2019\/10\/how_to_quit_tobacco-talk_to_your_doctor.jpg?id=7853) !important;background-position: center !important;background-repeat: no-repeat !important;background-size: cover !important;}&#8221;][vc_column_inner el_class=&#8221;mobile-image&#8221;][vc_empty_space height=&#8221;250px&#8221; el_class=&#8221;min-image-space mobile&#8221;][\/vc_column_inner][\/vc_row_inner][vc_row_inner][vc_column_inner width=&#8221;2\/5&#8243; offset=&#8221;vc_col-xs-12&#8243;][vc_column_text el_class=&#8221;module-text-rightphoto&#8221;]<\/p>\n<h2><a id=\"doctor1_spanish\" href=\"https:\/\/tobaccofreeflorida.com\/es\/como-dejar-el-tabaco\/habla-con-tu-medico\/\" aria-label=\"Habla con tu m\u00e9dico\"><strong>Habla con tu m\u00e9dico<\/strong><\/a><\/h2>\n<p>\u00bfSab\u00edas que la ayuda de un profesional de la salud, como un m\u00e9dico, dentista o farmac\u00e9utico, puede aumentar mucho las probabilidades de que dejes de fumar para siempre? Programa una visita a tu profesional de la salud y expl\u00edcale que quieres dejar de fumar y que quisieras su ayuda.<\/p>\n<p><span class=\"link-text\"><a id=\"doctor2_spanish\" class=\"hvr-icon-forward\" href=\"https:\/\/tobaccofreeflorida.com\/es\/como-dejar-el-tabaco\/habla-con-tu-medico\/\" aria-label=\"Habla con tu m\u00e9dico\">Habla con tu m\u00e9dico<img decoding=\"async\" class=\"hvr-icon\" src=\"https:\/\/tobaccofreeflorida.com\/wp-content\/uploads\/2019\/10\/Carrot-3.svg\" \/><\/a><\/span>[\/vc_column_text][\/vc_column_inner][vc_column_inner el_class=&#8221;module-image-rightphoto&#8221; width=&#8221;3\/5&#8243; offset=&#8221;vc_hidden-xs&#8221;][vc_single_image image=&#8221;7853&#8243; img_size=&#8221;full&#8221; alignment=&#8221;right&#8221; css_animation=&#8221;fadeInRight&#8221;][\/vc_column_inner][\/vc_row_inner][\/vc_column][\/vc_row][vc_row][vc_column][vc_empty_space height=&#8221;2em&#8221; el_class=&#8221;mobile-dis&#8221;][vc_empty_space height=&#8221;2em&#8221; el_class=&#8221;mobile-dis&#8221;][vc_empty_space height=&#8221;2em&#8221; el_class=&#8221;mobile-dis&#8221;][\/vc_column][\/vc_row][vc_row content_width=&#8221;grid&#8221;][vc_column css_animation=&#8221;fadeInRight&#8221;][vc_row_inner content_aligment=&#8221;center&#8221; css=&#8221;.vc_custom_1672944178430{background-image: url(https:\/\/tobaccofreeflo.wpengine.com\/wp-content\/uploads\/2023\/01\/Relapse-Upload.jpg?id=10239) !important;background-position: center !important;background-repeat: no-repeat !important;background-size: cover !important;}&#8221;][vc_column_inner el_class=&#8221;mobile-image&#8221;][vc_empty_space height=&#8221;250px&#8221; el_class=&#8221;min-image-space mobile&#8221;][\/vc_column_inner][\/vc_row_inner][vc_row_inner][vc_column_inner el_class=&#8221;module-image-leftphoto&#8221; width=&#8221;3\/5&#8243; offset=&#8221;vc_hidden-xs&#8221;][vc_single_image image=&#8221;10407&#8243; img_size=&#8221;full&#8221; alignment=&#8221;right&#8221; css_animation=&#8221;fadeInLeft&#8221;][\/vc_column_inner][vc_column_inner width=&#8221;2\/5&#8243; offset=&#8221;vc_col-xs-12&#8243;][vc_column_text el_class=&#8221;module-text-leftphoto&#8221;]<\/p>\n<h2><a id=\"relapse1_spanish\" href=\"https:\/\/tobaccofreeflorida.com\/es\/recaida-en-el-tabaquismo\/\" aria-label=\"Habla con tu m\u00e9dico\"><strong>Reca\u00eddas<\/strong><\/a><\/h2>\n<p>No todas las personas dejan el tabaco en su primer intento. Pero los fumadores pueden y dejan de fumar a\u00fan despu\u00e9s de una reca\u00edda o de haber dejado de fumar por cierto tiempo y vuelto a fumar. De hecho, en la actualidad, hay m\u00e1s exfumadores que fumadores en Florida. Por eso, aunque el camino pueda verse imposible, recuerda que muchos otros han estado donde t\u00fa est\u00e1s hoy\u2026 y han logrado dejar de fumar con \u00e9xito.<\/p>\n<p><span class=\"link-text\"><a id=\"relapse2_spanish\" class=\"hvr-icon-forward\" href=\"https:\/\/tobaccofreeflorida.com\/es\/recaida-en-el-tabaquismo\/\" aria-label=\"Habla con tu m\u00e9dico\">\u00a1Vuelve a intentarlo!<img decoding=\"async\" class=\"hvr-icon\" src=\"https:\/\/tobaccofreeflorida.com\/wp-content\/uploads\/2019\/10\/Carrot-3.svg\" \/><\/a><\/span>[\/vc_column_text][\/vc_column_inner][\/vc_row_inner][\/vc_column][\/vc_row][vc_row][vc_column][vc_empty_space height=&#8221;2em&#8221; el_class=&#8221;mobile-dis&#8221;][vc_empty_space height=&#8221;2em&#8221; el_class=&#8221;mobile-dis&#8221;][vc_empty_space height=&#8221;2em&#8221; el_class=&#8221;mobile-dis&#8221;][\/vc_column][\/vc_row]<\/p>\n<\/div>","protected":false},"excerpt":{"rendered":"<p>[vc_row content_width=&#8221;grid&#8221;][vc_column css_animation=&#8221;top-to-bottom&#8221;][vc_empty_space height=&#8221;1.5em&#8221;][vc_column_text el_class=&#8221;mobile-text-padding intro-text center-text title-font&#8221;] Haz un plan y lib\u00e9rate del tabaco hoy El primer paso es hacer un plan y cumplirlo al pie de la letra. Tobacco Free Florida cuenta con herramientas y recursos gratuitos que pueden ayudarte a dejar de&#8230;<\/p>\n","protected":false},"author":2,"featured_media":0,"parent":0,"menu_order":0,"comment_status":"closed","ping_status":"closed","template":"full-width.php","meta":{"_lmt_disableupdate":"","_lmt_disable":"","footnotes":""},"class_list":["post-2919","page","type-page","status-publish","hentry"],"aioseo_notices":[],"_links":{"self":[{"href":"https:\/\/tobaccofreeflorida.com\/es\/wp-json\/wp\/v2\/pages\/2919","targetHints":{"allow":["GET"]}}],"collection":[{"href":"https:\/\/tobaccofreeflorida.com\/es\/wp-json\/wp\/v2\/pages"}],"about":[{"href":"https:\/\/tobaccofreeflorida.com\/es\/wp-json\/wp\/v2\/types\/page"}],"author":[{"embeddable":true,"href":"https:\/\/tobaccofreeflorida.com\/es\/wp-json\/wp\/v2\/users\/2"}],"replies":[{"embeddable":true,"href":"https:\/\/tobaccofreeflorida.com\/es\/wp-json\/wp\/v2\/comments?post=2919"}],"version-history":[{"count":0,"href":"https:\/\/tobaccofreeflorida.com\/es\/wp-json\/wp\/v2\/pages\/2919\/revisions"}],"wp:attachment":[{"href":"https:\/\/tobaccofreeflorida.com\/es\/wp-json\/wp\/v2\/media?parent=2919"}],"curies":[{"name":"wp","href":"https:\/\/api.w.org\/{rel}","templated":true}]}}