{"id":2937,"date":"2019-08-12T15:25:33","date_gmt":"2019-08-12T19:25:33","guid":{"rendered":"https:\/\/www.almadigital.dev\/websites\/TobaccoFreeFlorida\/como-dejar-el-tabaco\/inscribete-en-un-programa-para-dejar-de-fumar\/"},"modified":"2024-04-01T09:57:34","modified_gmt":"2024-04-01T13:57:34","slug":"programas-para-dejar-de-fumar","status":"publish","type":"page","link":"https:\/\/tobaccofreeflorida.com\/es\/listo-para-dejar-de-fumar\/programas-para-dejar-de-fumar\/","title":{"rendered":"Inscr\u00edbete en un Programa Para Dejar de Fumar"},"content":{"rendered":"<div class=\"wpb-content-wrapper\"><p>[vc_row css=&#8221;.vc_custom_1596565408162{background-image: url(https:\/\/tobaccofreeflo.wpengine.com\/wp-content\/uploads\/2019\/09\/banner-1.jpg?id=5070) !important;background-position: center !important;background-repeat: no-repeat !important;background-size: cover !important;}&#8221; el_class=&#8221;mobile-text-padding&#8221;][vc_column css=&#8221;.vc_custom_1568901461993{margin-right: 0px !important;margin-bottom: 0px !important;margin-left: 0px !important;border-top-width: 0px !important;border-right-width: 0px !important;border-bottom-width: 0px !important;border-left-width: 0px !important;padding-top: 0px !important;padding-right: 0px !important;padding-bottom: 0px !important;padding-left: 0px !important;}&#8221;][vc_row_inner][vc_column_inner width=&#8221;3\/12&#8243;][\/vc_column_inner][vc_column_inner width=&#8221;6\/12&#8243;][vc_empty_space height=&#8221;2em&#8221;][vc_column_text el_class=&#8221;title-font&#8221;]<\/p>\n<h1 style=\"text-align: center;\"><span class=\"white\" style=\"color: #ffffff;\"><strong>Inscr\u00edbete en un Programa Para Dejar de Fumar<\/strong><\/span><\/h1>\n<p>[\/vc_column_text][vc_empty_space height=&#8221;1em&#8221;][vc_empty_space height=&#8221;1em&#8221;][vc_single_image image=&#8221;7882&#8243; img_size=&#8221;300&#215;55&#8243; alignment=&#8221;center&#8221;][vc_empty_space height=&#8221;1em&#8221;][vc_column_text el_class=&#8221;mobile-text-padding intro-text center white&#8221;]<span class=\"white\">Cualquiera que sea tu raz\u00f3n para dejar de fumar, Tobacco Free Florida ofrece herramientas y recursos gratuitos para ayudarte a comenzar.<\/span>[\/vc_column_text][vc_empty_space height=&#8221;1em&#8221;][vc_empty_space height=&#8221;2em&#8221;][\/vc_column_inner][vc_column_inner width=&#8221;3\/12&#8243;][\/vc_column_inner][\/vc_row_inner][vc_row_inner content_aligment=&#8221;center&#8221;][vc_column_inner width=&#8221;4\/12&#8243; offset=&#8221;vc_hidden-xs&#8221;][\/vc_column_inner][vc_column_inner width=&#8221;2\/12&#8243; offset=&#8221;vc_col-xs-6&#8243;][vc_empty_space height=&#8221;9em&#8221;][\/vc_column_inner][vc_column_inner width=&#8221;2\/12&#8243; offset=&#8221;vc_col-xs-6&#8243;][vc_empty_space height=&#8221;9em&#8221;][\/vc_column_inner][vc_column_inner width=&#8221;4\/12&#8243; offset=&#8221;vc_hidden-xs&#8221;][\/vc_column_inner][\/vc_row_inner][\/vc_column][\/vc_row][vc_row][vc_column width=&#8221;1\/3&#8243; offset=&#8221;vc_hidden-xs&#8221;][\/vc_column][vc_column width=&#8221;1\/3&#8243; offset=&#8221;vc_col-lg-offset-0 vc_col-lg-4 vc_col-md-offset-0 vc_col-md-4 vc_col-sm-offset-0 vc_col-xs-offset-2 vc_col-xs-10&#8243;][vc_row_inner][vc_column_inner width=&#8221;1\/4&#8243; offset=&#8221;vc_col-xs-1\/5&#8243; el_id=&#8221;I-01&#8243;][vc_single_image image=&#8221;10447&#8243; img_size=&#8221;full&#8221; alignment=&#8221;center&#8221; onclick=&#8221;custom_link&#8221; link=&#8221;#phone&#8221; el_id=&#8221;II-01&#8243;][vc_column_text el_class=&#8221;qyw-icon-title&#8221;]Phone Quit[\/vc_column_text][\/vc_column_inner][vc_column_inner width=&#8221;1\/4&#8243; offset=&#8221;vc_col-xs-1\/5&#8243; el_id=&#8221;I-02&#8243;][vc_single_image image=&#8221;6040&#8243; img_size=&#8221;full&#8221; alignment=&#8221;center&#8221; onclick=&#8221;custom_link&#8221; link=&#8221;#group&#8221; el_id=&#8221;II-04&#8243;][vc_column_text el_class=&#8221;qyw-icon-title&#8221;]Group Quit[\/vc_column_text][\/vc_column_inner][vc_column_inner width=&#8221;1\/4&#8243; offset=&#8221;vc_col-xs-1\/5&#8243; el_id=&#8221;I-04&#8243;][vc_single_image image=&#8221;6048&#8243; img_size=&#8221;full&#8221; alignment=&#8221;center&#8221; onclick=&#8221;custom_link&#8221; link=&#8221;#web&#8221; el_id=&#8221;II-02&#8243;][vc_column_text el_class=&#8221;qyw-icon-title&#8221;]Web Quit[\/vc_column_text][\/vc_column_inner][vc_column_inner width=&#8221;1\/4&#8243; offset=&#8221;vc_col-xs-1\/5&#8243; el_id=&#8221;I-05&#8243;][vc_single_image image=&#8221;6044&#8243; img_size=&#8221;full&#8221; alignment=&#8221;center&#8221; onclick=&#8221;custom_link&#8221; link=&#8221;#social&#8221; el_id=&#8221;II-05&#8243;][vc_column_text el_class=&#8221;qyw-icon-title&#8221;]Redes sociales[\/vc_column_text][\/vc_column_inner][\/vc_row_inner][\/vc_column][vc_column width=&#8221;1\/3&#8243; offset=&#8221;vc_hidden-xs&#8221;][\/vc_column][\/vc_row][vc_row][vc_column][vc_empty_space height=&#8221;2em&#8221;][\/vc_column][\/vc_row][vc_row content_width=&#8221;grid&#8221; el_class=&#8221;mobile-text-padding&#8221; el_id=&#8221;oneonone&#8221;][vc_column css_animation=&#8221;top-to-bottom&#8221; width=&#8221;1\/6&#8243;][\/vc_column][vc_column width=&#8221;2\/3&#8243;][vc_empty_space height=&#8221;1.5em&#8221;][vc_empty_space height=&#8221;1.5em&#8221;][vc_column_text el_class=&#8221;intro-text center&#8221;]<\/p>\n<h2><strong>Deja de fumar con Tobacco Free Florida<\/strong><\/h2>\n<p>Sabemos que dejar el tabaco no es f\u00e1cil, pero el acceso a la ayuda deber\u00eda serlo. Tobacco Free Florida brinda herramientas y servicios gratuitos, como acceso 24\/7 a un coach y recursos en l\u00ednea para crear planes personalizados, destinados a dejar de fumar y un suministro de parches y chicles, o parches de reemplazo de nicotina y caramelos medicados para cuatro semanas que recibir\u00e1s por correo. Nuestros servicios para ayudarte a dejar de fumar pueden duplicar o triplicar tus probabilidades de\u00a0\u00e9xito.[\/vc_column_text][vc_empty_space height=&#8221;3em&#8221;][vc_empty_space height=&#8221;3em&#8221; el_class=&#8221;mobile-dis&#8221;][\/vc_column][vc_column width=&#8221;1\/6&#8243;][\/vc_column][\/vc_row][vc_row content_width=&#8221;grid&#8221; anchor=&#8221;phone_spanish&#8221; el_id=&#8221;phone&#8221;][vc_column css_animation=&#8221;fadeInLeft&#8221;][vc_row_inner css=&#8221;.vc_custom_1572286218905{background-image: url(https:\/\/tobaccofreeflo.wpengine.com\/wp-content\/uploads\/2019\/10\/smoking_cessation_program-talk_to_a_quit_coach.jpg?id=7818) !important;background-position: center !important;background-repeat: no-repeat !important;background-size: cover !important;}&#8221;][vc_column_inner el_class=&#8221;mobile-image&#8221;][vc_empty_space height=&#8221;250px&#8221; el_class=&#8221;min-image-space mobile&#8221;][\/vc_column_inner][\/vc_row_inner][vc_row_inner][vc_column_inner width=&#8221;2\/5&#8243; offset=&#8221;vc_col-xs-12&#8243;][vc_column_text el_class=&#8221;module-text-rightphoto&#8221;]<\/p>\n<h2><strong><a id=\"phone1_spanish\" class=\"\" href=\"\/es\/phone-quit-espanol\/\" target=\"\" rel=\"noopener noreferrer\" aria-label=\"Habla con un Quit Coach\u00ae capacitado para que te ayude a dejar de fumar\">Phone Quit<\/a><br \/>\n<\/strong><\/h2>\n<p>Utiliza la opci\u00f3n Phone Quit para comenzar tu camino hacia una vida libre de tabaco. Este servicio incluye tres llamadas de persona a persona con un coach, para ayudarte a crear un plan personalizado y comenzar tu camino hacia la liberaci\u00f3n del tabaco. Adem\u00e1s, tendr\u00e1s acceso a asistencia ilimitada por tel\u00e9fono, texto y chat, asistencia automatizada por texto, un panel de control personalizado y tambi\u00e9n ser\u00e1s elegible para recibir, <strong>gratis, un suministro de parches de reemplazo de nicotina, chicles o caramelos medicados para cuatro semanas*.<\/strong><\/p>\n<p><span class=\"footnote\">*Si es m\u00e9dicamente adecuado y eres mayor de 18 a\u00f1os.<\/span><\/p>\n<p>Para inscribirte hoy, haz clic en el enlace a continuaci\u00f3n, o llama al 1-877-U-CAN-NOW <a id=\"exitwebsitedialphonequitSpanish\" class=\"exitwebsitedialphonequitSpanish\" href=\"#\" target=\"_blank\" rel=\"noopener noreferrer\"> (1-877-822-6669)<\/a>.<\/p>\n<p><span class=\"link-text\"><a id=\"phone2_spanish\" class=\"hvr-icon-forward\" href=\"\/es\/phone-quit-espanol\/\" target=\"\" rel=\"noopener noreferrer\" aria-label=\"Habla con un Quit Coach\u00ae capacitado para que te ayude a dejar de fumar\">INSCR\u00cdBETE EN PHONE QUIT<img decoding=\"async\" class=\"hvr-icon\" src=\"https:\/\/tobaccofreeflo.wpengine.com\/wp-content\/uploads\/2019\/10\/Carrot-3.svg\" \/><\/a><\/span>[\/vc_column_text][\/vc_column_inner][vc_column_inner el_class=&#8221;module-image-rightphoto&#8221; width=&#8221;3\/5&#8243; offset=&#8221;vc_hidden-xs&#8221;][vc_single_image image=&#8221;7818&#8243; img_size=&#8221;full&#8221; alignment=&#8221;right&#8221; css_animation=&#8221;fadeInRight&#8221;][\/vc_column_inner][\/vc_row_inner][\/vc_column][\/vc_row][vc_row][vc_column][vc_empty_space height=&#8221;2em&#8221; el_class=&#8221;mobile-dis&#8221;][vc_empty_space height=&#8221;2em&#8221; el_class=&#8221;mobile-dis&#8221;][vc_empty_space height=&#8221;2em&#8221; el_class=&#8221;mobile-dis&#8221;][\/vc_column][\/vc_row][vc_row content_width=&#8221;grid&#8221; anchor=&#8221;group_spanish&#8221; el_id=&#8221;group&#8221;][vc_column css_animation=&#8221;fadeInRight&#8221;][vc_row_inner css=&#8221;.vc_custom_1676645578325{background-image: url(https:\/\/tobaccofreeflo.wpengine.com\/wp-content\/uploads\/2019\/11\/smoking_cessation_program-quit_smoking_support_groups.jpg?id=7902) !important;background-position: center !important;background-repeat: no-repeat !important;background-size: cover !important;}&#8221;][vc_column_inner el_class=&#8221;mobile-image&#8221;][vc_empty_space height=&#8221;250px&#8221; el_class=&#8221;min-image-space mobile&#8221;][\/vc_column_inner][\/vc_row_inner][vc_row_inner][vc_column_inner el_class=&#8221;module-image-leftphoto&#8221; width=&#8221;3\/5&#8243; offset=&#8221;vc_hidden-xs&#8221;][vc_single_image image=&#8221;7902&#8243; img_size=&#8221;full&#8221; alignment=&#8221;right&#8221; css_animation=&#8221;fadeInLeft&#8221;][\/vc_column_inner][vc_column_inner width=&#8221;2\/5&#8243; offset=&#8221;vc_col-xs-12&#8243;][vc_column_text el_class=&#8221;module-text-leftphoto&#8221;]<\/p>\n<h2><strong><a id=\"group1_spanish\" href=\"\/es\/blog\/calendario-del-grupo-de-apoyo\/\" aria-label=\"sign up for a group quit session led by a trained specialist\">Group Quit<\/a><br \/>\n<\/strong><\/h2>\n<p>Nuestras sesiones de grupo (Group Quit) est\u00e1n disponibles en tu condado, en horarios y lugares convenientes, y tambi\u00e9n a trav\u00e9s de nuestras sesiones virtuales. Ya sea en persona o virtualmente, las sesiones est\u00e1n a cargo de un especialista capacitado que ofrece apoyo y gu\u00eda para ayudarte a dejar de fumar. Solo necesitas un tel\u00e9fono, tableta o computadora para las sesiones virtuales. Puedes escoger entre dos tipos de cursos: sesi\u00f3n de un solo d\u00eda (alrededor de 2 horas) y sesiones de varios d\u00edas (alrededor de 60 minutos) una vez por semana, durante 4 semanas.<\/p>\n<p>Adem\u00e1s de las sesiones de grupo gratuitas, <strong>puedes ser elegible para recibir un suministro de parches de nicotina, chicles o caramelos medicados gratis para 2 a 4 semanas.*<\/strong><\/p>\n<p><span class=\"footnote\">*Si es m\u00e9dicamente adecuado y eres mayor de 18 a\u00f1os.<\/span><\/p>\n<p>Para inscribirte hoy, haz clic en el enlace a continuaci\u00f3n, o llama al <a id=\"exitwebsitedialahecSpanish\" class=\"exitwebsitedialahecSpanish\" href=\"#\" target=\"_blank\" rel=\"noopener noreferrer\"> (1-877-848-6696)<\/a>.<\/p>\n<p><span class=\"link-text\"><a id=\"group2_spanish\" class=\"hvr-icon-forward\" href=\"\/es\/blog\/calendario-del-grupo-de-apoyo\/\" rel=\"noopener noreferrer\" aria-label=\"sign up for a group quit session led by a trained specialist\">INSCR\u00cdBETE EN GROUP QUIT<img decoding=\"async\" class=\"hvr-icon\" src=\"\/wp-content\/uploads\/2019\/10\/Carrot-3.svg\" \/><\/a><\/span>[\/vc_column_text][\/vc_column_inner][\/vc_row_inner][\/vc_column][\/vc_row][vc_row][vc_column][vc_empty_space height=&#8221;2em&#8221; el_class=&#8221;mobile-dis&#8221;][vc_empty_space height=&#8221;2em&#8221; el_class=&#8221;mobile-dis&#8221;][vc_empty_space height=&#8221;2em&#8221; el_class=&#8221;mobile-dis&#8221;][\/vc_column][\/vc_row][vc_row content_width=&#8221;grid&#8221; anchor=&#8221;web_spanish&#8221; el_id=&#8221;web&#8221;][vc_column css_animation=&#8221;fadeInLeft&#8221;][vc_row_inner css=&#8221;.vc_custom_1676645676591{background-image: url(https:\/\/tobaccofreeflo.wpengine.com\/wp-content\/uploads\/2019\/10\/smoking_cessation_program-web_quit.jpg?id=7798) !important;background-position: center !important;background-repeat: no-repeat !important;background-size: cover !important;}&#8221;][vc_column_inner el_class=&#8221;mobile-image&#8221;][vc_empty_space height=&#8221;250px&#8221; el_class=&#8221;min-image-space mobile&#8221;][\/vc_column_inner][\/vc_row_inner][vc_row_inner][vc_column_inner width=&#8221;2\/5&#8243; offset=&#8221;vc_col-xs-12&#8243;][vc_column_text el_class=&#8221;module-text-rightphoto&#8221;]<\/p>\n<h2><strong><a id=\"web1_spanish\" class=\"\" href=\"\/es\/web-quit-espanol\/\" target=\"\" rel=\"noopener noreferrer\" aria-label=\"sign up for web quit to find tools, tips and support to help you quit\">Web Quit<\/a><br \/>\n<\/strong><\/h2>\n<p>Utiliza nuestra opci\u00f3n Web Quit para comenzar tu camino hacia una vida libre de tabaco. Esta te da acceso a recibir el apoyo de un coach en vivo por texto y v\u00eda chat, asistencia automatizada por texto, un panel de control personalizado, y tambi\u00e9n ser\u00e1s elegible para recibir <strong>gratis, un suministro de parches, chicles o caramelos de nicotina para cuatro semanas*.<\/strong><\/p>\n<p><span class=\"footnote\">*Si es m\u00e9dicamente adecuado y eres mayor de 18 a\u00f1os.<\/span><\/p>\n<p>Para inscribirte hoy, haz clic en el enlace a continuaci\u00f3n, o llama al 1-877-U-CAN-NOW <a id=\"exitwebsitedialwebquitSpanish\" class=\"exitwebsitedialwebquitSpanish\" href=\"#\"> (1-877-822-6669)<\/a>.<\/p>\n<p><span class=\"link-text\"><a id=\"web2_spanish\" class=\"hvr-icon-forward\" href=\"\/es\/web-quit-espanol\/\" target=\"\" rel=\"noopener noreferrer\" aria-label=\"sign up for web quit to find tools, tips and support to help you quit\">INSCR\u00cdBETE EN WEB QUIT<img decoding=\"async\" class=\"hvr-icon\" src=\"https:\/\/tobaccofreeflo.wpengine.com\/wp-content\/uploads\/2019\/10\/Carrot-3.svg\" \/><\/a><\/span>[\/vc_column_text][\/vc_column_inner][vc_column_inner el_class=&#8221;module-image-rightphoto&#8221; width=&#8221;3\/5&#8243; offset=&#8221;vc_hidden-xs&#8221;][vc_single_image image=&#8221;7798&#8243; img_size=&#8221;full&#8221; alignment=&#8221;right&#8221; css_animation=&#8221;fadeInRight&#8221;][\/vc_column_inner][\/vc_row_inner][\/vc_column][\/vc_row][vc_row][vc_column][vc_empty_space height=&#8221;2em&#8221; el_class=&#8221;mobile-dis&#8221;][vc_empty_space height=&#8221;2em&#8221; el_class=&#8221;mobile-dis&#8221;][vc_empty_space height=&#8221;2em&#8221; el_class=&#8221;mobile-dis&#8221;][\/vc_column][\/vc_row][vc_row disable_element=&#8221;yes&#8221; content_width=&#8221;grid&#8221; el_class=&#8221;mobile-text-padding-double-image-ribbon&#8221; el_id=&#8221;tools&#8221;][vc_column css_animation=&#8221;fadeInLeft&#8221; width=&#8221;1\/6&#8243; css=&#8221;.vc_custom_1563822725820{margin-left: 2.3% !important;}&#8221;][\/vc_column][vc_column css_animation=&#8221;top-to-bottom&#8221; width=&#8221;2\/3&#8243;][vc_row_inner css=&#8221;.vc_custom_1649089480333{background-image: url(https:\/\/tobaccofreeflo.wpengine.com\/wp-content\/uploads\/2022\/04\/smoking-cessation-tools-for-quitting.jpg?id=10099) !important;background-position: center !important;background-repeat: no-repeat !important;background-size: cover !important;}&#8221;][vc_column_inner el_class=&#8221;mobile-image&#8221;][vc_empty_space height=&#8221;250px&#8221; el_class=&#8221;min-image-space mobile&#8221;][\/vc_column_inner][\/vc_row_inner][vc_single_image image=&#8221;10099&#8243; img_size=&#8221;full&#8221; alignment=&#8221;center&#8221; css_animation=&#8221;top-to-bottom&#8221; el_class=&#8221;module-image-centerphoto mobile-dis&#8221;][vc_empty_space height=&#8221;1em&#8221; el_class=&#8221;mobile-dis&#8221;][vc_column_text el_class=&#8221;module-text-centerphoto&#8221;]<\/p>\n<h2><strong><a id=\"tool1\" class=\"exitwebsitetoolsforquittingSpanish\" href=\"#\" target=\"_blank\" rel=\"noopener noreferrer\" aria-label=\"Elige una Herramienta Para Dejar el Tabaco\">Herramientas para dejar de fumar<\/a><br \/>\n<\/strong><\/h2>\n<p>Si las llamadas telef\u00f3nicas y las reuniones en grupo no son lo tuyo, puedes hacerlo t\u00fa mismo con la ayuda de nuestras herramientas gratis. Elige tantas como necesites y\/o \u00fasalas en combinaci\u00f3n con nuestros servicios por tel\u00e9fono, en grupo o en l\u00ednea.<\/p>\n<p><a id=\"tool2\" class=\"exitwebsitetoolsforquittingSpanish\" href=\"#\" target=\"_blank\" rel=\"noopener noreferrer\" aria-label=\"Elige una Herramienta Para Dejar el Tabaco\"><strong>Kit inicial para 2 semanas<\/strong><\/a><br \/>\nNuestro Kit Inicial proporciona un suministro de parches, chicles o caramelos de reemplazo de nicotina para dos semanas para ayudarte a dejar al tabaco. <span class=\"footnote\">(*si es m\u00e9dicamente adecuado y eres mayor de 18 a\u00f1os).<\/span> Llame al <a class=\"exitwebsitedialphonequitSpanish\" href=\"#\" target=\"_blank\" rel=\"noopener noreferrer\"> (1-877-822-6669)<\/a> o reg\u00edstrese en la web para obtener su TRN.<\/p>\n<p><a id=\"tool3\" class=\"exitwebsitetoolsforquittingSpanish\" href=\"#\" target=\"_blank\" rel=\"noopener noreferrer\" aria-label=\"Elige una Herramienta Para Dejar el Tabaco\"><strong>Text2Quit<\/strong><\/a><br \/>\nNuestro programa Text2Quit env\u00eda a tu celular consejos, juegos y recordatorios, adem\u00e1s de informaci\u00f3n \u00fatil y de apoyo que puede ayudarte a dejar el tabaco.<\/p>\n<p><a id=\"tool4\" class=\"exitwebsitetoolsforquittingSpanish\" href=\"#\" target=\"_blank\" rel=\"noopener noreferrer\" aria-label=\"Elige una Herramienta Para Dejar el Tabaco\"><strong>Email Tips<\/strong><\/a><br \/>\nRecibe por correo electr\u00f3nico recursos y consejos sobre c\u00f3mo dejar al tabaco, adem\u00e1s de asesoramiento profesional.<\/p>\n<p><a id=\"tool5\" class=\"exitwebsitetoolsforquittingSpanish\" href=\"#\" target=\"_blank\" rel=\"noopener noreferrer\" aria-label=\"Elige una Herramienta Para Dejar el Tabaco\"><strong>Gu\u00eda para dejar de fumar<\/strong><\/a><br \/>\nTe enviaremos por correo una Gu\u00eda Para Dejar de Fumar con consejos pr\u00e1cticos y herramientas para ayudarte a crear tu propio plan para dejar el h\u00e1bito.<\/p>\n<p><span class=\"link-text\"><a class=\"hvr-icon-forward exitwebsitetoolsforquittingSpanish\" href=\"#\" target=\"_blank\" rel=\"noopener noreferrer\" aria-label=\"Elige una Herramienta Para Dejar el Tabaco\">Elige una herramienta para dejar el tabaco<img decoding=\"async\" class=\"hvr-icon\" src=\"https:\/\/tobaccofreeflo.wpengine.com\/wp-content\/uploads\/2019\/10\/Carrot-3.svg\" \/><\/a><\/span>[\/vc_column_text][vc_empty_space height=&#8221;2em&#8221;][\/vc_column][vc_column width=&#8221;1\/6&#8243;][\/vc_column][\/vc_row][vc_row css=&#8221;.vc_custom_1569003393658{background-color: rgba(217,236,248,0.4) !important;*background-color: rgb(217,236,248) !important;}&#8221;][vc_column][vc_empty_space height=&#8221;2em&#8221; el_class=&#8221;mobile-dis&#8221;][\/vc_column][\/vc_row][vc_row content_width=&#8221;grid&#8221; el_class=&#8221;mobile-text-padding&#8221; el_id=&#8221;community&#8221; css=&#8221;.vc_custom_1569003371722{background-color: rgba(217,236,248,0.4) !important;*background-color: rgb(217,236,248) !important;}&#8221;][vc_column css_animation=&#8221;top-to-bottom&#8221; width=&#8221;1\/6&#8243;][\/vc_column][vc_column width=&#8221;2\/3&#8243;][vc_empty_space height=&#8221;3em&#8221;][vc_column_text el_class=&#8221;intro-text center&#8221;]<\/p>\n<h2><strong>Recursos comunitarios<\/strong><\/h2>\n<p>Ya sea a trav\u00e9s de alguno de los servicios de ayuda para dejar de fumar de Tobacco Free Florida o en l\u00ednea, contar con apoyo siempre ha sido un factor clave para las personas que quieren dejar de fumar. \u00danete a alguna comunidad en las redes sociales con otras personas que, al igual que t\u00fa, est\u00e1n tratando de dejar el tabaco.[\/vc_column_text][vc_empty_space height=&#8221;3em&#8221;][vc_empty_space height=&#8221;3em&#8221; el_class=&#8221;mobile-dis&#8221;][\/vc_column][vc_column width=&#8221;1\/6&#8243;][\/vc_column][\/vc_row][vc_row content_width=&#8221;grid&#8221; anchor=&#8221;social_spanish&#8221; css=&#8221;.vc_custom_1681124440557{background-color: rgba(217,236,248,0.4) !important;*background-color: rgb(217,236,248) !important;}&#8221; el_id=&#8221;social&#8221;][vc_column css_animation=&#8221;fadeInRight&#8221;][vc_row_inner css=&#8221;.vc_custom_1569003938456{background-image: url(https:\/\/tobaccofreeflo.wpengine.com\/wp-content\/uploads\/2019\/08\/communityhelp_socialmedia.jpg?id=3693) !important;background-position: center !important;background-repeat: no-repeat !important;background-size: cover !important;}&#8221;][vc_column_inner el_class=&#8221;mobile-image&#8221;][vc_empty_space height=&#8221;250px&#8221; el_class=&#8221;min-image-space mobile&#8221;][\/vc_column_inner][\/vc_row_inner][vc_row_inner][vc_column_inner el_class=&#8221;module-image-leftphoto&#8221; width=&#8221;3\/5&#8243; offset=&#8221;vc_hidden-xs&#8221;][vc_single_image image=&#8221;3694&#8243; img_size=&#8221;full&#8221; alignment=&#8221;right&#8221; css_animation=&#8221;fadeInLeft&#8221;][\/vc_column_inner][vc_column_inner width=&#8221;2\/5&#8243; offset=&#8221;vc_col-xs-12&#8243;][vc_column_text el_class=&#8221;module-text-leftphoto&#8221;]<\/p>\n<h2><strong>Redes sociales<br \/>\n<\/strong><\/h2>\n<p>Las redes sociales ahora son un recurso \u00fatil de apoyo mutuo para quienes est\u00e1n tratando de dejar de fumar. S\u00edguenos en Facebook, Instagram y Twitter para encontrar informaci\u00f3n \u00fatil y motivadora sobre dejar de fumar.<\/p>\n<p>Para comenzar, sigue a Tobacco Free Florida en las redes sociales:<\/p>\n<div class=\"social-icons float-left-desktop\"><span class=\"link-text\"><a class=\"hvr-icon-forward\" href=\"https:\/\/www.facebook.com\/TobaccoFreeFlorida\" target=\"blank\" rel=\"noopener noreferrer\" aria-label=\"visit our instagram page\"><img decoding=\"async\" class=\"hvr-icon\" src=\"https:\/\/tobaccofreeflo.wpengine.com\/wp-content\/uploads\/2019\/10\/facebook-b.svg\" \/>Facebook<\/a><\/span><\/div>\n<div class=\"social-icons float-left-desktop\"><span class=\"link-text\"><a class=\"hvr-icon-forward\" href=\"https:\/\/www.instagram.com\/tobaccofreeflorida\" target=\"blank\" rel=\"noopener noreferrer\" aria-label=\"visit our facebook page\"><img decoding=\"async\" class=\"hvr-icon\" src=\"https:\/\/tobaccofreeflo.wpengine.com\/wp-content\/uploads\/2019\/10\/instagram-b.svg\" \/>Instagram<\/a><\/span><\/div>\n<div class=\"&quot;social-icons\"><span class=\"link-text\"><a class=\"hvr-icon-forward\" href=\"https:\/\/twitter.com\/tobaccofreefla\" target=\"blank\" rel=\"noopener noreferrer\" aria-label=\"visit our twitter page\"><img decoding=\"async\" class=\"hvr-icon\" src=\"https:\/\/tobaccofreeflo.wpengine.com\/wp-content\/uploads\/2019\/10\/twitter-b.svg\" \/>Twitter<\/a><\/span><\/div>\n<p>[\/vc_column_text][\/vc_column_inner][\/vc_row_inner][\/vc_column][\/vc_row][vc_row css=&#8221;.vc_custom_1569003981841{background-color: rgba(217,236,248,0.4) !important;*background-color: rgb(217,236,248) !important;}&#8221;][vc_column][vc_empty_space height=&#8221;2em&#8221; el_class=&#8221;mobile-dis&#8221;][vc_empty_space height=&#8221;2em&#8221; el_class=&#8221;mobile-dis&#8221;][vc_empty_space height=&#8221;2em&#8221; el_class=&#8221;mobile-dis&#8221;][\/vc_column][\/vc_row]<\/p>\n<\/div>","protected":false},"excerpt":{"rendered":"<p>[vc_row css=&#8221;.vc_custom_1596565408162{background-image: url(https:\/\/tobaccofreeflo.wpengine.com\/wp-content\/uploads\/2019\/09\/banner-1.jpg?id=5070) !important;background-position: center !important;background-repeat: no-repeat !important;background-size: cover !important;}&#8221; el_class=&#8221;mobile-text-padding&#8221;][vc_column css=&#8221;.vc_custom_1568901461993{margin-right: 0px !important;margin-bottom: 0px !important;margin-left: 0px !important;border-top-width: 0px !important;border-right-width: 0px !important;border-bottom-width: 0px !important;border-left-width: 0px !important;padding-top: 0px !important;padding-right: 0px !important;padding-bottom: 0px !important;padding-left: 0px !important;}&#8221;][vc_row_inner][vc_column_inner width=&#8221;3\/12&#8243;][\/vc_column_inner][vc_column_inner width=&#8221;6\/12&#8243;][vc_empty_space height=&#8221;2em&#8221;][vc_column_text el_class=&#8221;title-font&#8221;] Inscr\u00edbete en un Programa Para Dejar de&#8230;<\/p>\n","protected":false},"author":2,"featured_media":0,"parent":4703,"menu_order":0,"comment_status":"closed","ping_status":"closed","template":"full-width.php","meta":{"_lmt_disableupdate":"","_lmt_disable":"","footnotes":""},"class_list":["post-2937","page","type-page","status-publish","hentry"],"aioseo_notices":[],"_links":{"self":[{"href":"https:\/\/tobaccofreeflorida.com\/es\/wp-json\/wp\/v2\/pages\/2937","targetHints":{"allow":["GET"]}}],"collection":[{"href":"https:\/\/tobaccofreeflorida.com\/es\/wp-json\/wp\/v2\/pages"}],"about":[{"href":"https:\/\/tobaccofreeflorida.com\/es\/wp-json\/wp\/v2\/types\/page"}],"author":[{"embeddable":true,"href":"https:\/\/tobaccofreeflorida.com\/es\/wp-json\/wp\/v2\/users\/2"}],"replies":[{"embeddable":true,"href":"https:\/\/tobaccofreeflorida.com\/es\/wp-json\/wp\/v2\/comments?post=2937"}],"version-history":[{"count":0,"href":"https:\/\/tobaccofreeflorida.com\/es\/wp-json\/wp\/v2\/pages\/2937\/revisions"}],"up":[{"embeddable":true,"href":"https:\/\/tobaccofreeflorida.com\/es\/wp-json\/wp\/v2\/pages\/4703"}],"wp:attachment":[{"href":"https:\/\/tobaccofreeflorida.com\/es\/wp-json\/wp\/v2\/media?parent=2937"}],"curies":[{"name":"wp","href":"https:\/\/api.w.org\/{rel}","templated":true}]}}