{"id":2957,"date":"2019-08-12T16:09:16","date_gmt":"2019-08-12T20:09:16","guid":{"rendered":"https:\/\/www.almadigital.dev\/websites\/TobaccoFreeFlorida\/como-dejar-el-tabaco\/inscribete-en-un-programa-para-dejar-de-fumar\/deja-de-fumar-con-ayuda-comunitaria\/"},"modified":"2019-09-15T10:34:55","modified_gmt":"2019-09-15T14:34:55","slug":"apoyo-comunitario","status":"publish","type":"page","link":"https:\/\/tobaccofreeflorida.com\/es\/listo-para-dejar-de-fumar\/programas-para-dejar-de-fumar\/apoyo-comunitario\/","title":{"rendered":"Deja de Fumar con Ayuda Comunitaria"},"content":{"rendered":"<div class=\"wpb-content-wrapper\"><p>[vc_row][vc_column][vc_empty_space height=&#8221;2em&#8221;][\/vc_column][\/vc_row][vc_row content_aligment=&#8221;center&#8221; css=&#8221;.vc_custom_1567012427492{margin-top: 0px !important;margin-right: 0px !important;margin-bottom: 0px !important;margin-left: 0px !important;border-top-width: 0px !important;border-right-width: 0px !important;border-bottom-width: 0px !important;border-left-width: 0px !important;padding-top: 0px !important;padding-right: 0px !important;padding-bottom: 0px !important;padding-left: 0px !important;}&#8221; el_class=&#8221;title-font&#8221;][vc_column css_animation=&#8221;top-to-bottom&#8221; css=&#8221;.vc_custom_1565386823954{margin-top: 0px !important;margin-right: 0px !important;margin-bottom: 0px !important;margin-left: 0px !important;border-top-width: 0px !important;border-right-width: 0px !important;border-bottom-width: 0px !important;border-left-width: 0px !important;padding-top: 0px !important;padding-right: 0px !important;padding-bottom: 0px !important;padding-left: 0px !important;}&#8221;][vc_column_text css=&#8221;.vc_custom_1567788576534{margin-top: 0px !important;margin-right: 0px !important;margin-bottom: 0px !important;margin-left: 0px !important;border-top-width: 0px !important;border-right-width: 0px !important;border-bottom-width: 0px !important;border-left-width: 0px !important;padding-right: 0px !important;padding-left: 0px !important;}&#8221; el_class=&#8221;mobile-text-padding&#8221;]<\/p>\n<h1 style=\"text-align: center\"><span style=\"color: #414042\"><strong>Programas de Grupo y Recursos Para Dejar de Fumar<\/strong><\/span><\/h1>\n<p>[\/vc_column_text][\/vc_column][\/vc_row][vc_row content_width=&#8221;grid&#8221;][vc_column css_animation=&#8221;top-to-bottom&#8221;][vc_empty_space height=&#8221;1.5em&#8221;][vc_column_text el_class=&#8221;mobile-text-padding intro-text&#8221;]<\/p>\n<p style=\"text-align: left\">Ya sea en grupo o en l\u00ednea, contar con apoyo siempre ha sido un factor clave para las personas que quieren dejar de fumar. Participa en una Sesi\u00f3n de Grupo o en una comunidad en las redes sociales con otras personas que, al igual que t\u00fa, est\u00e1n tratando de dejar el tabaco.<\/p>\n<p>[\/vc_column_text][vc_empty_space height=&#8221;1.3em&#8221;][\/vc_column][\/vc_row][vc_row][vc_column][vc_empty_space height=&#8221;2em&#8221;][\/vc_column][\/vc_row][vc_row content_width=&#8221;grid&#8221; el_class=&#8221;equal-height-12-image background-position-top mobile-text-padding-single-image-ribbon&#8221;][vc_column css_animation=&#8221;fadeInRight&#8221; el_class=&#8221;mobile-image-2&#8243;]<div class=\"edgtf-elements-holder edgtf-two-columns edgtf-responsive-mode-768 edgtf-one-column-alignment-left\" ><div class=\"edgtf-elements-holder-item edgtf-horizontal-alignment-center\"  style=\"background-image: url(https:\/\/tobaccofreeflorida.com\/wp-content\/uploads\/2019\/09\/Communityhelp_Group-Sessions.jpg)\">\n\t<div class=\"edgtf-elements-holder-item-inner\">\n\t\t<div class=\"edgtf-elements-holder-item-content edgtf-elements-holder-custom-473918\" >\n\t\t\t\t\t\t[vc_empty_space height=&#8221;250px&#8221; el_class=&#8221;min-image-space&#8221;]\t\t<\/div>\n\t<\/div>\n<\/div><div class=\"edgtf-elements-holder-item \"  >\n\t<div class=\"edgtf-elements-holder-item-inner\">\n\t\t<div class=\"edgtf-elements-holder-item-content edgtf-elements-holder-custom-209571\" >\n\t\t\t\t\t\t[vc_empty_space height=&#8221;1em&#8221;][vc_column_text css=&#8221;.vc_custom_1567790551216{padding-right: 5% !important;padding-left: 5% !important;}&#8221; el_class=&#8221;ribbon-text-mobile-2&#8243;]<\/p>\n<h2><strong>Grupos de Apoyo Para Dejar de Fumar<br \/>\n<\/strong><\/h2>\n<p>Nuestras sesiones de grupo brindan ayuda en persona, en un entorno de grupo a cargo de un instructor capacitado que ofrece apoyo y gu\u00eda. Las sesiones tienen lugar en los 67 condados de Florida, en horarios y lugares convenientes. Las sesiones de grupo incluyen dos tipos de cursos: sesiones de un solo d\u00eda (alrededor de 90 minutos) y sesiones de varios d\u00edas (alrededor de 60 minutos) una vez a la semana en un periodo de 4 a 6 semanas.<\/p>\n<p>Adem\u00e1s de las sesiones de grupo gratuitas, podr\u00edas tener derecho a recibir GRATIS un suministro para 2 a 4 semanas de productos para ayudarte a dejar el h\u00e1bito, como parches de nicotina, chicles y\/o caramelos medicados(*si m\u00e9dicamente adecuado y eres mayor de 18 a\u00f1os).<\/p>\n<p>Llama al <a href=\"tel:18778486696\">1-877-848-6696<\/a> o haz clic en el bot\u00f3n que aparece debajo para inscribirte en una sesi\u00f3n de grupo en tu \u00e1rea.[\/vc_column_text][vc_empty_space height=&#8221;2em&#8221;]<a href=\"#\" target=\"_self\" style=\"color: #ffffff;background-color: #00597b;border-color: #00597b\" class=\"edgtf-btn edgtf-btn-medium edgtf-btn-solid edgtf-btn-custom-hover-bg edgtf-btn-custom-border-hover edgtf-btn-custom-hover-color button-01\" data-hover-bg-color=\"#414042\" data-hover-color=\"#ffffff\" data-hover-border-color=\"#f1f2f2\" >\n    <span class=\"edgtf-btn-text\">Sign Up for Group Quit<\/span><\/a>[vc_empty_space height=&#8221;2em&#8221;]\t\t<\/div>\n\t<\/div>\n<\/div><\/div>[\/vc_column][\/vc_row][vc_row][vc_column][vc_empty_space height=&#8221;2em&#8221;][\/vc_column][\/vc_row][vc_row][vc_column][vc_empty_space height=&#8221;2em&#8221;][\/vc_column][\/vc_row][vc_row content_width=&#8221;grid&#8221; el_class=&#8221;equal-height-12-image background-position-top mobile-text-padding-single-image-ribbon&#8221;][vc_column css_animation=&#8221;fadeInRight&#8221; el_class=&#8221;mobile-image-2&#8243;]<div class=\"edgtf-elements-holder edgtf-two-columns edgtf-responsive-mode-768 edgtf-one-column-alignment-left\" ><div class=\"edgtf-elements-holder-item edgtf-horizontal-alignment-center\"  style=\"background-image: url(https:\/\/tobaccofreeflorida.com\/wp-content\/uploads\/2019\/08\/communityhelp_socialmedia.jpg)\">\n\t<div class=\"edgtf-elements-holder-item-inner\">\n\t\t<div class=\"edgtf-elements-holder-item-content edgtf-elements-holder-custom-771993\" >\n\t\t\t\t\t\t[vc_empty_space height=&#8221;250px&#8221; el_class=&#8221;min-image-space&#8221;]\t\t<\/div>\n\t<\/div>\n<\/div><div class=\"edgtf-elements-holder-item \"  >\n\t<div class=\"edgtf-elements-holder-item-inner\">\n\t\t<div class=\"edgtf-elements-holder-item-content edgtf-elements-holder-custom-336497\" >\n\t\t\t\t\t\t[vc_empty_space height=&#8221;1em&#8221;][vc_column_text css=&#8221;.vc_custom_1567788651762{padding-right: 5% !important;padding-left: 5% !important;}&#8221; el_class=&#8221;ribbon-text-mobile-2&#8243;]<\/p>\n<h2><strong>Redes Sociales<br \/>\n<\/strong><\/h2>\n<p>Las redes sociales ahora son un recurso \u00fatil de apoyo mutuo para quienes est\u00e1n tratando de dejar de fumar. S\u00edguenos en Facebook, Instagram y Twitter para encontrar informaci\u00f3n \u00fatil y motivadora sobre dejar de fumar.<\/p>\n<p>Para comenzar, sigue a Tobacco Free Florida en las redes sociales:[\/vc_column_text][vc_empty_space height=&#8221;3em&#8221;][vc_row_inner content_aligment=&#8221;center&#8221; css=&#8221;.vc_custom_1564412444956{padding-right: 2.5% !important;padding-left: 2.5% !important;}&#8221; el_class=&#8221;social-icons&#8221;][vc_column_inner width=&#8221;1\/3&#8243; offset=&#8221;vc_col-xs-4&#8243;]<div class=\"edgtf-iwt clearfix edgtf-iwt-left-from-title edgtf-iwt-icon-medium\">\n    <div class=\"edgtf-iwt-content-holder\">\n        <div class=\"edgtf-iwt-icon-title-holder\">\n            <div class=\"edgtf-iwt-icon-holder\">\n                \n    <span class=\"edgtf-icon-shortcode normal edgtf-icon-medium\"  data-color=\"#00597b\">\n                    <a href=\"https:\/\/www.facebook.com\/TobaccoFreeFlorida\" target=\"_blank\" >\n        \n        <i class=\"edgtf-icon-font-awesome fa fa-facebook-square edgtf-icon-element\" style=\"color: #00597b\" ><\/i>\n                    <\/a>\n            <\/span>\n\n            <\/div>\n            <div class=\"edgtf-iwt-title-holder\">\n                <h5 style=\"color: #58595b\">Facebook<\/h5>\n            <\/div>\n        <\/div>\n        <div class=\"edgtf-iwt-text-holder\">\n            <p ><\/p>\n\n                    <\/div>\n    <\/div>\n<\/div>[\/vc_column_inner][vc_column_inner width=&#8221;1\/3&#8243; offset=&#8221;vc_col-xs-4&#8243;]<div class=\"edgtf-iwt clearfix edgtf-iwt-left-from-title edgtf-iwt-icon-medium\">\n    <div class=\"edgtf-iwt-content-holder\">\n        <div class=\"edgtf-iwt-icon-title-holder\">\n            <div class=\"edgtf-iwt-icon-holder\">\n                \n    <span class=\"edgtf-icon-shortcode normal edgtf-icon-medium\"  data-color=\"#00597b\">\n                    <a href=\"https:\/\/www.instagram.com\/tobaccofreeflorida\" target=\"_blank\" >\n        \n        <i class=\"edgtf-icon-font-awesome fa fa-instagram edgtf-icon-element\" style=\"color: #00597b\" ><\/i>\n                    <\/a>\n            <\/span>\n\n            <\/div>\n            <div class=\"edgtf-iwt-title-holder\">\n                <h5 style=\"color: #58595b\">Instagram<\/h5>\n            <\/div>\n        <\/div>\n        <div class=\"edgtf-iwt-text-holder\">\n            <p ><\/p>\n\n                    <\/div>\n    <\/div>\n<\/div>[\/vc_column_inner][vc_column_inner width=&#8221;1\/3&#8243; offset=&#8221;vc_col-xs-4&#8243;]<div class=\"edgtf-iwt clearfix edgtf-iwt-left-from-title edgtf-iwt-icon-medium\">\n    <div class=\"edgtf-iwt-content-holder\">\n        <div class=\"edgtf-iwt-icon-title-holder\">\n            <div class=\"edgtf-iwt-icon-holder\">\n                \n    <span class=\"edgtf-icon-shortcode normal edgtf-icon-medium\"  data-color=\"#00597b\">\n                    <a href=\"https:\/\/twitter.com\/tobaccofreefla\" target=\"_blank\" >\n        \n        <i class=\"edgtf-icon-font-awesome fa fa-twitter-square edgtf-icon-element\" style=\"color: #00597b\" ><\/i>\n                    <\/a>\n            <\/span>\n\n            <\/div>\n            <div class=\"edgtf-iwt-title-holder\">\n                <h5 style=\"color: #58595b\">Twitter<\/h5>\n            <\/div>\n        <\/div>\n        <div class=\"edgtf-iwt-text-holder\">\n            <p ><\/p>\n\n                    <\/div>\n    <\/div>\n<\/div>[\/vc_column_inner][\/vc_row_inner]\t\t<\/div>\n\t<\/div>\n<\/div><\/div>[\/vc_column][\/vc_row][vc_row][vc_column][vc_empty_space height=&#8221;2em&#8221;][\/vc_column][\/vc_row][vc_row][vc_column][vc_empty_space height=&#8221;2em&#8221;][\/vc_column][\/vc_row]<\/p>\n<\/div>","protected":false},"excerpt":{"rendered":"<p>[vc_row][vc_column][vc_empty_space height=&#8221;2em&#8221;][\/vc_column][\/vc_row][vc_row content_aligment=&#8221;center&#8221; css=&#8221;.vc_custom_1567012427492{margin-top: 0px !important;margin-right: 0px !important;margin-bottom: 0px !important;margin-left: 0px !important;border-top-width: 0px !important;border-right-width: 0px !important;border-bottom-width: 0px !important;border-left-width: 0px !important;padding-top: 0px !important;padding-right: 0px !important;padding-bottom: 0px !important;padding-left: 0px !important;}&#8221; el_class=&#8221;title-font&#8221;][vc_column css_animation=&#8221;top-to-bottom&#8221; css=&#8221;.vc_custom_1565386823954{margin-top: 0px !important;margin-right: 0px !important;margin-bottom: 0px !important;margin-left: 0px !important;border-top-width: 0px !important;border-right-width: 0px !important;border-bottom-width: 0px !important;border-left-width:&#8230;<\/p>\n","protected":false},"author":2,"featured_media":0,"parent":2937,"menu_order":0,"comment_status":"closed","ping_status":"closed","template":"full-width.php","meta":{"_lmt_disableupdate":"","_lmt_disable":"","footnotes":""},"class_list":["post-2957","page","type-page","status-publish","hentry"],"aioseo_notices":[],"_links":{"self":[{"href":"https:\/\/tobaccofreeflorida.com\/es\/wp-json\/wp\/v2\/pages\/2957","targetHints":{"allow":["GET"]}}],"collection":[{"href":"https:\/\/tobaccofreeflorida.com\/es\/wp-json\/wp\/v2\/pages"}],"about":[{"href":"https:\/\/tobaccofreeflorida.com\/es\/wp-json\/wp\/v2\/types\/page"}],"author":[{"embeddable":true,"href":"https:\/\/tobaccofreeflorida.com\/es\/wp-json\/wp\/v2\/users\/2"}],"replies":[{"embeddable":true,"href":"https:\/\/tobaccofreeflorida.com\/es\/wp-json\/wp\/v2\/comments?post=2957"}],"version-history":[{"count":0,"href":"https:\/\/tobaccofreeflorida.com\/es\/wp-json\/wp\/v2\/pages\/2957\/revisions"}],"up":[{"embeddable":true,"href":"https:\/\/tobaccofreeflorida.com\/es\/wp-json\/wp\/v2\/pages\/2937"}],"wp:attachment":[{"href":"https:\/\/tobaccofreeflorida.com\/es\/wp-json\/wp\/v2\/media?parent=2957"}],"curies":[{"name":"wp","href":"https:\/\/api.w.org\/{rel}","templated":true}]}}