{"id":4537,"date":"2019-09-10T16:05:18","date_gmt":"2019-09-10T20:05:18","guid":{"rendered":"https:\/\/www.almadigital.dev\/websites\/TobaccoFreeFlorida\/costo-de-fumar\/calculadora-del-costo-de-fumar\/"},"modified":"2020-02-04T15:17:23","modified_gmt":"2020-02-04T20:17:23","slug":"calculadora-de-costo","status":"publish","type":"page","link":"https:\/\/tobaccofreeflorida.com\/es\/costo-de-fumar\/calculadora-de-costo\/","title":{"rendered":"Calculadora del costo de fumar"},"content":{"rendered":"<div class=\"wpb-content-wrapper\"><p>[vc_row][vc_column][vc_empty_space height=&#8221;2em&#8221;][\/vc_column][\/vc_row][vc_row content_aligment=&#8221;center&#8221; css=&#8221;.vc_custom_1567012635846{margin-top: 0px !important;margin-right: 0px !important;margin-bottom: 0px !important;margin-left: 0px !important;border-top-width: 0px !important;border-right-width: 0px !important;border-bottom-width: 0px !important;border-left-width: 0px !important;padding-top: 0px !important;padding-right: 0px !important;padding-bottom: 0px !important;padding-left: 0px !important;}&#8221; el_class=&#8221;title-font&#8221;][vc_column css_animation=&#8221;top-to-bottom&#8221; css=&#8221;.vc_custom_1565387003089{margin-top: 0px !important;margin-right: 0px !important;margin-bottom: 0px !important;margin-left: 0px !important;border-top-width: 0px !important;border-right-width: 0px !important;border-bottom-width: 0px !important;border-left-width: 0px !important;padding-top: 0px !important;padding-right: 0px !important;padding-bottom: 0px !important;padding-left: 0px !important;}&#8221;][vc_column_text css=&#8221;.vc_custom_1568128588588{margin-top: 0px !important;margin-right: 0px !important;margin-bottom: 0px !important;margin-left: 0px !important;border-top-width: 0px !important;border-right-width: 0px !important;border-bottom-width: 0px !important;border-left-width: 0px !important;padding-right: 0px !important;padding-left: 0px !important;}&#8221;]<\/p>\n<h1 style=\"text-align: center;\"><span style=\"color: #414042;\"><strong>Calculadora del costo de fumar<\/strong><\/span><\/h1>\n<p>[\/vc_column_text][\/vc_column][\/vc_row][vc_row content_width=&#8221;grid&#8221;][vc_column css_animation=&#8221;top-to-bottom&#8221; width=&#8221;1\/6&#8243; offset=&#8221;vc_hidden-xs&#8221;][\/vc_column][vc_column width=&#8221;2\/3&#8243; offset=&#8221;vc_col-xs-12&#8243;][vc_empty_space height=&#8221;1.5em&#8221;][vc_column_text el_class=&#8221;mobile-text-padding intro-text center&#8221;]<\/p>\n<h2>\u00bfSacaste la cuenta alguna vez?<\/h2>\n<p>Cuando ves las cifras, fumar no tiene sentido. Descubre cu\u00e1nto has gastado y cu\u00e1nto podr\u00edas ahorrar.[\/vc_column_text][vc_empty_space height=&#8221;1.3em&#8221;][\/vc_column][vc_column width=&#8221;1\/6&#8243; offset=&#8221;vc_hidden-xs&#8221;][\/vc_column][\/vc_row][vc_row el_id=&#8221;costcalculator&#8221;][vc_column][vc_raw_html]JTNDaWZyYW1lJTIwaWQlM0QlMjJpZnJhbWVjYWxjdWxhdG9yJTIyJTIwY2xhc3MlM0QlMjJpZnJhbWUlMjBjb3N0LWNhbGN1bGF0b3IlMjIlMjBzcmMlM0QlMjJodHRwcyUzQSUyRiUyRnRvYmFjY29mcmVlZmxvcmlkYS5jb20lMkZjb3N0b2ZzbW9raW5nLW5ldyUyRmVzLW5ldyUyRmluZGV4LnBocCUyMiUyMHdpZHRoJTNEJTIyMTAwJTI1JTIyJTIwaGVpZ2h0JTNEJTIyMzAwcHglMjIlMjBtYXJnaW5oZWlnaHQlM0QlMjIwJTIyJTIwZnJhbWVib3JkZXIlM0QlMjIwJTIyJTIwc2Nyb2xsaW5nJTNEJTIybm8lMjIlMjAlM0UlM0MlMkZpZnJhbWUlM0U=[\/vc_raw_html][\/vc_column][\/vc_row][vc_row][vc_column][vc_empty_space height=&#8221;2em&#8221;][\/vc_column][\/vc_row][vc_row][vc_column][vc_empty_space height=&#8221;2em&#8221;][\/vc_column][\/vc_row][vc_row content_aligment=&#8221;center&#8221; css=&#8221;.vc_custom_1573574848300{margin-top: 0px !important;margin-right: 0px !important;margin-bottom: 0px !important;margin-left: 0px !important;border-top-width: 0px !important;border-right-width: 0px !important;border-bottom-width: 0px !important;border-left-width: 0px !important;padding-top: 0px !important;padding-right: 0px !important;padding-bottom: 0px !important;padding-left: 0px !important;}&#8221; el_class=&#8221;title-font&#8221;][vc_column css_animation=&#8221;top-to-bottom&#8221; css=&#8221;.vc_custom_1565386473377{margin-top: 0px !important;margin-right: 0px !important;margin-bottom: 0px !important;margin-left: 0px !important;border-top-width: 0px !important;border-right-width: 0px !important;border-bottom-width: 0px !important;border-left-width: 0px !important;padding-top: 0px !important;padding-right: 0px !important;padding-bottom: 0px !important;padding-left: 0px !important;}&#8221;][vc_column_text css=&#8221;.vc_custom_1572366472993{margin-top: 0px !important;margin-right: 0px !important;margin-bottom: 0px !important;margin-left: 0px !important;border-top-width: 0px !important;border-right-width: 0px !important;border-bottom-width: 0px !important;border-left-width: 0px !important;padding-right: 0px !important;padding-left: 0px !important;}&#8221; el_class=&#8221;mobile-text-padding&#8221;]<\/p>\n<h1 style=\"text-align: center;\"><span style=\"color: #414042;\"><strong>The Smoker&#8217;s Store<br \/>\n<\/strong><\/span><\/h1>\n<p>[\/vc_column_text][\/vc_column][\/vc_row][vc_row content_aligment=&#8221;center&#8221; css=&#8221;.vc_custom_1573574858856{margin-top: 0px !important;margin-right: 0px !important;margin-bottom: 0px !important;margin-left: 0px !important;border-top-width: 0px !important;border-right-width: 0px !important;border-bottom-width: 0px !important;border-left-width: 0px !important;padding-top: 0px !important;padding-right: 0px !important;padding-bottom: 0px !important;padding-left: 0px !important;}&#8221; el_class=&#8221;title-font&#8221;][vc_column css_animation=&#8221;top-to-bottom&#8221; css=&#8221;.vc_custom_1565386473377{margin-top: 0px !important;margin-right: 0px !important;margin-bottom: 0px !important;margin-left: 0px !important;border-top-width: 0px !important;border-right-width: 0px !important;border-bottom-width: 0px !important;border-left-width: 0px !important;padding-top: 0px !important;padding-right: 0px !important;padding-bottom: 0px !important;padding-left: 0px !important;}&#8221;][vc_column_text css=&#8221;.vc_custom_1572366870264{margin-top: 0px !important;margin-right: 0px !important;margin-bottom: 0px !important;margin-left: 0px !important;border-top-width: 0px !important;border-right-width: 0px !important;border-bottom-width: 0px !important;border-left-width: 0px !important;padding-right: 0px !important;padding-left: 0px !important;}&#8221; el_class=&#8221;mobile-text-padding intro-text&#8221;]Vea c\u00f3mo reaccionan los fumadores cuando se dan cuenta de cu\u00e1nto dinero han gastado en cigarrillos.[\/vc_column_text][\/vc_column][\/vc_row][vc_row content_width=&#8221;grid&#8221; el_class=&#8221;mobile-text-padding-double-image-ribbon&#8221;][vc_column css_animation=&#8221;fadeInLeft&#8221; width=&#8221;1\/2&#8243;][vc_empty_space height=&#8221;3em&#8221;][vc_empty_space height=&#8221;3em&#8221; el_class=&#8221;mobile-dis&#8221;][vc_video link=&#8221;https:\/\/youtu.be\/RZcsrIfPKZM?rel=0&#8243; align=&#8221;center&#8221;][vc_empty_space height=&#8221;1em&#8221; el_class=&#8221;mobile-dis&#8221;][vc_column_text el_class=&#8221;module-text-centerphoto&#8221;]<\/p>\n<h2><strong>Entra en la tienda de fumadores<\/strong><\/h2>\n<p><span class=\"link-text\"><a class=\"hvr-icon-forward\" href=\"https:\/\/www.youtube.com\/watch?v=RZcsrIfPKZM&amp;feature=youtu.be\" target=\"blank\" rel=\"noopener noreferrer\" aria-label=\"Entra en la tienda de fumadores\">Mira el video<img decoding=\"async\" class=\"hvr-icon\" src=\"https:\/\/tobaccofreeflorida.com\/wp-content\/uploads\/2019\/10\/Carrot-3.svg\" \/><\/a><\/span>[\/vc_column_text][vc_empty_space height=&#8221;2em&#8221;][\/vc_column][vc_column css_animation=&#8221;fadeInRight&#8221; width=&#8221;1\/2&#8243;][vc_empty_space height=&#8221;6em&#8221; el_class=&#8221;mobile-dis&#8221;][vc_video link=&#8221;https:\/\/youtu.be\/Pii9eS3CqRo?rel=0&#8243; align=&#8221;center&#8221;][vc_empty_space height=&#8221;1em&#8221; el_class=&#8221;mobile-dis&#8221;][vc_column_text el_class=&#8221;module-text-centerphoto&#8221;]<\/p>\n<h2><strong>The Smoker&#8217;s Store<\/strong><\/h2>\n<p><span class=\"link-text\"><a class=\"hvr-icon-forward\" href=\"https:\/\/www.youtube.com\/watch?v=Pii9eS3CqRo&amp;feature=youtu.be\" target=\"blank\" rel=\"noopener noreferrer\" aria-label=\"Entra en la tienda de fumadores\">Mira el video<img decoding=\"async\" class=\"hvr-icon\" src=\"https:\/\/tobaccofreeflorida.com\/wp-content\/uploads\/2019\/10\/Carrot-3.svg\" \/><\/a><\/span>[\/vc_column_text][vc_empty_space height=&#8221;2em&#8221;][\/vc_column][\/vc_row][vc_row content_aligment=&#8221;center&#8221; css=&#8221;.vc_custom_1573574884174{margin-top: 0px !important;margin-right: 0px !important;margin-bottom: 0px !important;margin-left: 0px !important;border-top-width: 0px !important;border-right-width: 0px !important;border-bottom-width: 0px !important;border-left-width: 0px !important;padding-top: 0px !important;padding-right: 0px !important;padding-bottom: 0px !important;padding-left: 0px !important;}&#8221; el_class=&#8221;title-font&#8221;][vc_column css_animation=&#8221;top-to-bottom&#8221; css=&#8221;.vc_custom_1565386473377{margin-top: 0px !important;margin-right: 0px !important;margin-bottom: 0px !important;margin-left: 0px !important;border-top-width: 0px !important;border-right-width: 0px !important;border-bottom-width: 0px !important;border-left-width: 0px !important;padding-top: 0px !important;padding-right: 0px !important;padding-bottom: 0px !important;padding-left: 0px !important;}&#8221;][vc_column_text css=&#8221;.vc_custom_1572366893966{margin-top: 0px !important;margin-right: 0px !important;margin-bottom: 0px !important;margin-left: 0px !important;border-top-width: 0px !important;border-right-width: 0px !important;border-bottom-width: 0px !important;border-left-width: 0px !important;padding-right: 0px !important;padding-left: 0px !important;}&#8221; el_class=&#8221;mobile-text-padding&#8221;]<\/p>\n<h1 style=\"text-align: center;\"><span style=\"color: #414042;\"><strong>Deja de gastar. Empieza a vivir.<br \/>\n<\/strong><\/span><\/h1>\n<p>[\/vc_column_text][\/vc_column][\/vc_row][vc_row][vc_column][vc_empty_space height=&#8221;2em&#8221; el_class=&#8221;mobile-dis&#8221;][vc_empty_space height=&#8221;2em&#8221;][vc_empty_space height=&#8221;2em&#8221;][\/vc_column][\/vc_row]<\/p>\n<\/div>","protected":false},"excerpt":{"rendered":"<p>[vc_row][vc_column][vc_empty_space height=&#8221;2em&#8221;][\/vc_column][\/vc_row][vc_row content_aligment=&#8221;center&#8221; css=&#8221;.vc_custom_1567012635846{margin-top: 0px !important;margin-right: 0px !important;margin-bottom: 0px !important;margin-left: 0px !important;border-top-width: 0px !important;border-right-width: 0px !important;border-bottom-width: 0px !important;border-left-width: 0px !important;padding-top: 0px !important;padding-right: 0px !important;padding-bottom: 0px !important;padding-left: 0px !important;}&#8221; el_class=&#8221;title-font&#8221;][vc_column css_animation=&#8221;top-to-bottom&#8221; css=&#8221;.vc_custom_1565387003089{margin-top: 0px !important;margin-right: 0px !important;margin-bottom: 0px !important;margin-left: 0px !important;border-top-width: 0px !important;border-right-width: 0px !important;border-bottom-width: 0px !important;border-left-width:&#8230;<\/p>\n","protected":false},"author":2,"featured_media":0,"parent":2893,"menu_order":0,"comment_status":"closed","ping_status":"closed","template":"","meta":{"_lmt_disableupdate":"","_lmt_disable":"","footnotes":""},"class_list":["post-4537","page","type-page","status-publish","hentry"],"aioseo_notices":[],"_links":{"self":[{"href":"https:\/\/tobaccofreeflorida.com\/es\/wp-json\/wp\/v2\/pages\/4537","targetHints":{"allow":["GET"]}}],"collection":[{"href":"https:\/\/tobaccofreeflorida.com\/es\/wp-json\/wp\/v2\/pages"}],"about":[{"href":"https:\/\/tobaccofreeflorida.com\/es\/wp-json\/wp\/v2\/types\/page"}],"author":[{"embeddable":true,"href":"https:\/\/tobaccofreeflorida.com\/es\/wp-json\/wp\/v2\/users\/2"}],"replies":[{"embeddable":true,"href":"https:\/\/tobaccofreeflorida.com\/es\/wp-json\/wp\/v2\/comments?post=4537"}],"version-history":[{"count":0,"href":"https:\/\/tobaccofreeflorida.com\/es\/wp-json\/wp\/v2\/pages\/4537\/revisions"}],"up":[{"embeddable":true,"href":"https:\/\/tobaccofreeflorida.com\/es\/wp-json\/wp\/v2\/pages\/2893"}],"wp:attachment":[{"href":"https:\/\/tobaccofreeflorida.com\/es\/wp-json\/wp\/v2\/media?parent=4537"}],"curies":[{"name":"wp","href":"https:\/\/api.w.org\/{rel}","templated":true}]}}