{"id":4697,"date":"2019-09-15T10:47:55","date_gmt":"2019-09-15T14:47:55","guid":{"rendered":"https:\/\/www.almadigital.dev\/websites\/TobaccoFreeFlorida\/como-dejar-el-tabaco\/nicotina-factores-desencadenantes-y-ganas-de-fumar\/"},"modified":"2023-01-12T09:35:54","modified_gmt":"2023-01-12T14:35:54","slug":"ganas-de-fumar","status":"publish","type":"page","link":"https:\/\/tobaccofreeflorida.com\/es\/como-dejar-el-tabaco\/ganas-de-fumar\/","title":{"rendered":"Nicotina: Factores desencadenantes y ganas de fumar"},"content":{"rendered":"<div class=\"wpb-content-wrapper\"><p>[vc_row css=&#8221;.vc_custom_1568743789734{background-color: #d9ecf8 !important;}&#8221;][vc_column][vc_empty_space height=&#8221;2em&#8221;][\/vc_column][\/vc_row][vc_row content_aligment=&#8221;center&#8221; css=&#8221;.vc_custom_1568743885085{margin-top: 0px !important;margin-right: 0px !important;margin-bottom: 0px !important;margin-left: 0px !important;border-top-width: 0px !important;border-right-width: 0px !important;border-bottom-width: 0px !important;border-left-width: 0px !important;padding-top: 0px !important;padding-right: 0px !important;padding-bottom: 0px !important;padding-left: 0px !important;background-color: #d9ecf8 !important;}&#8221; el_class=&#8221;title-font&#8221;][vc_column css_animation=&#8221;top-to-bottom&#8221; css=&#8221;.vc_custom_1565385817550{margin-top: 0px !important;margin-right: 0px !important;margin-bottom: 0px !important;margin-left: 0px !important;border-top-width: 0px !important;border-right-width: 0px !important;border-bottom-width: 0px !important;border-left-width: 0px !important;padding-top: 0px !important;padding-right: 0px !important;padding-bottom: 0px !important;padding-left: 0px !important;}&#8221;][vc_column_text css=&#8221;.vc_custom_1571682592403{margin-top: 0px !important;margin-right: 0px !important;margin-bottom: 0px !important;margin-left: 0px !important;border-top-width: 0px !important;border-right-width: 0px !important;border-bottom-width: 0px !important;border-left-width: 0px !important;padding-right: 0px !important;padding-left: 0px !important;}&#8221; el_class=&#8221;mobile-text-padding&#8221;]<\/p>\n<h1 style=\"text-align: center;\"><span style=\"color: #414042;\"><strong>Ansias de fumar y disparadores de nicotina<\/strong><\/span><\/h1>\n<p>[\/vc_column_text][\/vc_column][\/vc_row][vc_row content_width=&#8221;grid&#8221; css=&#8221;.vc_custom_1568743900845{background-color: #d9ecf8 !important;}&#8221;][vc_column css_animation=&#8221;top-to-bottom&#8221;][vc_empty_space height=&#8221;1.5em&#8221;][vc_column_text el_class=&#8221;mobile-text-padding intro-text&#8221;]<\/p>\n<p style=\"text-align: left;\">Los disparadores de nicotina son esos momentos o sensaciones que te dan ganas de fumar, como los descansos para el caf\u00e9, despu\u00e9s de las comidas o cuando sales con amigos. Estos son comunes y pueden ser diferentes de una persona a otra, por eso es importante entender cu\u00e1les son los tuyos personales y poder planear con anticipaci\u00f3n. Aunque estos solo duran unos pocos minutos, pueden dificultar a\u00fan m\u00e1s el proceso de dejar de fumar. Por eso, si sientes ansias de fumar, pon en pr\u00e1ctica estos cuatro pasos:<\/p>\n<p>[\/vc_column_text][vc_empty_space height=&#8221;1.5em&#8221;][vc_empty_space height=&#8221;1.5em&#8221;][\/vc_column][\/vc_row][vc_row content_width=&#8221;grid&#8221; css=&#8221;.vc_custom_1568753778100{padding-right: 5% !important;padding-left: 5% !important;background-color: #d9ecf8 !important;}&#8221;][vc_column css_animation=&#8221;top-to-bottom&#8221; el_class=&#8221;mobile-text-padding&#8221;][vc_row_inner][vc_column_inner width=&#8221;1\/4&#8243; offset=&#8221;vc_col-xs-3&#8243;][vc_column_text el_id=&#8221;D-01&#8243;]<\/p>\n<h6><span style=\"color: #000000;\">Espera<\/span><\/h6>\n<p>[\/vc_column_text][\/vc_column_inner][vc_column_inner width=&#8221;1\/4&#8243; offset=&#8221;vc_col-xs-3&#8243;][vc_column_text el_id=&#8221;D-02&#8243;]<\/p>\n<h6><span style=\"color: #000000;\">Respira profundo<\/span><\/h6>\n<p>[\/vc_column_text][\/vc_column_inner][vc_column_inner width=&#8221;1\/4&#8243; offset=&#8221;vc_col-xs-3&#8243;][vc_column_text el_id=&#8221;D-03&#8243;]<\/p>\n<h6><span style=\"color: #000000;\">Bebe agua<\/span><\/h6>\n<p>[\/vc_column_text][\/vc_column_inner][vc_column_inner width=&#8221;1\/4&#8243; offset=&#8221;vc_col-xs-3&#8243;][vc_column_text el_id=&#8221;D-04&#8243;]<\/p>\n<h6><span style=\"color: #000000;\">Distr\u00e1ete<\/span><\/h6>\n<p>[\/vc_column_text][\/vc_column_inner][\/vc_row_inner][\/vc_column][\/vc_row][vc_row css=&#8221;.vc_custom_1568743789734{background-color: #d9ecf8 !important;}&#8221;][vc_column][vc_empty_space height=&#8221;2em&#8221;][vc_empty_space height=&#8221;2em&#8221;][\/vc_column][\/vc_row][vc_row content_width=&#8221;grid&#8221; el_class=&#8221;mobile-text-padding&#8221;][vc_column css_animation=&#8221;top-to-bottom&#8221;][vc_empty_space height=&#8221;1.5em&#8221;][vc_empty_space height=&#8221;1.5em&#8221;][vc_column_text el_class=&#8221;intro-text center&#8221;]<\/p>\n<h2><strong>Tipos de disparadores<br \/>\n<\/strong><\/h2>\n<p>Inf\u00f3rmate acerca de los diferentes tipos de disparadores y c\u00f3mo superarlos.[\/vc_column_text][vc_empty_space height=&#8221;1.5em&#8221;][vc_empty_space height=&#8221;1.5em&#8221;][\/vc_column][\/vc_row][vc_row content_width=&#8221;grid&#8221;][vc_column css_animation=&#8221;fadeInRight&#8221;][vc_row_inner css=&#8221;.vc_custom_1572286979081{background-image: url(https:\/\/tobaccofreeflorida.com\/wp-content\/uploads\/2019\/10\/nicotine_withdrawal_symptoms-nicotine_cravings_triggers.jpg?id=7813) !important;background-position: center !important;background-repeat: no-repeat !important;background-size: cover !important;}&#8221;][vc_column_inner el_class=&#8221;mobile-image&#8221;][vc_empty_space height=&#8221;250px&#8221; el_class=&#8221;min-image-space mobile&#8221;][\/vc_column_inner][\/vc_row_inner][vc_row_inner][vc_column_inner el_class=&#8221;module-image-leftphoto&#8221; width=&#8221;3\/5&#8243; offset=&#8221;vc_hidden-xs&#8221;][vc_single_image image=&#8221;7813&#8243; img_size=&#8221;full&#8221; alignment=&#8221;right&#8221; css_animation=&#8221;fadeInLeft&#8221;][\/vc_column_inner][vc_column_inner width=&#8221;2\/5&#8243; offset=&#8221;vc_col-xs-12&#8243;]<div class=\"edgtf-tabs edgtf-horizontal-tab edgtf-tab-without-icon clearfix\">\n\t<ul class=\"edgtf-tabs-nav\">\n\t\t\t\t\t<li>\n\t\t\t\t<a href=\"#tab-tipo-de-disparador\">\n\t\t\t\t\t\n\t\t\t\t\t\t\t\t\t\t\t<span class=\"edgtf-tab-text-after-icon\">\n\t\t\t\t\t\t\tTipo de disparador\t\t\t\t\t\t<\/span>\n\t\t\t\t\t\t\t\t\t\t\t\n\t\t\t\t\t\t\t\t\t<\/a>\n\t\t\t <\/li>\n\t\t\t\t\t<li>\n\t\t\t\t<a href=\"#tab-como-vencerlos\">\n\t\t\t\t\t\n\t\t\t\t\t\t\t\t\t\t\t<span class=\"edgtf-tab-text-after-icon\">\n\t\t\t\t\t\t\tC\u00f3mo vencerlos\t\t\t\t\t\t<\/span>\n\t\t\t\t\t\t\t\t\t\t\t\n\t\t\t\t\t\t\t\t\t<\/a>\n\t\t\t <\/li>\n\t\t\t<\/ul> \n\t<div class=\"edgtf-tab-container\" id=\"tab-tipo-de-disparador-44\" data-icon-pack=\"font_awesome\" data-icon-html=\"&lt;i class=&quot;edgtf-icon-font-awesome fa fa_icon &quot; &gt;&lt;\/i&gt;\">[vc_column_text]<\/p>\n<h2 style=\"text-align: left;\"><strong>Situaciones comunes que provocan ganas de fumar<br \/>\n<\/strong><\/h2>\n<p>Hay varios disparadores comunes que pueden evitarse cuando dejas de fumar, como:<\/p>\n<div class=\"center-list\">\n<ul>\n<li style=\"text-align: left;\">Tomar caf\u00e9<\/li>\n<li style=\"text-align: left;\">Beber alcohol<\/li>\n<li style=\"text-align: left;\">Terminar una comida<\/li>\n<li style=\"text-align: left;\">Conducir un veh\u00edculo<\/li>\n<li style=\"text-align: left;\">Tomar un descanso en el trabajo<\/li>\n<\/ul>\n<\/div>\n<p>[\/vc_column_text]<\/div><div class=\"edgtf-tab-container\" id=\"tab-como-vencerlos-128\" data-icon-pack=\"font_awesome\" data-icon-html=\"&lt;i class=&quot;edgtf-icon-font-awesome fa fa_icon &quot; &gt;&lt;\/i&gt;\">[vc_column_text]<\/p>\n<h2><strong>Tips para evitar disparadores comunes:<\/strong><\/h2>\n<ul>\n<li>Cambia tu rutina ma\u00f1anera, aunque sea algo tan simple como leer el peri\u00f3dico o cepillarte los dientes despu\u00e9s de comer.<\/li>\n<li>Reemplaza el cigarrillo por chicles sin az\u00facar, una menta o un palillo de dientes.<\/li>\n<li>Si te est\u00e1s preparando para dejar de fumar, haz que fumar te resulte m\u00e1s dif\u00edcil. Por ejemplo, cuando manejas guarda los cigarrillos en el maletero.<\/li>\n<\/ul>\n<p>[\/vc_column_text]<\/div><\/div>[\/vc_column_inner][\/vc_row_inner][\/vc_column][\/vc_row][vc_row][vc_column][vc_empty_space height=&#8221;2em&#8221; el_class=&#8221;mobile-dis&#8221;][vc_empty_space height=&#8221;2em&#8221; el_class=&#8221;mobile-dis&#8221;][vc_empty_space height=&#8221;2em&#8221; el_class=&#8221;mobile-dis&#8221;][\/vc_column][\/vc_row][vc_row content_width=&#8221;grid&#8221;][vc_column css_animation=&#8221;fadeInLeft&#8221;][vc_row_inner css=&#8221;.vc_custom_1572273341754{background-image: url(https:\/\/tobaccofreeflorida.com\/wp-content\/uploads\/2019\/10\/smoking_cravings_nicotine_triggers-social_triggers.jpg?id=7789) !important;background-position: center !important;background-repeat: no-repeat !important;background-size: cover !important;}&#8221;][vc_column_inner el_class=&#8221;mobile-image&#8221;][vc_empty_space height=&#8221;250px&#8221; el_class=&#8221;min-image-space mobile&#8221;][\/vc_column_inner][\/vc_row_inner][vc_row_inner][vc_column_inner width=&#8221;2\/5&#8243; offset=&#8221;vc_col-xs-12&#8243;]<div class=\"edgtf-tabs edgtf-horizontal-tab edgtf-tab-without-icon clearfix\">\n\t<ul class=\"edgtf-tabs-nav\">\n\t\t\t\t\t<li>\n\t\t\t\t<a href=\"#tab-tipo-de-disparador\">\n\t\t\t\t\t\n\t\t\t\t\t\t\t\t\t\t\t<span class=\"edgtf-tab-text-after-icon\">\n\t\t\t\t\t\t\tTipo de disparador\t\t\t\t\t\t<\/span>\n\t\t\t\t\t\t\t\t\t\t\t\n\t\t\t\t\t\t\t\t\t<\/a>\n\t\t\t <\/li>\n\t\t\t\t\t<li>\n\t\t\t\t<a href=\"#tab-como-vencerlos\">\n\t\t\t\t\t\n\t\t\t\t\t\t\t\t\t\t\t<span class=\"edgtf-tab-text-after-icon\">\n\t\t\t\t\t\t\tC\u00f3mo vencerlos\t\t\t\t\t\t<\/span>\n\t\t\t\t\t\t\t\t\t\t\t\n\t\t\t\t\t\t\t\t\t<\/a>\n\t\t\t <\/li>\n\t\t\t<\/ul> \n\t<div class=\"edgtf-tab-container\" id=\"tab-tipo-de-disparador-624\" data-icon-pack=\"font_awesome\" data-icon-html=\"&lt;i class=&quot;edgtf-icon-font-awesome fa fa_icon &quot; &gt;&lt;\/i&gt;\">[vc_column_text]<\/p>\n<h2 style=\"text-align: left;\"><strong>Situaciones sociales que provocan ganas de fumar<br \/>\n<\/strong><\/h2>\n<p>Hay varias situaciones sociales que provocan ansias de fumar y pueden evitarse al principio, cuando dejas de fumar, como:<\/p>\n<div class=\"center-list\">\n<ul>\n<li style=\"text-align: left;\">Ir a un evento social (como una fiesta).<\/li>\n<li style=\"text-align: left;\">Compartir con amigos y familiares que fuman.<\/li>\n<li style=\"text-align: left;\">Ir a un bar o restaurante al aire libre donde est\u00e9 permitido fumar.<\/li>\n<li style=\"text-align: left;\">Salir con alguien que fume.<\/li>\n<\/ul>\n<\/div>\n<p>[\/vc_column_text]<\/div><div class=\"edgtf-tab-container\" id=\"tab-como-vencerlos-89\" data-icon-pack=\"font_awesome\" data-icon-html=\"&lt;i class=&quot;edgtf-icon-font-awesome fa fa_icon &quot; &gt;&lt;\/i&gt;\">[vc_column_text]<\/p>\n<h2><strong>Tips para evitar disparadores sociales:<\/strong><\/h2>\n<ul>\n<li>Evita lugares donde la gente fume, especialmente cuando reci\u00e9n est\u00e1s intentando dejar de fumar.<\/li>\n<li>P\u00eddeles a tus familiares y amigos que eviten fumar cerca de ti o, de ser posible, exc\u00fasate y haz otra cosa mientras ellos fuman.<\/li>\n<li>Dile a tus seres queridos que est\u00e1s tratando de dejar de fumar y p\u00eddeles apoyo, principalmente si reci\u00e9n has comenzado tu camino hacia la liberaci\u00f3n del cigarrillo.<\/li>\n<li>Cuando salgas, escoge lugares donde no se fume, como bares o restaurantes donde fumar est\u00e9 prohibido.<\/li>\n<\/ul>\n<p>[\/vc_column_text]<\/div><\/div>[\/vc_column_inner][vc_column_inner el_class=&#8221;module-image-rightphoto&#8221; width=&#8221;3\/5&#8243; offset=&#8221;vc_hidden-xs&#8221;][vc_single_image image=&#8221;7789&#8243; img_size=&#8221;full&#8221; alignment=&#8221;right&#8221; css_animation=&#8221;fadeInRight&#8221;][\/vc_column_inner][\/vc_row_inner][\/vc_column][\/vc_row][vc_row][vc_column][vc_empty_space height=&#8221;2em&#8221; el_class=&#8221;mobile-dis&#8221;][vc_empty_space height=&#8221;2em&#8221; el_class=&#8221;mobile-dis&#8221;][vc_empty_space height=&#8221;2em&#8221; el_class=&#8221;mobile-dis&#8221;][\/vc_column][\/vc_row][vc_row content_width=&#8221;grid&#8221;][vc_column css_animation=&#8221;fadeInRight&#8221;][vc_row_inner css=&#8221;.vc_custom_1572287026042{background-image: url(https:\/\/tobaccofreeflorida.com\/wp-content\/uploads\/2019\/10\/smoking_cravings_nicotine_triggers-emotional_triggers.jpg?id=7822) !important;background-position: center !important;background-repeat: no-repeat !important;background-size: cover !important;}&#8221;][vc_column_inner el_class=&#8221;mobile-image&#8221;][vc_empty_space height=&#8221;250px&#8221; el_class=&#8221;min-image-space mobile&#8221;][\/vc_column_inner][\/vc_row_inner][vc_row_inner][vc_column_inner el_class=&#8221;module-image-leftphoto&#8221; width=&#8221;3\/5&#8243; offset=&#8221;vc_hidden-xs&#8221;][vc_single_image image=&#8221;7822&#8243; img_size=&#8221;full&#8221; alignment=&#8221;right&#8221; css_animation=&#8221;fadeInLeft&#8221;][\/vc_column_inner][vc_column_inner width=&#8221;2\/5&#8243; offset=&#8221;vc_col-xs-12&#8243;]<div class=\"edgtf-tabs edgtf-horizontal-tab edgtf-tab-without-icon clearfix\">\n\t<ul class=\"edgtf-tabs-nav\">\n\t\t\t\t\t<li>\n\t\t\t\t<a href=\"#tab-tipo-de-disparador\">\n\t\t\t\t\t\n\t\t\t\t\t\t\t\t\t\t\t<span class=\"edgtf-tab-text-after-icon\">\n\t\t\t\t\t\t\tTipo de disparador\t\t\t\t\t\t<\/span>\n\t\t\t\t\t\t\t\t\t\t\t\n\t\t\t\t\t\t\t\t\t<\/a>\n\t\t\t <\/li>\n\t\t\t\t\t<li>\n\t\t\t\t<a href=\"#tab-como-vencerlos\">\n\t\t\t\t\t\n\t\t\t\t\t\t\t\t\t\t\t<span class=\"edgtf-tab-text-after-icon\">\n\t\t\t\t\t\t\tC\u00f3mo vencerlos\t\t\t\t\t\t<\/span>\n\t\t\t\t\t\t\t\t\t\t\t\n\t\t\t\t\t\t\t\t\t<\/a>\n\t\t\t <\/li>\n\t\t\t<\/ul> \n\t<div class=\"edgtf-tab-container\" id=\"tab-tipo-de-disparador-803\" data-icon-pack=\"font_awesome\" data-icon-html=\"&lt;i class=&quot;edgtf-icon-font-awesome fa fa_icon &quot; &gt;&lt;\/i&gt;\">[vc_column_text]<\/p>\n<h2 style=\"text-align: left;\"><strong>Situaciones emocionales que provocan ganas de fumar<br \/>\n<\/strong><\/h2>\n<p>Cuando reci\u00e9n dejas de fumar, podr\u00edas experimentar distintas causas emocionales, como:<\/p>\n<div class=\"center-list\">\n<ul>\n<li style=\"text-align: left;\">Estr\u00e9s<\/li>\n<li style=\"text-align: left;\">Ansiedad<\/li>\n<li style=\"text-align: left;\">Aburrimiento<\/li>\n<li style=\"text-align: left;\">Tristeza o soledad<\/li>\n<li style=\"text-align: left;\">Felicidad o entusiasmo<\/li>\n<\/ul>\n<\/div>\n<p>[\/vc_column_text]<\/div><div class=\"edgtf-tab-container\" id=\"tab-como-vencerlos-956\" data-icon-pack=\"font_awesome\" data-icon-html=\"&lt;i class=&quot;edgtf-icon-font-awesome fa fa_icon &quot; &gt;&lt;\/i&gt;\">[vc_column_text]<\/p>\n<h2><strong>Tips para evitar las causas emocionales:<\/strong><\/h2>\n<ul>\n<li>Respira lenta y profundamente. Esto puede ayudarte a manejar el estr\u00e9s y la ansiedad. Prueba el ejercicio de respiraci\u00f3n 4-7-8:\n<ul>\n<li>Inhala por la nariz y cuenta hasta cuatro segundos.<\/li>\n<li>Mant\u00e9n la respiraci\u00f3n por siete segundos.<\/li>\n<li>Exhala totalmente por la boca en ocho segundos.<\/li>\n<li>Esto se considera una respiraci\u00f3n. Ahora inhala nuevamente y repite el ejercicio tres veces m\u00e1s para un total de cuatro respiraciones.<\/li>\n<\/ul>\n<\/li>\n<li>Mu\u00e9vete. El ejercicio libera endorfinas, sustancias qu\u00edmicas del cerebro que te hacen sentir bien. Tambi\u00e9n puede ser el momento de pensar en cualquier situaci\u00f3n estresante y buscar soluciones.<\/li>\n<li>H\u00e1blalo. Expresa tus sentimientos, negativos o positivos, y comp\u00e1rtelos con un ser querido o un buen amigo en lugar de encender un cigarrillo.<\/li>\n<\/ul>\n<ul>\n<li style=\"list-style-type: none;\"><\/li>\n<\/ul>\n<p>[\/vc_column_text]<\/div><\/div>[\/vc_column_inner][\/vc_row_inner][\/vc_column][\/vc_row][vc_row][vc_column][vc_empty_space height=&#8221;2em&#8221; el_class=&#8221;mobile-dis&#8221;][vc_empty_space height=&#8221;2em&#8221; el_class=&#8221;mobile-dis&#8221;][vc_empty_space height=&#8221;2em&#8221; el_class=&#8221;mobile-dis&#8221;][\/vc_column][\/vc_row][vc_row content_width=&#8221;grid&#8221; el_class=&#8221;mobile-text-padding-double-image-ribbon&#8221; css=&#8221;.vc_custom_1568835753865{background-color: rgba(217,236,248,0.4) !important;*background-color: rgb(217,236,248) !important;}&#8221;][vc_column css_animation=&#8221;fadeInLeft&#8221; width=&#8221;1\/6&#8243; css=&#8221;.vc_custom_1563822725820{margin-left: 2.3% !important;}&#8221;][\/vc_column][vc_column width=&#8221;2\/3&#8243;][vc_empty_space height=&#8221;6em&#8221;][vc_row_inner][vc_column_inner el_class=&#8221;center-ribbon-text-padding-after-image-2&#8243; css=&#8221;.vc_custom_1573143279413{background-image: url(https:\/\/tobaccofreeflorida.com\/wp-content\/uploads\/2019\/08\/cravingsandtriggers_overcoming-nicotine-withdrawal-symptom-2.jpg?id=3996) !important;}&#8221;][vc_empty_space height=&#8221;450px&#8221; el_class=&#8221;min-image-space&#8221;][\/vc_column_inner][\/vc_row_inner][vc_empty_space height=&#8221;1em&#8221; el_class=&#8221;mobile-dis&#8221;][vc_column_text el_class=&#8221;ribbon-text-mobile-4 center-text mobile-text-padding&#8221;]<\/p>\n<h2><strong><a id=\"nrtsymptoms1_spanish\" href=\"https:\/\/tobaccofreeflorida.com\/es\/listo-para-dejar-de-fumar\/sintomas-de-abstinencia-de-la-nicotina\/\" aria-label=\"Ve c\u00f3mo lidiar con los s\u00edntomas de abstinencia de la nicotina\">C\u00f3mo superar los s\u00edntomas de abstinencia de la nicotina<\/a> <\/strong><\/h2>\n<p>Sabemos que dejar de fumar no es f\u00e1cil. Superar la adicci\u00f3n a la nicotina es la clave para lograrlo de una vez por todas. Mientras lo intentas, los s\u00edntomas de abstinencia de la nicotina pueden resultar inc\u00f3modos, pero queremos que sepas que son comunes, y m\u00e1s importante a\u00fan, temporales. Inf\u00f3rmate acerca de los distintos s\u00edntomas que puedes experimentar durante tu camino a la liberaci\u00f3n del cigarrillo y consulta los tips sobre c\u00f3mo lidiar con ellos.[\/vc_column_text][vc_empty_space height=&#8221;2em&#8221;]<a href=\"https:\/\/tobaccofreeflorida.com\/es\/listo-para-dejar-de-fumar\/sintomas-de-abstinencia-de-la-nicotina\/\" target=\"_self\" style=\"color: #ffffff;background-color: #00597b;border-color: #00597b\" class=\"edgtf-btn edgtf-btn-medium edgtf-btn-solid edgtf-btn-custom-hover-bg edgtf-btn-custom-border-hover edgtf-btn-custom-hover-color button-11-center nrtsymptoms02_spanish\" data-hover-bg-color=\"#ffffff\" data-hover-color=\"#00597b\" data-hover-border-color=\"#ffffff\" >\n    <span class=\"edgtf-btn-text\">Inf\u00f3rmate<\/span><\/a>[vc_empty_space height=&#8221;6em&#8221;][\/vc_column][vc_column width=&#8221;1\/6&#8243;][\/vc_column][\/vc_row]<\/p>\n<\/div>","protected":false},"excerpt":{"rendered":"<p>[vc_row css=&#8221;.vc_custom_1568743789734{background-color: #d9ecf8 !important;}&#8221;][vc_column][vc_empty_space height=&#8221;2em&#8221;][\/vc_column][\/vc_row][vc_row content_aligment=&#8221;center&#8221; css=&#8221;.vc_custom_1568743885085{margin-top: 0px !important;margin-right: 0px !important;margin-bottom: 0px !important;margin-left: 0px !important;border-top-width: 0px !important;border-right-width: 0px !important;border-bottom-width: 0px !important;border-left-width: 0px !important;padding-top: 0px !important;padding-right: 0px !important;padding-bottom: 0px !important;padding-left: 0px !important;background-color: #d9ecf8 !important;}&#8221; el_class=&#8221;title-font&#8221;][vc_column css_animation=&#8221;top-to-bottom&#8221; css=&#8221;.vc_custom_1565385817550{margin-top: 0px !important;margin-right: 0px !important;margin-bottom: 0px !important;margin-left: 0px !important;border-top-width: 0px&#8230;<\/p>\n","protected":false},"author":2,"featured_media":0,"parent":2919,"menu_order":0,"comment_status":"closed","ping_status":"closed","template":"full-width.php","meta":{"_lmt_disableupdate":"","_lmt_disable":"","footnotes":""},"class_list":["post-4697","page","type-page","status-publish","hentry"],"aioseo_notices":[],"_links":{"self":[{"href":"https:\/\/tobaccofreeflorida.com\/es\/wp-json\/wp\/v2\/pages\/4697","targetHints":{"allow":["GET"]}}],"collection":[{"href":"https:\/\/tobaccofreeflorida.com\/es\/wp-json\/wp\/v2\/pages"}],"about":[{"href":"https:\/\/tobaccofreeflorida.com\/es\/wp-json\/wp\/v2\/types\/page"}],"author":[{"embeddable":true,"href":"https:\/\/tobaccofreeflorida.com\/es\/wp-json\/wp\/v2\/users\/2"}],"replies":[{"embeddable":true,"href":"https:\/\/tobaccofreeflorida.com\/es\/wp-json\/wp\/v2\/comments?post=4697"}],"version-history":[{"count":0,"href":"https:\/\/tobaccofreeflorida.com\/es\/wp-json\/wp\/v2\/pages\/4697\/revisions"}],"up":[{"embeddable":true,"href":"https:\/\/tobaccofreeflorida.com\/es\/wp-json\/wp\/v2\/pages\/2919"}],"wp:attachment":[{"href":"https:\/\/tobaccofreeflorida.com\/es\/wp-json\/wp\/v2\/media?parent=4697"}],"curies":[{"name":"wp","href":"https:\/\/api.w.org\/{rel}","templated":true}]}}