{"id":4754,"date":"2019-09-15T11:47:42","date_gmt":"2019-09-15T15:47:42","guid":{"rendered":"https:\/\/www.almadigital.dev\/websites\/TobaccoFreeFlorida\/temas-actuales\/tobacco-free-worksites\/"},"modified":"2026-01-16T05:18:53","modified_gmt":"2026-01-16T10:18:53","slug":"lugares-de-trabajo-libres-de-humo","status":"publish","type":"page","link":"https:\/\/tobaccofreeflorida.com\/es\/temas-de-actualidad\/lugares-de-trabajo-libres-de-humo\/","title":{"rendered":"Lugares de trabajo libres de humo"},"content":{"rendered":"<div class=\"wpb-content-wrapper\"><p>[vc_row][vc_column][vc_empty_space height=&#8221;2em&#8221;][\/vc_column][\/vc_row][vc_row content_aligment=&#8221;center&#8221; css=&#8221;.vc_custom_1567021929779{margin-top: 0px !important;margin-right: 0px !important;margin-bottom: 0px !important;margin-left: 0px !important;border-top-width: 0px !important;border-right-width: 0px !important;border-bottom-width: 0px !important;border-left-width: 0px !important;padding-top: 0px !important;padding-right: 0px !important;padding-bottom: 0px !important;padding-left: 0px !important;}&#8221; el_class=&#8221;title-font&#8221;][vc_column css=&#8221;.vc_custom_1560702071254{margin-top: 0px !important;margin-right: 0px !important;margin-bottom: 0px !important;margin-left: 0px !important;border-top-width: 0px !important;border-right-width: 0px !important;border-bottom-width: 0px !important;border-left-width: 0px !important;padding-top: 0px !important;padding-right: 0px !important;padding-bottom: 0px !important;padding-left: 0px !important;}&#8221;][vc_column_text css=&#8221;.vc_custom_1566927917233{margin-top: 0px !important;margin-right: 0px !important;margin-bottom: 0px !important;margin-left: 0px !important;border-top-width: 0px !important;border-right-width: 0px !important;border-bottom-width: 0px !important;border-left-width: 0px !important;padding-right: 0px !important;padding-left: 0px !important;}&#8221;]<\/p>\n<h1 style=\"text-align: center;\"><span style=\"color: #414042;\"><strong>Lugares de trabajo libres de humo<\/strong><\/span><\/h1>\n<p>[\/vc_column_text][\/vc_column][\/vc_row][vc_row][vc_column][vc_empty_space height=&#8221;2em&#8221;][\/vc_column][\/vc_row][vc_row content_width=&#8221;grid&#8221; content_aligment=&#8221;center&#8221; css=&#8221;.vc_custom_1567021938713{margin-top: 0px !important;margin-right: 0px !important;margin-bottom: 0px !important;margin-left: 0px !important;border-top-width: 0px !important;border-right-width: 0px !important;border-bottom-width: 0px !important;border-left-width: 0px !important;padding-top: 0px !important;padding-right: 0px !important;padding-bottom: 0px !important;padding-left: 0px !important;}&#8221; el_class=&#8221;row-full-width-mobile&#8221;][vc_column css_animation=&#8221;fadeInUp&#8221;]\n\t\t\t\t<p class=\"rs-p-wp-fix\"><\/p>\n\t\t\t\t<sr7-module data-alias=\"tobacco-free-worksites-hero\" data-id=\"77\" id=\"SR7_77_1\" class=\"rs-ov-hidden\" data-version=\"6.7.52\">\n\t\t\t\t\t<sr7-adjuster><\/sr7-adjuster>\n\t\t\t\t\t<sr7-content>\n\t\t\t\t\t\t<sr7-slide class=\"fancybox\" id=\"SR7_77_1-14\" data-key=\"14\">\n\t\t\t\t\t\t\t<sr7-bg id=\"SR7_77_1-14-1\" class=\"sr7-layer\"><noscript><img decoding=\"async\" src=\"https:\/\/tffl.wpengine.com\/wp-content\/uploads\/2019\/10\/current_issues-tobacco_free_worksites.jpg\" alt=\"\" title=\"Lugares de trabajo libres de humo\"><\/noscript><\/sr7-bg>\n\t\t\t\t\t\t<\/sr7-slide>\n\t\t\t\t\t<\/sr7-content>\n\t\t\t\t\t<image_lists style=\"display:none\">\n\t\t\t\t\t\t<img data-src=\"\/\/tffl.wpengine.com\/wp-content\/uploads\/2019\/10\/current_issues-tobacco_free_worksites.jpg\" width=\"0\" height=\"0\" data-dbsrc=\"Ly90ZmZsLndwZW5naW5lLmNvbS93cC1jb250ZW50L3VwbG9hZHMvMjAxOS8xMC9jdXJyZW50X2lzc3Vlcy10b2JhY2NvX2ZyZWVfd29ya3NpdGVzLmpwZw==\"\/>\n\t\t\t\t\t<\/image_lists>\n\t\t\t\t<\/sr7-module>\n\t\t\t\t<script>\n\t\t\t\t\twindow.SR7 ??={};SR7.PMH ??={}; SR7.PMH[\"SR7_77_1\"] = {cn:100,state:false,fn: function() { if (window._tpt!==undefined && window._tpt.prepareModuleHeight !== undefined) {  _tpt.prepareModuleHeight({id:\"SR7_77_1\",type:'standard',shdw:'0',gh:[350,350,350,350,400],gw:[1200,1200,1200,1200,480],vpt:['-200px&#039;,&#039;-200px&#039;,&#039;-200px&#039;,&#039;-200px&#039;,&#039;-200px'],size:{fullWidth:false, fullHeight:false},mh:'0',onh:0,onw:0,bg:{color:'{\"orig\":\"transparent\",\"type\":\"solid\",\"string\":\"transparent\"}'},plType:'0',plColor:'#FFFFFF'});   SR7.PMH[\"SR7_77_1\"].state=true;} else if(SR7.PMH[\"SR7_77_1\"].cn-->0)\tsetTimeout( SR7.PMH[\"SR7_77_1\"].fn,19);}};SR7.PMH[\"SR7_77_1\" ].fn();\n\t\t\t\t<\/script>\n[\/vc_column][\/vc_row][vc_row][vc_column][vc_empty_space height=&#8221;2em&#8221;][\/vc_column][\/vc_row][vc_row content_width=&#8221;grid&#8221; el_class=&#8221;equal-height-12-image background-position-right&#8221; css=&#8221;.vc_custom_1567021957629{padding-right: 2.5% !important;padding-left: 2.5% !important;}&#8221;][vc_column css_animation=&#8221;top-to-bottom&#8221;][vc_column_text css=&#8221;.vc_custom_1616828958077{padding-right: 5% !important;padding-left: 5% !important;}&#8221; el_class=&#8221;mobile-text-padding&#8221;]<\/p>\n<h2><strong>Lugares de trabajo libres de humo<\/strong><\/h2>\n<p>Si bien la Ley del Aire Limpio en Ambientes Cerrados de Florida protege a los empleados del humo de segunda mano en ciertos lugares de trabajo cerrados, incontables floridanos no est\u00e1n protegidos en sus empleos. Adoptar medidas para lograr un lugar de trabajo libre de humo es una manera f\u00e1cil y econ\u00f3mica de mejorar la salud de los empleados y el balance final de la compa\u00f1\u00eda.<\/p>\n<p>Los lugares de trabajo libres de humo protegen a sus empleados de los efectos da\u00f1inos del humo de segunda mano, pueden promover un menor consumo entre quienes fuman y ayudar a aquellos que quieren dejar de fumar. <a href=\"#ref\"><sup>1<\/sup><\/a> Esta es una oportunidad para que los empleadores reduzcan el impacto negativo que el tabaco causa a sus empleados y a su negocio.<\/p>\n<p>Adem\u00e1s, existe evidencia cient\u00edfica comprobada sobre los efectos que el consumo de tabaco causa en la productividad. Todos los a\u00f1os, fumar cigarrillos le cuesta m\u00e1s de $298,000,000,000 en productividad a los lugares de trabajo. <a href=\"#ref\"><sup>2<\/sup><\/a> Pero, no es solo la p\u00e9rdida de productividad lo que afecta a los negocios; otro factor a tener en cuenta son los gastos m\u00e9dicos m\u00e1s altos por tener empleados que fuman. A un empleador le cuesta alrededor de $2,000 m\u00e1s al a\u00f1o asegurar a alguien que fuma que al que no fuma. <a href=\"#ref\"><sup>3<\/sup><\/a> Entre la p\u00e9rdida de productividad y los costos m\u00e9dicos adicionales, un empleado que fuma puede costarle alrededor de $6,000 al a\u00f1o a la empresa. <a href=\"#ref\"><sup>4<\/sup><\/a> Adem\u00e1s, algunas aseguradoras ofrecen descuentos significativos en sus p\u00f3lizas de seguro m\u00e9dico, de vida y por incapacidad a los no fumadores. Y no olvidemos que los sitios libres de humo pueden pagar primas de seguro de propiedad y contra incendio m\u00e1s bajas.<\/p>\n<p>Si bien existen beneficios financieros, ayudar a tus empleados a tomar una decisi\u00f3n positiva que cambiar\u00e1 sus vidas es a\u00fan m\u00e1s importante. Ayudar a tus empleados a liberarse del cigarrillo es una manera de recompensarlos por su trabajo duro y dedicaci\u00f3n. El equipo de Tobacco Free Florida est\u00e1 disponible en todos los condados para asesorar a los empleadores sobre c\u00f3mo incluir recursos en sus seguros m\u00e9dicos para ayudar a los empleados a dejar de fumar. Los empleadores interesados pueden contactar a sus proveedores de planes m\u00e9dicos para averiguar la manera de ampliar la cobertura para ayudar a que sus empleados dejen de fumar.<\/p>\n<p>Tobacco Free Florida tiene herramientas y servicios gratuitos para ayudar a que tus empleados dejen de fumar. Estos servicios pueden duplicar o triplicar sus probabilidades de \u00e9xito. La terapia de reemplazo de nicotina gratis, como parches, chicles y caramelos medicados, est\u00e1 tambi\u00e9n a disposici\u00f3n de los empleados que califiquen. Sugiere a tus empleados que visiten <a href=\"https:\/\/tobaccofreeflorida.com\/es\/listo-para-dejar-de-fumar\/programas-para-dejar-de-fumar\/#tools\">tobaccofreeflorida.com\/quityourway<\/a> llamen al 1-877-U-CAN-NOW <a class=\"exitwebsitedialphonequitSpanish\" href=\"#\" target=\"_blank\" rel=\"noopener noreferrer\"> (1-877-822-6669)<\/a> para registrarse e informarse.[\/vc_column_text][vc_empty_space height=&#8221;2em&#8221;][\/vc_column][\/vc_row][vc_row content_width=&#8221;grid&#8221; el_class=&#8221;footnote mobile-text-padding&#8221; el_id=&#8221;ref&#8221;][vc_column css_animation=&#8221;fadeInUp&#8221;][vc_empty_space height=&#8221;2em&#8221;][vc_column_text el_class=&#8221;mobile-text-padding&#8221;]<\/p>\n<div class=\"container-2\">\n<p style=\"text-align: right;\"><button class=\"btn btn-info-2 mobile-menu collapsed\" type=\"button\" data-toggle=\"collapse\" data-target=\"#demo1\"> REFERENCIAS<\/button><\/p>\n<div id=\"demo1\" class=\"collapse\">\n<p><a id=\"ref-1\"><\/a><span class=\"footnote\"><sup>1 <\/sup>Hopkins DP, Razi S, Leeks KD, Priva Kalra G, Chattopadhyay SK, Soler RE, et al. Task Force on Community Preventive Services. Smoke-Free Policies to Reduce Tobacco Use: A Systematic Review. American Journal of Preventive Medicine 2010;38(2 Suppl):S275\u201389<\/span><\/p>\n<p><a id=\"ref-2\"><\/a><span class=\"footnote\"><sup>2 <\/sup>Potential Costs and Benefits of Smoking Cessation: An Overview of the Approach to State Specific Analysis.\u201d Rumberger, J; Hollenbeak, C; Kline, D. Penn State, 2010<\/span><\/p>\n<p><a id=\"ref-3\"><\/a><span class=\"footnote\"><sup>3 <\/sup>Behan, D.F.; Eriksen, M.P.; Lin, Y., \u201cEconomic Effects of Environmental Tobacco Smoke,\u201d Society of Actuaries, March 31, 2005. https:\/\/www.soa.org\/ccm\/content\/areas-of-practice\/life-insurance\/research\/economic-effects-of-environmental-tobacco-smoke-SOA\/?printerFriendly=1<\/span><\/p>\n<p><a id=\"ref-4\"><\/a><span class=\"footnote\"><sup>4 <\/sup>Berman M.; Crane, R.; Seiber, E.;Munur, M. \u201cEstimating the Cost of a Smoking Employee.\u201d Tobacco Control. June 2013. https:\/\/ucanr.edu\/sites\/tobaccofree\/files\/175136.pdf.<\/span><\/p>\n<\/div>\n<\/div>\n<p><!-- --><br \/>\n<!-- --><br \/>\n<!-- -->[\/vc_column_text][\/vc_column][\/vc_row]<\/p>\n<\/div>","protected":false},"excerpt":{"rendered":"<p>[vc_row][vc_column][vc_empty_space height=&#8221;2em&#8221;][\/vc_column][\/vc_row][vc_row content_aligment=&#8221;center&#8221; css=&#8221;.vc_custom_1567021929779{margin-top: 0px !important;margin-right: 0px !important;margin-bottom: 0px !important;margin-left: 0px !important;border-top-width: 0px !important;border-right-width: 0px !important;border-bottom-width: 0px !important;border-left-width: 0px !important;padding-top: 0px !important;padding-right: 0px !important;padding-bottom: 0px !important;padding-left: 0px !important;}&#8221; el_class=&#8221;title-font&#8221;][vc_column css=&#8221;.vc_custom_1560702071254{margin-top: 0px !important;margin-right: 0px !important;margin-bottom: 0px !important;margin-left: 0px !important;border-top-width: 0px !important;border-right-width: 0px !important;border-bottom-width: 0px !important;border-left-width: 0px&#8230;<\/p>\n","protected":false},"author":2,"featured_media":0,"parent":4742,"menu_order":0,"comment_status":"closed","ping_status":"closed","template":"full-width.php","meta":{"_lmt_disableupdate":"","_lmt_disable":"","footnotes":""},"class_list":["post-4754","page","type-page","status-publish","hentry"],"aioseo_notices":[],"_links":{"self":[{"href":"https:\/\/tobaccofreeflorida.com\/es\/wp-json\/wp\/v2\/pages\/4754","targetHints":{"allow":["GET"]}}],"collection":[{"href":"https:\/\/tobaccofreeflorida.com\/es\/wp-json\/wp\/v2\/pages"}],"about":[{"href":"https:\/\/tobaccofreeflorida.com\/es\/wp-json\/wp\/v2\/types\/page"}],"author":[{"embeddable":true,"href":"https:\/\/tobaccofreeflorida.com\/es\/wp-json\/wp\/v2\/users\/2"}],"replies":[{"embeddable":true,"href":"https:\/\/tobaccofreeflorida.com\/es\/wp-json\/wp\/v2\/comments?post=4754"}],"version-history":[{"count":0,"href":"https:\/\/tobaccofreeflorida.com\/es\/wp-json\/wp\/v2\/pages\/4754\/revisions"}],"up":[{"embeddable":true,"href":"https:\/\/tobaccofreeflorida.com\/es\/wp-json\/wp\/v2\/pages\/4742"}],"wp:attachment":[{"href":"https:\/\/tobaccofreeflorida.com\/es\/wp-json\/wp\/v2\/media?parent=4754"}],"curies":[{"name":"wp","href":"https:\/\/api.w.org\/{rel}","templated":true}]}}