{"id":4769,"date":"2019-09-15T12:03:23","date_gmt":"2019-09-15T16:03:23","guid":{"rendered":"https:\/\/www.almadigital.dev\/websites\/TobaccoFreeFlorida\/temas-actuales\/hookah\/"},"modified":"2026-01-16T08:42:18","modified_gmt":"2026-01-16T13:42:18","slug":"hookah","status":"publish","type":"page","link":"https:\/\/tobaccofreeflorida.com\/es\/temas-de-actualidad\/hookah\/","title":{"rendered":"Hookah"},"content":{"rendered":"<div class=\"wpb-content-wrapper\"><p>[vc_row][vc_column][vc_empty_space height=&#8221;2em&#8221;][\/vc_column][\/vc_row][vc_row content_aligment=&#8221;center&#8221; css=&#8221;.vc_custom_1567020246120{margin-top: 0px !important;margin-right: 0px !important;margin-bottom: 0px !important;margin-left: 0px !important;border-top-width: 0px !important;border-right-width: 0px !important;border-bottom-width: 0px !important;border-left-width: 0px !important;padding-top: 0px !important;padding-right: 0px !important;padding-bottom: 0px !important;padding-left: 0px !important;}&#8221; el_class=&#8221;title-font&#8221;][vc_column css=&#8221;.vc_custom_1560702071254{margin-top: 0px !important;margin-right: 0px !important;margin-bottom: 0px !important;margin-left: 0px !important;border-top-width: 0px !important;border-right-width: 0px !important;border-bottom-width: 0px !important;border-left-width: 0px !important;padding-top: 0px !important;padding-right: 0px !important;padding-bottom: 0px !important;padding-left: 0px !important;}&#8221;][vc_column_text css=&#8221;.vc_custom_1566924457498{margin-top: 0px !important;margin-right: 0px !important;margin-bottom: 0px !important;margin-left: 0px !important;border-top-width: 0px !important;border-right-width: 0px !important;border-bottom-width: 0px !important;border-left-width: 0px !important;padding-right: 0px !important;padding-left: 0px !important;}&#8221;]<\/p>\n<h1 style=\"text-align: center;\"><span style=\"color: #414042;\"><strong>Hookah<\/strong><\/span><\/h1>\n<p>[\/vc_column_text][\/vc_column][\/vc_row][vc_row][vc_column][vc_empty_space height=&#8221;2em&#8221;][\/vc_column][\/vc_row][vc_row content_width=&#8221;grid&#8221; content_aligment=&#8221;center&#8221; css=&#8221;.vc_custom_1567020256384{margin-top: 0px !important;margin-right: 0px !important;margin-bottom: 0px !important;margin-left: 0px !important;border-top-width: 0px !important;border-right-width: 0px !important;border-bottom-width: 0px !important;border-left-width: 0px !important;padding-top: 0px !important;padding-right: 0px !important;padding-bottom: 0px !important;padding-left: 0px !important;}&#8221; el_class=&#8221;row-full-width-mobile&#8221;][vc_column css_animation=&#8221;fadeInUp&#8221;]\n\t\t\t\t<p class=\"rs-p-wp-fix\"><\/p>\n\t\t\t\t<sr7-module data-alias=\"hookah-hero\" data-id=\"68\" id=\"SR7_68_1\" class=\"rs-ov-hidden\" data-version=\"6.7.52\">\n\t\t\t\t\t<sr7-adjuster><\/sr7-adjuster>\n\t\t\t\t\t<sr7-content>\n\t\t\t\t\t\t<sr7-slide class=\"fancybox\" id=\"SR7_68_1-8\" data-key=\"8\">\n\t\t\t\t\t\t\t<sr7-bg id=\"SR7_68_1-8-1\" class=\"sr7-layer\"><noscript><img decoding=\"async\" src=\"https:\/\/tffl.wpengine.com\/wp-content\/uploads\/2019\/08\/currentissues_hookah.jpg\" alt=\"\" title=\"Hookah\"><\/noscript><\/sr7-bg>\n\t\t\t\t\t\t<\/sr7-slide>\n\t\t\t\t\t<\/sr7-content>\n\t\t\t\t\t<image_lists style=\"display:none\">\n\t\t\t\t\t\t<img data-src=\"\/\/tffl.wpengine.com\/wp-content\/uploads\/2019\/08\/currentissues_hookah.jpg\" width=\"0\" height=\"0\" data-dbsrc=\"Ly90ZmZsLndwZW5naW5lLmNvbS93cC1jb250ZW50L3VwbG9hZHMvMjAxOS8wOC9jdXJyZW50aXNzdWVzX2hvb2thaC5qcGc=\"\/>\n\t\t\t\t\t<\/image_lists>\n\t\t\t\t<\/sr7-module>\n\t\t\t\t<script>\n\t\t\t\t\twindow.SR7 ??={};SR7.PMH ??={}; SR7.PMH[\"SR7_68_1\"] = {cn:100,state:false,fn: function() { if (window._tpt!==undefined && window._tpt.prepareModuleHeight !== undefined) {  _tpt.prepareModuleHeight({id:\"SR7_68_1\",type:'standard',shdw:'0',gh:[350,350,350,350,400],gw:[1200,1200,1200,1200,480],vpt:['-200px&#039;,&#039;-200px&#039;,&#039;-200px&#039;,&#039;-200px&#039;,&#039;-200px'],size:{fullWidth:false, fullHeight:false},mh:'0',onh:0,onw:0,bg:{color:'{\"orig\":\"transparent\",\"type\":\"solid\",\"string\":\"transparent\"}'},plType:'0',plColor:'#FFFFFF'});   SR7.PMH[\"SR7_68_1\"].state=true;} else if(SR7.PMH[\"SR7_68_1\"].cn-->0)\tsetTimeout( SR7.PMH[\"SR7_68_1\"].fn,19);}};SR7.PMH[\"SR7_68_1\" ].fn();\n\t\t\t\t<\/script>\n[\/vc_column][\/vc_row][vc_row][vc_column][vc_empty_space height=&#8221;2em&#8221;][\/vc_column][\/vc_row][vc_row content_width=&#8221;grid&#8221; el_class=&#8221;equal-height-12-image background-position-right&#8221; css=&#8221;.vc_custom_1567020277628{padding-right: 2.5% !important;padding-left: 2.5% !important;}&#8221;][vc_column css_animation=&#8221;top-to-bottom&#8221;][vc_column_text css=&#8221;.vc_custom_1567112632384{padding-right: 5% !important;padding-left: 5% !important;}&#8221; el_class=&#8221;mobile-text-padding&#8221;]<\/p>\n<h2><strong>Hookah<\/strong><\/h2>\n<p>Muchos usuarios creen que fumar hookah es menos nocivo pero en realidad tiene los mismos riesgos para la salud que fumar cigarrillos. <a href=\"#ref\"><sup>1,<\/sup><\/a><a href=\"#ref\"><sup> 2<\/sup><\/a> La hookah se fuma generalmente en grupo y la boquilla se pasa de una persona a otra. <a href=\"#ref\"><sup>1,<\/sup><\/a><a href=\"#ref\"><sup> 2,<\/sup><\/a><a href=\"#ref\"><sup> 3,<\/sup><\/a><a href=\"#ref\"><sup> 4,<\/sup><\/a> Las hookahs son pipas de agua que var\u00edan en tama\u00f1o, forma y estilo, y se usan para fumar tabaco especialmente elaborado que viene en distintos sabores, como manzana, menta, cereza, chocolate, coco, regaliz, capuchino y sand\u00eda. <a href=\"#ref\"><sup>1,<\/sup><\/a> <a href=\"#ref\"><sup>2<\/sup><\/a><\/p>\n<p>La t\u00edpica hookah moderna consta de un cabezal (con orificios en la parte inferior), un cuerpo met\u00e1lico, un recipiente para el agua y una manguera flexible con una boquilla. <a href=\"#ref\"><sup>3,<\/sup><\/a> <a href=\"#ref\"><sup>4<\/sup><\/a><\/p>\n<ul>\n<li>El carb\u00f3n usado para calentar el tabaco puede elevar los riesgos para la salud al producir altos niveles de mon\u00f3xido de carbono, metales y qu\u00edmicos cancer\u00edgenos. <a href=\"#ref\"><sup>3,<\/sup><\/a> <a href=\"#ref\"><sup>4<\/sup><\/a><\/li>\n<li>A\u00fan despu\u00e9s de haber atravesado el agua, el humo de la hookah tiene altos niveles de dichos agentes t\u00f3xicos. <a href=\"#ref\"><sup>4<\/sup><\/a><\/li>\n<li>Los jugos del tabaco en las hookahs irritan la boca y aumentan el riesgo de desarrollar c\u00e1nceres bucales. <a href=\"#ref\"><sup>4,<\/sup><\/a> <a href=\"#ref\"><sup>7<\/sup><\/a><\/li>\n<\/ul>\n<h2><strong>Efectos en la salud<\/strong><\/h2>\n<ul>\n<li>El tabaco y humo de la hookah contienen varios agentes t\u00f3xicos que se sabe causan c\u00e1ncer bucal, de pulm\u00f3n y vejiga, y pueden bloquear las arterias y pueden causar enfermedades card\u00edacas. <a href=\"#ref\"><sup>1,<\/sup><\/a> <a href=\"#ref\"><sup>4<\/sup><\/a><\/li>\n<li>Debido a la manera en que se usa la hookah, los fumadores pueden absorber m\u00e1s de las sustancias t\u00f3xicas que tambi\u00e9n se encuentran en el humo del cigarrillo que las que absorben los fumadores de cigarrillos. <a href=\"#ref\"><sup>1,<\/sup><\/a> <a href=\"#ref\"><sup>2<\/sup><\/a><\/li>\n<li>Los fumadores de hookah podr\u00edan tener la misma probabilidad de contraer algunas de las enfermedades que quienes fuman cigarrillos. <a href=\"#ref\"><sup>3,<\/sup><\/a> <a href=\"#ref\"><sup>4<\/sup><\/a><\/li>\n<li>Al compartir la hookah, hay infecciones que pueden transmitirse de una persona a otra. <a href=\"#ref\"><sup>2<\/sup><\/a><\/li>\n<\/ul>\n<h2><strong>Hookahs sin tabaco<\/strong><\/h2>\n<ul>\n<li>Se venden algunos productos sin tabaco endulzados y saborizados para su uso en hookahs. <a href=\"#ref\"><sup>10<\/sup><\/a><\/li>\n<li>Las etiquetas y anuncios de estos productos a menudo aseguran que los usuarios disfrutan el mismo sabor sin los efectos nocivos del tabaco. <a href=\"#ref\"><sup>10<\/sup><\/a><\/li>\n<li>Los estudios de la shisha (pipa oriental) a base de tabaco y la \u201cherbal\u201d demuestran que el humo de ambas preparaciones contiene mon\u00f3xido de carbono y otros agentes t\u00f3xicos que aumentan los riesgos de c\u00e1nceres asociados con el cigarrillo, enfermedades card\u00edacas y pulmonares. <a href=\"#ref\"><sup>10,<\/sup><\/a> <a href=\"#ref\"><sup>11<\/sup><\/a><\/li>\n<\/ul>\n<p>[\/vc_column_text][vc_empty_space height=&#8221;2em&#8221;][\/vc_column][\/vc_row][vc_row content_width=&#8221;grid&#8221; el_class=&#8221;footnote mobile-text-padding&#8221; el_id=&#8221;ref&#8221;][vc_column css_animation=&#8221;fadeInUp&#8221;][vc_empty_space height=&#8221;2em&#8221;][vc_column_text el_class=&#8221;mobile-text-padding&#8221;]<\/p>\n<div class=\"container-2\">\n<p style=\"text-align: right;\"><button class=\"btn btn-info-2 mobile-menu collapsed\" type=\"button\" data-toggle=\"collapse\" data-target=\"#demo1\"> REFERENCIAS<\/button><\/p>\n<div id=\"demo1\" class=\"collapse\">\n<p><a id=\"ref-1\"><\/a><span class=\"footnote\"><sup>1 <\/sup>American Lung Association. An Emerging Deadly Trend: Waterpipe Tobacco UseCdc-pdfExternal. [PDF\u2013222 KB] Washington: American Lung Association, 2007.<\/span><\/p>\n<p><a id=\"ref-2\"><\/a><span class=\"footnote\"><sup>2 <\/sup>American Lung Association. Hookah Smoking: A Growing Threat to Public Health Issue Brief.Cdc-pdfExternal. [PDF\u20131.34 MB] Smokefree Communities Project, 2011.<\/span><\/p>\n<p><a id=\"ref-3\"><\/a><span class=\"footnote\"><sup>3 <\/sup>Akl EA, Gaddam S, Gunukula SK, Honeine R, Jaoude PA, Irani J. The Effects of Waterpipe Tobacco Smoking on Health Outcomes: A Systematic ReviewExternal. International Journal of Epidemiology 2010;39:834\u201357.<\/span><\/p>\n<p><a id=\"ref-4\"><\/a><span class=\"footnote\"><sup>4 <\/sup>Cobb CO, Ward KD, Maziak W, Shihadeh AL, Eissenberg T. <a href=\"https:\/\/www.ncbi.nlm.nih.gov\/pmc\/articles\/PMC3215592\/\" target=\"_blank\" rel=\"noopener noreferrer\">Waterpipe Tobacco Smoking: An Emerging Health Crisis in the United StatesExternal. American Journal of Health Behavior<\/a> 2010;34(3):275\u201385.<\/span><\/p>\n<p><a id=\"ref-5\"><\/a><span class=\"footnote\">5 U.S. Department of Health and Human Services. Preventing Tobacco Use Among Youth and Young Adults: A Report of the Surgeon General. Atlanta: U.S. Department of Health and Human Services, Centers for Disease Control and Prevention, Office on Smoking and Health, 2012.<\/span><\/p>\n<p><a id=\"ref-6\"><\/a><span class=\"footnote\"><sup>6 <\/sup>U.S. Food and Drug Administration. Electronic Cigarettes (e-Cigarettes)External[last updated 2013 April 25.<\/span><\/p>\n<p><a id=\"ref-7\"><\/a><span class=\"footnote\"><sup>7 <\/sup>El-Hakim Ibrahim E, Uthman Mirghani AE. Squamous Cell Carcinoma and Keratoacanthoma of the Lower Lips Associated with \u201cGoza\u201d and \u201cShisha\u201d Smoking. International Journal of Dermatology 1999;38:108\u201310.<\/span><\/p>\n<p><a id=\"ref-8\"><\/a><span class=\"footnote\"><sup>8 <\/sup>Nuwayhid, I, Yamout, B., Ghassan, and Kambria, M. Narghile (Hubble-Bubble) Smoking, Low Birth Weight and Other Pregnancy OutcomesExternal. American Journal of Epidemiology 1998;148:375\u201383.<\/span><\/p>\n<p><a id=\"ref-9\"><\/a><span class=\"footnote\"><sup>9 <\/sup>Cobb CO, Vansickel AR, Blank MD, Jentink K, Travers MJ, Eissenberg T.Indoor Air Quality in Virginia Waterpipe Caf\u00e9s. Tobacco Control 2012 Mar 24 doi:10.1136\/tobaccocontrol-2011-050350.<\/span><\/p>\n<p><a id=\"ref-10\"><\/a><span class=\"footnote\"><sup>10 <\/sup>Shihadeh A, Salman R, Eissenberg T. <a href=\"https:\/\/www.ncbi.nlm.nih.gov\/pmc\/articles\/PMC3407543\/\" target=\"_blank\" rel=\"noopener noreferrer\">Does Switching to a Tobacco-Free Waterpipe Product Reduce Toxicant Intake? A Crossover Study Comparing CO, NO, PAH, Volatile Aldehydes, Tar and Nicotine YieldsExternal. Food and Chemical Toxicology<\/a> 2012;50(5):1494\u20138.<\/span><\/p>\n<p><a id=\"ref-11\"><\/a><span class=\"footnote\"><sup>11 <\/sup>Blank MD, Cobb CO, Kilgalen B, Austin J, Weaver MF, Shihadeh A, Eissenberg T. Acute Effects of Waterpipe Tobacco Smoking: A Double-Blind, Placebo-Control Study. Drug and Alcohol Dependence 2011;116(1\u20133):102\u20139.<\/span><\/div>\n<\/div>\n<p><!-- --><br \/>\n<!-- --><br \/>\n<!-- -->[\/vc_column_text][\/vc_column][\/vc_row]<\/p>\n<\/div>","protected":false},"excerpt":{"rendered":"<p>[vc_row][vc_column][vc_empty_space height=&#8221;2em&#8221;][\/vc_column][\/vc_row][vc_row content_aligment=&#8221;center&#8221; css=&#8221;.vc_custom_1567020246120{margin-top: 0px !important;margin-right: 0px !important;margin-bottom: 0px !important;margin-left: 0px !important;border-top-width: 0px !important;border-right-width: 0px !important;border-bottom-width: 0px !important;border-left-width: 0px !important;padding-top: 0px !important;padding-right: 0px !important;padding-bottom: 0px !important;padding-left: 0px !important;}&#8221; el_class=&#8221;title-font&#8221;][vc_column css=&#8221;.vc_custom_1560702071254{margin-top: 0px !important;margin-right: 0px !important;margin-bottom: 0px !important;margin-left: 0px !important;border-top-width: 0px !important;border-right-width: 0px !important;border-bottom-width: 0px !important;border-left-width: 0px&#8230;<\/p>\n","protected":false},"author":2,"featured_media":0,"parent":4742,"menu_order":0,"comment_status":"closed","ping_status":"closed","template":"full-width.php","meta":{"_lmt_disableupdate":"","_lmt_disable":"","footnotes":""},"class_list":["post-4769","page","type-page","status-publish","hentry"],"aioseo_notices":[],"_links":{"self":[{"href":"https:\/\/tobaccofreeflorida.com\/es\/wp-json\/wp\/v2\/pages\/4769","targetHints":{"allow":["GET"]}}],"collection":[{"href":"https:\/\/tobaccofreeflorida.com\/es\/wp-json\/wp\/v2\/pages"}],"about":[{"href":"https:\/\/tobaccofreeflorida.com\/es\/wp-json\/wp\/v2\/types\/page"}],"author":[{"embeddable":true,"href":"https:\/\/tobaccofreeflorida.com\/es\/wp-json\/wp\/v2\/users\/2"}],"replies":[{"embeddable":true,"href":"https:\/\/tobaccofreeflorida.com\/es\/wp-json\/wp\/v2\/comments?post=4769"}],"version-history":[{"count":0,"href":"https:\/\/tobaccofreeflorida.com\/es\/wp-json\/wp\/v2\/pages\/4769\/revisions"}],"up":[{"embeddable":true,"href":"https:\/\/tobaccofreeflorida.com\/es\/wp-json\/wp\/v2\/pages\/4742"}],"wp:attachment":[{"href":"https:\/\/tobaccofreeflorida.com\/es\/wp-json\/wp\/v2\/media?parent=4769"}],"curies":[{"name":"wp","href":"https:\/\/api.w.org\/{rel}","templated":true}]}}