{"id":4775,"date":"2019-09-15T12:10:26","date_gmt":"2019-09-15T16:10:26","guid":{"rendered":"https:\/\/www.almadigital.dev\/websites\/TobaccoFreeFlorida\/temas-actuales\/smokeless-tobacco\/"},"modified":"2021-03-27T03:08:25","modified_gmt":"2021-03-27T07:08:25","slug":"tabaco-sin-humo","status":"publish","type":"page","link":"https:\/\/tobaccofreeflorida.com\/es\/temas-de-actualidad\/tabaco-sin-humo\/","title":{"rendered":"Tabaco sin humo"},"content":{"rendered":"<div class=\"wpb-content-wrapper\"><p>[vc_row][vc_column][vc_empty_space height=&#8221;2em&#8221;][\/vc_column][\/vc_row][vc_row content_aligment=&#8221;center&#8221; css=&#8221;.vc_custom_1567020467114{margin-top: 0px !important;margin-right: 0px !important;margin-bottom: 0px !important;margin-left: 0px !important;border-top-width: 0px !important;border-right-width: 0px !important;border-bottom-width: 0px !important;border-left-width: 0px !important;padding-top: 0px !important;padding-right: 0px !important;padding-bottom: 0px !important;padding-left: 0px !important;}&#8221; el_class=&#8221;title-font&#8221;][vc_column css=&#8221;.vc_custom_1560702071254{margin-top: 0px !important;margin-right: 0px !important;margin-bottom: 0px !important;margin-left: 0px !important;border-top-width: 0px !important;border-right-width: 0px !important;border-bottom-width: 0px !important;border-left-width: 0px !important;padding-top: 0px !important;padding-right: 0px !important;padding-bottom: 0px !important;padding-left: 0px !important;}&#8221;][vc_column_text css=&#8221;.vc_custom_1566924583801{margin-top: 0px !important;margin-right: 0px !important;margin-bottom: 0px !important;margin-left: 0px !important;border-top-width: 0px !important;border-right-width: 0px !important;border-bottom-width: 0px !important;border-left-width: 0px !important;padding-right: 0px !important;padding-left: 0px !important;}&#8221;]<\/p>\n<h1 style=\"text-align: center;\"><span style=\"color: #414042;\"><strong>Tabaco sin humo<\/strong><\/span><\/h1>\n<p>[\/vc_column_text][\/vc_column][\/vc_row][vc_row][vc_column][vc_empty_space height=&#8221;2em&#8221;][\/vc_column][\/vc_row][vc_row content_width=&#8221;grid&#8221; content_aligment=&#8221;center&#8221; css=&#8221;.vc_custom_1567020478559{margin-top: 0px !important;margin-right: 0px !important;margin-bottom: 0px !important;margin-left: 0px !important;border-top-width: 0px !important;border-right-width: 0px !important;border-bottom-width: 0px !important;border-left-width: 0px !important;padding-top: 0px !important;padding-right: 0px !important;padding-bottom: 0px !important;padding-left: 0px !important;}&#8221; el_class=&#8221;row-full-width-mobile&#8221;][vc_column css_animation=&#8221;fadeInUp&#8221;]\n\t\t\t\t<p class=\"rs-p-wp-fix\"><\/p>\n\t\t\t\t<sr7-module data-alias=\"smokeless-tobacco-hero\" data-id=\"69\" id=\"SR7_69_1\" class=\"rs-ov-hidden\" data-version=\"6.7.52\">\n\t\t\t\t\t<sr7-adjuster><\/sr7-adjuster>\n\t\t\t\t\t<sr7-content>\n\t\t\t\t\t\t<sr7-slide class=\"fancybox\" id=\"SR7_69_1-9\" data-key=\"9\">\n\t\t\t\t\t\t\t<sr7-bg id=\"SR7_69_1-9-1\" class=\"sr7-layer\"><noscript><img decoding=\"async\" src=\"https:\/\/tffl.wpengine.com\/wp-content\/uploads\/2019\/10\/how_tobacco_affects_your_body-effects_of_other_types_of_tobacco-1.jpg\" alt=\"\" title=\"Tabaco sin humo\"><\/noscript><\/sr7-bg>\n\t\t\t\t\t\t<\/sr7-slide>\n\t\t\t\t\t<\/sr7-content>\n\t\t\t\t\t<image_lists style=\"display:none\">\n\t\t\t\t\t\t<img data-src=\"\/\/tffl.wpengine.com\/wp-content\/uploads\/2019\/10\/how_tobacco_affects_your_body-effects_of_other_types_of_tobacco-1.jpg\" width=\"0\" height=\"0\" data-dbsrc=\"Ly90ZmZsLndwZW5naW5lLmNvbS93cC1jb250ZW50L3VwbG9hZHMvMjAxOS8xMC9ob3dfdG9iYWNjb19hZmZlY3RzX3lvdXJfYm9keS1lZmZlY3RzX29mX290aGVyX3R5cGVzX29mX3RvYmFjY28tMS5qcGc=\"\/>\n\t\t\t\t\t<\/image_lists>\n\t\t\t\t<\/sr7-module>\n\t\t\t\t<script>\n\t\t\t\t\twindow.SR7 ??={};SR7.PMH ??={}; SR7.PMH[\"SR7_69_1\"] = {cn:100,state:false,fn: function() { if (window._tpt!==undefined && window._tpt.prepareModuleHeight !== undefined) {  _tpt.prepareModuleHeight({id:\"SR7_69_1\",type:'standard',shdw:'0',gh:[350,350,350,350,400],gw:[1200,1200,1200,1200,480],vpt:['-200px&#039;,&#039;-200px&#039;,&#039;-200px&#039;,&#039;-200px&#039;,&#039;-200px'],size:{fullWidth:false, fullHeight:false},mh:'0',onh:0,onw:0,bg:{color:'{\"orig\":\"transparent\",\"type\":\"solid\",\"string\":\"transparent\"}'},plType:'0',plColor:'#FFFFFF'});   SR7.PMH[\"SR7_69_1\"].state=true;} else if(SR7.PMH[\"SR7_69_1\"].cn-->0)\tsetTimeout( SR7.PMH[\"SR7_69_1\"].fn,19);}};SR7.PMH[\"SR7_69_1\" ].fn();\n\t\t\t\t<\/script>\n[\/vc_column][\/vc_row][vc_row][vc_column][vc_empty_space height=&#8221;2em&#8221;][\/vc_column][\/vc_row][vc_row content_width=&#8221;grid&#8221; el_class=&#8221;equal-height-12-image background-position-right&#8221; css=&#8221;.vc_custom_1567020496700{padding-right: 2.5% !important;padding-left: 2.5% !important;}&#8221;][vc_column css_animation=&#8221;top-to-bottom&#8221;][vc_column_text css=&#8221;.vc_custom_1573835109914{padding-right: 5% !important;padding-left: 5% !important;}&#8221; el_class=&#8221;mobile-text-padding&#8221;]<\/p>\n<h2><strong>Tabaco sin humo<\/strong><\/h2>\n<p>El tabaco sin humo contiene nicotina y es adictivo <a href=\"#ref\"><sup>1<\/sup><\/a>, pero no se fuma. Se conoce como tabaco de escupir, mascar (chewing o chew) o dip.<\/p>\n<p>Estos son algunos de los tipos de tabaco sin humo:<\/p>\n<ul>\n<li>El tabaco de mascar es el tipo m\u00e1s com\u00fan de tabaco sin humo. Se vende en forma de hojas de tabaco sueltas, en forma compacta o tiras retorcidas. Se empaca habitualmente en sobres de papel de aluminio. <a href=\"#ref\"><sup>2<\/sup><\/a><\/li>\n<li>El snuff es un tabaco finamente molido que se vende seco o h\u00famedo y se empaca en bolsitas o paquetes. La variedad m\u00e1s com\u00fan es el snuff h\u00famedo y tambi\u00e9n se conoce como dip. <a href=\"#ref\"><sup>3<\/sup><\/a><\/li>\n<li>El tabaco soluble es tabaco finamente molido y comprimido en formas de tableta, palitos o tiras. <a href=\"#ref\"><sup>4<\/sup><\/a> Viene en formas de caramelos, bolitas, palitos y tiras. <a href=\"#ref\"><sup>5<\/sup><\/a><\/li>\n<\/ul>\n<p>[\/vc_column_text][vc_row_inner content_width=&#8221;grid&#8221; el_class=&#8221;mobile-text-padding&#8221;][vc_column_inner width=&#8221;1\/6&#8243; offset=&#8221;vc_col-xs-6&#8243;][vc_single_image image=&#8221;8273&#8243; alignment=&#8221;center&#8221;][vc_column_text]<\/p>\n<p style=\"text-align: center;\">Snus<\/p>\n<p>[\/vc_column_text][\/vc_column_inner][vc_column_inner width=&#8221;1\/6&#8243; offset=&#8221;vc_col-xs-6&#8243;][vc_single_image image=&#8221;8275&#8243; alignment=&#8221;center&#8221;][vc_column_text]<\/p>\n<p style=\"text-align: center;\">Snuff h\u00famedo<\/p>\n<p>[\/vc_column_text][\/vc_column_inner][vc_column_inner width=&#8221;1\/6&#8243; offset=&#8221;vc_col-xs-6&#8243;][vc_single_image image=&#8221;8267&#8243; alignment=&#8221;center&#8221;][vc_column_text]<\/p>\n<p style=\"text-align: center;\">Tabaco de mascar suelto<\/p>\n<p>[\/vc_column_text][\/vc_column_inner][vc_column_inner width=&#8221;1\/6&#8243; offset=&#8221;vc_col-xs-6&#8243;][vc_single_image image=&#8221;8271&#8243; alignment=&#8221;center&#8221;][vc_column_text]<\/p>\n<p style=\"text-align: center;\">Tabaco de mascar comprimido<\/p>\n<p>[\/vc_column_text][\/vc_column_inner][vc_column_inner width=&#8221;1\/6&#8243;][\/vc_column_inner][vc_column_inner width=&#8221;1\/6&#8243;][\/vc_column_inner][\/vc_row_inner][vc_empty_space height=&#8221;2em&#8221;][vc_column_text css=&#8221;.vc_custom_1573835161788{padding-right: 5% !important;padding-left: 5% !important;}&#8221; el_class=&#8221;mobile-text-padding&#8221;]<\/p>\n<h2><strong>Efectos en la salud<\/strong><\/h2>\n<p>El tabaco sin humo no es seguro y contiene nicotina, la cual es muy adictiva. <a href=\"#ref\"><sup>6<\/sup><\/a> Muchos productos de tabaco sin humo contienen cancer\u00edgenos. <a href=\"#ref\"><sup>7,<\/sup><\/a><a href=\"#ref\"><sup> 8<\/sup><\/a> Las sustancias qu\u00edmicas m\u00e1s da\u00f1inas son las nitrosaminas particulares del tabaco, que se forman durante su proceso de cultivo, curado, fermentaci\u00f3n y a\u00f1ejado. La concentraci\u00f3n de estas sustancias var\u00eda de un producto a otro. <a href=\"#ref\"><sup>9<\/sup><\/a><\/p>\n<p>Otras sustancias qu\u00edmicas presentes en el tabaco tambi\u00e9n pueden causar c\u00e1ncer. Estas incluyen: <a href=\"#ref\"><sup>10<\/sup><\/a><\/p>\n<ul>\n<li>un elemento radioactivo (polonio-210) presente en el fertilizante del tabaco<\/li>\n<li>sustancias qu\u00edmicas que se forman cuando el tabaco se cura con calor (hidrocarburos arom\u00e1ticos polinucleares, tambi\u00e9n conocidos como hidrocarburos arom\u00e1ticos polic\u00edclicos).<\/li>\n<li>metales nocivos (ars\u00e9nico, berilio cadmio, cromo, cobalto, plomo, n\u00edquel, mercurio)<\/li>\n<\/ul>\n<p>El tabaco sin humo:<\/p>\n<ul>\n<li>puede causar c\u00e1ncer de la boca, es\u00f3fago y p\u00e1ncreas. <a href=\"#ref\"><sup>11<\/sup><\/a><\/li>\n<li>puede causar gingivitis, caries y p\u00e9rdida de dientes. <a href=\"#ref\"><sup>12,<\/sup><\/a><a href=\"#ref\"><sup> 13<\/sup><\/a><\/li>\n<li>podr\u00eda aumentar el riesgo de muerte a causa de enfermedades card\u00edacas y derrames cerebrales. <a href=\"#ref\"><sup>14,<\/sup><\/a><a href=\"#ref\"><sup> 15<\/sup><\/a><\/li>\n<\/ul>\n<p>Conoce los efectos del tabaco y los beneficios de dejarlo.<\/p>\n<h2><strong>El problema<\/strong><\/h2>\n<p>Muchos productos de tabaco sin humo vienen en sabores y envases atractivos para los j\u00f3venes. <a href=\"#ref\"><sup>16<\/sup><\/a> Los sabores de caramelo y de frutas enmascaran el sabor desagradable del tabaco, lo que facilita que los j\u00f3venes y adolescentes comiencen a consumir tabaco. Con toda una nueva gama de productos y sabores en el mercado, hay m\u00e1s oportunidades para que los j\u00f3venes experimenten con el tabaco. Los adolescentes que usan tabaco sin humo, comparados con los que no usan, son m\u00e1s propensos a convertirse en adultos fumadores de cigarrillos. <a href=\"#ref\"><sup>17<\/sup><\/a><\/p>\n<p>Varias grandes tabacaleras como R.J. Reynolds y Altria, han adquirido marcas de tabaco sin humo. El mercadeo de los productos de tabaco sin humo tambi\u00e9n ha aumentado notablemente. In 2017, las tabacaleras gastaron m\u00e1s de 718 millones de d\u00f3lares en la publicidad y la promoci\u00f3n de productos de tabaco sin humo, m\u00e1s del doble de lo que gastaron 10 a\u00f1os antes en 2007. <a href=\"#ref\"><sup>18,<\/sup><\/a><a href=\"#ref\"><sup> 19<\/sup><\/a> Gran parte de este capital se utiliz\u00f3 para cubrir reducciones en los precios mediante cupones, descuentos y regalos promocionales. <a href=\"#ref\"><sup>20<\/sup><\/a><\/p>\n<p>Incluso sin las reducciones de precio, muchos productos de tabaco sin humo cuestan menos que los cigarrillos convencionales, lo que los hace atractivos tanto para la gente joven como para las comunidades de bajos ingresos.[\/vc_column_text][vc_empty_space height=&#8221;2em&#8221;][\/vc_column][\/vc_row][vc_row content_width=&#8221;grid&#8221; el_class=&#8221;mobile-text-padding-double-image-ribbon&#8221; css=&#8221;.vc_custom_1568735903473{background-color: rgba(217,236,248,0.4) !important;*background-color: rgb(217,236,248) !important;}&#8221;][vc_column css_animation=&#8221;fadeInLeft&#8221; width=&#8221;1\/6&#8243; css=&#8221;.vc_custom_1563822725820{margin-left: 2.3% !important;}&#8221;][\/vc_column][vc_column width=&#8221;2\/3&#8243;][vc_empty_space height=&#8221;6em&#8221;][vc_row_inner][vc_column_inner el_class=&#8221;center-ribbon-text-padding-after-image-cta&#8221; css=&#8221;.vc_custom_1573495323543{background-image: url(https:\/\/tobaccofreeflorida.com\/wp-content\/uploads\/2019\/08\/currentissues_smokeless-tobacco.jpg?id=3822) !important;background-position: center !important;background-repeat: no-repeat !important;background-size: cover !important;}&#8221;][vc_empty_space height=&#8221;250px&#8221; el_class=&#8221;min-image-space&#8221;][\/vc_column_inner][\/vc_row_inner][vc_empty_space height=&#8221;1em&#8221; el_class=&#8221;expanding-empty-space&#8221;][vc_column_text el_class=&#8221;mobile-text-padding ribbon-text-mobile-4 center-text&#8221;]<\/p>\n<h2><strong><a href=\"https:\/\/tobaccofreeflorida.com\/es\/listo-para-dejar-de-fumar\/programas-para-dejar-de-fumar\/#tools\" rel=\"noopener noreferrer\">C\u00f3mo dejar el tabaco sin humo<\/a><\/strong><\/h2>\n<p>Tobacco Free Florida brinda parches, chicles y caramelos de reemplazo de nicotina gratis para ayudarte a dejar cualquier tipo de tabaco.<\/p>\n<p><span class=\"footnote\">*si m\u00e9dicamente adecuados y tienes 18 a\u00f1os de edad o m\u00e1s<\/span>[\/vc_column_text][vc_empty_space height=&#8221;2em&#8221;]<a href=\"https:\/\/tobaccofreeflorida.com\/es\/listo-para-dejar-de-fumar\/programas-para-dejar-de-fumar\/#tools\" target=\"_self\" style=\"color: #ffffff;background-color: #00597b;border-color: #00597b\" class=\"edgtf-btn edgtf-btn-medium edgtf-btn-solid edgtf-btn-custom-hover-bg edgtf-btn-custom-border-hover edgtf-btn-custom-hover-color button-11-center\" data-hover-bg-color=\"#ffffff\" data-hover-color=\"#00597b\" data-hover-border-color=\"#ffffff\" >\n    <span class=\"edgtf-btn-text\">P\u00eddelo ahora<\/span><\/a>[vc_empty_space height=&#8221;6em&#8221;][\/vc_column][vc_column width=&#8221;1\/6&#8243;][\/vc_column][\/vc_row][vc_row content_width=&#8221;grid&#8221; el_class=&#8221;footnote mobile-text-padding&#8221; el_id=&#8221;ref&#8221;][vc_column css_animation=&#8221;fadeInUp&#8221;][vc_empty_space height=&#8221;2em&#8221;][vc_column_text el_class=&#8221;mobile-text-padding&#8221;]<\/p>\n<div class=\"container-2\">\n<p style=\"text-align: right;\"><button class=\"btn btn-info-2 mobile-menu collapsed\" type=\"button\" data-toggle=\"collapse\" data-target=\"#demo1\"> REFERENCIAS<\/button><\/p>\n<div id=\"demo1\" class=\"collapse\">\n<p><a id=\"ref-1\"><\/a><span class=\"footnote\"><sup>1 <\/sup>World Health Organization. IARC Monographs on the Evaluation of Carcinogenic Risks to Humans. Volume 89: Smokeless Tobacco and Some Tobacco-Specific N-Nitrosamines. Lyon (France): World Health Organization, International Agency for Research on Cancer, 2007<\/span><a id=\"ref-2\"><\/a><span class=\"footnote\"><sup>2 <\/sup>World Health Organization. IARC Monographs on the Evaluation of Carcinogenic Risks to Humans. Volume 89: Smokeless Tobacco and Some Tobacco-Specific N-Nitrosamines. Lyon (France): World Health Organization, International Agency for Research on Cancer, 2007<\/span><\/p>\n<p><a id=\"ref-3\"><\/a><span class=\"footnote\"><sup>3 <\/sup>Mejia AB, Ling PM. Tobacco Industry Consumer Research on Smokeless Tobacco Users and Product Development. American Journal of Public Health 2010;100(1):78\u201387<\/span><\/p>\n<p><a id=\"ref-4\"><\/a><span class=\"footnote\"><sup>4 <\/sup>U.S. Department of Health and Human Services. Preventing Tobacco Use Among Youth and Young Adults: A Report of the Surgeon General. Atlanta: U.S. Department of Health and Human Services, Centers for Disease Control and Prevention, National Center for Chronic Disease Prevention and Health Promotion, Office on Smoking and Health, 2012<\/span><\/p>\n<p><a id=\"ref-5\"><\/a><span class=\"footnote\"><sup>5 <\/sup>U.S. Department of Health and Human Services. Preventing Tobacco Use Among Youth and Young Adults: A Report of the Surgeon General. Atlanta: U.S. Department of Health and Human Services, Centers for Disease Control and Prevention, National Center for Chronic Disease Prevention and Health Promotion, Office on Smoking and Health, 2012<\/span><\/p>\n<p><a id=\"ref-6\"><\/a><span class=\"footnote\"><sup>6 <\/sup>Cancer Prevention &amp; Early Detection Facts and Figures 2010.<\/span><\/p>\n<p><a id=\"ref-7\"><\/a><span class=\"footnote\">7 World Health Organization. IARC Monographs on the Evaluation of Carcinogenic Risks to Humans. Volume 89: Smokeless Tobacco and Some Tobacco-Specific N-Nitrosamines. Lyon (France): World Health Organization, International Agency for Research on Cancer, 2007<\/span><\/p>\n<p><a id=\"ref-8\"><\/a><span class=\"footnote\"><sup>8 <\/sup>Stanfill SB, Connolly GN, Zhang L, Jia LT, Henningfield JE, Richter P, et al. Global Surveillance of Oral Tobacco Products: Total Nicotine, Unionised Nicotine and Tobacco-Specific N-Nitrosamines. Tobacco Control 2011 May;20(3):e2. doi:10.1136\/tc.2010.037465<\/span><\/p>\n<p><a id=\"ref-9\"><\/a><span class=\"footnote\"><sup>9 <\/sup>World Health Organization. <a href=\"https:\/\/publications.iarc.fr\/107\" target=\"_blank\" rel=\"noopener noreferrer\">IARC Monographs on the Evaluation of Carcinogenic Risks to Humans. Volume 89: Smokeless Tobacco and Some Tobacco-Specific N-Nitrosamines.[PDF\u20133.18 MB] Lyon (France): World Health Organization, International Agency for Research on Cancer, 2007<\/a><\/span><\/p>\n<p><a id=\"ref-10\"><\/a><span class=\"footnote\"><sup>10 <\/sup>Stanfill SB, Connolly GN, Zhang L, Jia LT, Henningfield JE, Richter P, et al. Global Surveillance of Oral Tobacco Products: Total Nicotine, Unionised Nicotine and Tobacco-Specific N-Nitrosamines. Tobacco Control 2011 May;20(3):e2. doi:10.1136\/tc.2010.037465<\/span><\/p>\n<p><a id=\"ref-11\"><\/a><span class=\"footnote\"><sup>11 <\/sup>World Health Organization. IARC Monographs on the Evaluation of Carcinogenic Risks to Humans. Volume 89: Smokeless Tobacco and Some Tobacco-Specific N-Nitrosamines. Lyon (France): World Health Organization, International Agency for Research on Cancer, 2007<\/span><\/p>\n<p><a id=\"ref-12\"><\/a><span class=\"footnote\"><sup>12 <\/sup>World Health Organization. IARC Monographs on the Evaluation of Carcinogenic Risks to Humans. Volume 89: Smokeless Tobacco and Some Tobacco-Specific N-Nitrosamines. Lyon (France): World Health Organization, International Agency for Research on Cancer, 2007<\/span><\/p>\n<p><a id=\"ref-13\"><\/a><span class=\"footnote\"><sup>13 <\/sup> Piano MR, Benowitz NL, Fitzgerald GA, Corbridge S, Heath J, Hahn E, et al. Impact of Smokeless Tobacco Products on Cardiovascular Disease: Implications for Policy, Prevention, and Treatment: A Policy Statement from the American Heart Association. Circulation 2010;122(15):1520\u201344<\/span><\/p>\n<p><a id=\"ref-14\"><\/a><span class=\"footnote\"><sup>14 <\/sup>World Health Organization. IARC Monographs on the Evaluation of Carcinogenic Risks to Humans. Volume 89: Smokeless Tobacco and Some Tobacco-Specific N-Nitrosamines. Lyon (France): World Health Organization, International Agency for Research on Cancer, 2007<\/span><\/p>\n<p><a id=\"ref-15\"><\/a><span class=\"footnote\"><sup>15 <\/sup>Piano MR, Benowitz NL, Fitzgerald GA, Corbridge S, Heath J, Hahn E, et al. Impact of Smokeless Tobacco Products on Cardiovascular Disease: Implications for Policy, Prevention, and Treatment: A Policy Statement from the American Heart Association. Circulation 2010;122(15):1520\u201344<\/span><\/p>\n<p><a id=\"ref-16\"><\/a><span class=\"footnote\"><sup>16 <\/sup>U.S. Department of Health and Human Services. Preventing Tobacco Use Among Youth and Young Adults: A Report of the Surgeon General. Atlanta, GA: U.S. Department of Health and Human Services, Centers for Disease Control and Prevention, National Center for Chronic Disease Prevention and Health Promotion, Office on Smoking and Health, 2012.<\/span><\/p>\n<p><a id=\"ref-17\"><\/a><span class=\"footnote\"><sup>17 <\/sup>U.S. Department of Health and Human Services. Preventing Tobacco Use Among Youth and Young Adults: A Report of the Surgeon General. Atlanta: U.S. Department of Health and Human Services, Centers for Disease Control and Prevention, National Center for Chronic Disease Prevention and Health Promotion, Office on Smoking and Health, 2012.<\/span><\/p>\n<p><a id=\"ref-18\"><\/a><span class=\"footnote\"><sup>18 <\/sup>\u201cFederal Trade Commission Smokeless Tobacco Report for 2017.\u201d Federal Trade Commission Smokeless Tobacco Report for 2017 (2016): 2. Federal Trade Commission. 2016. Web. 15. <a href=\"https:\/\/www.ftc.gov\/system\/files\/documents\/reports\/federal-trade-commission-cigarette-report-2017-federal-trade-commission-smokeless-tobacco-report\/ftc_smokeless_tobacco_report_2017.pdf\" target=\"_blank\" rel=\"noopener noreferrer\">www.ftc.gov\/system\/files\/documents\/reports\/federal-trade-commission-cigarette-report-2017-federal-trade-commission-smokeless-tobacco-report\/ftc_smokeless_tobacco_report_2017.pdf<\/a><\/span><\/p>\n<p><a id=\"ref-19\"><\/a><span class=\"footnote\"><sup>19 <\/sup>U.S. Department of Health and Human Services. Preventing Tobacco Use Among Youth and Young Adults: A Report of the Surgeon General. Atlanta: U.S. Department of Health and Human Services, Centers for Disease Control and Prevention, National Center for Chronic Disease Prevention and Health Promotion, Office on Smoking and Health, 2012.<\/span><\/p>\n<p><a id=\"ref-20\"><\/a><span class=\"footnote\"><sup>20 <\/sup>U.S. Department of Health and Human Services. Preventing Tobacco Use Among Youth and Young Adults: A Report of the Surgeon General. Atlanta: U.S. Department of Health and Human Services, Centers for Disease Control and Prevention, National Center for Chronic Disease Prevention and Health Promotion, Office on Smoking and Health, 2012.<\/span><\/p>\n<\/div>\n<\/div>\n<p><!-- --><br \/>\n<!-- --><br \/>\n<!-- -->[\/vc_column_text][\/vc_column][\/vc_row]<\/p>\n<\/div>","protected":false},"excerpt":{"rendered":"<p>[vc_row][vc_column][vc_empty_space height=&#8221;2em&#8221;][\/vc_column][\/vc_row][vc_row content_aligment=&#8221;center&#8221; css=&#8221;.vc_custom_1567020467114{margin-top: 0px !important;margin-right: 0px !important;margin-bottom: 0px !important;margin-left: 0px !important;border-top-width: 0px !important;border-right-width: 0px !important;border-bottom-width: 0px !important;border-left-width: 0px !important;padding-top: 0px !important;padding-right: 0px !important;padding-bottom: 0px !important;padding-left: 0px !important;}&#8221; el_class=&#8221;title-font&#8221;][vc_column css=&#8221;.vc_custom_1560702071254{margin-top: 0px !important;margin-right: 0px !important;margin-bottom: 0px !important;margin-left: 0px !important;border-top-width: 0px !important;border-right-width: 0px !important;border-bottom-width: 0px !important;border-left-width: 0px&#8230;<\/p>\n","protected":false},"author":2,"featured_media":0,"parent":4742,"menu_order":0,"comment_status":"closed","ping_status":"closed","template":"full-width.php","meta":{"_lmt_disableupdate":"","_lmt_disable":"","footnotes":""},"class_list":["post-4775","page","type-page","status-publish","hentry"],"aioseo_notices":[],"_links":{"self":[{"href":"https:\/\/tobaccofreeflorida.com\/es\/wp-json\/wp\/v2\/pages\/4775","targetHints":{"allow":["GET"]}}],"collection":[{"href":"https:\/\/tobaccofreeflorida.com\/es\/wp-json\/wp\/v2\/pages"}],"about":[{"href":"https:\/\/tobaccofreeflorida.com\/es\/wp-json\/wp\/v2\/types\/page"}],"author":[{"embeddable":true,"href":"https:\/\/tobaccofreeflorida.com\/es\/wp-json\/wp\/v2\/users\/2"}],"replies":[{"embeddable":true,"href":"https:\/\/tobaccofreeflorida.com\/es\/wp-json\/wp\/v2\/comments?post=4775"}],"version-history":[{"count":0,"href":"https:\/\/tobaccofreeflorida.com\/es\/wp-json\/wp\/v2\/pages\/4775\/revisions"}],"up":[{"embeddable":true,"href":"https:\/\/tobaccofreeflorida.com\/es\/wp-json\/wp\/v2\/pages\/4742"}],"wp:attachment":[{"href":"https:\/\/tobaccofreeflorida.com\/es\/wp-json\/wp\/v2\/media?parent=4775"}],"curies":[{"name":"wp","href":"https:\/\/api.w.org\/{rel}","templated":true}]}}