{"id":4809,"date":"2019-09-15T12:32:55","date_gmt":"2019-09-15T16:32:55","guid":{"rendered":"https:\/\/www.almadigital.dev\/websites\/TobaccoFreeFlorida\/for-healthcare-providers\/"},"modified":"2025-04-26T10:58:01","modified_gmt":"2025-04-26T14:58:01","slug":"profesionales-medicos","status":"publish","type":"page","link":"https:\/\/tobaccofreeflorida.com\/es\/profesionales-medicos\/","title":{"rendered":"Para profesionales m\u00e9dicos"},"content":{"rendered":"<div class=\"wpb-content-wrapper\"><p>[vc_row][vc_column][vc_empty_space height=&#8221;2em&#8221;][\/vc_column][\/vc_row][vc_row content_aligment=&#8221;center&#8221; css=&#8221;.vc_custom_1567017629529{margin-top: 0px !important;margin-right: 0px !important;margin-bottom: 0px !important;margin-left: 0px !important;border-top-width: 0px !important;border-right-width: 0px !important;border-bottom-width: 0px !important;border-left-width: 0px !important;padding-top: 0px !important;padding-right: 0px !important;padding-bottom: 0px !important;padding-left: 0px !important;}&#8221; el_class=&#8221;title-font&#8221;][vc_column css_animation=&#8221;top-to-bottom&#8221; width=&#8221;1\/6&#8243; css=&#8221;.vc_custom_1565383979793{margin-top: 0px !important;margin-right: 0px !important;margin-bottom: 0px !important;margin-left: 0px !important;border-top-width: 0px !important;border-right-width: 0px !important;border-bottom-width: 0px !important;border-left-width: 0px !important;padding-top: 0px !important;padding-right: 0px !important;padding-bottom: 0px !important;padding-left: 0px !important;}&#8221;][\/vc_column][vc_column width=&#8221;2\/3&#8243;][vc_column_text css=&#8221;.vc_custom_1676567201872{margin-top: 0px !important;margin-right: 0px !important;margin-bottom: 0px !important;margin-left: 0px !important;border-top-width: 0px !important;border-right-width: 0px !important;border-bottom-width: 0px !important;border-left-width: 0px !important;padding-right: 0px !important;padding-left: 0px !important;}&#8221; el_class=&#8221;mobile-text-padding&#8221;]<\/p>\n<h1 style=\"text-align: center;\"><span style=\"color: #414042;\"><strong>Recursos para dejar el tabaco y el cigarillo \u2014disponibles para proveedores de cuidados de salud<\/strong><\/span><\/h1>\n<p>[\/vc_column_text][\/vc_column][vc_column width=&#8221;1\/6&#8243;][\/vc_column][\/vc_row][vc_row content_width=&#8221;grid&#8221;][vc_column css_animation=&#8221;top-to-bottom&#8221;][vc_empty_space height=&#8221;1.5em&#8221;][vc_column_text el_class=&#8221;mobile-text-padding intro-text&#8221;]Los pacientes que reciben apoyo de sus proveedores de cuidados de salud tienen m\u00e1s \u00e9xito cuando intentan dejar el tabaco. Cada consulta m\u00e9dica es una oportunidad para ayudar e informar a los pacientes sobre las ventajas de dejar de fumar.<\/p>\n<p>Si sus pacientes quieren dejar de fumar, rem\u00edtalos al programa D\u00e9jalo a Tu Manera del Departamento de Salud de Florida, el cual ofrece herramientas y servicios probados y gratuitos. Sus pacientes tendr\u00e1n acceso a herramientas como la Terapia de Reemplazo de Nicotina para 4 semanas y tres llamadas de persona a persona con un coach, para ayudarles a crear un plan personalizado y comenzar su camino para dejar de fumar. Adem\u00e1s, tendr\u00e1n acceso al apoyo de un coach en vivo por texto y v\u00eda chat, asistencia automatizada por texto, y a un panel de control personalizado. Los pacientes tambi\u00e9n pueden escoger asistir a sesiones de grupo en persona o de manera virtual disponibles en horarios y lugares convenientes.[\/vc_column_text][vc_empty_space height=&#8221;1.3em&#8221;][\/vc_column][\/vc_row][vc_row][vc_column][vc_empty_space height=&#8221;2em&#8221;][\/vc_column][\/vc_row][vc_row content_width=&#8221;grid&#8221;][vc_column css_animation=&#8221;fadeInRight&#8221;][vc_row_inner css=&#8221;.vc_custom_1572442588880{background-image: url(https:\/\/tobaccofreeflorida.com\/wp-content\/uploads\/2019\/10\/nicotine_replacement_therapies-perscription_quit_aids.jpg?id=7807) !important;background-position: center !important;background-repeat: no-repeat !important;background-size: cover !important;}&#8221;][vc_column_inner el_class=&#8221;mobile-image&#8221;][vc_empty_space height=&#8221;250px&#8221; el_class=&#8221;min-image-space mobile&#8221;][\/vc_column_inner][\/vc_row_inner][vc_row_inner][vc_column_inner el_class=&#8221;module-image-leftphoto&#8221; width=&#8221;3\/5&#8243; offset=&#8221;vc_hidden-xs&#8221;][vc_single_image image=&#8221;7808&#8243; img_size=&#8221;full&#8221; alignment=&#8221;right&#8221; css_animation=&#8221;fadeInLeft&#8221;][\/vc_column_inner][vc_column_inner width=&#8221;2\/5&#8243; offset=&#8221;vc_col-xs-12&#8243;][vc_column_text el_class=&#8221;module-text-leftphoto&#8221;]<\/p>\n<h2><strong>Remita a sus pacientes<br \/>\n<\/strong><\/h2>\n<p>Dejar de fumar es dif\u00edcil, pero recibir ayuda lo hace m\u00e1s f\u00e1cil. Existen varios recursos para referidos en Florida que lo ayudan a usted y a sus pacientes, incluyendo:<\/p>\n<ul>\n<li>Para los pacientes que est\u00e9n listos para dejar de fumar en los pr\u00f3ximos 30 d\u00edas, descargue el siguiente formulario en ingl\u00e9s o espa\u00f1ol y env\u00edelo por fax al 1-866-688-7577. Cuando su informaci\u00f3n est\u00e9 ingresada en el sistema, podremos comunicarnos con ellos, o con usted, y juntos podremos ayudarlos a superar su adicci\u00f3n a la nicotina.<\/li>\n<li>Comparta el sitio Web de Tobacco Free Florida y el n\u00famero de tel\u00e9fono con sus pacientes: tobaccofreeflorida.com y 1-877-U-CAN-NOW <a class=\"exitwebsitedialphonequitSpanish pum-trigger\" style=\"cursor: pointer;\" href=\"#\" target=\"_blank\" rel=\"noopener noreferrer\"> (1-877-822-6669)<\/a>.<\/li>\n<li>Deles el folleto Quit Tip (Consejos para Dejar de Fumar).<\/li>\n<\/ul>\n<p>[\/vc_column_text][\/vc_column_inner][\/vc_row_inner][\/vc_column][\/vc_row][vc_row][vc_column][vc_empty_space height=&#8221;2em&#8221; el_class=&#8221;mobile-dis&#8221;][vc_empty_space height=&#8221;2em&#8221; el_class=&#8221;mobile-dis&#8221;][vc_empty_space height=&#8221;2em&#8221; el_class=&#8221;mobile-dis&#8221;][\/vc_column][\/vc_row][vc_row content_width=&#8221;grid&#8221;][vc_column css_animation=&#8221;fadeInLeft&#8221;][vc_row_inner css=&#8221;.vc_custom_1572442991218{background-image: url(https:\/\/tobaccofreeflorida.com\/wp-content\/uploads\/2019\/10\/for_healthcare_providers-in_office_resources-1.jpg?id=7858) !important;background-position: center !important;background-repeat: no-repeat !important;background-size: cover !important;}&#8221;][vc_column_inner el_class=&#8221;mobile-image&#8221;][vc_empty_space height=&#8221;250px&#8221; el_class=&#8221;min-image-space mobile&#8221;][\/vc_column_inner][\/vc_row_inner][vc_row_inner][vc_column_inner width=&#8221;2\/5&#8243; offset=&#8221;vc_col-xs-12&#8243;][vc_column_text el_class=&#8221;module-text-rightphoto&#8221;]<\/p>\n<h2><strong><a href=\"https:\/\/tobaccofreeflorida.com\/es\/profesionales-medicos\/formulario-de-solicitud-de-materiales-educativos\/\" aria-label=\"learn how to order educational materials\">Recursos en el consultorio<\/a><br \/>\n<\/strong><\/h2>\n<p>Tobacco Free Florida tiene una variedad de materiales para informar a sus pacientes sobre c\u00f3mo dejar el tabaco y para referirlos al Programa D\u00e9jalo a Tu Manera. Haga clic abajo para solicitar materiales. Los materiales para especialistas tambi\u00e9n est\u00e1n disponibles cuando se soliciten. Env\u00ede un correo electr\u00f3nico a <a href=\"mailto:media@tobaccofreeflorida.com\">media@tobaccofreeflorida.com<\/a> para m\u00e1s informaci\u00f3n.<\/p>\n<p><span class=\"link-text\"><a class=\"hvr-icon-forward\" href=\"https:\/\/tobaccofreeflorida.com\/es\/profesionales-medicos\/formulario-de-solicitud-de-materiales-educativos\/\" aria-label=\"learn how to order educational materials\">Formulario de pedido en l\u00ednea<img decoding=\"async\" class=\"hvr-icon\" src=\"https:\/\/tobaccofreeflorida.com\/wp-content\/uploads\/2019\/10\/Carrot-3.svg\" \/><\/a><\/span>[\/vc_column_text][\/vc_column_inner][vc_column_inner el_class=&#8221;module-image-rightphoto&#8221; width=&#8221;3\/5&#8243; offset=&#8221;vc_hidden-xs&#8221;][vc_single_image image=&#8221;7859&#8243; img_size=&#8221;full&#8221; alignment=&#8221;right&#8221; css_animation=&#8221;fadeInRight&#8221;][\/vc_column_inner][\/vc_row_inner][\/vc_column][\/vc_row][vc_row][vc_column][vc_empty_space height=&#8221;2em&#8221; el_class=&#8221;mobile-dis&#8221;][vc_empty_space height=&#8221;2em&#8221; el_class=&#8221;mobile-dis&#8221;][vc_empty_space height=&#8221;2em&#8221; el_class=&#8221;mobile-dis&#8221;][\/vc_column][\/vc_row][vc_row content_width=&#8221;grid&#8221;][vc_column css_animation=&#8221;fadeInUp&#8221; width=&#8221;2\/3&#8243;][vc_column_text css=&#8221;.vc_custom_1624371906472{padding-left: 6% !important;}&#8221; el_class=&#8221;mobile-text-padding&#8221;]<strong>Automatizada de referido<br \/>\n<\/strong>Alcance su forma automatizada de referido del proveedor o solicite una nueva para que su agencia pueda someter referidos electr\u00f3nicamente de pacientes quienes est\u00e1n listos para dejar el tabaco dentro de los pr\u00f3ximos 30 d\u00edas.[\/vc_column_text][vc_empty_space height=&#8221;1em&#8221;][\/vc_column][vc_column css_animation=&#8221;fadeInRight&#8221; width=&#8221;1\/3&#8243;]<a href=\"https:\/\/tobaccofreeflorida.com\/es\/profesionales-medicos\/encuentre-su-forma-automatizada-de-referido\/\" target=\"_self\" style=\"color: #ffffff;background-color: #00597b;border-color: #00597b\" class=\"edgtf-btn edgtf-btn-medium edgtf-btn-solid edgtf-btn-custom-hover-bg edgtf-btn-custom-border-hover edgtf-btn-custom-hover-color button-11-center\" data-hover-bg-color=\"rgba(217,236,248,0.4)\" data-hover-color=\"#00597b\" data-hover-border-color=\"rgba(217,236,248,0.4)\" >\n    <span class=\"edgtf-btn-text\">Automatizada de referido<\/span><\/a>[\/vc_column][\/vc_row][vc_row][vc_column][vc_empty_space height=&#8221;2em&#8221;][\/vc_column][\/vc_row][vc_row content_width=&#8221;grid&#8221;][vc_column css_animation=&#8221;fadeInUp&#8221; width=&#8221;2\/3&#8243;][vc_column_text css=&#8221;.vc_custom_1571334512419{padding-left: 6% !important;}&#8221; el_class=&#8221;mobile-text-padding&#8221;]<strong>Formulario para referencia del proveedor por fax<br \/>\n<\/strong>Descargue el Formulario para Referencia del Proveedor por Fax para los pacientes que est\u00e9n listos para dejar de fumar en los pr\u00f3ximos 30 d\u00edas y env\u00edelo por fax al 1-866-688-7577.[\/vc_column_text][vc_empty_space height=&#8221;1em&#8221;][\/vc_column][vc_column css_animation=&#8221;fadeInRight&#8221; width=&#8221;1\/3&#8243;]<a href=\"https:\/\/tobaccofreeflorida.com\/wp-content\/uploads\/2024\/08\/Provider-Referral-Form_v20-SPA.docx\" target=\"_blank\" style=\"color: #ffffff;background-color: #00597b;border-color: #00597b\" class=\"edgtf-btn edgtf-btn-medium edgtf-btn-solid edgtf-btn-custom-hover-bg edgtf-btn-custom-border-hover edgtf-btn-custom-hover-color button-11-center\" data-hover-bg-color=\"rgba(217,236,248,0.4)\" data-hover-color=\"#00597b\" data-hover-border-color=\"rgba(217,236,248,0.4)\" >\n    <span class=\"edgtf-btn-text\">Descargar<\/span><\/a>[\/vc_column][\/vc_row][vc_row][vc_column][vc_empty_space height=&#8221;2em&#8221;][\/vc_column][\/vc_row][vc_row content_width=&#8221;grid&#8221;][vc_column css_animation=&#8221;fadeInUp&#8221; width=&#8221;2\/3&#8243;][vc_column_text css=&#8221;.vc_custom_1571334531492{padding-left: 6% !important;}&#8221; el_class=&#8221;mobile-text-padding&#8221;]<strong>P\u00f3ster con los beneficios de dejar de fumar<br \/>\n<\/strong>Mu\u00e9streles a sus pacientes los beneficios que dejar de fumar tiene para la salud a corto y largo plazo. Ponga este p\u00f3ster en la sala de espera o en su consultorio.[\/vc_column_text][vc_empty_space height=&#8221;1em&#8221;][\/vc_column][vc_column css_animation=&#8221;fadeInRight&#8221; width=&#8221;1\/3&#8243;]<a href=\"https:\/\/tobaccofreeflorida.com\/wp-content\/uploads\/2021\/12\/TFF-HCP-Benefits-of-Quitting-Poster-SPA-11x17-11.30.2021.pdf\" target=\"_self\" style=\"color: #ffffff;background-color: #00597b;border-color: #00597b\" class=\"edgtf-btn edgtf-btn-medium edgtf-btn-solid edgtf-btn-custom-hover-bg edgtf-btn-custom-border-hover edgtf-btn-custom-hover-color button-11-center\" data-hover-bg-color=\"rgba(217,236,248,0.4)\" data-hover-color=\"#00597b\" data-hover-border-color=\"rgba(217,236,248,0.4)\" >\n    <span class=\"edgtf-btn-text\">Descargar<\/span><\/a>[\/vc_column][\/vc_row][vc_row][vc_column][vc_empty_space height=&#8221;2em&#8221;][\/vc_column][\/vc_row][vc_row content_width=&#8221;grid&#8221;][vc_column css_animation=&#8221;fadeInUp&#8221; width=&#8221;2\/3&#8243;][vc_column_text css=&#8221;.vc_custom_1571334549934{padding-left: 6% !important;}&#8221; el_class=&#8221;mobile-text-padding&#8221;]<strong>Folleto para dejar de fumar ya<br \/>\n<\/strong>Deles a sus pacientes el folleto con consejos para dejar de fumar e informaci\u00f3n acerca de nuestras herramientas y servicios gratuitos que son parte del Programa D\u00e9jalo a Tu Manera.[\/vc_column_text][vc_empty_space height=&#8221;1em&#8221;][\/vc_column][vc_column css_animation=&#8221;fadeInRight&#8221; width=&#8221;1\/3&#8243;]<a href=\"https:\/\/tobaccofreeflorida.com\/wp-content\/uploads\/2020\/12\/Quit-Tobacco-Today-Cessation-Brochure-Spanish.pdf\" target=\"_self\" style=\"color: #ffffff;background-color: #00597b;border-color: #00597b\" class=\"edgtf-btn edgtf-btn-medium edgtf-btn-solid edgtf-btn-custom-hover-bg edgtf-btn-custom-border-hover edgtf-btn-custom-hover-color button-11-center\" data-hover-bg-color=\"rgba(217,236,248,0.4)\" data-hover-color=\"#00597b\" data-hover-border-color=\"rgba(217,236,248,0.4)\" >\n    <span class=\"edgtf-btn-text\">Descargar<\/span><\/a>[\/vc_column][\/vc_row][vc_row][vc_column][vc_empty_space height=&#8221;2em&#8221;][\/vc_column][\/vc_row][vc_row content_width=&#8221;grid&#8221;][vc_column css_animation=&#8221;fadeInUp&#8221; width=&#8221;2\/3&#8243;][vc_column_text css=&#8221;.vc_custom_1571334568431{padding-left: 6% !important;}&#8221; el_class=&#8221;mobile-text-padding&#8221;]<strong>Folleto de consejos para dejar de fumar<br \/>\n<\/strong>Los consejos y las herramientas en este folleto pueden ayudar a sus pacientes a vencer los antojos, superar los s\u00edntomas de abstinencia de la nicotina y dejar el tabaco para siempre.[\/vc_column_text][vc_empty_space height=&#8221;1em&#8221;][\/vc_column][vc_column css_animation=&#8221;fadeInRight&#8221; width=&#8221;1\/3&#8243;]<a href=\"https:\/\/tobaccofreeflorida.com\/media\/downloads\/TFF-QuitTipsBooklet-Spanish-4-7-22.pdf\" target=\"_self\" style=\"color: #ffffff;background-color: #00597b;border-color: #00597b\" class=\"edgtf-btn edgtf-btn-medium edgtf-btn-solid edgtf-btn-custom-hover-bg edgtf-btn-custom-border-hover edgtf-btn-custom-hover-color button-11-center\" data-hover-bg-color=\"rgba(217,236,248,0.4)\" data-hover-color=\"#00597b\" data-hover-border-color=\"rgba(217,236,248,0.4)\" >\n    <span class=\"edgtf-btn-text\">Descargar<\/span><\/a>[\/vc_column][\/vc_row][vc_row][vc_column][vc_empty_space height=&#8221;2em&#8221;][\/vc_column][\/vc_row][vc_row content_width=&#8221;grid&#8221;][vc_column css_animation=&#8221;fadeInUp&#8221;][vc_column_text css=&#8221;.vc_custom_1566592968437{padding-right: 4% !important;padding-left: 4% !important;}&#8221; el_class=&#8221;mobile-text-padding&#8221;]<\/p>\n<h2><strong>Terapia de reemplazo de nicotina<\/strong><\/h2>\n<p>Hay terapias de reemplazo de nicotina (NRT por sus siglas en ingl\u00e9s), productos farmac\u00e9uticos y otras terapias para dejar de fumar que pueden ayudar a los fumadores a superar las ganas y los s\u00edntomas de abstinencia de la nicotina. Usar estos productos puede duplicar o triplicar las probabilidades de que el fumador deje de fumar con \u00e9xito. Nuestro Programa D\u00e9jalo a Tu Manera ofrece terapia de reemplazo de nicotina a los floridanos mayores de 18 a\u00f1os, como los parches y los chicles de nicotina, si son m\u00e9dicamente adecuados.<\/p>\n<p>Si usted prescribe una receta, el paciente que la recibe igualmente podr\u00e1 beneficiarse con nuestras herramientas y servicios gratuitos.<\/p>\n<h3>Terapia de Reemplazo de Nicotina sin Receta:<\/h3>\n<ul>\n<li><strong>Los Parches de Nicotina<\/strong> se adhieren a la piel y liberan una cantidad peque\u00f1a y constante de nicotina.<\/li>\n<li><strong>El Chicle de Nicotina<\/strong>se masca hasta producir un cosquilleo. Luego se coloca entre la mejilla y la enc\u00eda para liberar la nicotina.<\/li>\n<li><strong>Los Caramelos de Nicotina<\/strong>parecen caramelos duros que liberan nicotina a medida que se disuelven lentamente en la boca.<\/li>\n<\/ul>\n<h3>Terapia de reemplazo de nicotina solo con receta:<\/h3>\n<ul>\n<li><strong>El Inhalador de Nicotina<\/strong> es un cartucho fijado a una pieza bucal. El paciente inhala una cantidad espec\u00edfica de nicotina a trav\u00e9s de esta pieza.<\/li>\n<li><strong>El Aerosol Nasal de Nicotina<\/strong>es una botellita con atomizador que contiene nicotina. Se coloca en la nariz y se roc\u00eda.<\/li>\n<\/ul>\n<h3>Otros medicamentos con receta:<\/h3>\n<ul>\n<li><strong>Bupropi\u00f3n:<\/strong>tambi\u00e9n conocido como Zyban, ayuda a reducir los s\u00edntomas de abstinencia de la nicotina y las ganas irrefrenables de fumar. Puede usarse de manera segura conjuntamente con otra terapia de reemplazo de nicotina.<\/li>\n<li><strong>Vareniclina:<\/strong>tambi\u00e9n conocido como Chantix, ayuda a reducir los s\u00edntomas de abstinencia de la nicotina y las ganas irrefrenables de fumar. Bloquea los efectos de la nicotina de los cigarrillos si la persona vuelve a fumar.<\/li>\n<\/ul>\n<p>Todos estos medicamentos est\u00e1n aprobados por la Administraci\u00f3n de Alimentos y Medicamentos de Estados Unidos. Dicha aprobaci\u00f3n implica que el producto es probado y seguro y se ha comprobado que funciona. Siempre leer la etiqueta y las instrucciones. Solo usarlos como se indica. Habla con tu m\u00e9dico o farmac\u00e9utico si tienes alguna pregunta.<\/p>\n<p>[\/vc_column_text][vc_empty_space height=&#8221;1.5em&#8221;][\/vc_column][\/vc_row][vc_row][vc_column][vc_empty_space height=&#8221;2em&#8221; el_class=&#8221;mobile-dis&#8221;][vc_empty_space height=&#8221;2em&#8221; el_class=&#8221;mobile-dis&#8221;][vc_empty_space height=&#8221;2em&#8221; el_class=&#8221;mobile-dis&#8221;][\/vc_column][\/vc_row]<\/p>\n<\/div>","protected":false},"excerpt":{"rendered":"<p>[vc_row][vc_column][vc_empty_space height=&#8221;2em&#8221;][\/vc_column][\/vc_row][vc_row content_aligment=&#8221;center&#8221; css=&#8221;.vc_custom_1567017629529{margin-top: 0px !important;margin-right: 0px !important;margin-bottom: 0px !important;margin-left: 0px !important;border-top-width: 0px !important;border-right-width: 0px !important;border-bottom-width: 0px !important;border-left-width: 0px !important;padding-top: 0px !important;padding-right: 0px !important;padding-bottom: 0px !important;padding-left: 0px !important;}&#8221; el_class=&#8221;title-font&#8221;][vc_column css_animation=&#8221;top-to-bottom&#8221; width=&#8221;1\/6&#8243; css=&#8221;.vc_custom_1565383979793{margin-top: 0px !important;margin-right: 0px !important;margin-bottom: 0px !important;margin-left: 0px !important;border-top-width: 0px !important;border-right-width: 0px !important;border-bottom-width: 0px&#8230;<\/p>\n","protected":false},"author":2,"featured_media":0,"parent":0,"menu_order":0,"comment_status":"closed","ping_status":"closed","template":"full-width.php","meta":{"_lmt_disableupdate":"","_lmt_disable":"","footnotes":""},"class_list":["post-4809","page","type-page","status-publish","hentry"],"aioseo_notices":[],"_links":{"self":[{"href":"https:\/\/tobaccofreeflorida.com\/es\/wp-json\/wp\/v2\/pages\/4809","targetHints":{"allow":["GET"]}}],"collection":[{"href":"https:\/\/tobaccofreeflorida.com\/es\/wp-json\/wp\/v2\/pages"}],"about":[{"href":"https:\/\/tobaccofreeflorida.com\/es\/wp-json\/wp\/v2\/types\/page"}],"author":[{"embeddable":true,"href":"https:\/\/tobaccofreeflorida.com\/es\/wp-json\/wp\/v2\/users\/2"}],"replies":[{"embeddable":true,"href":"https:\/\/tobaccofreeflorida.com\/es\/wp-json\/wp\/v2\/comments?post=4809"}],"version-history":[{"count":0,"href":"https:\/\/tobaccofreeflorida.com\/es\/wp-json\/wp\/v2\/pages\/4809\/revisions"}],"wp:attachment":[{"href":"https:\/\/tobaccofreeflorida.com\/es\/wp-json\/wp\/v2\/media?parent=4809"}],"curies":[{"name":"wp","href":"https:\/\/api.w.org\/{rel}","templated":true}]}}