{"id":4826,"date":"2019-09-16T08:05:15","date_gmt":"2019-09-16T12:05:15","guid":{"rendered":"https:\/\/www.almadigital.dev\/websites\/TobaccoFreeFlorida\/politica-de-privacidad\/"},"modified":"2020-10-02T10:02:25","modified_gmt":"2020-10-02T14:02:25","slug":"privacidad","status":"publish","type":"page","link":"https:\/\/tobaccofreeflorida.com\/es\/privacidad\/","title":{"rendered":"Pol\u00edtica de privacidad"},"content":{"rendered":"<div class=\"wpb-content-wrapper\"><p>[vc_row][vc_column][vc_empty_space height=&#8221;2em&#8221;][\/vc_column][\/vc_row][vc_row content_aligment=&#8221;center&#8221; css=&#8221;.vc_custom_1567007173592{margin-top: 0px !important;margin-right: 0px !important;margin-bottom: 0px !important;margin-left: 0px !important;border-top-width: 0px !important;border-right-width: 0px !important;border-bottom-width: 0px !important;border-left-width: 0px !important;padding-top: 0px !important;padding-right: 0px !important;padding-bottom: 0px !important;padding-left: 0px !important;}&#8221; el_class=&#8221;title-font&#8221;][vc_column css_animation=&#8221;top-to-bottom&#8221; css=&#8221;.vc_custom_1565386473377{margin-top: 0px !important;margin-right: 0px !important;margin-bottom: 0px !important;margin-left: 0px !important;border-top-width: 0px !important;border-right-width: 0px !important;border-bottom-width: 0px !important;border-left-width: 0px !important;padding-top: 0px !important;padding-right: 0px !important;padding-bottom: 0px !important;padding-left: 0px !important;}&#8221;][vc_column_text css=&#8221;.vc_custom_1569265045116{margin-top: 0px !important;margin-right: 0px !important;margin-bottom: 0px !important;margin-left: 0px !important;border-top-width: 0px !important;border-right-width: 0px !important;border-bottom-width: 0px !important;border-left-width: 0px !important;padding-right: 0px !important;padding-left: 0px !important;}&#8221; el_class=&#8221;mobile-text-padding&#8221;]<\/p>\n<h1 style=\"text-align: center;\"><span style=\"color: #414042;\"><strong>Pol\u00edtica de privacidad<\/strong><\/span><\/h1>\n<p>[\/vc_column_text][\/vc_column][\/vc_row][vc_row content_width=&#8221;grid&#8221; el_class=&#8221;equal-height-12-image background-position-right&#8221; css=&#8221;.vc_custom_1567026667281{padding-right: 2.5% !important;padding-left: 2.5% !important;}&#8221;][vc_column css_animation=&#8221;top-to-bottom&#8221; width=&#8221;1\/6&#8243;][\/vc_column][vc_column width=&#8221;2\/3&#8243;][vc_empty_space height=&#8221;2em&#8221;][vc_column_text css=&#8221;.vc_custom_1601647315236{padding-right: 5% !important;padding-left: 5% !important;}&#8221; el_class=&#8221;mobile-text-padding&#8221;]Gracias por visitar el sitio web de Tobacco Free Florida. Tu privacidad es importante para nosotros. Dicho de manera simple, nuestra pol\u00edtica es no recopilar ninguna informaci\u00f3n sobre ti cuando visitas los sitios web de Tobacco Free Florida, excepto cuando t\u00fa claramente elijas poner dicha informaci\u00f3n a nuestra disposici\u00f3n. Este sitio est\u00e1 dirigido a usuarios de 13 a\u00f1os de edad y mayores.<\/p>\n<p>Cuando visitas el portal de Tobacco Free Florida, el servidor web reconoce autom\u00e1ticamente solo el dominio de Internet y la direcci\u00f3n IP desde donde accediste al sitio. Esta informaci\u00f3n no resulta en la identificaci\u00f3n de tu direcci\u00f3n de correo electr\u00f3nico ni de ning\u00fan otro dato personal.<\/p>\n<p>Adem\u00e1s, solamente se obtiene informaci\u00f3n sobre el volumen y horas de acceso al sitio mediante el registro de la fecha y la hora, y las p\u00e1ginas que visitas mientras te hallas en el sitio. Hacemos esto con el prop\u00f3sito de mejorar el contenido del sitio, sin identificar tu informaci\u00f3n personal.<\/p>\n<p>Si eliges compartir tu informaci\u00f3n personal al suscribirte a un bolet\u00edn electr\u00f3nico, enviar un mensaje o rellenar un formulario electr\u00f3nico con informaci\u00f3n personal, dicha informaci\u00f3n ser\u00e1 guardada por un per\u00edodo determinado en cumplimiento de las pol\u00edticas de archivo de datos del estado de Florida.<\/p>\n<p>Sin embargo, la informaci\u00f3n no ser\u00e1 divulgada a terceros ni a ninguna otra agencia del gobierno a menos que la ley estatal o federal as\u00ed lo exija, o para cumplir con una orden del tribunal o mandato judicial, o cuando sea necesario para que nuestros proveedores de servicios puedan administrar el sitio web y ayudarnos en nuestras campa\u00f1as. En tales casos, exigimos que dichas compa\u00f1\u00edas firmen un acuerdo de confidencialidad como parte de su contrato con nosotros.<\/p>\n<p>Debes saber que las leyes de registros p\u00fablicos de Florida requieren que toda informaci\u00f3n que se reciba en relaci\u00f3n con las operaciones del estado se ponga a disposici\u00f3n de quien la solicite, salvo que dicha informaci\u00f3n est\u00e9 sujeta a exenciones estatutarias. Esto puede incluir dar a conocer tu direcci\u00f3n de correo electr\u00f3nico, la cual se considera un registro p\u00fablico para la ley de Florida.<\/p>\n<p>Si tienes alguna otra pregunta sobre esta pol\u00edtica de privacidad, o si tienes sugerencias sobre c\u00f3mo podr\u00eda mejorarse, no dudes en escribirnos a <a href=\"mailto:contact@tobaccofreeflorida.com\">contact@tobaccofreeflorida.com<\/a> o llamarnos al <a href=\"tel:8502454144\">(850) 245-4144<\/a>.[\/vc_column_text][vc_empty_space height=&#8221;2em&#8221;][\/vc_column][vc_column width=&#8221;1\/6&#8243;][\/vc_column][\/vc_row][vc_row content_width=&#8221;grid&#8221; el_class=&#8221;equal-height-12-image background-position-right&#8221; css=&#8221;.vc_custom_1567026701205{padding-right: 2.5% !important;padding-left: 2.5% !important;}&#8221;][vc_column css_animation=&#8221;top-to-bottom&#8221; width=&#8221;1\/6&#8243;][\/vc_column][vc_column width=&#8221;2\/3&#8243;][vc_empty_space height=&#8221;2em&#8221;][vc_column_text css=&#8221;.vc_custom_1601647340718{padding-right: 5% !important;padding-left: 5% !important;}&#8221; el_class=&#8221;mobile-text-padding&#8221;]<span class=\"footnote\"><em>*Bajo las leyes de Florida, las direcciones de correo electr\u00f3nico son registros p\u00fablicos. Si no deseas que tu direcci\u00f3n de correo electr\u00f3nico se divulgue como resultado de una solicitud de registros p\u00fablicos, no env\u00edes correos electr\u00f3nicos a esta entidad y comun\u00edcate con la misma por tel\u00e9fono o por correo postal.<\/em><\/span>[\/vc_column_text][vc_empty_space height=&#8221;2em&#8221;][vc_empty_space height=&#8221;2em&#8221;][vc_empty_space height=&#8221;2em&#8221;][\/vc_column][vc_column width=&#8221;1\/6&#8243;][\/vc_column][\/vc_row]<\/p>\n<\/div>","protected":false},"excerpt":{"rendered":"<p>[vc_row][vc_column][vc_empty_space height=&#8221;2em&#8221;][\/vc_column][\/vc_row][vc_row content_aligment=&#8221;center&#8221; css=&#8221;.vc_custom_1567007173592{margin-top: 0px !important;margin-right: 0px !important;margin-bottom: 0px !important;margin-left: 0px !important;border-top-width: 0px !important;border-right-width: 0px !important;border-bottom-width: 0px !important;border-left-width: 0px !important;padding-top: 0px !important;padding-right: 0px !important;padding-bottom: 0px !important;padding-left: 0px !important;}&#8221; el_class=&#8221;title-font&#8221;][vc_column css_animation=&#8221;top-to-bottom&#8221; css=&#8221;.vc_custom_1565386473377{margin-top: 0px !important;margin-right: 0px !important;margin-bottom: 0px !important;margin-left: 0px !important;border-top-width: 0px !important;border-right-width: 0px !important;border-bottom-width: 0px !important;border-left-width:&#8230;<\/p>\n","protected":false},"author":2,"featured_media":0,"parent":0,"menu_order":0,"comment_status":"closed","ping_status":"closed","template":"full-width.php","meta":{"_lmt_disableupdate":"","_lmt_disable":"","footnotes":""},"class_list":["post-4826","page","type-page","status-publish","hentry"],"aioseo_notices":[],"_links":{"self":[{"href":"https:\/\/tobaccofreeflorida.com\/es\/wp-json\/wp\/v2\/pages\/4826","targetHints":{"allow":["GET"]}}],"collection":[{"href":"https:\/\/tobaccofreeflorida.com\/es\/wp-json\/wp\/v2\/pages"}],"about":[{"href":"https:\/\/tobaccofreeflorida.com\/es\/wp-json\/wp\/v2\/types\/page"}],"author":[{"embeddable":true,"href":"https:\/\/tobaccofreeflorida.com\/es\/wp-json\/wp\/v2\/users\/2"}],"replies":[{"embeddable":true,"href":"https:\/\/tobaccofreeflorida.com\/es\/wp-json\/wp\/v2\/comments?post=4826"}],"version-history":[{"count":0,"href":"https:\/\/tobaccofreeflorida.com\/es\/wp-json\/wp\/v2\/pages\/4826\/revisions"}],"wp:attachment":[{"href":"https:\/\/tobaccofreeflorida.com\/es\/wp-json\/wp\/v2\/media?parent=4826"}],"curies":[{"name":"wp","href":"https:\/\/api.w.org\/{rel}","templated":true}]}}