{"id":4837,"date":"2019-09-16T08:15:33","date_gmt":"2019-09-16T12:15:33","guid":{"rendered":"https:\/\/www.almadigital.dev\/websites\/TobaccoFreeFlorida\/recursos-de-prensa-y-medios-de-comunicacion\/logotipos\/"},"modified":"2025-07-24T06:02:49","modified_gmt":"2025-07-24T10:02:49","slug":"logotipos","status":"publish","type":"page","link":"https:\/\/tobaccofreeflorida.com\/es\/recursos-de-prensa\/logotipos\/","title":{"rendered":"Logotipos"},"content":{"rendered":"<div class=\"wpb-content-wrapper\"><p>[vc_row][vc_column][vc_empty_space height=&#8221;2em&#8221;][\/vc_column][\/vc_row][vc_row content_aligment=&#8221;center&#8221; css=&#8221;.vc_custom_1567007173592{margin-top: 0px !important;margin-right: 0px !important;margin-bottom: 0px !important;margin-left: 0px !important;border-top-width: 0px !important;border-right-width: 0px !important;border-bottom-width: 0px !important;border-left-width: 0px !important;padding-top: 0px !important;padding-right: 0px !important;padding-bottom: 0px !important;padding-left: 0px !important;}&#8221; el_class=&#8221;title-font&#8221;][vc_column css_animation=&#8221;top-to-bottom&#8221; css=&#8221;.vc_custom_1565386473377{margin-top: 0px !important;margin-right: 0px !important;margin-bottom: 0px !important;margin-left: 0px !important;border-top-width: 0px !important;border-right-width: 0px !important;border-bottom-width: 0px !important;border-left-width: 0px !important;padding-top: 0px !important;padding-right: 0px !important;padding-bottom: 0px !important;padding-left: 0px !important;}&#8221;][vc_column_text css=&#8221;.vc_custom_1569251015649{margin-top: 0px !important;margin-right: 0px !important;margin-bottom: 0px !important;margin-left: 0px !important;border-top-width: 0px !important;border-right-width: 0px !important;border-bottom-width: 0px !important;border-left-width: 0px !important;padding-right: 0px !important;padding-left: 0px !important;}&#8221; el_class=&#8221;mobile-text-padding&#8221;]<\/p>\n<h1 style=\"text-align: center;\"><span style=\"color: #414042;\"><strong>Logotipos<\/strong><\/span><\/h1>\n<p>[\/vc_column_text][\/vc_column][\/vc_row][vc_row content_width=&#8221;grid&#8221;][vc_column css_animation=&#8221;top-to-bottom&#8221; width=&#8221;1\/6&#8243;][\/vc_column][vc_column width=&#8221;2\/3&#8243;][vc_empty_space height=&#8221;1.5em&#8221;][vc_column_text el_class=&#8221;mobile-text-padding intro-text center-text&#8221;]Nuestra identidad se inspira en las nubes \u2014una representaci\u00f3n visual del aire puro\u2014 para enfatizar nuestra misi\u00f3n. Aqu\u00ed est\u00e1n el logotipo oficial de Tobacco Free Florida (TFF) y la imagen que incluye los logotipos de TFF y del Departamento de Salud de Florida.[\/vc_column_text][vc_empty_space height=&#8221;1.3em&#8221;][\/vc_column][vc_column width=&#8221;1\/6&#8243;][\/vc_column][\/vc_row][vc_row content_width=&#8221;grid&#8221; el_class=&#8221;mobile-text-padding-double-image-ribbon&#8221;][vc_column css_animation=&#8221;fadeInLeft&#8221; width=&#8221;1\/2&#8243;][vc_empty_space height=&#8221;3em&#8221; el_class=&#8221;mobile-dis&#8221;][vc_single_image image=&#8221;11094&#8243; img_size=&#8221;full&#8221; alignment=&#8221;center&#8221; style=&#8221;vc_box_shadow&#8221; css_animation=&#8221;none&#8221; css=&#8221;&#8221; el_class=&#8221;module-image-leftphoto&#8221;][vc_empty_space height=&#8221;1em&#8221; el_class=&#8221;mobile-dis&#8221;][vc_column_text css=&#8221;&#8221; el_class=&#8221;module-text-centerphoto&#8221;]<span class=\"link-text\"><a class=\"hvr-icon-forward\" href=\"https:\/\/tobaccofreeflorida.com\/wp-content\/uploads\/2025\/07\/Florida-Health-TFF-Logo-Lockup-2025.zip\" aria-label=\"download tobacco free florida and department of health logo\">Descargar<img decoding=\"async\" class=\"hvr-icon\" src=\"https:\/\/tobaccofreeflorida.com\/wp-content\/uploads\/2019\/10\/Carrot-3.svg\" \/><\/a><\/span>[\/vc_column_text][vc_empty_space height=&#8221;2em&#8221;][\/vc_column][vc_column css_animation=&#8221;fadeInRight&#8221; width=&#8221;1\/2&#8243;][vc_empty_space height=&#8221;3em&#8221; el_class=&#8221;mobile-dis&#8221;][vc_single_image image=&#8221;3309&#8243; img_size=&#8221;full&#8221; alignment=&#8221;center&#8221; style=&#8221;vc_box_shadow&#8221; css_animation=&#8221;none&#8221; el_class=&#8221;module-image-rightphoto&#8221;][vc_empty_space height=&#8221;1em&#8221; el_class=&#8221;mobile-dis&#8221;][vc_column_text el_class=&#8221;module-text-centerphoto&#8221;]<span class=\"link-text\"><a class=\"hvr-icon-forward\" href=\"https:\/\/tobaccofreeflorida.com\/wp-content\/uploads\/2019\/08\/TFFdotCom_BlueLogo4.png\" aria-label=\"download tobacco free florida logo\">Descargar<img decoding=\"async\" class=\"hvr-icon\" src=\"https:\/\/tobaccofreeflorida.com\/wp-content\/uploads\/2019\/10\/Carrot-3.svg\" \/><\/a><\/span>[\/vc_column_text][vc_empty_space height=&#8221;2em&#8221;][\/vc_column][\/vc_row][vc_row content_width=&#8221;grid&#8221;][vc_column css_animation=&#8221;fadeInUp&#8221;][vc_empty_space height=&#8221;3em&#8221;][vc_row_inner][vc_column_inner width=&#8221;1\/4&#8243;][\/vc_column_inner][vc_column_inner width=&#8221;1\/2&#8243;]<a href=\"https:\/\/tobaccofreeflorida.com\/es\/recursos-de-prensa\/\" target=\"_self\" style=\"color: #ffffff;background-color: #00597b;border-color: #00597b\" class=\"edgtf-btn edgtf-btn-medium edgtf-btn-solid edgtf-btn-custom-hover-bg edgtf-btn-custom-border-hover edgtf-btn-custom-hover-color button-02-largecenter\" data-hover-bg-color=\"rgba(217,236,248,0.4)\" data-hover-color=\"#00597b\" data-hover-border-color=\"rgba(217,236,248,0.4)\" >\n    <span class=\"edgtf-btn-text\">Volver a los recursos de los medios<\/span><\/a>[\/vc_column_inner][vc_column_inner width=&#8221;1\/4&#8243;][\/vc_column_inner][\/vc_row_inner][vc_empty_space height=&#8221;3em&#8221;][\/vc_column][\/vc_row][vc_row][vc_column][vc_empty_space height=&#8221;2em&#8221; el_class=&#8221;mobile-dis&#8221;][vc_empty_space height=&#8221;2em&#8221; el_class=&#8221;mobile-dis&#8221;][vc_empty_space height=&#8221;2em&#8221; el_class=&#8221;mobile-dis&#8221;][\/vc_column][\/vc_row]<\/p>\n<\/div>","protected":false},"excerpt":{"rendered":"<p>[vc_row][vc_column][vc_empty_space height=&#8221;2em&#8221;][\/vc_column][\/vc_row][vc_row content_aligment=&#8221;center&#8221; css=&#8221;.vc_custom_1567007173592{margin-top: 0px !important;margin-right: 0px !important;margin-bottom: 0px !important;margin-left: 0px !important;border-top-width: 0px !important;border-right-width: 0px !important;border-bottom-width: 0px !important;border-left-width: 0px !important;padding-top: 0px !important;padding-right: 0px !important;padding-bottom: 0px !important;padding-left: 0px !important;}&#8221; el_class=&#8221;title-font&#8221;][vc_column css_animation=&#8221;top-to-bottom&#8221; css=&#8221;.vc_custom_1565386473377{margin-top: 0px !important;margin-right: 0px !important;margin-bottom: 0px !important;margin-left: 0px !important;border-top-width: 0px !important;border-right-width: 0px !important;border-bottom-width: 0px !important;border-left-width:&#8230;<\/p>\n","protected":false},"author":2,"featured_media":0,"parent":4829,"menu_order":0,"comment_status":"closed","ping_status":"closed","template":"","meta":{"_lmt_disableupdate":"","_lmt_disable":"","footnotes":""},"class_list":["post-4837","page","type-page","status-publish","hentry"],"aioseo_notices":[],"_links":{"self":[{"href":"https:\/\/tobaccofreeflorida.com\/es\/wp-json\/wp\/v2\/pages\/4837","targetHints":{"allow":["GET"]}}],"collection":[{"href":"https:\/\/tobaccofreeflorida.com\/es\/wp-json\/wp\/v2\/pages"}],"about":[{"href":"https:\/\/tobaccofreeflorida.com\/es\/wp-json\/wp\/v2\/types\/page"}],"author":[{"embeddable":true,"href":"https:\/\/tobaccofreeflorida.com\/es\/wp-json\/wp\/v2\/users\/2"}],"replies":[{"embeddable":true,"href":"https:\/\/tobaccofreeflorida.com\/es\/wp-json\/wp\/v2\/comments?post=4837"}],"version-history":[{"count":0,"href":"https:\/\/tobaccofreeflorida.com\/es\/wp-json\/wp\/v2\/pages\/4837\/revisions"}],"up":[{"embeddable":true,"href":"https:\/\/tobaccofreeflorida.com\/es\/wp-json\/wp\/v2\/pages\/4829"}],"wp:attachment":[{"href":"https:\/\/tobaccofreeflorida.com\/es\/wp-json\/wp\/v2\/media?parent=4837"}],"curies":[{"name":"wp","href":"https:\/\/api.w.org\/{rel}","templated":true}]}}