{"id":4842,"date":"2019-09-16T08:23:03","date_gmt":"2019-09-16T12:23:03","guid":{"rendered":"https:\/\/www.almadigital.dev\/websites\/TobaccoFreeFlorida\/recursos-de-prensa-y-medios-de-comunicacion\/comunicados-de-prensa\/"},"modified":"2021-01-29T11:24:10","modified_gmt":"2021-01-29T16:24:10","slug":"comunicados-de-prensa","status":"publish","type":"page","link":"https:\/\/tobaccofreeflorida.com\/es\/recursos-de-prensa\/comunicados-de-prensa\/","title":{"rendered":"Comunicados de prensa"},"content":{"rendered":"<div class=\"wpb-content-wrapper\"><p>[vc_row][vc_column][vc_empty_space height=&#8221;2em&#8221;][\/vc_column][\/vc_row][vc_row content_aligment=&#8221;center&#8221; css=&#8221;.vc_custom_1567007173592{margin-top: 0px !important;margin-right: 0px !important;margin-bottom: 0px !important;margin-left: 0px !important;border-top-width: 0px !important;border-right-width: 0px !important;border-bottom-width: 0px !important;border-left-width: 0px !important;padding-top: 0px !important;padding-right: 0px !important;padding-bottom: 0px !important;padding-left: 0px !important;}&#8221; el_class=&#8221;title-font&#8221;][vc_column css_animation=&#8221;top-to-bottom&#8221; css=&#8221;.vc_custom_1565386473377{margin-top: 0px !important;margin-right: 0px !important;margin-bottom: 0px !important;margin-left: 0px !important;border-top-width: 0px !important;border-right-width: 0px !important;border-bottom-width: 0px !important;border-left-width: 0px !important;padding-top: 0px !important;padding-right: 0px !important;padding-bottom: 0px !important;padding-left: 0px !important;}&#8221;][vc_column_text css=&#8221;.vc_custom_1569248109870{margin-top: 0px !important;margin-right: 0px !important;margin-bottom: 0px !important;margin-left: 0px !important;border-top-width: 0px !important;border-right-width: 0px !important;border-bottom-width: 0px !important;border-left-width: 0px !important;padding-right: 0px !important;padding-left: 0px !important;}&#8221; el_class=&#8221;mobile-text-padding&#8221;]<\/p>\n<h1 style=\"text-align: center;\"><span style=\"color: #414042;\"><strong>Comunicados de prensa<\/strong><\/span><\/h1>\n<p>[\/vc_column_text][\/vc_column][\/vc_row][vc_row content_width=&#8221;grid&#8221;][vc_column css_animation=&#8221;top-to-bottom&#8221; width=&#8221;1\/6&#8243;][\/vc_column][vc_column width=&#8221;2\/3&#8243;][vc_empty_space height=&#8221;1.5em&#8221;][vc_column_text el_class=&#8221;mobile-text-padding intro-text center-text&#8221;]Gracias por ayudarnos a proteger a los j\u00f3venes y a los adultos de Florida contra los peligros del tabaco.Consulta los comunicados de prensa que aparecen a continuaci\u00f3n, pero no dejes de <a href=\"https:\/\/tobaccofreeflorida.com\/es\/recursos-de-prensa\/\">comunicarte con nosotros<\/a> si necesitas informaci\u00f3n adicional.[\/vc_column_text][vc_empty_space height=&#8221;1.3em&#8221;][\/vc_column][vc_column width=&#8221;1\/6&#8243;][\/vc_column][\/vc_row][vc_row][vc_column][vc_empty_space height=&#8221;3em&#8221;][\/vc_column][\/vc_row][vc_row content_width=&#8221;grid&#8221;][vc_column css_animation=&#8221;fadeInUp&#8221; width=&#8221;2\/3&#8243;][vc_column_text el_class=&#8221;mobile-text-padding&#8221; css=&#8221;.vc_custom_1571832791276{padding-right: 6% !important;padding-left: 6% !important;}&#8221;]<\/p>\n<h2 style=\"font-size: 1em;\"><strong>4\/22\/2019, LA SEMANA DE TOBACCO FREE FLORIDA DESTACA LA EPIDEMIA DE USO JUVENIL DE CIGARRILLOS ELECTR\u00d3NICOS<\/strong><\/h2>\n<p>El gobierno federal declar\u00f3 el uso de cigarrillos electr\u00f3nicos o vaporizadores por j\u00f3venes una epidemia en todo el pa\u00eds. A la luz de estas preocupaciones y la informaci\u00f3n err\u00f3nea que rodea este tema, la Oficina de Tobacco Free Florida est\u00e1 ayudando a educar a los padres, educadores, pediatras y socios sobre lo que necesitan saber sobre el uso de cigarrillos electr\u00f3nicos y la juventud. El tema de la Semana de Tobacco Free Florida, del 22 al 28 de abril, de este a\u00f1o es Epidemia electr\u00f3nica: vapeo y juventud.[\/vc_column_text][\/vc_column][vc_column css_animation=&#8221;fadeInRight&#8221; width=&#8221;1\/3&#8243;]<a href=\"https:\/\/tobaccofreeflorida.com\/wp-content\/uploads\/2019\/10\/TFF-Week-2019-Press-Release-SPA.pdf\" target=\"_blank\" style=\"color: #ffffff;background-color: #005f85;border-color: #005f85\" class=\"edgtf-btn edgtf-btn-medium edgtf-btn-solid edgtf-btn-custom-hover-bg edgtf-btn-custom-border-hover edgtf-btn-custom-hover-color button-11-center\" data-hover-bg-color=\"rgba(217,236,248,0.4)\" data-hover-color=\"#005f85\" data-hover-border-color=\"rgba(217,236,248,0.4)\" >\n    <span class=\"edgtf-btn-text\">Inf\u00f3rmate m\u00e1s<\/span><\/a>[\/vc_column][\/vc_row][vc_row][vc_column][vc_empty_space height=&#8221;3em&#8221;][\/vc_column][\/vc_row][vc_row content_width=&#8221;grid&#8221;][vc_column css_animation=&#8221;fadeInUp&#8221; width=&#8221;2\/3&#8243;][vc_column_text el_class=&#8221;mobile-text-padding&#8221; css=&#8221;.vc_custom_1571833035266{padding-right: 6% !important;padding-left: 6% !important;}&#8221;]<\/p>\n<h2 style=\"font-size: 1em;\"><strong>2\/6\/2019, NO RENUNCIE A DEJAR DE FUMAR<\/strong><\/h2>\n<p>Las resoluciones de A\u00f1o Nuevo no siempre van seg\u00fan lo planeado. Para la segunda semana de febrero, aproximadamente cuatro de cada cinco resoluciones, fracasan. Dejar de fumar no es diferente. Para muchos fumadores, dejar de fumar para siempre puede tomar varios intentos.[\/vc_column_text][\/vc_column][vc_column css_animation=&#8221;fadeInRight&#8221; width=&#8221;1\/3&#8243;]<a href=\"https:\/\/tobaccofreeflorida.com\/wp-content\/uploads\/2019\/10\/TFF-Press-Release-Relapse-SPA.pdf\" target=\"_blank\" style=\"color: #ffffff;background-color: #00597b;border-color: #00597b\" class=\"edgtf-btn edgtf-btn-medium edgtf-btn-solid edgtf-btn-custom-hover-bg edgtf-btn-custom-border-hover edgtf-btn-custom-hover-color button-11-center\" data-hover-bg-color=\"rgba(217,236,248,0.4)\" data-hover-color=\"#005f85\" data-hover-border-color=\"rgba(217,236,248,0.4)\" >\n    <span class=\"edgtf-btn-text\">Inf\u00f3rmate m\u00e1s<\/span><\/a>[\/vc_column][\/vc_row][vc_row][vc_column][vc_empty_space height=&#8221;3em&#8221;][\/vc_column][\/vc_row][vc_row content_width=&#8221;grid&#8221;][vc_column css_animation=&#8221;fadeInUp&#8221; width=&#8221;2\/3&#8243;][vc_column_text el_class=&#8221;mobile-text-padding&#8221; css=&#8221;.vc_custom_1571833138748{padding-right: 6% !important;padding-left: 6% !important;}&#8221;]<\/p>\n<h2 style=\"font-size: 1em;\"><strong>9\/12\/2018, LA RESPUESTA DE TOBACCO FREE FLORIDA A LA DECLARACIO\u0301N DE LA FDA SOBRE LA EPIDEMIA DEL USO DE CIGARRILLOS ELECTRO\u0301NICOS POR PARTE DE LOS JO\u0301VENES<\/strong><\/h2>\n<p>El 12 de septiembre de 2018, el comisionado de la Administracio\u0301n de Alimentos y Medicamentos (FDA, por sus siglas en ingle\u0301s), Scott Gottlieb, M.D., publico\u0301 un comunicado que declara que el uso de los cigarrillos electro\u0301nicos por parte de los jo\u0301venes es una epidemia. La FDA tambie\u0301n anuncio\u0301 que presento\u0301 ma\u0301s de 1,300 cartas de advertencia y multas a los vendedores, lo que incluyo\u0301 el pedido a los cinco principales fabricantes de cigarrillos electro\u0301nicos \u2013JUUL, Vuse, MarkTen, blu y Logic\u2013 de planes detallados para abordar el uso generalizado de estos dispositivos entre los jo\u0301venes, en el plazo de 60 di\u0301as. Adema\u0301s, la organizacio\u0301n investigara\u0301 las pra\u0301cticas de marketing y ventas de estas marcas, ya que se relacionan con este dra\u0301stico aumento del uso de cigarrillos electro\u0301nicos por parte de los adolescentes.[\/vc_column_text][\/vc_column][vc_column css_animation=&#8221;fadeInRight&#8221; width=&#8221;1\/3&#8243;]<a href=\"https:\/\/tobaccofreeflorida.com\/wp-content\/uploads\/2019\/10\/Statement-in-Response-to-FDA-Statement-Spa.pdf\" target=\"_blank\" style=\"color: #ffffff;background-color: #00597b;border-color: #00597b\" class=\"edgtf-btn edgtf-btn-medium edgtf-btn-solid edgtf-btn-custom-hover-bg edgtf-btn-custom-border-hover edgtf-btn-custom-hover-color button-11-center\" data-hover-bg-color=\"rgba(217,236,248,0.4)\" data-hover-color=\"#005f85\" data-hover-border-color=\"rgba(217,236,248,0.4)\" >\n    <span class=\"edgtf-btn-text\">Inf\u00f3rmate m\u00e1s<\/span><\/a>[\/vc_column][\/vc_row][vc_row][vc_column][vc_empty_space height=&#8221;3em&#8221;][\/vc_column][\/vc_row][vc_row content_width=&#8221;grid&#8221;][vc_column css_animation=&#8221;fadeInUp&#8221; width=&#8221;2\/3&#8243;][vc_column_text el_class=&#8221;mobile-text-padding&#8221; css=&#8221;.vc_custom_1571833231345{padding-right: 6% !important;padding-left: 6% !important;}&#8221;]<\/p>\n<h2 style=\"font-size: 1em;\"><strong>03\/29\/2018, TOBACCO FREE FLORIDA SE ENFOCA EN LAS DISPARIDADES DURANTE LA SEMANA DE TFF<\/strong><\/h2>\n<p>El programa Tobacco Free Florida del Departamento de Salud de la Florida lanzar\u00e1 una nueva iniciativa durante la conmemoraci\u00f3n anual de la Semana de Tobacco Free Florida, que ser\u00e1 del 2 al 8 de abril. El tema de este a\u00f1o, Logrando la Equidad en Salud, genera conciencia sobre las disparidades de salud relacionadas con el tabaquismo que existen en el estado. Promover la equidad de salud \u2014que cada persona alcance un estado de salud \u00f3ptimo\u2014 es una prioridad en todo el estado, que se destaca en el plan de mejora sanitaria del estado recientemente revisado.[\/vc_column_text][\/vc_column][vc_column css_animation=&#8221;fadeInRight&#8221; width=&#8221;1\/3&#8243;]<a href=\"https:\/\/tobaccofreeflorida.com\/wp-content\/uploads\/2019\/10\/Statewide-Press-Release-Tobacco-Free-Florida-Week-2018-SPA.pdf\" target=\"_blank\" style=\"color: #ffffff;background-color: #005f85;border-color: #00597b\" class=\"edgtf-btn edgtf-btn-medium edgtf-btn-solid edgtf-btn-custom-hover-bg edgtf-btn-custom-border-hover edgtf-btn-custom-hover-color button-11-center\" data-hover-bg-color=\"rgba(217,236,248,0.4)\" data-hover-color=\"#005f85\" data-hover-border-color=\"rgba(217,236,248,0.4)\" >\n    <span class=\"edgtf-btn-text\">Inf\u00f3rmate m\u00e1s<\/span><\/a>[\/vc_column][\/vc_row][vc_row][vc_column][vc_empty_space height=&#8221;3em&#8221;][\/vc_column][\/vc_row][vc_row content_width=&#8221;grid&#8221;][vc_column css_animation=&#8221;fadeInUp&#8221; width=&#8221;2\/3&#8243;][vc_column_text el_class=&#8221;mobile-text-padding&#8221; css=&#8221;.vc_custom_1571833375274{padding-right: 6% !important;padding-left: 6% !important;}&#8221;]<\/p>\n<h2 style=\"font-size: 1em;\"><strong>5\/04\/2017, \u00bfCu\u00e1l es El Verdadero Costo de Fumar?<\/strong><\/h2>\n<p>El gobernador Rick Scott anunci\u00f3 que la Semana de Tobacco Free Florida ser\u00e1 del 7 al 13 de mayo. Este a\u00f1o, el tema de la Semana de Tobacco Free Florida del Departamento de Salud de la Florida es El Costo de Fumar, que se enfoca en lo que les cuesta el tabaquismo a los habitantes de la Florida, tanto a nivel f\u00edsico como econ\u00f3mico. La cantidad de dinero que gastan los fumadores puede ser considerable. Un fumador que consuma un paquete de cigarrillos al d\u00eda en la Florida puede gastar m\u00e1s de $2.100 d\u00f3lares en cigarrillos en solo un a\u00f1o y m\u00e1s de $10.500 d\u00f3lares en cinco a\u00f1os.[\/vc_column_text][\/vc_column][vc_column css_animation=&#8221;fadeInRight&#8221; width=&#8221;1\/3&#8243;]<a href=\"https:\/\/tobaccofreeflorida.com\/wp-content\/uploads\/2019\/10\/Cost-of-Smoking_TFF-Week-2017-SPANISH-Infographic.pdf\" target=\"_blank\" style=\"color: #ffffff;background-color: #005f85;border-color: #00597b\" class=\"edgtf-btn edgtf-btn-medium edgtf-btn-solid edgtf-btn-custom-hover-bg edgtf-btn-custom-border-hover edgtf-btn-custom-hover-color button-11-center\" data-hover-bg-color=\"rgba(217,236,248,0.4)\" data-hover-color=\"#005f85\" data-hover-border-color=\"rgba(217,236,248,0.4)\" >\n    <span class=\"edgtf-btn-text\">Inf\u00f3rmate m\u00e1s<\/span><\/a>[\/vc_column][\/vc_row][vc_row content_width=&#8221;grid&#8221;][vc_column css_animation=&#8221;fadeInUp&#8221;][vc_empty_space height=&#8221;3em&#8221;][vc_row_inner][vc_column_inner width=&#8221;1\/4&#8243;][\/vc_column_inner][vc_column_inner width=&#8221;1\/2&#8243;]<a href=\"https:\/\/tobaccofreeflorida.com\/es\/recursos-de-prensa\/\" target=\"_self\" style=\"color: #ffffff;background-color: #00597b;border-color: #00597b\" class=\"edgtf-btn edgtf-btn-medium edgtf-btn-solid edgtf-btn-custom-hover-bg edgtf-btn-custom-border-hover edgtf-btn-custom-hover-color button-02-largecenter\" data-hover-bg-color=\"rgba(217,236,248,0.4)\" data-hover-color=\"#005f85\" data-hover-border-color=\"rgba(217,236,248,0.4)\" >\n    <span class=\"edgtf-btn-text\">Volver a los recursos de los medios<\/span><\/a>[\/vc_column_inner][vc_column_inner width=&#8221;1\/4&#8243;][\/vc_column_inner][\/vc_row_inner][vc_empty_space height=&#8221;3em&#8221;][\/vc_column][\/vc_row][vc_row][vc_column][vc_empty_space height=&#8221;3em&#8221;][\/vc_column][\/vc_row][vc_row][vc_column][vc_empty_space height=&#8221;2em&#8221;][\/vc_column][\/vc_row]<\/p>\n<\/div>","protected":false},"excerpt":{"rendered":"<p>[vc_row][vc_column][vc_empty_space height=&#8221;2em&#8221;][\/vc_column][\/vc_row][vc_row content_aligment=&#8221;center&#8221; css=&#8221;.vc_custom_1567007173592{margin-top: 0px !important;margin-right: 0px !important;margin-bottom: 0px !important;margin-left: 0px !important;border-top-width: 0px !important;border-right-width: 0px !important;border-bottom-width: 0px !important;border-left-width: 0px !important;padding-top: 0px !important;padding-right: 0px !important;padding-bottom: 0px !important;padding-left: 0px !important;}&#8221; el_class=&#8221;title-font&#8221;][vc_column css_animation=&#8221;top-to-bottom&#8221; css=&#8221;.vc_custom_1565386473377{margin-top: 0px !important;margin-right: 0px !important;margin-bottom: 0px !important;margin-left: 0px !important;border-top-width: 0px !important;border-right-width: 0px !important;border-bottom-width: 0px !important;border-left-width:&#8230;<\/p>\n","protected":false},"author":2,"featured_media":0,"parent":4829,"menu_order":0,"comment_status":"closed","ping_status":"closed","template":"full-width.php","meta":{"_lmt_disableupdate":"","_lmt_disable":"","footnotes":""},"class_list":["post-4842","page","type-page","status-publish","hentry"],"aioseo_notices":[],"_links":{"self":[{"href":"https:\/\/tobaccofreeflorida.com\/es\/wp-json\/wp\/v2\/pages\/4842","targetHints":{"allow":["GET"]}}],"collection":[{"href":"https:\/\/tobaccofreeflorida.com\/es\/wp-json\/wp\/v2\/pages"}],"about":[{"href":"https:\/\/tobaccofreeflorida.com\/es\/wp-json\/wp\/v2\/types\/page"}],"author":[{"embeddable":true,"href":"https:\/\/tobaccofreeflorida.com\/es\/wp-json\/wp\/v2\/users\/2"}],"replies":[{"embeddable":true,"href":"https:\/\/tobaccofreeflorida.com\/es\/wp-json\/wp\/v2\/comments?post=4842"}],"version-history":[{"count":0,"href":"https:\/\/tobaccofreeflorida.com\/es\/wp-json\/wp\/v2\/pages\/4842\/revisions"}],"up":[{"embeddable":true,"href":"https:\/\/tobaccofreeflorida.com\/es\/wp-json\/wp\/v2\/pages\/4829"}],"wp:attachment":[{"href":"https:\/\/tobaccofreeflorida.com\/es\/wp-json\/wp\/v2\/media?parent=4842"}],"curies":[{"name":"wp","href":"https:\/\/api.w.org\/{rel}","templated":true}]}}