{"id":5396,"date":"2019-09-23T16:49:49","date_gmt":"2019-09-23T20:49:49","guid":{"rendered":"https:\/\/www.almadigital.dev\/websites\/TobaccoFreeFlorida\/razones\/"},"modified":"2025-05-07T17:06:25","modified_gmt":"2025-05-07T21:06:25","slug":"razones-historias-de-exito","status":"publish","type":"page","link":"https:\/\/tobaccofreeflorida.com\/es\/razones-historias-de-exito\/","title":{"rendered":"Razones para dejar de fumar"},"content":{"rendered":"<div class=\"wpb-content-wrapper\"><p>[vc_row content_width=&#8221;grid&#8221; content_aligment=&#8221;center&#8221; css=&#8221;.vc_custom_1746648985309{margin-top: 0px !important;margin-right: 0px !important;margin-left: 0px !important;border-top-width: 0px !important;border-right-width: 0px !important;border-left-width: 0px !important;padding-top: 0px !important;padding-right: 0px !important;padding-left: 0px !important;background-color: #414042 !important;}&#8221; el_class=&#8221;row-full-width-mobile mobile-dis&#8221;][vc_column css_animation=&#8221;none&#8221;]\n\t\t\t\t<p class=\"rs-p-wp-fix\"><\/p>\n\t\t\t\t<sr7-module data-alias=\"spanish-landing-page-hero\" data-id=\"101\" id=\"SR7_101_1\" class=\"rs-ov-hidden\" data-version=\"6.7.52\">\n\t\t\t\t\t<sr7-adjuster><\/sr7-adjuster>\n\t\t\t\t\t<sr7-content>\n\t\t\t\t\t\t<sr7-slide id=\"SR7_101_1-30\" data-key=\"30\">\n\t\t\t\t\t\t\t<sr7-bg id=\"SR7_101_1-30-14\" class=\"sr7-layer\"><noscript><img decoding=\"async\" src=\"https:\/\/tobaccofreeflorida.com\/wp-content\/uploads\/2025\/05\/R_Hero_08-scaled.jpg\" alt=\"\" title=\"R_Hero_08\"><\/noscript><\/sr7-bg>\n\t\t\t\t\t\t\t<sr7-txt id=\"SR7_101_1-30-1\" class=\"sr7-layer\"> RAZONES PARA DEJAR DE <br\/>FUMAR. Y EMPEZAR A VIVIR.<\/sr7-txt>\n\t\t\t\t\t\t\t<sr7-txt id=\"SR7_101_1-30-13\" class=\"sr7-layer\">Los fumadores dejan el cigarrillo cuando se dan cuenta de que en sus vidas hay<br> personas y cosas m\u00e1s importantes que el tabaco. \u00bfCu\u00e1l es tu raz\u00f3n para dejar de fumar?<\/sr7-txt>\n\t\t\t\t\t\t<\/sr7-slide>\n\t\t\t\t\t\t<sr7-slide id=\"SR7_101_1-66\" data-key=\"66\">\n\t\t\t\t\t\t<\/sr7-slide>\n\t\t\t\t\t<\/sr7-content>\n\t\t\t\t\t<image_lists style=\"display:none\">\n\t\t\t\t\t\t<img data-src=\"\/\/tobaccofreeflorida.com\/wp-content\/uploads\/2025\/05\/R_Hero_08-scaled.jpg\" data-libid=\"11051\" data-lib=\"medialibrary\" title=\"R_Hero_08\" width=\"0\" height=\"0\" data-dbsrc=\"Ly90b2JhY2NvZnJlZWZsb3JpZGEuY29tL3dwLWNvbnRlbnQvdXBsb2Fkcy8yMDI1LzA1L1JfSGVyb18wOC1zY2FsZWQuanBn\"\/>\n\t\t\t\t\t<\/image_lists>\n\t\t\t\t<\/sr7-module>\n\t\t\t\t<script>\n\t\t\t\t\twindow.SR7 ??={};SR7.PMH ??={}; SR7.PMH[\"SR7_101_1\"] = {cn:100,state:false,fn: function() { if (window._tpt!==undefined && window._tpt.prepareModuleHeight !== undefined) {  _tpt.prepareModuleHeight({id:\"SR7_101_1\",el:[580,580,520,500,500],type:'hero',shdw:'0',gh:[580,580,520,500,500],gw:[1240,1240,1024,778,778],vpt:['-200px&#039;,&#039;-200px&#039;,&#039;-200px&#039;,&#039;-200px&#039;,&#039;-200px'],size:{fullWidth:true, fullHeight:false},mh:'0',onh:0,onw:0,bg:{color:'{\"orig\":\"transparent\",\"type\":\"solid\",\"string\":\"transparent\"}'},plType:'-1',plColor:'#FFFFFF'});   SR7.PMH[\"SR7_101_1\"].state=true;} else if(SR7.PMH[\"SR7_101_1\"].cn-->0)\tsetTimeout( SR7.PMH[\"SR7_101_1\"].fn,19);}};SR7.PMH[\"SR7_101_1\" ].fn();\n\t\t\t\t<\/script>\n[\/vc_column][\/vc_row][vc_row content_width=&#8221;grid&#8221; content_aligment=&#8221;center&#8221; css=&#8221;.vc_custom_1746649002755{margin-top: 0px !important;margin-right: 0px !important;margin-left: 0px !important;border-top-width: 0px !important;border-right-width: 0px !important;border-left-width: 0px !important;padding-top: 0px !important;padding-right: 0px !important;padding-left: 0px !important;background-color: #414042 !important;}&#8221; el_class=&#8221;row-full-width-mobile desktop-dis&#8221;][vc_column css_animation=&#8221;none&#8221;]\n\t\t\t\t<p class=\"rs-p-wp-fix\"><\/p>\n\t\t\t\t<sr7-module data-alias=\"spanish-landing-page-hero-mobile\" data-id=\"113\" id=\"SR7_113_2\" class=\"rs-ov-hidden\" data-version=\"6.7.52\">\n\t\t\t\t\t<sr7-adjuster><\/sr7-adjuster>\n\t\t\t\t\t<sr7-content>\n\t\t\t\t\t\t<sr7-slide id=\"SR7_113_2-70\" data-key=\"70\">\n\t\t\t\t\t\t\t<sr7-bg id=\"SR7_113_2-70-14\" class=\"sr7-layer\"><noscript><img decoding=\"async\" src=\"https:\/\/tobaccofreeflorida.com\/wp-content\/uploads\/2025\/05\/R_Hero_08-scaled.jpg\" alt=\"\" title=\"R_Hero_08\"><\/noscript><\/sr7-bg>\n\t\t\t\t\t\t\t<sr7-txt id=\"SR7_113_2-70-1\" class=\"sr7-layer\"> RAZONES PARA DEJAR DE <br\/>FUMAR. Y EMPEZAR A VIVIR.<\/sr7-txt>\n\t\t\t\t\t\t\t<sr7-txt id=\"SR7_113_2-70-13\" class=\"sr7-layer\">Los fumadores dejan el cigarrillo cuando se dan cuenta de <br> que en sus vidas hay personas y cosas m\u00e1s importantes que el tabaco.<br>  \u00bfCu\u00e1l es tu raz\u00f3n para dejar de fumar?<\/sr7-txt>\n\t\t\t\t\t\t<\/sr7-slide>\n\t\t\t\t\t\t<sr7-slide id=\"SR7_113_2-71\" data-key=\"71\">\n\t\t\t\t\t\t<\/sr7-slide>\n\t\t\t\t\t<\/sr7-content>\n\t\t\t\t\t<image_lists style=\"display:none\">\n\t\t\t\t\t\t<img data-src=\"\/\/tobaccofreeflorida.com\/wp-content\/uploads\/2025\/05\/R_Hero_08-scaled.jpg\" data-libid=\"11051\" data-lib=\"medialibrary\" title=\"R_Hero_08\" width=\"0\" height=\"0\" data-dbsrc=\"Ly90b2JhY2NvZnJlZWZsb3JpZGEuY29tL3dwLWNvbnRlbnQvdXBsb2Fkcy8yMDI1LzA1L1JfSGVyb18wOC1zY2FsZWQuanBn\"\/>\n\t\t\t\t\t<\/image_lists>\n\t\t\t\t<\/sr7-module>\n\t\t\t\t<script>\n\t\t\t\t\twindow.SR7 ??={};SR7.PMH ??={}; SR7.PMH[\"SR7_113_2\"] = {cn:100,state:false,fn: function() { if (window._tpt!==undefined && window._tpt.prepareModuleHeight !== undefined) {  _tpt.prepareModuleHeight({id:\"SR7_113_2\",el:[580,580,580,580,600],type:'hero',shdw:'0',gh:[580,580,580,580,600],gw:[1240,1240,1240,1240,480],vpt:['-200px&#039;,&#039;-200px&#039;,&#039;-200px&#039;,&#039;-200px&#039;,&#039;-200px'],size:{fullWidth:true, fullHeight:false},mh:'0',onh:0,onw:0,bg:{color:'{\"orig\":\"transparent\",\"type\":\"solid\",\"string\":\"transparent\"}'},plType:'-1',plColor:'#FFFFFF'});   SR7.PMH[\"SR7_113_2\"].state=true;} else if(SR7.PMH[\"SR7_113_2\"].cn-->0)\tsetTimeout( SR7.PMH[\"SR7_113_2\"].fn,19);}};SR7.PMH[\"SR7_113_2\" ].fn();\n\t\t\t\t<\/script>\n[\/vc_column][\/vc_row][vc_row][vc_column][vc_empty_space height=&#8221;2em&#8221;][\/vc_column][\/vc_row][vc_row content_aligment=&#8221;center&#8221; css=&#8221;.vc_custom_1567007173592{margin-top: 0px !important;margin-right: 0px !important;margin-bottom: 0px !important;margin-left: 0px !important;border-top-width: 0px !important;border-right-width: 0px !important;border-bottom-width: 0px !important;border-left-width: 0px !important;padding-top: 0px !important;padding-right: 0px !important;padding-bottom: 0px !important;padding-left: 0px !important;}&#8221; el_class=&#8221;title-font&#8221;][vc_column css_animation=&#8221;top-to-bottom&#8221; css=&#8221;.vc_custom_1565386473377{margin-top: 0px !important;margin-right: 0px !important;margin-bottom: 0px !important;margin-left: 0px !important;border-top-width: 0px !important;border-right-width: 0px !important;border-bottom-width: 0px !important;border-left-width: 0px !important;padding-top: 0px !important;padding-right: 0px !important;padding-bottom: 0px !important;padding-left: 0px !important;}&#8221;][vc_column_text css=&#8221;.vc_custom_1572367997209{margin-top: 0px !important;margin-right: 0px !important;margin-bottom: 0px !important;margin-left: 0px !important;border-top-width: 0px !important;border-right-width: 0px !important;border-bottom-width: 0px !important;border-left-width: 0px !important;padding-right: 0px !important;padding-left: 0px !important;}&#8221; el_class=&#8221;mobile-text-padding&#8221;]<\/p>\n<h1 style=\"text-align: center;\"><span style=\"color: #414042;\"><strong>Ayuda a alguien a dejar de fumar<br \/>\n<\/strong><\/span><\/h1>\n<p>[\/vc_column_text][\/vc_column][\/vc_row][vc_row content_width=&#8221;grid&#8221;][vc_column css_animation=&#8221;top-to-bottom&#8221; width=&#8221;1\/6&#8243;][\/vc_column][vc_column width=&#8221;2\/3&#8243;][vc_empty_space height=&#8221;1.5em&#8221;][vc_column_text el_class=&#8221;mobile-text-padding intro-text center-text&#8221;]Fumar es algo personal, y dejar de hacerlo tambi\u00e9n. Cada fumador tiene una o m\u00e1s razones que lo motivan a dejar de fumar. Algunos sue\u00f1an con ver a sus hijos crecer. Otros quieren estar saludables para poder lograr sus metas y un futuro mejor. Reflexiona sobre tus propias razones y encontrar\u00e1s la manera de dejar de fumar.[\/vc_column_text][vc_empty_space height=&#8221;1.3em&#8221;][\/vc_column][vc_column width=&#8221;1\/6&#8243;][\/vc_column][\/vc_row][vc_row][vc_column][vc_empty_space height=&#8221;2em&#8221;][\/vc_column][\/vc_row][vc_row][vc_column width=&#8221;1\/12&#8243; offset=&#8221;vc_col-lg-2 vc_col-md-1 vc_col-xs-1&#8243;][\/vc_column][vc_column width=&#8221;5\/6&#8243; offset=&#8221;vc_col-lg-8 vc_col-md-10 vc_col-xs-10&#8243;][vc_video link=&#8221;https:\/\/youtu.be\/3OeuEgyxBhg&#8221; css=&#8221;&#8221;][\/vc_column][vc_column width=&#8221;1\/12&#8243; offset=&#8221;vc_col-lg-2 vc_col-md-1 vc_col-xs-1&#8243;][\/vc_column][\/vc_row][vc_row][vc_column][vc_empty_space height=&#8221;2em&#8221;][\/vc_column][\/vc_row][vc_row el_id=&#8221;videos&#8221;][vc_column width=&#8221;1\/6&#8243; offset=&#8221;vc_col-lg-3 vc_col-md-2&#8243;][\/vc_column][vc_column width=&#8221;2\/3&#8243; offset=&#8221;vc_col-lg-6 vc_col-md-8&#8243;][vc_empty_space height=&#8221;3em&#8221;]<div class=\"edgtf-int-icon-showcase\"><div class=\"edgtf-int-icon-showcase-inner\"><div class=\"edgtf-showcase-item-holder\">\n\t<div class=\"edgtf-showcase-icon\">\n\t\t\n    <span class=\"edgtf-icon-shortcode circle \"  >\n        \n        <i class=\"edgtf-icon-font-awesome fa  edgtf-icon-element\" style=\"\" ><\/i>\n            <\/span>\n\n\t<\/div>\n\t<div class=\"edgtf-showcase-content\">\n\t\t<div class=\"edgtf-showcase-content-table\">\n\t\t\t<div class=\"edgtf-showcase-content-cell\">\n\t\t\t\t\t\t\t\t\t\t\t\t\t\t\t\t\t<div class=\"edgtf-showcase-content-inner\">\n\t\t\t\t\t\t<\/p>\n<h2>LAS RAZONES DE \u00c1NGELA<\/h2>\n<p>\u201cYo quisiera estar ah\u00ed para mi hijo, quiero poder disfrutar de su crecimiento, disfrutar cuando el tenga su propia familia\u201d. \u2014 \u00c1ngela\t\t\t\t\t<\/div>\n\t\t\t\t\t\t\t<\/div>\n\t\t<\/div>\n\t<\/div>\n<\/div><div class=\"edgtf-showcase-item-holder\">\n\t<div class=\"edgtf-showcase-icon\">\n\t\t\n    <span class=\"edgtf-icon-shortcode circle \"  >\n        \n        <i class=\"edgtf-icon-font-awesome fa  edgtf-icon-element\" style=\"\" ><\/i>\n            <\/span>\n\n\t<\/div>\n\t<div class=\"edgtf-showcase-content\">\n\t\t<div class=\"edgtf-showcase-content-table\">\n\t\t\t<div class=\"edgtf-showcase-content-cell\">\n\t\t\t\t\t\t\t\t\t\t\t\t\t\t\t\t\t<div class=\"edgtf-showcase-content-inner\">\n\t\t\t\t\t\t<\/p>\n<h2>LAS RAZONES DE ADAM<\/h2>\n<p>\u201cS\u00ed, tengo que parar de fumar. Porque fumando\u2026 con mi condici\u00f3n de mi coraz\u00f3n, yo solo me estoy matando\u2026 Tengo que parar, por mis huercos (muchachos)\u2026 Yo quiero vivir, no quiero morir\u201d.\u2014Adam\t\t\t\t\t<\/div>\n\t\t\t\t\t\t\t<\/div>\n\t\t<\/div>\n\t<\/div>\n<\/div><\/div><div class=\"edgtf-int-icon-circle\"><\/div><\/div>[\/vc_column][vc_column width=&#8221;1\/6&#8243; offset=&#8221;vc_col-lg-3 vc_col-md-2&#8243;][\/vc_column][\/vc_row][vc_row][vc_column][vc_empty_space height=&#8221;2em&#8221;][\/vc_column][\/vc_row][vc_row content_aligment=&#8221;center&#8221; css=&#8221;.vc_custom_1567007173592{margin-top: 0px !important;margin-right: 0px !important;margin-bottom: 0px !important;margin-left: 0px !important;border-top-width: 0px !important;border-right-width: 0px !important;border-bottom-width: 0px !important;border-left-width: 0px !important;padding-top: 0px !important;padding-right: 0px !important;padding-bottom: 0px !important;padding-left: 0px !important;}&#8221; el_class=&#8221;title-font&#8221;][vc_column css_animation=&#8221;top-to-bottom&#8221; css=&#8221;.vc_custom_1565386473377{margin-top: 0px !important;margin-right: 0px !important;margin-bottom: 0px !important;margin-left: 0px !important;border-top-width: 0px !important;border-right-width: 0px !important;border-bottom-width: 0px !important;border-left-width: 0px !important;padding-top: 0px !important;padding-right: 0px !important;padding-bottom: 0px !important;padding-left: 0px !important;}&#8221;][vc_column_text css=&#8221;.vc_custom_1572448162334{margin-top: 0px !important;margin-right: 0px !important;margin-bottom: 0px !important;margin-left: 0px !important;border-top-width: 0px !important;border-right-width: 0px !important;border-bottom-width: 0px !important;border-left-width: 0px !important;padding-right: 0px !important;padding-left: 0px !important;}&#8221; el_class=&#8221;mobile-text-padding&#8221;]<\/p>\n<h2 style=\"text-align: center;\"><span style=\"color: #414042;\"><strong>\u00bfCu\u00e1l es tu raz\u00f3n?<br \/>\n<\/strong><\/span><\/h2>\n<p>[\/vc_column_text][\/vc_column][\/vc_row][vc_row content_width=&#8221;grid&#8221;][vc_column css_animation=&#8221;top-to-bottom&#8221; width=&#8221;1\/6&#8243;][\/vc_column][vc_column width=&#8221;2\/3&#8243;][vc_empty_space height=&#8221;1.5em&#8221;][vc_column_text el_class=&#8221;mobile-text-padding intro-text center-text&#8221;]Solo t\u00fa conoces qu\u00e9, o qui\u00e9n, te motiva realmente para dejar de fumar. Deja que tus razones te den fuerza para superar la adicci\u00f3n y poder retomar tu vida, la vida que quieres.[\/vc_column_text][vc_empty_space height=&#8221;1.3em&#8221;][\/vc_column][vc_column width=&#8221;1\/6&#8243;][\/vc_column][\/vc_row][vc_row content_width=&#8221;grid&#8221; el_class=&#8221;mobile-text-padding-double-image-ribbon&#8221;][vc_column css_animation=&#8221;fadeInLeft&#8221; width=&#8221;1\/2&#8243;][vc_empty_space height=&#8221;6em&#8221; el_class=&#8221;mobile-dis&#8221;][vc_single_image image=&#8221;7891&#8243; img_size=&#8221;full&#8221; alignment=&#8221;center&#8221; css_animation=&#8221;none&#8221; el_class=&#8221;module-image-leftphoto&#8221;][vc_empty_space height=&#8221;1em&#8221; el_class=&#8221;mobile-dis&#8221;][vc_column_text el_class=&#8221;module-text-centerphoto&#8221;]<\/p>\n<h2><a href=\"https:\/\/tobaccofreeflo.wpengine.com\/es\/ayuda-a-alguien-a-dejar-de-fumar\/\" aria-label=\"Descubre c\u00f3mo puedes ayudar a alguien a dejar de fumar\"><strong>Ayuda a un fumador<\/strong><\/a><\/h2>\n<p>Si est\u00e1s aqu\u00ed porque quieres ayudar a alguien a dejar de fumar, est\u00e1s en el lugar indicado. Podemos ayudarte con consejos sobre qu\u00e9 hacer y qu\u00e9 no hacer para apoyar a un fumador que quiere liberarse del tabaco. Juntos pueden ser m\u00e1s fuerte que su adicci\u00f3n.<\/p>\n<p><span class=\"link-text\"><a class=\"hvr-icon-forward\" href=\"https:\/\/tobaccofreeflo.wpengine.com\/es\/ayuda-a-alguien-a-dejar-de-fumar\/\" aria-label=\"Descubre c\u00f3mo puedes ayudar a alguien a dejar de fumar\">Descubre c\u00f3mo<img decoding=\"async\" class=\"hvr-icon\" src=\"https:\/\/tobaccofreeflo.wpengine.com\/wp-content\/uploads\/2019\/10\/Carrot-3.svg\" \/><\/a><\/span>[\/vc_column_text][vc_empty_space height=&#8221;2em&#8221;][\/vc_column][vc_column css_animation=&#8221;fadeInRight&#8221; width=&#8221;1\/2&#8243;][vc_empty_space height=&#8221;6em&#8221; el_class=&#8221;mobile-dis&#8221;][vc_single_image image=&#8221;7876&#8243; img_size=&#8221;full&#8221; alignment=&#8221;center&#8221; css_animation=&#8221;none&#8221; el_class=&#8221;module-image-rightphoto&#8221;][vc_empty_space height=&#8221;1em&#8221; el_class=&#8221;mobile-dis&#8221;][vc_column_text el_class=&#8221;module-text-centerphoto&#8221;]<\/p>\n<h2><a href=\"https:\/\/tobaccofreeflo.wpengine.com\/es\/listo-para-dejar-de-fumar\/\" aria-label=\"Descubre c\u00f3mo podemos ayudarte a dejar el tabaco\"><strong>Empieza a dejarlo<\/strong><\/a><\/h2>\n<p>Ap\u00f3yate en tus razones para dejar el cigarrillo y ellas te mantendr\u00e1n firme en tu decisi\u00f3n de dejarlo. Estamos aqu\u00ed para respaldarte con recursos que pueden ayudarte a vivir libre del tabaco.<\/p>\n<p><span class=\"link-text\"><a class=\"hvr-icon-forward\" href=\"https:\/\/tobaccofreeflo.wpengine.com\/es\/listo-para-dejar-de-fumar\/\" aria-label=\"Descubre c\u00f3mo podemos ayudarte a dejar el tabaco\">Fija una fecha para dejar de fumar<img decoding=\"async\" class=\"hvr-icon\" src=\"https:\/\/tobaccofreeflo.wpengine.com\/wp-content\/uploads\/2019\/10\/Carrot-3.svg\" \/><\/a><\/span>[\/vc_column_text][vc_empty_space height=&#8221;2em&#8221;][\/vc_column][\/vc_row][vc_row content_width=&#8221;grid&#8221; el_class=&#8221;mobile-text-padding&#8221; css=&#8221;.vc_custom_1568732468617{background-color: rgba(217,236,248,0.4) !important;*background-color: rgb(217,236,248) !important;}&#8221;][vc_column css_animation=&#8221;top-to-bottom&#8221;][vc_empty_space height=&#8221;1.5em&#8221;][vc_empty_space height=&#8221;1.5em&#8221;][vc_column_text el_class=&#8221;intro-text center&#8221;]<\/p>\n<h2><strong>Misi\u00f3n de Tobacco Free Florida<\/strong><\/h2>\n<p>Trabajamos para proteger a la gente de la Florida de los peligros del tabaco.[\/vc_column_text][vc_empty_space height=&#8221;1.5em&#8221;][vc_empty_space height=&#8221;1.5em&#8221;][\/vc_column][\/vc_row][vc_row content_width=&#8221;grid&#8221; el_class=&#8221;background-position-custom1 mobile-text-padding-double-image-ribbon&#8221; css=&#8221;.vc_custom_1568732455773{background-color: rgba(217,236,248,0.4) !important;*background-color: rgb(217,236,248) !important;}&#8221;][vc_column css_animation=&#8221;fadeInLeft&#8221; width=&#8221;1\/2&#8243;][vc_video link=&#8221;https:\/\/youtu.be\/IItydMRrPyw?rel=0&#8243;][vc_column_text el_class=&#8221;mobile-text-padding-center-ribbon-left ribbon-text-mobile-4 mobile-text-padding&#8221;]<\/p>\n<h2><strong>\u00c1ngela C<\/strong><\/h2>\n<p>\u00c1ngela sue\u00f1a con retirarse en 10 a\u00f1os y vivir en una casita frente al mar. Y mientras trabaja para lograr su sue\u00f1o, quiere dejar el cigarrillo para ver crecer a su hijo y el d\u00eda de ma\u00f1ana, a sus nietos.[\/vc_column_text][vc_empty_space height=&#8221;1em&#8221;]<a href=\"https:\/\/youtu.be\/IItydMRrPyw\" target=\"_blank\" style=\"color: #ffffff;background-color: #00597b;border-color: #00597b\" class=\"edgtf-btn edgtf-btn-medium edgtf-btn-solid edgtf-btn-custom-hover-bg edgtf-btn-custom-border-hover edgtf-btn-custom-hover-color button-02-left-homepage desktop-dis\" data-hover-bg-color=\"#ffffff\" data-hover-color=\"#00597b\" data-hover-border-color=\"#ffffff\" >\n    <span class=\"edgtf-btn-text\">Mira el video<\/span><\/a>[vc_empty_space height=&#8221;6em&#8221; el_class=&#8221;desktop-dis&#8221;][\/vc_column][vc_column css_animation=&#8221;fadeInRight&#8221; width=&#8221;1\/2&#8243; css=&#8221;.vc_custom_1563822821855{margin-right: 2.3% !important;}&#8221;][vc_video link=&#8221;https:\/\/youtu.be\/g9LDbElrXes?rel=0&#8243;][vc_column_text el_class=&#8221;mobile-text-padding mobile-text-padding-center-ribbon-right ribbon-text-mobile-4 mobile-text-padding-double-image-ribbon-right&#8221;]<\/p>\n<h2><strong>Adam G<\/strong><\/h2>\n<p>Adam es padre soltero. Est\u00e1 preocupado porque padece de una enfermedad seria del coraz\u00f3n y fumar podr\u00eda acabar mat\u00e1ndolo. Pero el amor por sus hijos es m\u00e1s fuerte y por ellos prefiere vivir.[\/vc_column_text][vc_empty_space height=&#8221;1em&#8221;]<a href=\"https:\/\/youtu.be\/g9LDbElrXes\" target=\"_blank\" style=\"color: #ffffff;background-color: #00597b;border-color: #00597b\" class=\"edgtf-btn edgtf-btn-medium edgtf-btn-solid edgtf-btn-custom-hover-bg edgtf-btn-custom-border-hover edgtf-btn-custom-hover-color button-02-right desktop-dis\" data-hover-bg-color=\"#ffffff\" data-hover-color=\"#00597b\" data-hover-border-color=\"#ffffff\" >\n    <span class=\"edgtf-btn-text\">Mira el video<\/span><\/a>[vc_empty_space height=&#8221;6em&#8221; el_class=&#8221;desktop-dis&#8221;][\/vc_column][\/vc_row][vc_row content_width=&#8221;grid&#8221; el_class=&#8221;background-position-custom1 mobile-text-padding-double-image-ribbon mobile-dis&#8221; css=&#8221;.vc_custom_1573163058046{background-color: rgba(217,236,248,0.4) !important;*background-color: rgb(217,236,248) !important;}&#8221;][vc_column css_animation=&#8221;fadeInLeft&#8221; width=&#8221;1\/2&#8243;]<a href=\"https:\/\/youtu.be\/IItydMRrPyw\" target=\"_blank\" style=\"color: #ffffff;background-color: #00597b;border-color: #00597b\" class=\"edgtf-btn edgtf-btn-medium edgtf-btn-solid edgtf-btn-custom-hover-bg edgtf-btn-custom-border-hover edgtf-btn-custom-hover-color button-02-left-homepage\" data-hover-bg-color=\"#ffffff\" data-hover-color=\"#00597b\" data-hover-border-color=\"#ffffff\" >\n    <span class=\"edgtf-btn-text\">Mira el video<\/span><\/a>[vc_empty_space height=&#8221;6em&#8221;][\/vc_column][vc_column css_animation=&#8221;fadeInRight&#8221; width=&#8221;1\/2&#8243; css=&#8221;.vc_custom_1563822821855{margin-right: 2.3% !important;}&#8221;]<a href=\"https:\/\/youtu.be\/g9LDbElrXes\" target=\"_blank\" style=\"color: #ffffff;background-color: #00597b;border-color: #00597b\" class=\"edgtf-btn edgtf-btn-medium edgtf-btn-solid edgtf-btn-custom-hover-bg edgtf-btn-custom-border-hover edgtf-btn-custom-hover-color button-02-right\" data-hover-bg-color=\"#ffffff\" data-hover-color=\"#00597b\" data-hover-border-color=\"#ffffff\" >\n    <span class=\"edgtf-btn-text\">Mira el video<\/span><\/a>[vc_empty_space height=&#8221;6em&#8221;][\/vc_column][\/vc_row][vc_row css=&#8221;.vc_custom_1568732484428{background-color: rgba(217,236,248,0.4) !important;*background-color: rgb(217,236,248) !important;}&#8221;][vc_column][vc_empty_space height=&#8221;2em&#8221;][\/vc_column][\/vc_row]<\/p>\n<\/div>","protected":false},"excerpt":{"rendered":"<p>[vc_row content_width=&#8221;grid&#8221; content_aligment=&#8221;center&#8221; css=&#8221;.vc_custom_1746648985309{margin-top: 0px !important;margin-right: 0px !important;margin-left: 0px !important;border-top-width: 0px !important;border-right-width: 0px !important;border-left-width: 0px !important;padding-top: 0px !important;padding-right: 0px !important;padding-left: 0px !important;background-color: #414042 !important;}&#8221; el_class=&#8221;row-full-width-mobile mobile-dis&#8221;][vc_column css_animation=&#8221;none&#8221;][\/vc_column][\/vc_row][vc_row content_width=&#8221;grid&#8221; content_aligment=&#8221;center&#8221; css=&#8221;.vc_custom_1746649002755{margin-top: 0px !important;margin-right: 0px !important;margin-left: 0px !important;border-top-width: 0px !important;border-right-width: 0px !important;border-left-width: 0px !important;padding-top: 0px !important;padding-right: 0px&#8230;<\/p>\n","protected":false},"author":2,"featured_media":0,"parent":0,"menu_order":0,"comment_status":"closed","ping_status":"closed","template":"full-width.php","meta":{"_lmt_disableupdate":"","_lmt_disable":"","footnotes":""},"class_list":["post-5396","page","type-page","status-publish","hentry"],"aioseo_notices":[],"_links":{"self":[{"href":"https:\/\/tobaccofreeflorida.com\/es\/wp-json\/wp\/v2\/pages\/5396","targetHints":{"allow":["GET"]}}],"collection":[{"href":"https:\/\/tobaccofreeflorida.com\/es\/wp-json\/wp\/v2\/pages"}],"about":[{"href":"https:\/\/tobaccofreeflorida.com\/es\/wp-json\/wp\/v2\/types\/page"}],"author":[{"embeddable":true,"href":"https:\/\/tobaccofreeflorida.com\/es\/wp-json\/wp\/v2\/users\/2"}],"replies":[{"embeddable":true,"href":"https:\/\/tobaccofreeflorida.com\/es\/wp-json\/wp\/v2\/comments?post=5396"}],"version-history":[{"count":0,"href":"https:\/\/tobaccofreeflorida.com\/es\/wp-json\/wp\/v2\/pages\/5396\/revisions"}],"wp:attachment":[{"href":"https:\/\/tobaccofreeflorida.com\/es\/wp-json\/wp\/v2\/media?parent=5396"}],"curies":[{"name":"wp","href":"https:\/\/api.w.org\/{rel}","templated":true}]}}