{"id":9166,"date":"2020-10-09T12:37:22","date_gmt":"2020-10-09T16:37:22","guid":{"rendered":"https:\/\/tffl.wpengine.com\/temas-de-actualidad\/cigarrillos-electronicos\/"},"modified":"2026-01-16T08:48:42","modified_gmt":"2026-01-16T13:48:42","slug":"cigarrillos-electronicos","status":"publish","type":"page","link":"https:\/\/tobaccofreeflorida.com\/es\/temas-de-actualidad\/cigarrillos-electronicos\/","title":{"rendered":"Cigarrillos electr\u00f3nicos"},"content":{"rendered":"<div class=\"wpb-content-wrapper\"><p>[vc_row][vc_column][vc_empty_space height=&#8221;2em&#8221;][\/vc_column][\/vc_row][vc_row content_aligment=&#8221;center&#8221; css=&#8221;.vc_custom_1567020713072{margin-top: 0px !important;margin-right: 0px !important;margin-bottom: 0px !important;margin-left: 0px !important;border-top-width: 0px !important;border-right-width: 0px !important;border-bottom-width: 0px !important;border-left-width: 0px !important;padding-top: 0px !important;padding-right: 0px !important;padding-bottom: 0px !important;padding-left: 0px !important;}&#8221; el_class=&#8221;title-font&#8221;][vc_column css=&#8221;.vc_custom_1560702071254{margin-top: 0px !important;margin-right: 0px !important;margin-bottom: 0px !important;margin-left: 0px !important;border-top-width: 0px !important;border-right-width: 0px !important;border-bottom-width: 0px !important;border-left-width: 0px !important;padding-top: 0px !important;padding-right: 0px !important;padding-bottom: 0px !important;padding-left: 0px !important;}&#8221;][vc_column_text css=&#8221;.vc_custom_1602215636425{margin-top: 0px !important;margin-right: 0px !important;margin-bottom: 0px !important;margin-left: 0px !important;border-top-width: 0px !important;border-right-width: 0px !important;border-bottom-width: 0px !important;border-left-width: 0px !important;padding-right: 0px !important;padding-left: 0px !important;}&#8221;]<\/p>\n<h1 style=\"text-align: center;\"><span style=\"color: #414042;\"><strong>Cigarrillos electr\u00f3nicos<\/strong><\/span><\/h1>\n<p>[\/vc_column_text][\/vc_column][\/vc_row][vc_row][vc_column][vc_empty_space height=&#8221;2em&#8221;][\/vc_column][\/vc_row][vc_row content_width=&#8221;grid&#8221; content_aligment=&#8221;center&#8221; css=&#8221;.vc_custom_1567020720938{margin-top: 0px !important;margin-right: 0px !important;margin-bottom: 0px !important;margin-left: 0px !important;border-top-width: 0px !important;border-right-width: 0px !important;border-bottom-width: 0px !important;border-left-width: 0px !important;padding-top: 0px !important;padding-right: 0px !important;padding-bottom: 0px !important;padding-left: 0px !important;}&#8221; el_class=&#8221;row-full-width-mobile&#8221;][vc_column css_animation=&#8221;fadeInUp&#8221;]\n\t\t\t\t<p class=\"rs-p-wp-fix\"><\/p>\n\t\t\t\t<sr7-module data-alias=\"e-cigarettes\" data-id=\"106\" id=\"SR7_106_1\" class=\"rs-ov-hidden\" data-version=\"6.7.52\">\n\t\t\t\t\t<sr7-adjuster><\/sr7-adjuster>\n\t\t\t\t\t<sr7-content>\n\t\t\t\t\t\t<sr7-slide class=\"fancybox\" id=\"SR7_106_1-48\" data-key=\"48\">\n\t\t\t\t\t\t\t<sr7-bg id=\"SR7_106_1-48-1\" class=\"sr7-layer\"><noscript><img decoding=\"async\" src=\"https:\/\/tffl.wpengine.com\/wp-content\/uploads\/2020\/10\/Vape-29.jpg\" alt=\"\" title=\"Cigarrillos electr\u00f3nicos\"><\/noscript><\/sr7-bg>\n\t\t\t\t\t\t<\/sr7-slide>\n\t\t\t\t\t<\/sr7-content>\n\t\t\t\t\t<image_lists style=\"display:none\">\n\t\t\t\t\t\t<img data-src=\"\/\/tffl.wpengine.com\/wp-content\/uploads\/2020\/10\/Vape-29.jpg\" width=\"0\" height=\"0\" data-dbsrc=\"Ly90ZmZsLndwZW5naW5lLmNvbS93cC1jb250ZW50L3VwbG9hZHMvMjAyMC8xMC9WYXBlLTI5LmpwZw==\"\/>\n\t\t\t\t\t<\/image_lists>\n\t\t\t\t<\/sr7-module>\n\t\t\t\t<script>\n\t\t\t\t\twindow.SR7 ??={};SR7.PMH ??={}; SR7.PMH[\"SR7_106_1\"] = {cn:100,state:false,fn: function() { if (window._tpt!==undefined && window._tpt.prepareModuleHeight !== undefined) {  _tpt.prepareModuleHeight({id:\"SR7_106_1\",type:'standard',shdw:'0',gh:[350,350,350,350,400],gw:[1200,1200,1200,1200,480],vpt:['-200px&#039;,&#039;-200px&#039;,&#039;-200px&#039;,&#039;-200px&#039;,&#039;-200px'],size:{fullWidth:false, fullHeight:false},mh:'0',onh:0,onw:0,bg:{color:'{\"orig\":\"transparent\",\"type\":\"solid\",\"string\":\"transparent\"}'},plType:'0',plColor:'#FFFFFF'});   SR7.PMH[\"SR7_106_1\"].state=true;} else if(SR7.PMH[\"SR7_106_1\"].cn-->0)\tsetTimeout( SR7.PMH[\"SR7_106_1\"].fn,19);}};SR7.PMH[\"SR7_106_1\" ].fn();\n\t\t\t\t<\/script>\n[\/vc_column][\/vc_row][vc_row][vc_column][vc_empty_space height=&#8221;2em&#8221;][\/vc_column][\/vc_row][vc_row content_width=&#8221;grid&#8221; el_class=&#8221;equal-height-12-image background-position-right&#8221; css=&#8221;.vc_custom_1567020740274{padding-right: 2.5% !important;padding-left: 2.5% !important;}&#8221;][vc_column css_animation=&#8221;top-to-bottom&#8221;][vc_column_text css=&#8221;.vc_custom_1603459800978{padding-right: 5% !important;padding-left: 5% !important;}&#8221; el_class=&#8221;mobile-text-padding&#8221;]<\/p>\n<h2><strong>Acerca de los cigarrillos electr\u00f3nicos<\/strong><\/h2>\n<p>Ya sea debido al notable aumento de su popularidad entre los j\u00f3venes o a su potencial como un recurso para dejar de fumar, muchas personas quieren saber m\u00e1s sobre los cigarrillos electr\u00f3nicos. Para informarte m\u00e1s sobre el consumo de cigarrillos electr\u00f3nicos entre los j\u00f3venes, visita <a href=\"https:\/\/tobaccofreeflorida.com\/es\/temas-de-actualidad\/los-adolescentes-y-el-vapeo\/\">La Juventud y los Vaporizadores<\/a>.<\/p>\n<p>Los cigarrillos electr\u00f3nicos son dispositivos que funcionan con bater\u00eda y calientan un l\u00edquido (el cual generalmente contiene nicotina, una droga adictiva y peligrosa)<a href=\"#ref\"><sup>1<\/sup><\/a> y lo convierten en un aerosol que se inhala. A este aerosol se le suele llamar \u201cvapor\u201d err\u00f3neamente, pero no se trata sencillamente de \u201cvapor de agua\u201d. Aunque el t\u00e9rmino est\u00e1ndar en ingl\u00e9s es \u201ce-cigarette\u201d (cigarrillo electr\u00f3nico), estos productos tambi\u00e9n se conocen por otros nombres, como \u201ce-cigs\u201d, \u201cvapes\u201d (vaporizadores), \u201cvape pens\u201d (plumas de vapor) o \u201ctank systems\u201d (sistemas con dep\u00f3sito). Tambi\u00e9n se conocen por el nombre de la marca, como el com\u00fanmente llamado Juul. Al acto de inhalar el vapor de los cigarrillos electr\u00f3nicos se le dice \u201cvapear\u201d o \u201cJuuliar\u201d.[\/vc_column_text][vc_empty_space height=&#8221;2em&#8221;][vc_column_text css=&#8221;.vc_custom_1603459823326{padding-right: 5% !important;padding-left: 5% !important;}&#8221; el_class=&#8221;mobile-text-padding&#8221;]<\/p>\n<h2><strong>Los cigarrillos electr\u00f3nicos y la salud<\/strong><\/h2>\n<p>Es importante saber que los cigarrillos electr\u00f3nicos no son inofensivos. Los efectos adversos sobre la salud a largo plazo todav\u00eda se desconocen, pero ya sabemos que algunos de los ingredientes en el aerosol de los cigarrillos electr\u00f3nicos pueden ser da\u00f1inos para los pulmones. El aerosol de los cigarrillos electr\u00f3nicos puede contener sustancias nocivas, como qu\u00edmicos cancer\u00edgenos, glicol de propileno, diacetil y metales pesados, como el n\u00edquel, el esta\u00f1o y el plomo<a href=\"#ref\"><sup>2,<\/sup><\/a><a href=\"#ref\"><sup>3,<\/sup><\/a><a href=\"#ref\"><sup>4<\/sup><\/a> Adem\u00e1s, el consumo de cigarrillos electr\u00f3nicos puede tambi\u00e9n aumentar las probabilidades de contraer enfermedades respiratorias en un 95%.<a href=\"#ref\"><sup>5,<\/sup><\/a><a href=\"#ref\"><sup>6<\/sup><\/a>[\/vc_column_text][vc_empty_space height=&#8221;2em&#8221;][vc_column_text css=&#8221;.vc_custom_1603459840948{padding-right: 5% !important;padding-left: 5% !important;}&#8221; el_class=&#8221;mobile-text-padding&#8221;]<\/p>\n<h2><strong>Tipos de cigarrillos electr\u00f3nicos<\/strong><\/h2>\n<p>Desde que se lanzaron al mercado, ha habido muchas formas de cigarrillos electr\u00f3nicos. La marca m\u00e1s popular en este momento es Juul<a href=\"#ref\"><sup>7<\/sup><\/a>, un dispositivo en forma de memoria USB, lo cual ayuda a disimular lo que realmente es. Juul produce altos niveles de nicotina. <a href=\"#ref\"><sup>8,<\/sup><\/a><a href=\"#ref\"><sup>9,<\/sup><\/a><a href=\"#ref\"><sup>10<\/sup><\/a> Los envases que contienen la nicotina l\u00edquida para rellenar los dispositivos Juul se llaman \u201cJUULpods\u201d y contienen tanta nicotina como un paquete de cigarrillos<a href=\"#ref\"><sup>11<\/sup><\/a><\/p>\n<p>A\u00fan as\u00ed, muchos j\u00f3venes se han ido cambiando de Juul a los cigarrillos electr\u00f3nicos saborizados desechables. Algunas de las marcas m\u00e1s populares incluyen Puff Bars, Stig, Smok, POSH y HQD<a href=\"#ref\"><sup>12<\/sup><\/a><\/p>\n<p><strong>Cigarrillos electr\u00f3nicos de primera generaci\u00f3n<\/strong><\/p>\n<ul>\n<li>Conocidos como \u201ccigarrillos electr\u00f3nicos desechables\u201d o \u201ccigalikes\u201d<\/li>\n<li>Dise\u00f1ados para usarse una sola vez y desecharse<\/li>\n<li>Imitan el aspecto y la sensaci\u00f3n de los cigarrillos tradicionales<\/li>\n<\/ul>\n<p><strong>Cigarrillos electr\u00f3nicos de segunda generaci\u00f3n<\/strong><\/p>\n<ul>\n<li>Conocidos como \u201cplumas\u201d<\/li>\n<li>Recargables, dise\u00f1ados para usarse muchas veces<\/li>\n<li>El l\u00edquido viene en cartuchos y algunos son recargables<\/li>\n<\/ul>\n<p><strong>Cigarrillos electr\u00f3nicos de tercera generaci\u00f3n<\/strong><\/p>\n<ul>\n<li>Conocidos como \u201cdep\u00f3sitos\u201d o \u201cmods\u201d<\/li>\n<li>Recargables, dise\u00f1ados para usarse muchas veces<\/li>\n<li>Pueden modificarse y personalizarse<\/li>\n<\/ul>\n<p><strong>Cigarrillos electr\u00f3nicos de cuarta generaci\u00f3n<\/strong><\/p>\n<ul>\n<li>Conocidos como \u201cpod mods\u201d<\/li>\n<li>Los cartuchos o \u201cpods\u201d que contienen el l\u00edquido puede venir as\u00ed o rellenarse<\/li>\n<li>Generalmente, usan sales de nicotina en lugar de nicotina de pasta base<\/li>\n<li>Suelen contener mayores cantidades de nicotina que las generaciones anteriores<\/li>\n<\/ul>\n<p>[\/vc_column_text][vc_empty_space height=&#8221;2em&#8221;][vc_column_text css=&#8221;.vc_custom_1603459864700{padding-right: 5% !important;padding-left: 5% !important;}&#8221; el_class=&#8221;mobile-text-padding&#8221;]<\/p>\n<h2><strong>Los cigarrillos electr\u00f3nicos como ayuda para dejar de fumar<\/strong><\/h2>\n<p>Seg\u00fan el cirujano general de Estados Unidos, no hay suficiente evidencia para que se pueda afirmar que los cigarrillos electr\u00f3nicos ayudan a las personas que quieren dejar de fumar.<a href=\"#ref\"><sup>13<\/sup><\/a> Los cigarrillos electr\u00f3nicos no est\u00e1n aprobados por la FDA como un recurso para dejar de fumar. La aprobaci\u00f3n de la FDA certifica la seguridad y efectividad de los productos y que sus beneficios superan a cualquier riesgo asociado del que se tenga conocimiento.[\/vc_column_text][vc_empty_space height=&#8221;2em&#8221;][vc_column_text css=&#8221;.vc_custom_1603459882065{padding-right: 5% !important;padding-left: 5% !important;}&#8221; el_class=&#8221;mobile-text-padding&#8221;]<\/p>\n<p class=\"quotation\"><strong>\u201c\u2026el beneficio potencial de los cigarrillos electr\u00f3nicos como recurso de ayuda para los adultos que quieren dejar de fumar no puede ser a costa del aumento en el \u00edndice de consumo de dichos productos entre los j\u00f3venes\u201d.<\/strong><\/p>\n<p class=\"author\">United States Surgeon General Jerome M. Adams, MD, MPH<\/p>\n<p>[\/vc_column_text][vc_empty_space height=&#8221;2em&#8221;][vc_column_text css=&#8221;.vc_custom_1603459906885{padding-right: 5% !important;padding-left: 5% !important;}&#8221; el_class=&#8221;mobile-text-padding&#8221;]<\/p>\n<h2><strong>Tobacco Free Florida Puede Ayudarte de Dejar de Fumar<\/strong><\/h2>\n<p>La creaci\u00f3n de un plan de acci\u00f3n y el uso de recursos de comprobada efectividad, como Tobacco Free Florida, puede aumentar notablemente tus probabilidades de que dejes de fumar permanentemente.<a href=\"#ref\"><sup>14<\/sup><\/a> Tobacco Free Florida brinda herramientas y servicios gratuitos para ayudar a las personas que desean dejar de consumir nicotina en cualquier forma, incluidos los cigarrillos electr\u00f3nicos.[\/vc_column_text][vc_empty_space height=&#8221;2em&#8221;][vc_single_image image=&#8221;9161&#8243; img_size=&#8221;full&#8221; alignment=&#8221;center&#8221;][vc_empty_space height=&#8221;2em&#8221;][vc_column_text css=&#8221;.vc_custom_1602262175950{padding-right: 5% !important;padding-left: 5% !important;}&#8221; el_class=&#8221;mobile-text-padding&#8221;]Los j\u00f3venes de 11 a 13 a\u00f1os pueden tener acceso al recurso de ayuda por tel\u00e9fono y los de 13 a 17 a\u00f1os pueden usar la opci\u00f3n telef\u00f3nica y la de Web Quit.<br \/>\nPara informarte m\u00e1s sobre los recursos gratuitos de comprobada efectividad de Tobacco Free Florida, haz clic <a href=\"https:\/\/tobaccofreeflorida.com\/es\/como-dejar-el-tabaco\/programas-para-dejar-de-fumar\/\">aqu\u00ed<\/a>.[\/vc_column_text][vc_empty_space height=&#8221;2em&#8221;][\/vc_column][\/vc_row][vc_row][vc_column][vc_empty_space height=&#8221;2em&#8221;][\/vc_column][\/vc_row][vc_row content_width=&#8221;grid&#8221;][vc_column css_animation=&#8221;fadeInUp&#8221; width=&#8221;2\/3&#8243;][vc_column_text el_class=&#8221;mobile-text-padding&#8221; css=&#8221;.vc_custom_1603460006419{padding-right: 5% !important;padding-left: 11% !important;}&#8221;]<strong>Infogr\u00e1fica<br \/>\n<\/strong>Las Generaciones de Los Cigarrillos Electr\u00f3nicos[\/vc_column_text][\/vc_column][vc_column css_animation=&#8221;fadeInRight&#8221; width=&#8221;1\/3&#8243;]<a href=\"https:\/\/tobaccofreeflorida.com\/wp-content\/uploads\/2020\/10\/TFF-TFFW-SPA-Rack-Card-5.4.2020.pdf\" target=\"_blank\" style=\"color: #ffffff;background-color: #00597b;border-color: #00597b\" class=\"edgtf-btn edgtf-btn-medium edgtf-btn-solid edgtf-btn-custom-hover-bg edgtf-btn-custom-border-hover edgtf-btn-custom-hover-color button-11-center\" data-hover-bg-color=\"rgba(217,236,248,0.4)\" data-hover-color=\"#00597b\" data-hover-border-color=\"rgba(217,236,248,0.4)\" >\n    <span class=\"edgtf-btn-text\">Descargar<\/span><\/a>[\/vc_column][\/vc_row][vc_row][vc_column][vc_empty_space height=&#8221;2em&#8221;][\/vc_column][\/vc_row][vc_row content_width=&#8221;grid&#8221; el_class=&#8221;footnote mobile-text-padding&#8221; el_id=&#8221;ref&#8221;][vc_column css_animation=&#8221;fadeInUp&#8221;][vc_empty_space height=&#8221;2em&#8221;][vc_column_text el_class=&#8221;mobile-text-padding&#8221;]<\/p>\n<div class=\"container-2\">\n<p style=\"text-align: right;\"><button class=\"btn btn-info-2 mobile-menu collapsed\" type=\"button\" data-toggle=\"collapse\" data-target=\"#demo1\"> REFERENCES<\/button><\/p>\n<div id=\"demo1\" class=\"collapse\">\n<p><a id=\"ref-1\"><\/a><span class=\"footnote\"><sup>1 <\/sup>\u201cAdult Smoking Cessation-The Use of E-Cigarettes.\u201d Centers for Disease Control and Prevention, Centers for Disease Control and Prevention, 23 Jan. 2020, https:\/\/www.cdc.gov\/tobacco\/data_statistics\/sgr\/2020-smoking-cessation\/fact-sheets\/adult-smoking-cessation-e-cigarettes-use\/index.html<\/span><\/p>\n<p><a id=\"ref-2\"><\/a><span class=\"footnote\"><sup>2 <\/sup>Wieslander G, Norb\u20acack D, Lindgren T. Experimental exposure to pro-pylene glycol mist in aviation emergency training: acute ocular and respiratory effects. Occup Environ Med. 2001;58(10):649\u2013655. https:\/\/doi.org\/10.1136\/oem.58.10.649. [Accessed January 28, 2020].<\/span><\/p>\n<p><a id=\"ref-3\"><\/a><span class=\"footnote\"><sup>3 <\/sup>Farsalinos KE, Kistler KA, Gillman G, Voudris V. Evaluation of elec-tronic cigarette liquids and aerosol for the presence of selected inhala-tion toxins. Nicotine Tob Res. 2015;17(2):168\u2013174. https:\/\/doi.org\/10.1093\/ntr\/ntu176. [Accessed January 28, 2020].<\/span><\/p>\n<p><a id=\"ref-4\"><\/a><span class=\"footnote\"><sup>4 <\/sup>US Department of Health and Human Services. E-cigarette Use Among Youth and Young Adults: A Report of the Surgeon General. Atlanta, GA: US Department of Health and Human Services, CDC; 2016. Accessed January 28, 2020.<\/span><\/p>\n<p><a id=\"ref-5\"><\/a><span class=\"footnote\"><sup>5 <\/sup>Association of E-Cigarette Use With Respiratory Disease Among Adults: A Longitudinal Analysis. Bhatta, Dharma N. et al. American Journal of Preventive Medicine, Volume 58, Issue 2, 182 \u2013 190. Accessed January 28, 2020.<\/span><\/p>\n<p><a id=\"ref-6\"><\/a><span class=\"footnote\"><sup>6 <\/sup>Association of E-Cigarette Use With Respiratory Disease Among Adults: A Longitudinal Analysis. Bhatta, Dharma N. et al. American Journal of Preventive Medicine, Volume 58, Issue 2, 182 \u2013 190. Accessed January 29, 2020.<\/span><\/p>\n<p><a id=\"ref-7\"><\/a><span class=\"footnote\"><sup>7 <\/sup>Craver, Richard. \u201cJuul ends 2018 with 76 percent market share.\u201d Winston-Salem Journal. 8 Jan. 2019. https:\/\/www.journalnow.com\/business\/juul-ends-with-percent-market-share\/article_6f50f427-19ec-50be-8b0c-d3df18d08759.html<\/span><\/p>\n<p><a id=\"ref-8\"><\/a><span class=\"footnote\"><sup>8 <\/sup>CDC Newsroom Releases. \u201cSales of JUUL e-cigarettes skyrocket, posing danger to youth.\u201d Centers for Disease Control and Prevention (CDC). 2 Oct. 2018. https:\/\/www.cdc.gov\/media\/releases\/2018\/p1002-e-Cigarettes-sales-danger-youth.html<\/span><\/p>\n<p><a id=\"ref-9\"><\/a><span class=\"footnote\"><sup>9 <\/sup>Truth Initiative. \u201cNearly 1 in 5 youth say they have seen JUUL used in school.\u201d 23 May 2018. <a href=\"https:\/\/truthinitiative.org\/news\/nearly-1-5-youth-say-they-have-seen-juul-used-school\">https:\/\/truthinitiative.org\/news\/nearly-1-5-youth-say-they-have-seen-juul-used-school<\/a><\/span><\/p>\n<p><a id=\"ref-10\"><\/a><span class=\"footnote\"><sup>10 <\/sup>Zernike, Kate. \u201c\u2018I Can\u2019t Stop\u2019: Schools Struggle With Vaping Explosion.\u201d The New York Times. 2 April 2018. https:\/\/www.nytimes.com\/2018\/04\/02\/health\/vaping-ecigarettes-addiction-teen.html<\/span><\/p>\n<p><a id=\"ref-11\"><\/a><span class=\"footnote\"><sup>11 <\/sup>Centers for Disease Control and Prevention (CDC). \u201cE-cigarettes Shaped Like USB Flash Drives: Information for Parents, Educators and Health Care Providers.\u201d CDC Office on Smoking and Health, National Center for Chronic Disease Prevention and Health Promotion. 18 Oct. 2018. https:\/\/www.cdc.gov\/tobacco\/basic_information\/e-cigarettes\/factsheet\/index.html (Accessed 11 March 2019)<\/span><\/p>\n<p><a id=\"ref-12\"><\/a><span class=\"footnote\"><sup>12 <\/sup>What are Puff Bars? Truth Initiative. February 14, 2020. <a href=\"https:\/\/truthinitiative.org\/research-resources\/emerging-tobacco-products\/what-are-puff-bars\">https:\/\/truthinitiative.org\/research-resources\/emerging-tobacco-products\/what-are-puff-bars<\/a>. Accessed February 14, 2020.<\/span><\/p>\n<p><a id=\"ref-13\"><\/a><span class=\"footnote\"><sup>13 <\/sup>U.S. Department of Health and Human Services. Smoking Cessation. A Report of the Surgeon General. Atlanta, GA: U.S. Department of Health and Human Services, Centers for Disease Control and Prevention, National Center for Chronic Disease Prevention and Health Promotion, Office on Smoking and Health, 2020. Accessed January 30, 2020.<\/span><\/p>\n<p><a id=\"ref-14\"><\/a><span class=\"footnote\"><sup>14 <\/sup>US Public Health Service. Treating tobacco use and dependence: 2008 update. Clinical practice guideline. Rockville, MD: US Department of Health and Human Services, US Public Health Service; 2008. <a href=\"https:\/\/www.ahrq.gov\/professionals\/clinicians-providers\/guidelines-recommendations\/tobacco\/index.html\">https:\/\/www.ahrq.gov\/professionals\/clinicians-providers\/guidelines-recommendations\/tobacco\/index.html<\/a>.<\/span><\/div>\n<\/div>\n<p><!-- --><br \/>\n<!-- --><br \/>\n<!-- -->[\/vc_column_text][\/vc_column][\/vc_row]<\/p>\n<\/div>","protected":false},"excerpt":{"rendered":"<p>[vc_row][vc_column][vc_empty_space height=&#8221;2em&#8221;][\/vc_column][\/vc_row][vc_row content_aligment=&#8221;center&#8221; css=&#8221;.vc_custom_1567020713072{margin-top: 0px !important;margin-right: 0px !important;margin-bottom: 0px !important;margin-left: 0px !important;border-top-width: 0px !important;border-right-width: 0px !important;border-bottom-width: 0px !important;border-left-width: 0px !important;padding-top: 0px !important;padding-right: 0px !important;padding-bottom: 0px !important;padding-left: 0px !important;}&#8221; el_class=&#8221;title-font&#8221;][vc_column css=&#8221;.vc_custom_1560702071254{margin-top: 0px !important;margin-right: 0px !important;margin-bottom: 0px !important;margin-left: 0px !important;border-top-width: 0px !important;border-right-width: 0px !important;border-bottom-width: 0px !important;border-left-width: 0px&#8230;<\/p>\n","protected":false},"author":2,"featured_media":0,"parent":4742,"menu_order":0,"comment_status":"closed","ping_status":"closed","template":"full-width.php","meta":{"_lmt_disableupdate":"","_lmt_disable":"","footnotes":""},"class_list":["post-9166","page","type-page","status-publish","hentry"],"aioseo_notices":[],"_links":{"self":[{"href":"https:\/\/tobaccofreeflorida.com\/es\/wp-json\/wp\/v2\/pages\/9166","targetHints":{"allow":["GET"]}}],"collection":[{"href":"https:\/\/tobaccofreeflorida.com\/es\/wp-json\/wp\/v2\/pages"}],"about":[{"href":"https:\/\/tobaccofreeflorida.com\/es\/wp-json\/wp\/v2\/types\/page"}],"author":[{"embeddable":true,"href":"https:\/\/tobaccofreeflorida.com\/es\/wp-json\/wp\/v2\/users\/2"}],"replies":[{"embeddable":true,"href":"https:\/\/tobaccofreeflorida.com\/es\/wp-json\/wp\/v2\/comments?post=9166"}],"version-history":[{"count":0,"href":"https:\/\/tobaccofreeflorida.com\/es\/wp-json\/wp\/v2\/pages\/9166\/revisions"}],"up":[{"embeddable":true,"href":"https:\/\/tobaccofreeflorida.com\/es\/wp-json\/wp\/v2\/pages\/4742"}],"wp:attachment":[{"href":"https:\/\/tobaccofreeflorida.com\/es\/wp-json\/wp\/v2\/media?parent=9166"}],"curies":[{"name":"wp","href":"https:\/\/api.w.org\/{rel}","templated":true}]}}