{"id":9649,"date":"2021-02-22T13:17:27","date_gmt":"2021-02-22T18:17:27","guid":{"rendered":"https:\/\/tffl.wpengine.com\/terminos-y-condiciones\/"},"modified":"2021-03-17T11:50:58","modified_gmt":"2021-03-17T15:50:58","slug":"terminos-y-condiciones","status":"publish","type":"page","link":"https:\/\/tobaccofreeflorida.com\/es\/terminos-y-condiciones\/","title":{"rendered":"T\u00e9rminos y condiciones"},"content":{"rendered":"<div class=\"wpb-content-wrapper\"><p>[vc_row][vc_column][vc_empty_space height=&#8221;2em&#8221;][\/vc_column][\/vc_row][vc_row content_aligment=&#8221;center&#8221; css=&#8221;.vc_custom_1567007173592{margin-top: 0px !important;margin-right: 0px !important;margin-bottom: 0px !important;margin-left: 0px !important;border-top-width: 0px !important;border-right-width: 0px !important;border-bottom-width: 0px !important;border-left-width: 0px !important;padding-top: 0px !important;padding-right: 0px !important;padding-bottom: 0px !important;padding-left: 0px !important;}&#8221; el_class=&#8221;title-font&#8221;][vc_column css_animation=&#8221;top-to-bottom&#8221; css=&#8221;.vc_custom_1565386473377{margin-top: 0px !important;margin-right: 0px !important;margin-bottom: 0px !important;margin-left: 0px !important;border-top-width: 0px !important;border-right-width: 0px !important;border-bottom-width: 0px !important;border-left-width: 0px !important;padding-top: 0px !important;padding-right: 0px !important;padding-bottom: 0px !important;padding-left: 0px !important;}&#8221;][vc_column_text css=&#8221;.vc_custom_1614017912282{margin-top: 0px !important;margin-right: 0px !important;margin-bottom: 0px !important;margin-left: 0px !important;border-top-width: 0px !important;border-right-width: 0px !important;border-bottom-width: 0px !important;border-left-width: 0px !important;padding-right: 0px !important;padding-left: 0px !important;}&#8221; el_class=&#8221;mobile-text-padding&#8221;]<\/p>\n<h1 style=\"text-align: center;\"><span style=\"color: #414042;\"><strong>T\u00e9rminos y condiciones<\/strong><\/span><\/h1>\n<p>[\/vc_column_text][\/vc_column][\/vc_row][vc_row content_width=&#8221;grid&#8221; el_class=&#8221;equal-height-12-image background-position-right&#8221; css=&#8221;.vc_custom_1567026667281{padding-right: 2.5% !important;padding-left: 2.5% !important;}&#8221;][vc_column css_animation=&#8221;top-to-bottom&#8221;][vc_empty_space height=&#8221;2em&#8221;][vc_column_text css=&#8221;.vc_custom_1615996254620{padding-right: 5% !important;padding-left: 5% !important;}&#8221; el_class=&#8221;mobile-text-padding&#8221;]<strong>T\u00c9RMINOS Y CONDICIONES DEL PROGRAMA DE MENSAJES DE TEXTO Y CORREOS ELECTR\u00d3NICOS DE TOBACCO FREE FLORIDA<\/strong><br \/>\nEstos t\u00e9rminos y condiciones (\u201clos T\u00e9rminos\u201d) rigen su acuerdo de recibir mensajes de texto informativos automatizados y recurrentes (ej., SMS y MMS) y\/o correos electr\u00f3nicos de Tobacco Free Florida, administrados a trav\u00e9s del Florida Department of Health (\u201cel Programa\u201d), lo que incluye mensajes que podr\u00edan enviarse mediante el uso de un sistema automatizado de correos electr\u00f3nicos y\/o de llamadas telef\u00f3nicas a (1) la direcci\u00f3n de correo electr\u00f3nico y\/o el n\u00famero de tel\u00e9fono m\u00f3vil que usted proporcion\u00f3 en el momento de inscribirse, (2) la direcci\u00f3n de correo electr\u00f3nico y\/o el n\u00famero de tel\u00e9fono m\u00f3vil desde el cual inicia sesi\u00f3n (3) cualquier otro n\u00famero de tel\u00e9fono m\u00f3vil y\/o direcci\u00f3n de correo electr\u00f3nico que usted designe. Podr\u00edan aplicarse cargos por el uso de mensajes y datos. Este Programa est\u00e1 destinado a personas de 18 a\u00f1os de edad y mayores.<\/p>\n<p><strong>La frecuencia de los mensajes puede variar.<\/strong> El n\u00famero m\u00e1ximo de mensajes que se env\u00edan por cliente es trece (13). Los mensajes ser\u00e1n enviados diaria y semanalmente, y podr\u00edan variar de una semana a la otra. Tobacco Free Florida se reserva el derecho de modificar en cualquier momento la frecuencia de los mensajes enviados y de cambiar la direcci\u00f3n de correo electr\u00f3nico y\/o c\u00f3digo abreviado o n\u00famero telef\u00f3nico desde donde se env\u00eden los mensajes. No todos los equipos, dispositivos ni tel\u00e9fonos son compatibles, y nuestros mensajes podr\u00edan no recibirse en todas las zonas geogr\u00e1ficas. Ni Tobacco Free Florida, ni sus proveedores de servicio, ni los proveedores de servicio telef\u00f3nico m\u00f3vil y de correo electr\u00f3nico son responsables de mensajes retrasados o no recibidos.<\/p>\n<p><strong>Privacidad.<\/strong> Al dar su consentimiento para recibir mensajes de correo electr\u00f3nico y\/o mensajes SMS de Tobacco Free Florida, usted tambi\u00e9n declara estar de acuerdo con la Pol\u00edtica de Privacidad de Tobacco Free Florida, que puede consultar aqu\u00ed. Cualquier dato personal que se recopile a trav\u00e9s del Programa ser\u00e1 guardado por Tobacco Free Florida y por sus proveedores de servicio por un t\u00e9rmino establecido, con el prop\u00f3sito de cumplir con las pol\u00edticas de archivo del estado de Florida. No obstante, dichos datos no ser\u00e1n divulgados a terceros (excepto a los proveedores de servicios involucrados en esta campa\u00f1a) ni a otras agencias gubernamentales, salvo cuando las leyes estatales o federales as\u00ed lo exijan. Tenga en cuenta que la ley sobre los registros p\u00fablicos de Florida exige que toda informaci\u00f3n que se reciba como parte de las operaciones del estado sea puesta a disposici\u00f3n de cualquier persona que la solicite, salvo en los casos en los que dicha informaci\u00f3n est\u00e9 sujeta a exenciones estatutarias espec\u00edficas.<\/p>\n<p><strong>Cancelar suscripci\u00f3n.<\/strong> Para cancelar su suscripci\u00f3n al programa de correos electr\u00f3nicos, haga clic en el enlace Cancelar que aparece en la parte inferior del correo electr\u00f3nico. Para cancelar su suscripci\u00f3n al Programa de mensajes SMS, env\u00ede un texto con la palabra STOP. Una vez que haya hecho esto, podr\u00e1 recibir un mensaje adicional como confirmaci\u00f3n de su solicitud. Tenga en cuenta que la plataforma digital que alberga este Programa podr\u00eda no reconocer solicitudes que no incluyan la palabra STOP o responder a las mismas, por cuya raz\u00f3n dichas solicitudes podr\u00edan no ser atendidas. Adem\u00e1s, usted acuerda que ni Tobacco Free Florida ni sus proveedores de servicio son responsables del incumplimiento de dichas solicitudes. La cancelaci\u00f3n de su participaci\u00f3n en el Programa no afecta su previo consentimiento a los T\u00e9rminos y Condiciones, los T\u00e9rminos de Uso y la Pol\u00edtica de Privacidad de Tobacco Free Florida.<\/p>\n<p><strong>\u00bfDificultades?<\/strong> Para solicitar asistencia, env\u00ede un correo electr\u00f3nico a contact@tobaccofreeflorida.com.<\/p>\n<p><strong>Informaci\u00f3n de contacto.<\/strong> Este Programa es un servicio del Florida Department of Health | Bureau of Tobacco Free Florida, 4052 Bald Cypress Way, Bin C-23 Tallahassee, Florida 32399-1743.<\/p>\n<p><strong>Cambios a los T\u00e9rminos de los Mensajes.<\/strong> Tobacco Free Florida se reserva el derecho a suspender o modificar el Programa o los presentes T\u00e9rminos en cualquier momento, y dichos cambios entrar\u00e1n en vigencia inmediatamente, en el momento de publicarse. Si sigue recibiendo mensajes de Tobacco Free Florida despu\u00e9s de dichos cambios, se considerar\u00e1 que usted ha aceptado los mismos.<\/p>\n<p><strong>LIMITACI\u00d3N DE RESPONSALBILIDAD<\/strong><br \/>\nHASTA DONDE LA LEY LO PERMITA, TOBACCO FREE FLORIDA Y SUS RESPECTIVOS CONTRATISTAS Y PROVEEDORES DE SERVICIO (\u201cPARTES EXONERADAS\u201d) NO SER\u00c1N RESPONSABLES DE NING\u00daN DA\u00d1O Y PERJUICIO INDIRECTO, INCIDENTAL, CONSECUENTE O PUNITIVO, NI DE NINGUNA P\u00c9RDIDA DE BENEFICIOS MONETARIOS O GANANCIAS, INDEPENDIENTEMENTE DE QUE DICHA P\u00c9RDIDA OCURRA DE MANERA DIRECTA O INDIRECTA, NI DE NINGUNA P\u00c9RDIDA DE INFORMACI\u00d3N, USO, BUENA VOLUNTAD NI OTRAS P\u00c9RDIDAS INTANGIBLES QUE OCURRAN COMO CONSECUENCIA DE (A) EL ACCESO Y PARTICIPACI\u00d3N EN EL PROGRAMA POR PARTE DE USTED, O DE SU INCAPACIDAD DE ACCEDER O PARTICIPAR EN EL PROGRAMA; (B) CUALESQUIER CONDUCTA O CONTENIDO DE TERCEROS, QUE INCLUYEN, SIN LIMITACI\u00d3N, COMPORTAMIENTOS DIFAMATORIOS, OFENSIVOS O ILEGALES POR PARTE DE OTROS USUARIOS O DE TERCEROS; O (C) EL ACCESO NO AUTORIZADO, EL USO O LA MODIFICACI\u00d3N DE LAS TRANSMISIONES O CONTENIDO DE LOS USUARIOS. EN NING\u00daN CASO, LA RESPONSABILIDAD AGREGADA DE LAS PARTES EXONERADAS DE TODOS LOS RECLAMOS RELACIONADOS CON EL PROGRAMA EXCEDER\u00c1 LA SUMA DE CIEN D\u00d3LARES ESTADOUNIDENSES (U.S. $100.00).<\/p>\n<p><strong>RESOLUCI\u00d3N DE DISPUTAS<\/strong><br \/>\nHasta donde lo permita la ley, cualquier disputa que usted tenga con las Partes Exoneradas en relaci\u00f3n con el Programa deber\u00e1 ser resuelta mediante arbitraje conducido seg\u00fan las Reglas de Arbitraje Comercial de la Asociaci\u00f3n Estadounidense de Arbitraje, y la decisi\u00f3n del \u00e1rbitro podr\u00e1 registrarse en cualquier tribunal que tenga jurisdicci\u00f3n. La parte ganadora en cualquier proceso de arbitraje de este tipo tendr\u00e1 derecho a ser resarcida por la otra parte por los honorarios razonables de los abogados en los que incurra. No obstante, nada impide que usted o que las Partes Exoneradas acudan a los tribunales para solicitar medidas cautelares o compensaci\u00f3n equitativa por asuntos relacionados con la seguridad de la informaci\u00f3n, la propiedad intelectual o el acceso no autorizado al Programa. TODOS LOS RECLAMOS DEBER\u00c1N SER REGISTRADOS EN NOMBRE DE LA PARTE INDIVIDUAL, Y NO COMO DEMANDANTES O MIEMBROS DE UNA DEMANDA COLECTIVA O REPRESENTATIVA, Y, SALVO QUE AMBAS PARTES ACUERDEN LO CONTRARIO, EL \u00c1RBITRO NO PODR\u00c1 CONSOLIDAR LOS RECLAMOS DE M\u00c1S DE UNA PERSONA. USTED RECONOCE QUE, AL ACEPTAR ESTOS T\u00c9RMINOS, TANTO USTED COMO LAS PARTES EXONERADAS RENUNCIAN AL DERECHO DE ENTABLAR UN JUICIO ANTE JURADO O DE PARTICIPAR EN UNA DEMANDA COLECTIVA.<\/p>\n<p><strong>LEY VIGENTE Y JURISDICCI\u00d3N<\/strong><br \/>\nEste Programa es controlado y operado en EE. UU. Los presentes T\u00e9rminos se rigen por las leyes de Florida, independientemente de sus principios de conflicto de leyes. Usted acuerda someterse a la jurisdicci\u00f3n personal de un tribunal local ubicado en Tallahassee, Florida, o al Tribunal de Distrito de Estados Unidos para el Distrito del Norte de Florida, en caso de cualquier procedimiento legal que no est\u00e9 sujeto a las disposiciones de arbitraje descritas anteriormente.<\/p>\n<p><strong>Acerca de nosotros.<\/strong> Tobacco Free Florida es un programa de ayuda para dejar de fumar que tiene el prop\u00f3sito de proteger a la poblaci\u00f3n de Florida de los peligros del tabaco. Tobacco Free Florida. es administrado por la Oficina de Tobacco Free Florida del Departamento de Salud de Florida (tobaccofreeflorida.com). Para m\u00e1s informaci\u00f3n, visite www.tobaccofreeflorida.com[\/vc_column_text][vc_empty_space height=&#8221;2em&#8221;][\/vc_column][\/vc_row]<\/p>\n<\/div>","protected":false},"excerpt":{"rendered":"<p>[vc_row][vc_column][vc_empty_space height=&#8221;2em&#8221;][\/vc_column][\/vc_row][vc_row content_aligment=&#8221;center&#8221; css=&#8221;.vc_custom_1567007173592{margin-top: 0px !important;margin-right: 0px !important;margin-bottom: 0px !important;margin-left: 0px !important;border-top-width: 0px !important;border-right-width: 0px !important;border-bottom-width: 0px !important;border-left-width: 0px !important;padding-top: 0px !important;padding-right: 0px !important;padding-bottom: 0px !important;padding-left: 0px !important;}&#8221; el_class=&#8221;title-font&#8221;][vc_column css_animation=&#8221;top-to-bottom&#8221; css=&#8221;.vc_custom_1565386473377{margin-top: 0px !important;margin-right: 0px !important;margin-bottom: 0px !important;margin-left: 0px !important;border-top-width: 0px !important;border-right-width: 0px !important;border-bottom-width: 0px !important;border-left-width:&#8230;<\/p>\n","protected":false},"author":2,"featured_media":0,"parent":0,"menu_order":0,"comment_status":"closed","ping_status":"closed","template":"full-width.php","meta":{"_lmt_disableupdate":"","_lmt_disable":"","footnotes":""},"class_list":["post-9649","page","type-page","status-publish","hentry"],"aioseo_notices":[],"_links":{"self":[{"href":"https:\/\/tobaccofreeflorida.com\/es\/wp-json\/wp\/v2\/pages\/9649","targetHints":{"allow":["GET"]}}],"collection":[{"href":"https:\/\/tobaccofreeflorida.com\/es\/wp-json\/wp\/v2\/pages"}],"about":[{"href":"https:\/\/tobaccofreeflorida.com\/es\/wp-json\/wp\/v2\/types\/page"}],"author":[{"embeddable":true,"href":"https:\/\/tobaccofreeflorida.com\/es\/wp-json\/wp\/v2\/users\/2"}],"replies":[{"embeddable":true,"href":"https:\/\/tobaccofreeflorida.com\/es\/wp-json\/wp\/v2\/comments?post=9649"}],"version-history":[{"count":0,"href":"https:\/\/tobaccofreeflorida.com\/es\/wp-json\/wp\/v2\/pages\/9649\/revisions"}],"wp:attachment":[{"href":"https:\/\/tobaccofreeflorida.com\/es\/wp-json\/wp\/v2\/media?parent=9649"}],"curies":[{"name":"wp","href":"https:\/\/api.w.org\/{rel}","templated":true}]}}