{"id":9913,"date":"2021-06-24T14:17:02","date_gmt":"2021-06-24T18:17:02","guid":{"rendered":"https:\/\/tffl.wpengine.com\/etapa\/para-proveedores-de-cuidados-de-salud\/encuentre-su-forma-automatizada-de-referido\/"},"modified":"2021-07-01T09:49:48","modified_gmt":"2021-07-01T13:49:48","slug":"encuentre-su-forma-automatizada-de-referido","status":"publish","type":"page","link":"https:\/\/tobaccofreeflorida.com\/es\/profesionales-medicos\/encuentre-su-forma-automatizada-de-referido\/","title":{"rendered":"Encuentre su forma automatizada de referido"},"content":{"rendered":"<div class=\"wpb-content-wrapper\"><p>[vc_row][vc_column][vc_empty_space height=&#8221;2em&#8221;][\/vc_column][\/vc_row][vc_row content_aligment=&#8221;center&#8221; css=&#8221;.vc_custom_1567012635846{margin-top: 0px !important;margin-right: 0px !important;margin-bottom: 0px !important;margin-left: 0px !important;border-top-width: 0px !important;border-right-width: 0px !important;border-bottom-width: 0px !important;border-left-width: 0px !important;padding-top: 0px !important;padding-right: 0px !important;padding-bottom: 0px !important;padding-left: 0px !important;}&#8221; el_class=&#8221;title-font&#8221;][vc_column css_animation=&#8221;top-to-bottom&#8221; css=&#8221;.vc_custom_1565387003089{margin-top: 0px !important;margin-right: 0px !important;margin-bottom: 0px !important;margin-left: 0px !important;border-top-width: 0px !important;border-right-width: 0px !important;border-bottom-width: 0px !important;border-left-width: 0px !important;padding-top: 0px !important;padding-right: 0px !important;padding-bottom: 0px !important;padding-left: 0px !important;}&#8221;][vc_column_text css=&#8221;.vc_custom_1624371336087{margin-top: 0px !important;margin-right: 0px !important;margin-bottom: 0px !important;margin-left: 0px !important;border-top-width: 0px !important;border-right-width: 0px !important;border-bottom-width: 0px !important;border-left-width: 0px !important;padding-right: 0px !important;padding-left: 0px !important;}&#8221;]<\/p>\n<h1 style=\"text-align: center;\"><span style=\"color: #414042;\"><strong>Encuentre su forma automatizada de referido<\/strong><\/span><\/h1>\n<p>[\/vc_column_text][\/vc_column][\/vc_row][vc_row content_width=&#8221;grid&#8221;][vc_column css_animation=&#8221;top-to-bottom&#8221; width=&#8221;1\/6&#8243; offset=&#8221;vc_hidden-xs&#8221;][\/vc_column][vc_column width=&#8221;2\/3&#8243; offset=&#8221;vc_col-xs-12&#8243;][vc_empty_space height=&#8221;1.5em&#8221;][vc_column_text el_class=&#8221;mobile-text-padding intro-text center&#8221;]<\/p>\n<h2>Forma automatizada de referido<\/h2>\n<p>Cada hospital o cl\u00ednica puede solicitar su propia forma automatizada de referido para electr\u00f3nicamente someter los referidos de los pacientes quienes est\u00e1n listos para dejar el tabaco dentro de los pr\u00f3ximos 30 d\u00edas. Si su agencia ha generado una forma abajo, busque por su nombre en la casilla de texto abajo. Si usted no puede encontrar su agencia o su agencia no tiene una forma automatizada de referido, clic <a href=\"https:\/\/tobaccofreeflorida.com\/es\/profesionales-medicos\/solicitud-de-forma-automatizada-de-referido\/\"><strong>AQUI<\/strong><\/a> para solicitor una.[\/vc_column_text][vc_empty_space height=&#8221;1.3em&#8221;][\/vc_column][vc_column width=&#8221;1\/6&#8243; offset=&#8221;vc_hidden-xs&#8221;][\/vc_column][\/vc_row][vc_row][vc_column][vc_empty_space height=&#8221;2em&#8221;][\/vc_column][\/vc_row][vc_row][vc_column][vc_empty_space height=&#8221;2em&#8221;][\/vc_column][\/vc_row][vc_row el_id=&#8221;costcalculator&#8221;][vc_column][vc_raw_html]JTNDaWZyYW1lJTIwaWQlM0QlMjJpZnJhbWVjYWxjdWxhdG9yJTIyJTIwY2xhc3MlM0QlMjJpZnJhbWUlMjBjb3N0LWNhbGN1bGF0b3IlMjIlMjBzcmMlM0QlMjJodHRwcyUzQSUyRiUyRnd3dy50ZmZhY3QuY29tJTJGYXV0b21hdGVkcmVmZXJyYWwlMkZwcm92aWRlcnNlYXJjaCUzRmxhbmclM0RlcyUyMiUyMHdpZHRoJTNEJTIyMTAwJTI1JTIyJTIwaGVpZ2h0JTNEJTIyMTIwMHB4JTIyJTIwbWFyZ2luaGVpZ2h0JTNEJTIyMCUyMiUyMGZyYW1lYm9yZGVyJTNEJTIyMCUyMiUyMHNjcm9sbGluZyUzRCUyMm5vJTIyJTIwJTNFJTNDJTJGaWZyYW1lJTNF[\/vc_raw_html][\/vc_column][\/vc_row][vc_row][vc_column][vc_empty_space height=&#8221;2em&#8221;][\/vc_column][\/vc_row][vc_row][vc_column][vc_empty_space height=&#8221;2em&#8221;][\/vc_column][\/vc_row]<\/p>\n<\/div>","protected":false},"excerpt":{"rendered":"<p>[vc_row][vc_column][vc_empty_space height=&#8221;2em&#8221;][\/vc_column][\/vc_row][vc_row content_aligment=&#8221;center&#8221; css=&#8221;.vc_custom_1567012635846{margin-top: 0px !important;margin-right: 0px !important;margin-bottom: 0px !important;margin-left: 0px !important;border-top-width: 0px !important;border-right-width: 0px !important;border-bottom-width: 0px !important;border-left-width: 0px !important;padding-top: 0px !important;padding-right: 0px !important;padding-bottom: 0px !important;padding-left: 0px !important;}&#8221; el_class=&#8221;title-font&#8221;][vc_column css_animation=&#8221;top-to-bottom&#8221; css=&#8221;.vc_custom_1565387003089{margin-top: 0px !important;margin-right: 0px !important;margin-bottom: 0px !important;margin-left: 0px !important;border-top-width: 0px !important;border-right-width: 0px !important;border-bottom-width: 0px !important;border-left-width:&#8230;<\/p>\n","protected":false},"author":2,"featured_media":0,"parent":4809,"menu_order":0,"comment_status":"closed","ping_status":"closed","template":"","meta":{"_lmt_disableupdate":"","_lmt_disable":"","footnotes":""},"class_list":["post-9913","page","type-page","status-publish","hentry"],"aioseo_notices":[],"_links":{"self":[{"href":"https:\/\/tobaccofreeflorida.com\/es\/wp-json\/wp\/v2\/pages\/9913","targetHints":{"allow":["GET"]}}],"collection":[{"href":"https:\/\/tobaccofreeflorida.com\/es\/wp-json\/wp\/v2\/pages"}],"about":[{"href":"https:\/\/tobaccofreeflorida.com\/es\/wp-json\/wp\/v2\/types\/page"}],"author":[{"embeddable":true,"href":"https:\/\/tobaccofreeflorida.com\/es\/wp-json\/wp\/v2\/users\/2"}],"replies":[{"embeddable":true,"href":"https:\/\/tobaccofreeflorida.com\/es\/wp-json\/wp\/v2\/comments?post=9913"}],"version-history":[{"count":0,"href":"https:\/\/tobaccofreeflorida.com\/es\/wp-json\/wp\/v2\/pages\/9913\/revisions"}],"up":[{"embeddable":true,"href":"https:\/\/tobaccofreeflorida.com\/es\/wp-json\/wp\/v2\/pages\/4809"}],"wp:attachment":[{"href":"https:\/\/tobaccofreeflorida.com\/es\/wp-json\/wp\/v2\/media?parent=9913"}],"curies":[{"name":"wp","href":"https:\/\/api.w.org\/{rel}","templated":true}]}}